{"id":4484,"date":"2019-06-26T09:36:25","date_gmt":"2019-06-26T07:36:25","guid":{"rendered":"http:\/\/www.adaq.it\/aquaculture\/pisciculture\/cages\/net-lifter\/"},"modified":"2020-04-20T19:02:17","modified_gmt":"2020-04-20T17:02:17","slug":"net-lifter","status":"publish","type":"page","link":"http:\/\/www.adaq.it\/fr\/aquaculture\/pisciculture\/cages\/net-lifter\/","title":{"rendered":"Net Lifter"},"content":{"rendered":"<section class=\"p-80 wow fadeIn\" data-wow-delay=\"0.5s\" style=\"visibility: visible; animation-delay: 0.5s; animation-name: fadeIn;\">\r\n          <div class=\"container\">\r\n            <div class=\"row\">\r\n              <div class=\"col-lg-8 col-md-10\">\r\n\t\t\t\t<h1>Net Lifter<\/h1>\r\n             <\/div>\r\n            <\/div>\r\n          <\/div>\r\n<\/section>\r\n\r\n<div class=\"portfolio-details-area pb-2\">\r\n      <div class=\"container\">\r\n          <div class=\"row\">\r\n              <div class=\"col-lg-8 col-md-8\">\r\n<div uk-slideshow=\"animation: fade; autoplay: true\" class=\"uk-slideshow\">\r\n                    <div class=\"uk-position-relative uk-visible-toggle uk-light\">                \r\n                        <ul class=\"uk-slideshow-items\" style=\"height: 347px;\">\r\n                        <li class=\"\" style=\"\">\r\n                          <div class=\"p-details-img\">\r\n                              <img decoding=\"async\" src=\"..\/..\/..\/..\/..\/wp-content\/uploads\/net-lifter.jpg\" alt=\"\" style=\"max-width: 100%;\">\r\n                          <\/div>\r\n                        <\/li>\r\n                         <li class=\"\" style=\"\">\r\n                          <div class=\"p-details-img\">\r\n                              <img decoding=\"async\" src=\"..\/..\/..\/..\/..\/wp-content\/uploads\/net-lifter-2.jpg\" alt=\"\" style=\"max-width: 100%;\">\r\n                          <\/div>\r\n                        <\/li>\r\n                                                 <li class=\"uk-active uk-transition-active\" style=\"\">\r\n                          <div class=\"p-details-img\">\r\n                              <img decoding=\"async\" src=\"..\/..\/..\/..\/..\/wp-content\/uploads\/net-lifter-3.jpg\" alt=\"\" style=\"max-width: 100%;\">\r\n                          <\/div>\r\n                        <\/li>\r\n                      <\/ul>\r\n                      <a class=\"uk-position-center-left uk-position-small uk-hidden-hover uk-slidenav-previous uk-icon uk-slidenav\" href=\"#\" uk-slidenav-previous=\"\" uk-slideshow-item=\"previous\"><svg width=\"14\" height=\"24\" viewBox=\"0 0 14 24\" xmlns=\"http:\/\/www.w3.org\/2000\/svg\" ratio=\"1\"><polyline fill=\"none\" stroke=\"#000\" stroke-width=\"1.4\" points=\"12.775,1 1.225,12 12.775,23 \"><\/polyline><\/svg><\/a>\r\n    <a class=\"uk-position-center-right uk-position-small uk-hidden-hover uk-slidenav-next uk-icon uk-slidenav uk-active\" href=\"#\" uk-slidenav-next=\"\" uk-slideshow-item=\"next\"><svg width=\"14\" height=\"24\" viewBox=\"0 0 14 24\" xmlns=\"http:\/\/www.w3.org\/2000\/svg\" ratio=\"1\"><polyline fill=\"none\" stroke=\"#000\" stroke-width=\"1.4\" points=\"1.225,23 12.775,12 1.225,1 \"><\/polyline><\/svg><\/a>\r\n                    <\/div>\r\n                    <ul class=\"uk-slideshow-nav uk-dotnav uk-flex-center uk-margin\"><li uk-slideshow-item=\"0\" class=\"\"><a href=\"#\"><\/a><\/li><li uk-slideshow-item=\"1\" class=\"\"><a href=\"#\"><\/a><\/li><li uk-slideshow-item=\"2\" class=\"uk-active\"><a href=\"#\"><\/a><\/li><li uk-slideshow-item=\"3\" class=\"\"><a href=\"#\"><\/a><\/li><li uk-slideshow-item=\"4\" class=\"\"><a href=\"#\"><\/a><\/li><\/ul>\r\n                  <\/div>\r\n              <\/div>\r\n\t\t\t  \t<div class=\"col-lg-4 col-md-4 info-details\" id=\"info\">\r\n                  <div class=\"p-details-sidebar\">\r\n                       Les net lifters con\u00e7us et construits par Ad.Aq. sont des structures en poly\u00e9thyl\u00e8ne utilis\u00e9es pour supporter les filets anti-pr\u00e9dateurs. Ils sont plac\u00e9s au centre de la cage et ont des hauteurs et des formes diff\u00e9rentes en fonction de la taille de la cage elle-m\u00eame.\r\n                      <\/div>\r\n\t\t\t  <\/div>\r\n              <\/div>\r\n          <\/div>  \r\n      <\/div>\r\n<section class=\"pb-4 wow fadeIn\" data-wow-delay=\"0.5s\" style=\"visibility: visible; animation-delay: 0.5s; animation-name: fadeIn;\">\r\n          <div class=\"container\">\r\n            <div class=\"row\">\r\n              <div class=\"col\">\r\n\t\t\t\t<div class=\"p-details-text\">\r\n                            <h4 class=\"details-title\">Types<\/h4>\r\n                            <p><strong>Nous proposons ci-dessous certains types de supporter les filets anti-pr\u00e9dateurs. <\/strong><\/ p>\r\n<p> Ces mod\u00e8les standard peuvent \u00eatre modifi\u00e9s pour r\u00e9pondre aux sp\u00e9cificit\u00e9s demand\u00e9es par le client.<\/p>\r\n\t\t\t\t<\/div>\r\n\t\t\t<\/div>\r\n\t\t  <\/div>\r\n\t\t<\/div>\r\n<\/section>\r\n\r\n\r\n<section class=\"pb-4 wow fadeIn\" data-wow-delay=\"0.5s\" style=\"visibility: visible; animation-delay: 0.5s; animation-name: fadeIn;\">\r\n          <div class=\"container\">\r\n            <div class=\"row\">\r\n              <div class=\"col\">\r\n\t\t\t\t<div class=\"p-details-text\">\r\n                            <h4 class=\"details-title\">Base octogonale<\/h4>\r\n\t\t\t\t\t   <p>\r\n\t\t\t\t\t\t   <strong>S\u00e9rie table<\/strong>\r\n\t\t\t\t\t   <\/p>\r\n\t\t\t\t\t<table class=\"uk-table uk-table-divider\">\r\n    \t\t\t\t\t<thead>\r\n\t\t\t\t\t\t\t <tr>\r\n\t\t\t\t\t\t\t\t  <th>Diam\u00e8tre du tube (mm)<\/th>\r\n\t\t\t\t\t\t\t\t<th>Diam\u00e8tre de la structure (mt)<\/th>\r\n\t\t\t\t\t\t\t\t<th>Hauteur de la structure (mt)<\/th>\r\n      \t\t\t\t\t\t  <\/tr>\r\n\t\t\t\t\t\t<\/thead>\r\n\t\t\t\t\t\t\t<tr>\r\n\t\t\t\t\t\t\t\t  <th>200<\/th>\r\n\t\t\t\t\t\t\t\t<th>3<\/th>\r\n\t\t\t\t\t\t\t\t<th>220<\/th>\r\n      \t\t\t\t\t\t  <\/tr>\r\n\t\t\t\t\t\t<tr>\t\r\n\t\t\t\t\t\t\t\t  <th>250<\/th>\r\n\t\t\t\t\t\t\t\t<th>3<\/th>\r\n\t\t\t\t\t\t\t\t<th>240<\/th>\t \r\n      \t\t\t\t\t\t  <\/tr>\r\n\t\t\t\t\t<\/table>\r\n\t\t\t\t  <\/div>\r\n             <\/div>\r\n            <\/div>\r\n\t\t\t  <div class=\"row\">\r\n\t\t\t\t   <div class=\"col-lg-6 col-md-6\">\r\n\t\t\t\t\t    <img decoding=\"async\" src=\"..\/..\/..\/..\/..\/wp-content\/uploads\/net-lifter-ottagonale.png\" alt=\"\" style=\"max-width: 100%;\">\r\n\t\t\t\t  <\/div>\r\n\t\t\t  <\/div>\r\n          <\/div>\r\n<\/section>\r\n\r\n<section class=\"pb-4 wow fadeIn\" data-wow-delay=\"0.5s\" style=\"visibility: visible; animation-delay: 0.5s; animation-name: fadeIn;\">\r\n          <div class=\"container\">\r\n            <div class=\"row\">\r\n              <div class=\"col\">\r\n\t\t\t\t<div class=\"p-details-text\">\r\n                            <h4 class=\"details-title\">Base circulaire<\/h4>\r\n\t\t\t\t\t   <p>\r\n\t\t\t\t\t\t   <strong>S\u00e9rie table<\/strong>\r\n\t\t\t\t\t   <\/p>\r\n\t\t\t\t\t<table class=\"uk-table uk-table-divider\">\r\n    \t\t\t\t\t<thead>\r\n\t\t\t\t\t\t\t <tr>\r\n\t\t\t\t\t\t\t\t  <th>Diam\u00e8tre du tube (mm)<\/th>\r\n\t\t\t\t\t\t\t\t<th>Diam\u00e8tre de la structure (mt)<\/th>\r\n\t\t\t\t\t\t\t\t<th>Hauteur de la structure (mt)<\/th>\r\n      \t\t\t\t\t\t  <\/tr>\r\n\t\t\t\t\t\t<\/thead>\r\n\t\t\t\t\t\t\t<tr>\r\n\t\t\t\t\t\t\t\t  <th>180<\/th>\r\n\t\t\t\t\t\t\t\t<th>6<\/th>\r\n\t\t\t\t\t\t\t\t<th>220<\/th>\r\n      \t\t\t\t\t\t  <\/tr>\r\n\t\t\t\t\t\t<tr>\t\r\n\t\t\t\t\t\t\t\t  <th>200<\/th>\r\n\t\t\t\t\t\t\t\t<th>6<\/th>\r\n\t\t\t\t\t\t\t\t<th>240<\/th>\t \r\n      \t\t\t\t\t\t  <\/tr>\r\n\t\t\t\t\t<\/table>\r\n\t\t\t\t  <\/div>\r\n             <\/div>\r\n            <\/div>\r\n\t\t\t  <div class=\"row\">\r\n\t\t\t\t   <div class=\"col-lg-6 col-md-6\">\r\n\t\t\t\t\t    <img decoding=\"async\" src=\"..\/..\/..\/..\/..\/wp-content\/uploads\/net-lifter-circolare-2.jpg\" alt=\"\" style=\"max-width: 100%;\">\r\n\t\t\t\t  <\/div>\r\n\t\t\t  <\/div>\r\n          <\/div>\r\n<\/section>\r\n\r\n<section class=\"pb-4 wow fadeIn\" data-wow-delay=\"0.5s\" style=\"visibility: visible; animation-delay: 0.5s; animation-name: fadeIn;\">\r\n          <div class=\"container\">\r\n            <div class=\"row\">\r\n              <div class=\"col\">\r\n\t\t\t\t<div class=\"p-details-text\">\r\n                            <h4 class=\"details-title\">Net lifter en forme de d\u00f4me<\/h4>\r\n\t\t\t\t\t   <p>\r\n\t\t\t\t\t\t   <strong>S\u00e9rie table<\/strong>\r\n\t\t\t\t\t   <\/p>\r\n\t\t\t\t\t<table class=\"uk-table uk-table-divider\">\r\n    \t\t\t\t\t<thead>\r\n\t\t\t\t\t\t\t <tr>\r\n\t\t\t\t\t\t\t\t  <th>Diam\u00e8tre du tube (mm)<\/th>\r\n\t\t\t\t\t\t\t\t<th>Diam\u00e8tre de la structure (mt)<\/th>\r\n\t\t\t\t\t\t\t\t<th>Hauteur de la structure (mt)<\/th>\r\n      \t\t\t\t\t\t  <\/tr>\r\n\t\t\t\t\t\t<\/thead>\r\n\t\t\t\t\t\t\t<tr>\r\n\t\t\t\t\t\t\t\t  <th>180<\/th>\r\n\t\t\t\t\t\t\t\t<th>4<\/th>\r\n\t\t\t\t\t\t\t\t<th>3<\/th>\r\n      \t\t\t\t\t\t  <\/tr>\r\n\t\t\t\t\t\t<tr>\t\r\n\t\t\t\t\t\t\t\t  <th>200<\/th>\r\n\t\t\t\t\t\t\t\t<th>4<\/th>\r\n\t\t\t\t\t\t\t\t<th>3<\/th>\t \r\n      \t\t\t\t\t\t  <\/tr>\r\n\t\t\t\t\t<\/table>\r\n\t\t\t\t  <\/div>\r\n             <\/div>\r\n            <\/div>\r\n\t\t\t  <div class=\"row\">\r\n\t\t\t\t   <div class=\"col-lg-6 col-md-6\">\r\n\t\t\t\t\t    <img decoding=\"async\" src=\"..\/..\/..\/..\/..\/wp-content\/uploads\/net-lifter-cupola-1.jpg\" alt=\"\" style=\"max-width: 100%;\">\r\n\t\t\t\t  <\/div>\r\n\t\t\t  <\/div>\r\n          <\/div>\r\n<\/section>","protected":false},"excerpt":{"rendered":"Net Lifter Les net lifters con\u00e7us et construits par Ad.Aq. sont des structures en poly\u00e9thyl\u00e8ne utilis\u00e9es pour supporter les filets anti-pr\u00e9dateurs. Ils sont plac\u00e9s au centre de la cage et ont des hauteurs et des formes diff\u00e9rentes en fonction de la taille de la cage elle-m\u00eame. Types Nous proposons ci-dessous certains types de supporter les [&hellip;]","protected":false},"author":1,"featured_media":4462,"parent":4461,"menu_order":0,"comment_status":"closed","ping_status":"closed","template":"sub_page_adaq_uikit.php","meta":{"_acf_changed":false,"footnotes":""},"acf":[],"yoast_head":"<!-- This site is optimized with the Yoast SEO plugin v23.5 - https:\/\/yoast.com\/wordpress\/plugins\/seo\/ -->\n<title>Net Lifter pour cages \u00e0 poissons en poly\u00e9thyl\u00e8ne | Adaq Srl<\/title>\n<meta name=\"description\" content=\"\u00c9l\u00e9vateurs \u00e0 filet con\u00e7us et construits par Ad.Aq. ce sont des structures en poly\u00e9thyl\u00e8ne utilis\u00e9es pour supporter des filets anti-pr\u00e9dateurs.\" \/>\n<meta name=\"robots\" content=\"index, follow, max-snippet:-1, max-image-preview:large, max-video-preview:-1\" \/>\n<link rel=\"canonical\" href=\"http:\/\/www.adaq.it\/fr\/aquaculture\/pisciculture\/cages\/net-lifter\/\" \/>\n<meta property=\"og:locale\" content=\"fr_FR\" \/>\n<meta property=\"og:type\" content=\"article\" \/>\n<meta property=\"og:title\" content=\"Net Lifter pour cages \u00e0 poissons en poly\u00e9thyl\u00e8ne | Adaq Srl\" \/>\n<meta property=\"og:description\" content=\"\u00c9l\u00e9vateurs \u00e0 filet con\u00e7us et construits par Ad.Aq. ce sont des structures en poly\u00e9thyl\u00e8ne utilis\u00e9es pour supporter des filets anti-pr\u00e9dateurs.\" \/>\n<meta property=\"og:url\" content=\"http:\/\/www.adaq.it\/fr\/aquaculture\/pisciculture\/cages\/net-lifter\/\" \/>\n<meta property=\"og:site_name\" content=\"Adaq Srl\" \/>\n<meta property=\"article:modified_time\" content=\"2020-04-20T17:02:17+00:00\" \/>\n<meta property=\"og:image\" content=\"http:\/\/www.adaq.it\/wp-content\/uploads\/gabbia-header3.jpg\" \/>\n\t<meta property=\"og:image:width\" content=\"2048\" \/>\n\t<meta property=\"og:image:height\" content=\"1536\" \/>\n\t<meta property=\"og:image:type\" content=\"image\/jpeg\" \/>\n<meta name=\"twitter:card\" content=\"summary_large_image\" \/>\n<meta name=\"twitter:label1\" content=\"Dur\u00e9e de lecture estim\u00e9e\" \/>\n\t<meta name=\"twitter:data1\" content=\"1 minute\" \/>\n<script type=\"application\/ld+json\" class=\"yoast-schema-graph\">{\"@context\":\"https:\/\/schema.org\",\"@graph\":[{\"@type\":\"WebPage\",\"@id\":\"http:\/\/www.adaq.it\/fr\/aquaculture\/pisciculture\/cages\/net-lifter\/\",\"url\":\"http:\/\/www.adaq.it\/fr\/aquaculture\/pisciculture\/cages\/net-lifter\/\",\"name\":\"Net Lifter pour cages \u00e0 poissons en poly\u00e9thyl\u00e8ne | Adaq Srl\",\"isPartOf\":{\"@id\":\"https:\/\/www.adaq.it\/fr\/#website\"},\"primaryImageOfPage\":{\"@id\":\"http:\/\/www.adaq.it\/fr\/aquaculture\/pisciculture\/cages\/net-lifter\/#primaryimage\"},\"image\":{\"@id\":\"http:\/\/www.adaq.it\/fr\/aquaculture\/pisciculture\/cages\/net-lifter\/#primaryimage\"},\"thumbnailUrl\":\"http:\/\/www.adaq.it\/wp-content\/uploads\/gabbia-header3.jpg\",\"datePublished\":\"2019-06-26T07:36:25+00:00\",\"dateModified\":\"2020-04-20T17:02:17+00:00\",\"description\":\"\u00c9l\u00e9vateurs \u00e0 filet con\u00e7us et construits par Ad.Aq. ce sont des structures en poly\u00e9thyl\u00e8ne utilis\u00e9es pour supporter des filets anti-pr\u00e9dateurs.\",\"breadcrumb\":{\"@id\":\"http:\/\/www.adaq.it\/fr\/aquaculture\/pisciculture\/cages\/net-lifter\/#breadcrumb\"},\"inLanguage\":\"fr-FR\",\"potentialAction\":[{\"@type\":\"ReadAction\",\"target\":[\"http:\/\/www.adaq.it\/fr\/aquaculture\/pisciculture\/cages\/net-lifter\/\"]}]},{\"@type\":\"ImageObject\",\"inLanguage\":\"fr-FR\",\"@id\":\"http:\/\/www.adaq.it\/fr\/aquaculture\/pisciculture\/cages\/net-lifter\/#primaryimage\",\"url\":\"http:\/\/www.adaq.it\/wp-content\/uploads\/gabbia-header3.jpg\",\"contentUrl\":\"http:\/\/www.adaq.it\/wp-content\/uploads\/gabbia-header3.jpg\",\"width\":2048,\"height\":1536},{\"@type\":\"BreadcrumbList\",\"@id\":\"http:\/\/www.adaq.it\/fr\/aquaculture\/pisciculture\/cages\/net-lifter\/#breadcrumb\",\"itemListElement\":[{\"@type\":\"ListItem\",\"position\":1,\"name\":\"Home\",\"item\":\"http:\/\/www.adaq.it\/fr\/\"},{\"@type\":\"ListItem\",\"position\":2,\"name\":\"Aquaculture\",\"item\":\"http:\/\/www.adaq.it\/fr\/aquaculture\/\"},{\"@type\":\"ListItem\",\"position\":3,\"name\":\"Pisciculture\",\"item\":\"http:\/\/www.adaq.it\/fr\/aquaculture\/pisciculture\/\"},{\"@type\":\"ListItem\",\"position\":4,\"name\":\"Cages\",\"item\":\"http:\/\/www.adaq.it\/fr\/aquaculture\/pisciculture\/cages\/\"},{\"@type\":\"ListItem\",\"position\":5,\"name\":\"Net Lifter\"}]},{\"@type\":\"WebSite\",\"@id\":\"https:\/\/www.adaq.it\/fr\/#website\",\"url\":\"https:\/\/www.adaq.it\/fr\/\",\"name\":\"Adaq Srl\",\"description\":\"Advanced Aquaculture\",\"publisher\":{\"@id\":\"https:\/\/www.adaq.it\/fr\/#organization\"},\"potentialAction\":[{\"@type\":\"SearchAction\",\"target\":{\"@type\":\"EntryPoint\",\"urlTemplate\":\"https:\/\/www.adaq.it\/fr\/?s={search_term_string}\"},\"query-input\":{\"@type\":\"PropertyValueSpecification\",\"valueRequired\":true,\"valueName\":\"search_term_string\"}}],\"inLanguage\":\"fr-FR\"},{\"@type\":\"Organization\",\"@id\":\"https:\/\/www.adaq.it\/fr\/#organization\",\"name\":\"Adaq Srl\",\"url\":\"https:\/\/www.adaq.it\/fr\/\",\"logo\":{\"@type\":\"ImageObject\",\"inLanguage\":\"fr-FR\",\"@id\":\"https:\/\/www.adaq.it\/fr\/#\/schema\/logo\/image\/\",\"url\":\"http:\/\/www.adaq.it\/wp-content\/uploads\/logo-adaq-100.png\",\"contentUrl\":\"http:\/\/www.adaq.it\/wp-content\/uploads\/logo-adaq-100.png\",\"width\":\"104\",\"height\":\"104\",\"caption\":\"Adaq Srl\"},\"image\":{\"@id\":\"https:\/\/www.adaq.it\/fr\/#\/schema\/logo\/image\/\"}}]}<\/script>\n<!-- \/ Yoast SEO plugin. -->","yoast_head_json":{"title":"Net Lifter pour cages \u00e0 poissons en poly\u00e9thyl\u00e8ne | Adaq Srl","description":"\u00c9l\u00e9vateurs \u00e0 filet con\u00e7us et construits par Ad.Aq. ce sont des structures en poly\u00e9thyl\u00e8ne utilis\u00e9es pour supporter des filets anti-pr\u00e9dateurs.","robots":{"index":"index","follow":"follow","max-snippet":"max-snippet:-1","max-image-preview":"max-image-preview:large","max-video-preview":"max-video-preview:-1"},"canonical":"http:\/\/www.adaq.it\/fr\/aquaculture\/pisciculture\/cages\/net-lifter\/","og_locale":"fr_FR","og_type":"article","og_title":"Net Lifter pour cages \u00e0 poissons en poly\u00e9thyl\u00e8ne | Adaq Srl","og_description":"\u00c9l\u00e9vateurs \u00e0 filet con\u00e7us et construits par Ad.Aq. ce sont des structures en poly\u00e9thyl\u00e8ne utilis\u00e9es pour supporter des filets anti-pr\u00e9dateurs.","og_url":"http:\/\/www.adaq.it\/fr\/aquaculture\/pisciculture\/cages\/net-lifter\/","og_site_name":"Adaq Srl","article_modified_time":"2020-04-20T17:02:17+00:00","og_image":[{"width":2048,"height":1536,"url":"http:\/\/www.adaq.it\/wp-content\/uploads\/gabbia-header3.jpg","type":"image\/jpeg"}],"twitter_card":"summary_large_image","twitter_misc":{"Dur\u00e9e de lecture estim\u00e9e":"1 minute"},"schema":{"@context":"https:\/\/schema.org","@graph":[{"@type":"WebPage","@id":"http:\/\/www.adaq.it\/fr\/aquaculture\/pisciculture\/cages\/net-lifter\/","url":"http:\/\/www.adaq.it\/fr\/aquaculture\/pisciculture\/cages\/net-lifter\/","name":"Net Lifter pour cages \u00e0 poissons en poly\u00e9thyl\u00e8ne | Adaq Srl","isPartOf":{"@id":"https:\/\/www.adaq.it\/fr\/#website"},"primaryImageOfPage":{"@id":"http:\/\/www.adaq.it\/fr\/aquaculture\/pisciculture\/cages\/net-lifter\/#primaryimage"},"image":{"@id":"http:\/\/www.adaq.it\/fr\/aquaculture\/pisciculture\/cages\/net-lifter\/#primaryimage"},"thumbnailUrl":"http:\/\/www.adaq.it\/wp-content\/uploads\/gabbia-header3.jpg","datePublished":"2019-06-26T07:36:25+00:00","dateModified":"2020-04-20T17:02:17+00:00","description":"\u00c9l\u00e9vateurs \u00e0 filet con\u00e7us et construits par Ad.Aq. ce sont des structures en poly\u00e9thyl\u00e8ne utilis\u00e9es pour supporter des filets anti-pr\u00e9dateurs.","breadcrumb":{"@id":"http:\/\/www.adaq.it\/fr\/aquaculture\/pisciculture\/cages\/net-lifter\/#breadcrumb"},"inLanguage":"fr-FR","potentialAction":[{"@type":"ReadAction","target":["http:\/\/www.adaq.it\/fr\/aquaculture\/pisciculture\/cages\/net-lifter\/"]}]},{"@type":"ImageObject","inLanguage":"fr-FR","@id":"http:\/\/www.adaq.it\/fr\/aquaculture\/pisciculture\/cages\/net-lifter\/#primaryimage","url":"http:\/\/www.adaq.it\/wp-content\/uploads\/gabbia-header3.jpg","contentUrl":"http:\/\/www.adaq.it\/wp-content\/uploads\/gabbia-header3.jpg","width":2048,"height":1536},{"@type":"BreadcrumbList","@id":"http:\/\/www.adaq.it\/fr\/aquaculture\/pisciculture\/cages\/net-lifter\/#breadcrumb","itemListElement":[{"@type":"ListItem","position":1,"name":"Home","item":"http:\/\/www.adaq.it\/fr\/"},{"@type":"ListItem","position":2,"name":"Aquaculture","item":"http:\/\/www.adaq.it\/fr\/aquaculture\/"},{"@type":"ListItem","position":3,"name":"Pisciculture","item":"http:\/\/www.adaq.it\/fr\/aquaculture\/pisciculture\/"},{"@type":"ListItem","position":4,"name":"Cages","item":"http:\/\/www.adaq.it\/fr\/aquaculture\/pisciculture\/cages\/"},{"@type":"ListItem","position":5,"name":"Net Lifter"}]},{"@type":"WebSite","@id":"https:\/\/www.adaq.it\/fr\/#website","url":"https:\/\/www.adaq.it\/fr\/","name":"Adaq Srl","description":"Advanced Aquaculture","publisher":{"@id":"https:\/\/www.adaq.it\/fr\/#organization"},"potentialAction":[{"@type":"SearchAction","target":{"@type":"EntryPoint","urlTemplate":"https:\/\/www.adaq.it\/fr\/?s={search_term_string}"},"query-input":{"@type":"PropertyValueSpecification","valueRequired":true,"valueName":"search_term_string"}}],"inLanguage":"fr-FR"},{"@type":"Organization","@id":"https:\/\/www.adaq.it\/fr\/#organization","name":"Adaq Srl","url":"https:\/\/www.adaq.it\/fr\/","logo":{"@type":"ImageObject","inLanguage":"fr-FR","@id":"https:\/\/www.adaq.it\/fr\/#\/schema\/logo\/image\/","url":"http:\/\/www.adaq.it\/wp-content\/uploads\/logo-adaq-100.png","contentUrl":"http:\/\/www.adaq.it\/wp-content\/uploads\/logo-adaq-100.png","width":"104","height":"104","caption":"Adaq Srl"},"image":{"@id":"https:\/\/www.adaq.it\/fr\/#\/schema\/logo\/image\/"}}]}},"_links":{"self":[{"href":"http:\/\/www.adaq.it\/fr\/wp-json\/wp\/v2\/pages\/4484"}],"collection":[{"href":"http:\/\/www.adaq.it\/fr\/wp-json\/wp\/v2\/pages"}],"about":[{"href":"http:\/\/www.adaq.it\/fr\/wp-json\/wp\/v2\/types\/page"}],"author":[{"embeddable":true,"href":"http:\/\/www.adaq.it\/fr\/wp-json\/wp\/v2\/users\/1"}],"replies":[{"embeddable":true,"href":"http:\/\/www.adaq.it\/fr\/wp-json\/wp\/v2\/comments?post=4484"}],"version-history":[{"count":4,"href":"http:\/\/www.adaq.it\/fr\/wp-json\/wp\/v2\/pages\/4484\/revisions"}],"predecessor-version":[{"id":4746,"href":"http:\/\/www.adaq.it\/fr\/wp-json\/wp\/v2\/pages\/4484\/revisions\/4746"}],"up":[{"embeddable":true,"href":"http:\/\/www.adaq.it\/fr\/wp-json\/wp\/v2\/pages\/4461"}],"wp:featuredmedia":[{"embeddable":true,"href":"http:\/\/www.adaq.it\/fr\/wp-json\/wp\/v2\/media\/4462"}],"wp:attachment":[{"href":"http:\/\/www.adaq.it\/fr\/wp-json\/wp\/v2\/media?parent=4484"}],"curies":[{"name":"wp","href":"https:\/\/api.w.org\/{rel}","templated":true}]}}