{"id":4489,"date":"2019-02-05T23:14:12","date_gmt":"2019-02-05T22:14:12","guid":{"rendered":"http:\/\/www.adaq.it\/aquaculture\/pisciculture\/cages\/sinker\/"},"modified":"2020-04-20T19:03:39","modified_gmt":"2020-04-20T17:03:39","slug":"sinker","status":"publish","type":"page","link":"http:\/\/www.adaq.it\/fr\/aquaculture\/pisciculture\/cages\/sinker\/","title":{"rendered":"Sinker"},"content":{"rendered":"<section class=\"p-80 wow fadeIn\" data-wow-delay=\"0.5s\" style=\"visibility: visible; animation-delay: 0.5s; animation-name: fadeIn;\">\r\n          <div class=\"container\">\r\n            <div class=\"row\">\r\n              <div class=\"col-lg-8 col-md-10\">\r\n\t\t\t\t<h1>Sinker<\/h1>\r\n             <\/div>\r\n            <\/div>\r\n          <\/div>\r\n<\/section>\r\n\r\n<div class=\"portfolio-details-area pb-2\">\r\n      <div class=\"container\">\r\n          <div class=\"row\">\r\n              <div class=\"col-lg-8 col-md-8\">\r\n<div uk-slideshow=\"animation: fade; autoplay: true; min-height:600\" class=\"uk-slideshow\">\r\n                    <div class=\"uk-position-relative uk-visible-toggle uk-light\">                \r\n                        <ul class=\"uk-slideshow-items\">\r\n                        <li class=\"\" style=\"\">\r\n                          <div class=\"p-details-img\">\r\n                              <img decoding=\"async\" src=\"..\/..\/..\/..\/..\/wp-content\/uploads\/attacco-sinker-tube-PE.jpg\" alt=\"\" style=\"max-width: 100%;\">\r\n                          <\/div>\r\n                        <\/li>\r\n\t\t\t\t\t\t<li class=\"\" style=\"\">\r\n                          <div class=\"p-details-img\">\r\n                              <img decoding=\"async\" src=\"..\/..\/..\/..\/..\/wp-content\/uploads\/sinker-catena.jpg\" alt=\"\" style=\"max-width: 100%;\">\r\n                          <\/div>\r\n                        <\/li>\r\n                      <\/ul>\r\n                      <a class=\"uk-position-center-left uk-position-small uk-hidden-hover uk-slidenav-previous uk-icon uk-slidenav\" href=\"#\" uk-slidenav-previous=\"\" uk-slideshow-item=\"previous\"><svg width=\"14\" height=\"24\" viewBox=\"0 0 14 24\" xmlns=\"http:\/\/www.w3.org\/2000\/svg\" ratio=\"1\"><polyline fill=\"none\" stroke=\"#000\" stroke-width=\"1.4\" points=\"12.775,1 1.225,12 12.775,23 \"><\/polyline><\/svg><\/a>\r\n    <a class=\"uk-position-center-right uk-position-small uk-hidden-hover uk-slidenav-next uk-icon uk-slidenav uk-active\" href=\"#\" uk-slidenav-next=\"\" uk-slideshow-item=\"next\"><svg width=\"14\" height=\"24\" viewBox=\"0 0 14 24\" xmlns=\"http:\/\/www.w3.org\/2000\/svg\" ratio=\"1\"><polyline fill=\"none\" stroke=\"#000\" stroke-width=\"1.4\" points=\"1.225,23 12.775,12 1.225,1 \"><\/polyline><\/svg><\/a>\r\n                    <\/div>\r\n                    <ul class=\"uk-slideshow-nav uk-dotnav uk-flex-center uk-margin\"><li uk-slideshow-item=\"0\" class=\"\"><a href=\"#\"><\/a><\/li><li uk-slideshow-item=\"1\" class=\"\"><a href=\"#\"><\/a><\/li><li uk-slideshow-item=\"2\" class=\"uk-active\"><a href=\"#\"><\/a><\/li><li uk-slideshow-item=\"3\" class=\"\"><a href=\"#\"><\/a><\/li><li uk-slideshow-item=\"4\" class=\"\"><a href=\"#\"><\/a><\/li><\/ul>\r\n                  <\/div>\r\n              <\/div>\r\n\t\t\t  \t<div class=\"col-lg-4 col-md-4 info-details\" id=\"info\">\r\n                  <div class=\"p-details-sidebar\">\r\n                        <h2>Sinker<\/h2>\r\n                          <p>Le Sinker Tube est le contre-anneau de pond\u00e9ration utilis\u00e9 pour maintenir le filet en forme et en tension. Situ\u00e9 \u00e0 environ 15\u00a0m\u00e8tres de la surface, il contient un contrepoids en cha\u00eene de taille suffisante pour assurer la stabilit\u00e9.<\/p>\r\n                      <\/div>\r\n\t\t\t  <\/div>\r\n              <\/div>\r\n          <\/div>  \r\n      <\/div>\r\n\r\n<section class=\"pb-4 wow fadeIn\" data-wow-delay=\"0.5s\" style=\"visibility: visible; animation-delay: 0.5s; animation-name: fadeIn;\">\r\n          <div class=\"container\">\r\n            <div class=\"row\">\r\n              <div class=\"col\">\r\n\t\t\t\t<div class=\"p-details-text\">\r\n                            <h4 class=\"details-title\">Attaque Sinker tube<\/h4>\r\n                            <p>Afin de ne pas \u00e9craser, user et endommager les tubes Sinker en fixant les bouchons directement sur les tuyaux, Ad.Aq a cr\u00e9\u00e9 le raccord Sinker, une structure en poly\u00e9thyl\u00e8ne avec 4 trous borgnes en acier inoxydable enfilade sur le tuyau et sur lesquels sont fix\u00e9s les cordes de connexion entre le tubes flottantes et le Sinker Tubes.<\/p>\r\n\t\t\t\t<\/div>\r\n\t\t\t<\/div>\r\n\t\t<\/div>\r\n\t\t\t<div class=\"row\">\r\n\t\t\t\t   <div class=\"col-lg-6 col-md-6\">\r\n\t\t\t\t\t    <img decoding=\"async\" src=\"..\/..\/..\/..\/..\/wp-content\/uploads\/attacco-sinker.jpg\" alt=\"\" style=\"max-width: 100%;\">\r\n\t\t\t\t  <\/div>\r\n\t\t\t  <\/div>\r\n\t<\/div>\r\n<\/section>","protected":false},"excerpt":{"rendered":"Sinker Sinker Le Sinker Tube est le contre-anneau de pond\u00e9ration utilis\u00e9 pour maintenir le filet en forme et en tension. Situ\u00e9 \u00e0 environ 15\u00a0m\u00e8tres de la surface, il contient un contrepoids en cha\u00eene de taille suffisante pour assurer la stabilit\u00e9. Attaque Sinker tube Afin de ne pas \u00e9craser, user et endommager les tubes Sinker en [&hellip;]","protected":false},"author":1,"featured_media":4462,"parent":4461,"menu_order":0,"comment_status":"closed","ping_status":"closed","template":"sub_page_adaq_uikit.php","meta":{"_acf_changed":false,"footnotes":""},"acf":[],"yoast_head":"<!-- This site is optimized with the Yoast SEO plugin v23.5 - https:\/\/yoast.com\/wordpress\/plugins\/seo\/ -->\n<title>Tube plongeur | Contre-anneau de ballast | Adaq Srl<\/title>\n<meta name=\"description\" content=\"Le Sinker Tube est le contre-anneau de ballast utilis\u00e9 pour maintenir le filet en forme et en tension. Situ\u00e9 \u00e0 environ 15 m\u00e8tres de la surface.\" \/>\n<meta name=\"robots\" content=\"index, follow, max-snippet:-1, max-image-preview:large, max-video-preview:-1\" \/>\n<link rel=\"canonical\" href=\"http:\/\/www.adaq.it\/fr\/aquaculture\/pisciculture\/cages\/sinker\/\" \/>\n<meta property=\"og:locale\" content=\"fr_FR\" \/>\n<meta property=\"og:type\" content=\"article\" \/>\n<meta property=\"og:title\" content=\"Tube plongeur | Contre-anneau de ballast | Adaq Srl\" \/>\n<meta property=\"og:description\" content=\"Le Sinker Tube est le contre-anneau de ballast utilis\u00e9 pour maintenir le filet en forme et en tension. Situ\u00e9 \u00e0 environ 15 m\u00e8tres de la surface.\" \/>\n<meta property=\"og:url\" content=\"http:\/\/www.adaq.it\/fr\/aquaculture\/pisciculture\/cages\/sinker\/\" \/>\n<meta property=\"og:site_name\" content=\"Adaq Srl\" \/>\n<meta property=\"article:modified_time\" content=\"2020-04-20T17:03:39+00:00\" \/>\n<meta property=\"og:image\" content=\"http:\/\/www.adaq.it\/wp-content\/uploads\/gabbia-header3.jpg\" \/>\n\t<meta property=\"og:image:width\" content=\"2048\" \/>\n\t<meta property=\"og:image:height\" content=\"1536\" \/>\n\t<meta property=\"og:image:type\" content=\"image\/jpeg\" \/>\n<meta name=\"twitter:card\" content=\"summary_large_image\" \/>\n<meta name=\"twitter:label1\" content=\"Dur\u00e9e de lecture estim\u00e9e\" \/>\n\t<meta name=\"twitter:data1\" content=\"1 minute\" \/>\n<script type=\"application\/ld+json\" class=\"yoast-schema-graph\">{\"@context\":\"https:\/\/schema.org\",\"@graph\":[{\"@type\":\"WebPage\",\"@id\":\"http:\/\/www.adaq.it\/fr\/aquaculture\/pisciculture\/cages\/sinker\/\",\"url\":\"http:\/\/www.adaq.it\/fr\/aquaculture\/pisciculture\/cages\/sinker\/\",\"name\":\"Tube plongeur | Contre-anneau de ballast | Adaq Srl\",\"isPartOf\":{\"@id\":\"https:\/\/www.adaq.it\/fr\/#website\"},\"primaryImageOfPage\":{\"@id\":\"http:\/\/www.adaq.it\/fr\/aquaculture\/pisciculture\/cages\/sinker\/#primaryimage\"},\"image\":{\"@id\":\"http:\/\/www.adaq.it\/fr\/aquaculture\/pisciculture\/cages\/sinker\/#primaryimage\"},\"thumbnailUrl\":\"http:\/\/www.adaq.it\/wp-content\/uploads\/gabbia-header3.jpg\",\"datePublished\":\"2019-02-05T22:14:12+00:00\",\"dateModified\":\"2020-04-20T17:03:39+00:00\",\"description\":\"Le Sinker Tube est le contre-anneau de ballast utilis\u00e9 pour maintenir le filet en forme et en tension. Situ\u00e9 \u00e0 environ 15 m\u00e8tres de la surface.\",\"breadcrumb\":{\"@id\":\"http:\/\/www.adaq.it\/fr\/aquaculture\/pisciculture\/cages\/sinker\/#breadcrumb\"},\"inLanguage\":\"fr-FR\",\"potentialAction\":[{\"@type\":\"ReadAction\",\"target\":[\"http:\/\/www.adaq.it\/fr\/aquaculture\/pisciculture\/cages\/sinker\/\"]}]},{\"@type\":\"ImageObject\",\"inLanguage\":\"fr-FR\",\"@id\":\"http:\/\/www.adaq.it\/fr\/aquaculture\/pisciculture\/cages\/sinker\/#primaryimage\",\"url\":\"http:\/\/www.adaq.it\/wp-content\/uploads\/gabbia-header3.jpg\",\"contentUrl\":\"http:\/\/www.adaq.it\/wp-content\/uploads\/gabbia-header3.jpg\",\"width\":2048,\"height\":1536},{\"@type\":\"BreadcrumbList\",\"@id\":\"http:\/\/www.adaq.it\/fr\/aquaculture\/pisciculture\/cages\/sinker\/#breadcrumb\",\"itemListElement\":[{\"@type\":\"ListItem\",\"position\":1,\"name\":\"Home\",\"item\":\"http:\/\/www.adaq.it\/fr\/\"},{\"@type\":\"ListItem\",\"position\":2,\"name\":\"Aquaculture\",\"item\":\"http:\/\/www.adaq.it\/fr\/aquaculture\/\"},{\"@type\":\"ListItem\",\"position\":3,\"name\":\"Pisciculture\",\"item\":\"http:\/\/www.adaq.it\/fr\/aquaculture\/pisciculture\/\"},{\"@type\":\"ListItem\",\"position\":4,\"name\":\"Cages\",\"item\":\"http:\/\/www.adaq.it\/fr\/aquaculture\/pisciculture\/cages\/\"},{\"@type\":\"ListItem\",\"position\":5,\"name\":\"Sinker\"}]},{\"@type\":\"WebSite\",\"@id\":\"https:\/\/www.adaq.it\/fr\/#website\",\"url\":\"https:\/\/www.adaq.it\/fr\/\",\"name\":\"Adaq Srl\",\"description\":\"Advanced Aquaculture\",\"publisher\":{\"@id\":\"https:\/\/www.adaq.it\/fr\/#organization\"},\"potentialAction\":[{\"@type\":\"SearchAction\",\"target\":{\"@type\":\"EntryPoint\",\"urlTemplate\":\"https:\/\/www.adaq.it\/fr\/?s={search_term_string}\"},\"query-input\":{\"@type\":\"PropertyValueSpecification\",\"valueRequired\":true,\"valueName\":\"search_term_string\"}}],\"inLanguage\":\"fr-FR\"},{\"@type\":\"Organization\",\"@id\":\"https:\/\/www.adaq.it\/fr\/#organization\",\"name\":\"Adaq Srl\",\"url\":\"https:\/\/www.adaq.it\/fr\/\",\"logo\":{\"@type\":\"ImageObject\",\"inLanguage\":\"fr-FR\",\"@id\":\"https:\/\/www.adaq.it\/fr\/#\/schema\/logo\/image\/\",\"url\":\"http:\/\/www.adaq.it\/wp-content\/uploads\/logo-adaq-100.png\",\"contentUrl\":\"http:\/\/www.adaq.it\/wp-content\/uploads\/logo-adaq-100.png\",\"width\":\"104\",\"height\":\"104\",\"caption\":\"Adaq Srl\"},\"image\":{\"@id\":\"https:\/\/www.adaq.it\/fr\/#\/schema\/logo\/image\/\"}}]}<\/script>\n<!-- \/ Yoast SEO plugin. -->","yoast_head_json":{"title":"Tube plongeur | Contre-anneau de ballast | Adaq Srl","description":"Le Sinker Tube est le contre-anneau de ballast utilis\u00e9 pour maintenir le filet en forme et en tension. Situ\u00e9 \u00e0 environ 15 m\u00e8tres de la surface.","robots":{"index":"index","follow":"follow","max-snippet":"max-snippet:-1","max-image-preview":"max-image-preview:large","max-video-preview":"max-video-preview:-1"},"canonical":"http:\/\/www.adaq.it\/fr\/aquaculture\/pisciculture\/cages\/sinker\/","og_locale":"fr_FR","og_type":"article","og_title":"Tube plongeur | Contre-anneau de ballast | Adaq Srl","og_description":"Le Sinker Tube est le contre-anneau de ballast utilis\u00e9 pour maintenir le filet en forme et en tension. Situ\u00e9 \u00e0 environ 15 m\u00e8tres de la surface.","og_url":"http:\/\/www.adaq.it\/fr\/aquaculture\/pisciculture\/cages\/sinker\/","og_site_name":"Adaq Srl","article_modified_time":"2020-04-20T17:03:39+00:00","og_image":[{"width":2048,"height":1536,"url":"http:\/\/www.adaq.it\/wp-content\/uploads\/gabbia-header3.jpg","type":"image\/jpeg"}],"twitter_card":"summary_large_image","twitter_misc":{"Dur\u00e9e de lecture estim\u00e9e":"1 minute"},"schema":{"@context":"https:\/\/schema.org","@graph":[{"@type":"WebPage","@id":"http:\/\/www.adaq.it\/fr\/aquaculture\/pisciculture\/cages\/sinker\/","url":"http:\/\/www.adaq.it\/fr\/aquaculture\/pisciculture\/cages\/sinker\/","name":"Tube plongeur | Contre-anneau de ballast | Adaq Srl","isPartOf":{"@id":"https:\/\/www.adaq.it\/fr\/#website"},"primaryImageOfPage":{"@id":"http:\/\/www.adaq.it\/fr\/aquaculture\/pisciculture\/cages\/sinker\/#primaryimage"},"image":{"@id":"http:\/\/www.adaq.it\/fr\/aquaculture\/pisciculture\/cages\/sinker\/#primaryimage"},"thumbnailUrl":"http:\/\/www.adaq.it\/wp-content\/uploads\/gabbia-header3.jpg","datePublished":"2019-02-05T22:14:12+00:00","dateModified":"2020-04-20T17:03:39+00:00","description":"Le Sinker Tube est le contre-anneau de ballast utilis\u00e9 pour maintenir le filet en forme et en tension. Situ\u00e9 \u00e0 environ 15 m\u00e8tres de la surface.","breadcrumb":{"@id":"http:\/\/www.adaq.it\/fr\/aquaculture\/pisciculture\/cages\/sinker\/#breadcrumb"},"inLanguage":"fr-FR","potentialAction":[{"@type":"ReadAction","target":["http:\/\/www.adaq.it\/fr\/aquaculture\/pisciculture\/cages\/sinker\/"]}]},{"@type":"ImageObject","inLanguage":"fr-FR","@id":"http:\/\/www.adaq.it\/fr\/aquaculture\/pisciculture\/cages\/sinker\/#primaryimage","url":"http:\/\/www.adaq.it\/wp-content\/uploads\/gabbia-header3.jpg","contentUrl":"http:\/\/www.adaq.it\/wp-content\/uploads\/gabbia-header3.jpg","width":2048,"height":1536},{"@type":"BreadcrumbList","@id":"http:\/\/www.adaq.it\/fr\/aquaculture\/pisciculture\/cages\/sinker\/#breadcrumb","itemListElement":[{"@type":"ListItem","position":1,"name":"Home","item":"http:\/\/www.adaq.it\/fr\/"},{"@type":"ListItem","position":2,"name":"Aquaculture","item":"http:\/\/www.adaq.it\/fr\/aquaculture\/"},{"@type":"ListItem","position":3,"name":"Pisciculture","item":"http:\/\/www.adaq.it\/fr\/aquaculture\/pisciculture\/"},{"@type":"ListItem","position":4,"name":"Cages","item":"http:\/\/www.adaq.it\/fr\/aquaculture\/pisciculture\/cages\/"},{"@type":"ListItem","position":5,"name":"Sinker"}]},{"@type":"WebSite","@id":"https:\/\/www.adaq.it\/fr\/#website","url":"https:\/\/www.adaq.it\/fr\/","name":"Adaq Srl","description":"Advanced Aquaculture","publisher":{"@id":"https:\/\/www.adaq.it\/fr\/#organization"},"potentialAction":[{"@type":"SearchAction","target":{"@type":"EntryPoint","urlTemplate":"https:\/\/www.adaq.it\/fr\/?s={search_term_string}"},"query-input":{"@type":"PropertyValueSpecification","valueRequired":true,"valueName":"search_term_string"}}],"inLanguage":"fr-FR"},{"@type":"Organization","@id":"https:\/\/www.adaq.it\/fr\/#organization","name":"Adaq Srl","url":"https:\/\/www.adaq.it\/fr\/","logo":{"@type":"ImageObject","inLanguage":"fr-FR","@id":"https:\/\/www.adaq.it\/fr\/#\/schema\/logo\/image\/","url":"http:\/\/www.adaq.it\/wp-content\/uploads\/logo-adaq-100.png","contentUrl":"http:\/\/www.adaq.it\/wp-content\/uploads\/logo-adaq-100.png","width":"104","height":"104","caption":"Adaq Srl"},"image":{"@id":"https:\/\/www.adaq.it\/fr\/#\/schema\/logo\/image\/"}}]}},"_links":{"self":[{"href":"http:\/\/www.adaq.it\/fr\/wp-json\/wp\/v2\/pages\/4489"}],"collection":[{"href":"http:\/\/www.adaq.it\/fr\/wp-json\/wp\/v2\/pages"}],"about":[{"href":"http:\/\/www.adaq.it\/fr\/wp-json\/wp\/v2\/types\/page"}],"author":[{"embeddable":true,"href":"http:\/\/www.adaq.it\/fr\/wp-json\/wp\/v2\/users\/1"}],"replies":[{"embeddable":true,"href":"http:\/\/www.adaq.it\/fr\/wp-json\/wp\/v2\/comments?post=4489"}],"version-history":[{"count":6,"href":"http:\/\/www.adaq.it\/fr\/wp-json\/wp\/v2\/pages\/4489\/revisions"}],"predecessor-version":[{"id":4752,"href":"http:\/\/www.adaq.it\/fr\/wp-json\/wp\/v2\/pages\/4489\/revisions\/4752"}],"up":[{"embeddable":true,"href":"http:\/\/www.adaq.it\/fr\/wp-json\/wp\/v2\/pages\/4461"}],"wp:featuredmedia":[{"embeddable":true,"href":"http:\/\/www.adaq.it\/fr\/wp-json\/wp\/v2\/media\/4462"}],"wp:attachment":[{"href":"http:\/\/www.adaq.it\/fr\/wp-json\/wp\/v2\/media?parent=4489"}],"curies":[{"name":"wp","href":"https:\/\/api.w.org\/{rel}","templated":true}]}}