{"id":4620,"date":"2018-02-27T13:56:03","date_gmt":"2018-02-27T12:56:03","guid":{"rendered":"http:\/\/www.adaq.it\/chantier-naval\/feeder-33\/"},"modified":"2020-04-20T19:16:50","modified_gmt":"2020-04-20T17:16:50","slug":"feeder-33","status":"publish","type":"page","link":"http:\/\/www.adaq.it\/fr\/chantier-naval\/feeder-33\/","title":{"rendered":"Feeder 33"},"content":{"rendered":"<section class=\"p-80 wow fadeIn\" data-wow-delay=\"0.5s\" style=\"visibility: visible; animation-delay: 0.5s; animation-name: fadeIn;\">\r\n          <div class=\"container\">\r\n            <div class=\"row\">\r\n              <div class=\"col-lg-8 col-md-10\">\r\n\t\t\t\t<h1>Feeder 33<\/h1>\r\n             <\/div>\r\n            <\/div>\r\n          <\/div>\r\n<\/section>\r\n\r\n<div class=\"portfolio-details-area pb-2\">\r\n      <div class=\"container\">\r\n          <div class=\"row\">\r\n              <div class=\"col-lg-8 col-md-8\">\r\n<div uk-slideshow=\"animation: fade; autoplay: true\" class=\"uk-slideshow\">\r\n                    <div class=\"uk-position-relative uk-visible-toggle uk-light\">                \r\n                        <ul class=\"uk-slideshow-items\" style=\"height: 347px;\">\r\n                        <li class=\"\" style=\"\">\r\n                          <div class=\"p-details-img\">\r\n                              <img decoding=\"async\" src=\"..\/..\/..\/wp-content\/uploads\/barche-dettagli.jpg\" alt=\"\" style=\"max-width: 100%;\">\r\n                          <\/div>\r\n                        <\/li>\r\n                         <li class=\"\" style=\"\">\r\n                          <div class=\"p-details-img\">\r\n                              <img decoding=\"async\" src=\"..\/..\/..\/wp-content\/uploads\/barche-dettagli2.jpg\" alt=\"\" style=\"max-width: 100%;\">\r\n                          <\/div>\r\n                        <\/li>\r\n                                                 <li class=\"uk-active uk-transition-active\" style=\"\">\r\n                          <div class=\"p-details-img\">\r\n                              <img decoding=\"async\" src=\"..\/..\/..\/wp-content\/uploads\/barche-dettagli3.jpg\" alt=\"\" style=\"max-width: 100%;\">\r\n                          <\/div>\r\n                        <\/li>\r\n                                                 <li class=\"\" style=\"\">\r\n                          <div class=\"p-details-img\">\r\n                              <img decoding=\"async\" src=\"..\/..\/..\/wp-content\/uploads\/barche-dettagli4.jpg\" alt=\"\" style=\"max-width: 100%;\">\r\n                          <\/div>\r\n                        <\/li>\r\n                      <\/ul>\r\n                      <a class=\"uk-position-center-left uk-position-small uk-hidden-hover uk-slidenav-previous uk-icon uk-slidenav\" href=\"#\" uk-slidenav-previous=\"\" uk-slideshow-item=\"previous\"><svg width=\"14\" height=\"24\" viewBox=\"0 0 14 24\" xmlns=\"http:\/\/www.w3.org\/2000\/svg\" ratio=\"1\"><polyline fill=\"none\" stroke=\"#000\" stroke-width=\"1.4\" points=\"12.775,1 1.225,12 12.775,23 \"><\/polyline><\/svg><\/a>\r\n    <a class=\"uk-position-center-right uk-position-small uk-hidden-hover uk-slidenav-next uk-icon uk-slidenav uk-active\" href=\"#\" uk-slidenav-next=\"\" uk-slideshow-item=\"next\"><svg width=\"14\" height=\"24\" viewBox=\"0 0 14 24\" xmlns=\"http:\/\/www.w3.org\/2000\/svg\" ratio=\"1\"><polyline fill=\"none\" stroke=\"#000\" stroke-width=\"1.4\" points=\"1.225,23 12.775,12 1.225,1 \"><\/polyline><\/svg><\/a>\r\n                    <\/div>\r\n                    <ul class=\"uk-slideshow-nav uk-dotnav uk-flex-center uk-margin\"><li uk-slideshow-item=\"0\" class=\"\"><a href=\"#\"><\/a><\/li><li uk-slideshow-item=\"1\" class=\"\"><a href=\"#\"><\/a><\/li><li uk-slideshow-item=\"2\" class=\"uk-active\"><a href=\"#\"><\/a><\/li><li uk-slideshow-item=\"3\" class=\"\"><a href=\"#\"><\/a><\/li><li uk-slideshow-item=\"4\" class=\"\"><a href=\"#\"><\/a><\/li><\/ul>\r\n                  <\/div>\r\n\r\n                        <div class=\"p-details-text\">\r\n                            <h4 class=\"details-title\">DESCRIPTION ET CARACT\u00c9RISTIQUES G\u00c9N\u00c9RALES<\/h4>\r\n                            <p>Enti\u00e8rement construit en PEAD, deux soutes s\u00e9par\u00e9es pour le chargement des aliments, projection jusqu\u2019\u00e0 une distance de 20 m\u00e8tres et couverture jusqu\u2019\u00e0 70\u00a0% de la surface de la cage pour optimiser l\u2019alimentation afin de r\u00e9duire la dispersion dans la taille des poissons et la perte de nourriture.<\/p>\r\n\t\t\t\t\t\t\t<p>Capacit\u00e9 de projection r\u00e9glable de 3 \u00e0 80\u00a0kg\/minute.<br>Chargement avec Big-Bag ou silos. R\u00e9duction et optimisation des temps de chargement, de navigation et de livraison de nourriture dans les cages. Le syst\u00e8me est facilement pr\u00e9d\u00e9fini pour fournir aux cages individuelles les quantit\u00e9s exactes d\u2019aliments attendues chaque jour avec une vision directe par l\u2019op\u00e9rateur du comportement du poisson lors de la phase de dispersion de la nourriture. Cabine en aluminium avec fen\u00eatres. Console de commande compl\u00e8te avec instruments de navigation, d\u2019activation et de contr\u00f4le du syst\u00e8me de projection de nourriture.<\/p>\r\n\t\t\t\t\t\t\t<strong>Homologation CE en navigation cat\u00e9gorie C.<\/strong>\r\n\r\n\r\n\r\n\t\t\t\t\t\t\t\r\n\t\t\t\t\t\t<ul  uk-tab=\"animation: uk-animation-fade\">\r\n\t\t\t\t\t\t\t\t<li><a href=\"#\">Caract\u00e9ristiques dimensionnelles et techniques<\/a><\/li>\r\n\t\t\t\t\t\t\t\t<li><a href=\"#\">Unit\u00e9 de distribution d&rsquo;aliments<\/a><\/li>\r\n\t\t\t\t\t\t\r\n\t\t\t\t\t\t\t<\/ul>\r\n\t\t\t\t\t\t\t<ul class=\"uk-switcher uk-margin\">\r\n\t\t\t\t\t\t\t\t<li> <div>\r\n\t\t\t\t\t\t\t\t\t<ul class=\"uk-list uk-list-divider\">\r\n\t\t\t\t\t\t\t\t\t\t<li> Longueur 9,90 m\u00e8tres <\/ li>\r\n\t\t\t\t\t\t\t\t<li> Longueur de flottaison 9,15 m <\/ li>\r\n\t\t\t\t\t\t\t\t<li> 3,26 m de largeur <\/ li>\r\n\t\t\t\t\t\t\t\t<li> Flottabilit\u00e9 lat\u00e9rale tubulaire dia 500 mm <\/ li>\r\n\t\t\t\t\t\t\t\t<li> Tirant d&rsquo;eau mt 0,90 sans charge (1,15 max. \u00e0 pleine charge) <\/ li>\r\n\t\t\t\t\t\t\t\t<li> mesure 7,7 tonnes <\/ li>\r\n\t\t\t\t\t\t\t\t<li> Charge maximale 8 tonnes <\/ li>\r\n\t\t\t\t\t\t\t\t<li> Capacit\u00e9 de carburant: 2 x 320Lt <\/ li>\r\n\t\t\t\t\t\t\t\t<li> Couverture d&rsquo;attente PEAD <\/ li>\r\n\t\t\t\t\t\t\t\t<li> Chargement avec Big Bags &#8211; Sacs en vrac <\/ li>\r\n\t\t\t\t\t\t\t\t<li> r\u00e9servoir d&rsquo;huile hydraulique en acier inoxydable de 80 litres <\/ li>\r\n\t\t\t\t\t\t\t\t\t<\/ul>\r\n\t\t\t\t\t\t\t\t  <\/div><\/li>\r\n\t\t\t\t\t\t\t\t<li><div>\r\n\t\t\t\t\t\t\t\t\t<ul class=\"uk-list uk-list-divider\">\r\n\t\t\t\t\t\t\t\t\t\t<li> Distributeur sec avec ventilateur positionn\u00e9 au centre de la pi\u00e8ce <\/ li>\r\n<li> Double maintien PEAD pour le confinement des aliments (2&#215;4 tonnes.) <\/ li>\r\n<li> Canon de distribution en acier inoxydable avec r\u00e9partiteur lat\u00e9ral automatique (pour augmenter la zone de lancement de l&rsquo;alimentation), mouvement hydraulique pour l&rsquo;orientation du pistolet avec t\u00e9l\u00e9commande <\/ li>\r\n<li> Alimentation en double-feed <\/ li>\r\n<li> Distance de lancement 12 \/ 20mt <\/ li>\r\n<li> 4 moteurs hydrauliques pour le contr\u00f4le du mouvement et de l\u2019alimentation de la tari\u00e8re. <\/ li>\r\n<li> 1 Moteur hydraulique pour l&rsquo;injecteur d&rsquo;alimentation dans le canon de lancion <\/ li>\r\n<li> Manipulation du canon de lancement par v\u00e9rin hydraulique <\/ li>\r\n<li> Souffleur hydraulique <\/ li>\r\n<li> Capacit\u00e9 de distribution de 10 \u00e0 80 kg \/ min <\/ li>\r\n<li> Contr\u00f4le en temps r\u00e9el de la quantit\u00e9 livr\u00e9e <\/ li>\r\n<li> Contr\u00f4le num\u00e9rique du montant livr\u00e9 <\/ li>\r\n<li> Quantit\u00e9 de r\u00e9gulateur d&rsquo;aliment livr\u00e9 par minute <\/ li>\r\n<li> Fonctionnement et contr\u00f4le \u00e0 distance des \u00e9pandeurs <\/ li>\r\n<li> Refroidissement hydraulique du circuit d\u2019alimentation en carburant du circuit d\u2019alimentation en carburant avec refroidisseur interm\u00e9diaire <\/ li>\r\n<li> Moteur Lombardini LDW 1404 \u00e0 quatre cylindres HP 35 pour l\u2019alimentation du syst\u00e8me de ventilation hydraulique, utilis\u00e9 exclusivement pour le syst\u00e8me hydraulique. Refroidissement \u00e0 l&rsquo;eau de mer. Allumage et commandes dans la cabine <\/ li>\r\n<li> Filtres carafes Racor <\/ li>\r\n<li> Filtres \u00e0 carburant Racor <\/ li>\r\n\t\t\t\t\t\t\t\t\t<\/ul>\r\n\t\t\t\t\t\t\t\t  <\/div><\/li>\r\n\t\t\t\t\t\t\t<\/ul>\r\n                        <\/div>\r\n\t\t\t\t  \r\n              <\/div>\r\n              <div class=\"col-lg-4 col-md-4 info-details\" id=\"info\">\r\n                  <div class=\"p-details-sidebar\">\r\n                      <h4 class=\"details-title\">Motopropulseur<\/h4>\r\n                       <div>\r\n                        <ul class=\"uk-list\">\r\n\t\t\t\t\t\t<li> Moteur marin mod. AIFO N67 MNT M28 <\/ li>\r\n\t\t\t\t\t\t<li> Puissance: diesel \u00e0 injection directe 4 temps de 280 ch <\/ li>\r\n\t\t\t\t\t\t<li> 6 cylindres \u00e0 2 soupapes <\/ li>\r\n\t\t\t\t\t\t<li> D\u00e9placement total 6,7 Lt <\/ li>\r\n\t\t\t\t\t\t<li> Onduleur ZF 63 IV &#8211; 2.0001 <\/ li>\r\n\t\t\t\t\t\t<li> diffus\u00e9 vers <em> V <\/ em> <\/ li>\r\n\t\t\t\t\t\t<\/ul>\r\n                      <\/div>\r\n\t\t\t\t\t<h4 class=\"details-title\">Vitesse<\/h4>\r\n                       <div>\r\n                        <ul class=\"uk-list\">\r\n\t\t\t\t\t\t<li> vitesse \u00e0 vide: 10 n\u0153uds <\/ li>\r\n\t\t\t\t\t\t<li> vitesse de chargement complet: 9 n\u0153uds <\/ li>\r\n\t\t\t\t\t\t<\/ul>\r\n                      <\/div>\r\n                      <\/div>\r\n                  <\/div>\r\n              <\/div>\r\n          <\/div>  \r\n      <\/div>\r\n\r\n<section class=\"feature-area pb-4 wow fadeIn text-white\" data-wow-delay=\"0.5s\" style=\"visibility: visible; animation-delay: 0.5s; animation-name: fadeIn;\">\r\n          <div class=\"container\">\r\n            <div class=\"row\">\r\n              <div class=\"col\">\r\n\t\t\t\t<div class=\"p-details-text\">\r\n                            <h4 class=\"details-title text-white\">SYSTEME DE COMMANDE DE DISTRIBUTION PAR L\u2019INTERFACE \u00ab\u00a0TOUCHSCREEN\u00a0\u00bb<\/h4>\r\n                            <p>Le syst\u00e8me comprend un \u00e9cran tactile r\u00e9sistif de 7\u2033 et un module de comptage des impulsions\/relais. Les donn\u00e9es sont charg\u00e9es et sauvegard\u00e9es depuis la cl\u00e9 USB dans un fichier texte.CSV au format suivant\u00a0: nom\/num\u00e9ro de cage\u00a0; Quantit\u00e9 pr\u00e9d\u00e9finie\u00a0; Quantit\u00e9 livr\u00e9e\u00a0; N\u00b0 Soute Apr\u00e8s avoir charg\u00e9 les donn\u00e9es du fichier CSV avec le bouton vert repr\u00e9sentant une cl\u00e9 USB, il est possible de consulter les programmes des r\u00e9servoirs (99\u00a0cages max) en rappelant la cage en d\u00e9finissant le num\u00e9ro de m\u00e9moire (de 1 \u00e0 99) ou le nom (code alphanum\u00e9rique). Les kg \u00e0 distribuer seront t\u00e9l\u00e9charg\u00e9s \u00e0 l\u2019\u00e9cran, de m\u00eame que les kg d\u00e9j\u00e0 distribu\u00e9s et la vis sans fin \u00e0 activer. Les donn\u00e9es de la cage peuvent \u00e9galement \u00eatre modifi\u00e9es manuellement. Vous pouvez \u00e9galement configurer une distribution unique avec la touche ZERO et d\u00e9finir la quantit\u00e9 \u00e0 atteindre. La vis sans fin est d\u00e9marr\u00e9e manuellement avec les commandes physiques du panneau\u00a0: l\u2019\u00e9cran tactile l\u2019arr\u00eate lorsque la quantit\u00e9 d\u00e9finie est atteinte. Le comptage de la quantit\u00e9 distribu\u00e9e est communiqu\u00e9 avec un compteur d\u2019impulsions (\u00e9galement \u00e9quip\u00e9 d\u2019un relais) qui prend en charge la d\u00e9tection de la vitesse des vis sans fin. La quantit\u00e9 d\u2019alimentation \u00e0 compter pour chaque impulsion est d\u00e9finie sur la page accessible \u00e0 l\u2019aide du bouton de r\u00e9glage. Le fonctionnement des vis sans fin est \u00e9galement possible en utilisant uniquement les commandes physiques du panneau, excluant de fait la logique de l\u2019\u00e9cran tactile. AD.AQ. FEEDER 30\u2019 contient deux types d\u2019aliments s\u00e9par\u00e9ment, ce qui permet au souffleur d\u2019\u00eatre aliment\u00e9 s\u00e9par\u00e9ment avec l\u2019un des deux types.<\/p>\r\n\t\t\t\t\t   \r\n\t\t\t\t\t\t   <div class=\"col-lg-6 col-md-6 p-details-img\">\r\n                              <img decoding=\"async\" src=\"..\/..\/..\/..\/..\/wp-content\/uploads\/plancia.jpg\" alt=\"\" style=\"max-width: 100%;\">\r\n                          <\/div>\r\n\t\t\t\t  <\/div>\r\n             <\/div>\r\n            <\/div>\r\n          <\/div>\r\n<\/section>\r\n","protected":false},"excerpt":{"rendered":"Feeder 33 DESCRIPTION ET CARACT\u00c9RISTIQUES G\u00c9N\u00c9RALES Enti\u00e8rement construit en PEAD, deux soutes s\u00e9par\u00e9es pour le chargement des aliments, projection jusqu\u2019\u00e0 une distance de 20 m\u00e8tres et couverture jusqu\u2019\u00e0 70\u00a0% de la surface de la cage pour optimiser l\u2019alimentation afin de r\u00e9duire la dispersion dans la taille des poissons et la perte de nourriture. Capacit\u00e9 de [&hellip;]","protected":false},"author":1,"featured_media":4612,"parent":4611,"menu_order":0,"comment_status":"closed","ping_status":"closed","template":"sub_page_adaq_uikit_top.php","meta":{"_acf_changed":false,"footnotes":""},"acf":[],"yoast_head":"<!-- This site is optimized with the Yoast SEO plugin v23.5 - https:\/\/yoast.com\/wordpress\/plugins\/seo\/ -->\n<title>Epandeur \u00e0 fumier enti\u00e8rement en PEAD | Feeder 33 | Adaq Srl<\/title>\n<meta name=\"description\" content=\"Bateau de ravitaillement enti\u00e8rement en PEAD, 2 prises s\u00e9par\u00e9es pour le chargement des aliments, lancement jusqu&#039;\u00e0 20 m\u00e8tres avec une couverture jusqu&#039;\u00e0 70%.\" \/>\n<meta name=\"robots\" content=\"index, follow, max-snippet:-1, max-image-preview:large, max-video-preview:-1\" \/>\n<link rel=\"canonical\" href=\"http:\/\/www.adaq.it\/fr\/chantier-naval\/feeder-33\/\" \/>\n<meta property=\"og:locale\" content=\"fr_FR\" \/>\n<meta property=\"og:type\" content=\"article\" \/>\n<meta property=\"og:title\" content=\"Epandeur \u00e0 fumier enti\u00e8rement en PEAD | Feeder 33 | Adaq Srl\" \/>\n<meta property=\"og:description\" content=\"Bateau de ravitaillement enti\u00e8rement en PEAD, 2 prises s\u00e9par\u00e9es pour le chargement des aliments, lancement jusqu&#039;\u00e0 20 m\u00e8tres avec une couverture jusqu&#039;\u00e0 70%.\" \/>\n<meta property=\"og:url\" content=\"http:\/\/www.adaq.it\/fr\/chantier-naval\/feeder-33\/\" \/>\n<meta property=\"og:site_name\" content=\"Adaq Srl\" \/>\n<meta property=\"article:modified_time\" content=\"2020-04-20T17:16:50+00:00\" \/>\n<meta property=\"og:image\" content=\"https:\/\/www.adaq.it\/wp-content\/uploads\/barche-header.jpg\" \/>\n\t<meta property=\"og:image:width\" content=\"2048\" \/>\n\t<meta property=\"og:image:height\" content=\"1360\" \/>\n\t<meta property=\"og:image:type\" content=\"image\/jpeg\" \/>\n<meta name=\"twitter:card\" content=\"summary_large_image\" \/>\n<meta name=\"twitter:label1\" content=\"Dur\u00e9e de lecture estim\u00e9e\" \/>\n\t<meta name=\"twitter:data1\" content=\"4 minutes\" \/>\n<script type=\"application\/ld+json\" class=\"yoast-schema-graph\">{\"@context\":\"https:\/\/schema.org\",\"@graph\":[{\"@type\":\"WebPage\",\"@id\":\"http:\/\/www.adaq.it\/fr\/chantier-naval\/feeder-33\/\",\"url\":\"http:\/\/www.adaq.it\/fr\/chantier-naval\/feeder-33\/\",\"name\":\"Epandeur \u00e0 fumier enti\u00e8rement en PEAD | Feeder 33 | Adaq Srl\",\"isPartOf\":{\"@id\":\"https:\/\/www.adaq.it\/fr\/#website\"},\"primaryImageOfPage\":{\"@id\":\"http:\/\/www.adaq.it\/fr\/chantier-naval\/feeder-33\/#primaryimage\"},\"image\":{\"@id\":\"http:\/\/www.adaq.it\/fr\/chantier-naval\/feeder-33\/#primaryimage\"},\"thumbnailUrl\":\"http:\/\/www.adaq.it\/wp-content\/uploads\/barche-header.jpg\",\"datePublished\":\"2018-02-27T12:56:03+00:00\",\"dateModified\":\"2020-04-20T17:16:50+00:00\",\"description\":\"Bateau de ravitaillement enti\u00e8rement en PEAD, 2 prises s\u00e9par\u00e9es pour le chargement des aliments, lancement jusqu'\u00e0 20 m\u00e8tres avec une couverture jusqu'\u00e0 70%.\",\"breadcrumb\":{\"@id\":\"http:\/\/www.adaq.it\/fr\/chantier-naval\/feeder-33\/#breadcrumb\"},\"inLanguage\":\"fr-FR\",\"potentialAction\":[{\"@type\":\"ReadAction\",\"target\":[\"http:\/\/www.adaq.it\/fr\/chantier-naval\/feeder-33\/\"]}]},{\"@type\":\"ImageObject\",\"inLanguage\":\"fr-FR\",\"@id\":\"http:\/\/www.adaq.it\/fr\/chantier-naval\/feeder-33\/#primaryimage\",\"url\":\"http:\/\/www.adaq.it\/wp-content\/uploads\/barche-header.jpg\",\"contentUrl\":\"http:\/\/www.adaq.it\/wp-content\/uploads\/barche-header.jpg\",\"width\":2048,\"height\":1360},{\"@type\":\"BreadcrumbList\",\"@id\":\"http:\/\/www.adaq.it\/fr\/chantier-naval\/feeder-33\/#breadcrumb\",\"itemListElement\":[{\"@type\":\"ListItem\",\"position\":1,\"name\":\"Home\",\"item\":\"http:\/\/www.adaq.it\/fr\/\"},{\"@type\":\"ListItem\",\"position\":2,\"name\":\"Chantier naval\",\"item\":\"https:\/\/www.adaq.it\/fr\/chantier-naval\/\"},{\"@type\":\"ListItem\",\"position\":3,\"name\":\"Feeder 33\"}]},{\"@type\":\"WebSite\",\"@id\":\"https:\/\/www.adaq.it\/fr\/#website\",\"url\":\"https:\/\/www.adaq.it\/fr\/\",\"name\":\"Adaq Srl\",\"description\":\"Advanced Aquaculture\",\"publisher\":{\"@id\":\"https:\/\/www.adaq.it\/fr\/#organization\"},\"potentialAction\":[{\"@type\":\"SearchAction\",\"target\":{\"@type\":\"EntryPoint\",\"urlTemplate\":\"https:\/\/www.adaq.it\/fr\/?s={search_term_string}\"},\"query-input\":{\"@type\":\"PropertyValueSpecification\",\"valueRequired\":true,\"valueName\":\"search_term_string\"}}],\"inLanguage\":\"fr-FR\"},{\"@type\":\"Organization\",\"@id\":\"https:\/\/www.adaq.it\/fr\/#organization\",\"name\":\"Adaq Srl\",\"url\":\"https:\/\/www.adaq.it\/fr\/\",\"logo\":{\"@type\":\"ImageObject\",\"inLanguage\":\"fr-FR\",\"@id\":\"https:\/\/www.adaq.it\/fr\/#\/schema\/logo\/image\/\",\"url\":\"http:\/\/www.adaq.it\/wp-content\/uploads\/logo-adaq-100.png\",\"contentUrl\":\"http:\/\/www.adaq.it\/wp-content\/uploads\/logo-adaq-100.png\",\"width\":\"104\",\"height\":\"104\",\"caption\":\"Adaq Srl\"},\"image\":{\"@id\":\"https:\/\/www.adaq.it\/fr\/#\/schema\/logo\/image\/\"}}]}<\/script>\n<!-- \/ Yoast SEO plugin. -->","yoast_head_json":{"title":"Epandeur \u00e0 fumier enti\u00e8rement en PEAD | Feeder 33 | Adaq Srl","description":"Bateau de ravitaillement enti\u00e8rement en PEAD, 2 prises s\u00e9par\u00e9es pour le chargement des aliments, lancement jusqu'\u00e0 20 m\u00e8tres avec une couverture jusqu'\u00e0 70%.","robots":{"index":"index","follow":"follow","max-snippet":"max-snippet:-1","max-image-preview":"max-image-preview:large","max-video-preview":"max-video-preview:-1"},"canonical":"http:\/\/www.adaq.it\/fr\/chantier-naval\/feeder-33\/","og_locale":"fr_FR","og_type":"article","og_title":"Epandeur \u00e0 fumier enti\u00e8rement en PEAD | Feeder 33 | Adaq Srl","og_description":"Bateau de ravitaillement enti\u00e8rement en PEAD, 2 prises s\u00e9par\u00e9es pour le chargement des aliments, lancement jusqu'\u00e0 20 m\u00e8tres avec une couverture jusqu'\u00e0 70%.","og_url":"http:\/\/www.adaq.it\/fr\/chantier-naval\/feeder-33\/","og_site_name":"Adaq Srl","article_modified_time":"2020-04-20T17:16:50+00:00","og_image":[{"width":2048,"height":1360,"url":"https:\/\/www.adaq.it\/wp-content\/uploads\/barche-header.jpg","type":"image\/jpeg"}],"twitter_card":"summary_large_image","twitter_misc":{"Dur\u00e9e de lecture estim\u00e9e":"4 minutes"},"schema":{"@context":"https:\/\/schema.org","@graph":[{"@type":"WebPage","@id":"http:\/\/www.adaq.it\/fr\/chantier-naval\/feeder-33\/","url":"http:\/\/www.adaq.it\/fr\/chantier-naval\/feeder-33\/","name":"Epandeur \u00e0 fumier enti\u00e8rement en PEAD | Feeder 33 | Adaq Srl","isPartOf":{"@id":"https:\/\/www.adaq.it\/fr\/#website"},"primaryImageOfPage":{"@id":"http:\/\/www.adaq.it\/fr\/chantier-naval\/feeder-33\/#primaryimage"},"image":{"@id":"http:\/\/www.adaq.it\/fr\/chantier-naval\/feeder-33\/#primaryimage"},"thumbnailUrl":"http:\/\/www.adaq.it\/wp-content\/uploads\/barche-header.jpg","datePublished":"2018-02-27T12:56:03+00:00","dateModified":"2020-04-20T17:16:50+00:00","description":"Bateau de ravitaillement enti\u00e8rement en PEAD, 2 prises s\u00e9par\u00e9es pour le chargement des aliments, lancement jusqu'\u00e0 20 m\u00e8tres avec une couverture jusqu'\u00e0 70%.","breadcrumb":{"@id":"http:\/\/www.adaq.it\/fr\/chantier-naval\/feeder-33\/#breadcrumb"},"inLanguage":"fr-FR","potentialAction":[{"@type":"ReadAction","target":["http:\/\/www.adaq.it\/fr\/chantier-naval\/feeder-33\/"]}]},{"@type":"ImageObject","inLanguage":"fr-FR","@id":"http:\/\/www.adaq.it\/fr\/chantier-naval\/feeder-33\/#primaryimage","url":"http:\/\/www.adaq.it\/wp-content\/uploads\/barche-header.jpg","contentUrl":"http:\/\/www.adaq.it\/wp-content\/uploads\/barche-header.jpg","width":2048,"height":1360},{"@type":"BreadcrumbList","@id":"http:\/\/www.adaq.it\/fr\/chantier-naval\/feeder-33\/#breadcrumb","itemListElement":[{"@type":"ListItem","position":1,"name":"Home","item":"http:\/\/www.adaq.it\/fr\/"},{"@type":"ListItem","position":2,"name":"Chantier naval","item":"https:\/\/www.adaq.it\/fr\/chantier-naval\/"},{"@type":"ListItem","position":3,"name":"Feeder 33"}]},{"@type":"WebSite","@id":"https:\/\/www.adaq.it\/fr\/#website","url":"https:\/\/www.adaq.it\/fr\/","name":"Adaq Srl","description":"Advanced Aquaculture","publisher":{"@id":"https:\/\/www.adaq.it\/fr\/#organization"},"potentialAction":[{"@type":"SearchAction","target":{"@type":"EntryPoint","urlTemplate":"https:\/\/www.adaq.it\/fr\/?s={search_term_string}"},"query-input":{"@type":"PropertyValueSpecification","valueRequired":true,"valueName":"search_term_string"}}],"inLanguage":"fr-FR"},{"@type":"Organization","@id":"https:\/\/www.adaq.it\/fr\/#organization","name":"Adaq Srl","url":"https:\/\/www.adaq.it\/fr\/","logo":{"@type":"ImageObject","inLanguage":"fr-FR","@id":"https:\/\/www.adaq.it\/fr\/#\/schema\/logo\/image\/","url":"http:\/\/www.adaq.it\/wp-content\/uploads\/logo-adaq-100.png","contentUrl":"http:\/\/www.adaq.it\/wp-content\/uploads\/logo-adaq-100.png","width":"104","height":"104","caption":"Adaq Srl"},"image":{"@id":"https:\/\/www.adaq.it\/fr\/#\/schema\/logo\/image\/"}}]}},"_links":{"self":[{"href":"http:\/\/www.adaq.it\/fr\/wp-json\/wp\/v2\/pages\/4620"}],"collection":[{"href":"http:\/\/www.adaq.it\/fr\/wp-json\/wp\/v2\/pages"}],"about":[{"href":"http:\/\/www.adaq.it\/fr\/wp-json\/wp\/v2\/types\/page"}],"author":[{"embeddable":true,"href":"http:\/\/www.adaq.it\/fr\/wp-json\/wp\/v2\/users\/1"}],"replies":[{"embeddable":true,"href":"http:\/\/www.adaq.it\/fr\/wp-json\/wp\/v2\/comments?post=4620"}],"version-history":[{"count":2,"href":"http:\/\/www.adaq.it\/fr\/wp-json\/wp\/v2\/pages\/4620\/revisions"}],"predecessor-version":[{"id":4621,"href":"http:\/\/www.adaq.it\/fr\/wp-json\/wp\/v2\/pages\/4620\/revisions\/4621"}],"up":[{"embeddable":true,"href":"http:\/\/www.adaq.it\/fr\/wp-json\/wp\/v2\/pages\/4611"}],"wp:featuredmedia":[{"embeddable":true,"href":"http:\/\/www.adaq.it\/fr\/wp-json\/wp\/v2\/media\/4612"}],"wp:attachment":[{"href":"http:\/\/www.adaq.it\/fr\/wp-json\/wp\/v2\/media?parent=4620"}],"curies":[{"name":"wp","href":"https:\/\/api.w.org\/{rel}","templated":true}]}}