{"id":3794,"date":"2018-02-23T17:34:21","date_gmt":"2018-02-23T16:34:21","guid":{"rendered":"http:\/\/www.adaq.it\/aquaculture\/fish-farming\/ormeggi\/"},"modified":"2020-04-20T16:59:08","modified_gmt":"2020-04-20T14:59:08","slug":"mooring-systems","status":"publish","type":"page","link":"https:\/\/www.adaq.it\/en\/aquaculture\/fish-farming\/mooring-systems\/","title":{"rendered":"Mooring Systems"},"content":{"rendered":"<section class=\"p-80 wow fadeIn\" data-wow-delay=\"0.5s\" style=\"visibility: visible; animation-delay: 0.5s; animation-name: fadeIn;\">\r\n          <div class=\"container\">\r\n            <div class=\"row\">\r\n              <div class=\"col-lg-8 col-md-10\">\r\n\t\t\t\t<h1>Mooring Systems<\/h1>\r\n             <\/div>\r\n            <\/div>\r\n          <\/div>\r\n<\/section>\r\n<div class=\"portfolio-details-area pb-65\">\r\n      <div class=\"container\">\r\n          <div class=\"row\">\r\n              <div class=\"col-lg-12\">\r\n\t\t\t\t\t\t   <div uk-grid>\r\n\t\t\t\t\t\t\t<div>\r\n\t\t\t\t\t\t\t\t<div class=\"uk-inline uk-light\">\r\n\t\t\t\t\t\t\t\t\t<img decoding=\"async\" src=\"..\/..\/..\/..\/wp-content\/uploads\/ormeggi-2.jpg\" alt=\"\">\r\n\t\t\t\t\t\t\t\t\t<!--<a class=\"uk-position-absolute uk-transform-center marker-black\" style=\"left: 6%; top: 90%\" href=\"#modal-ancora\" uk-marker  uk-toggle><\/a>-->\r\n\t\t\t\t\t\t\t\t\t<a class=\"uk-position-absolute uk-transform-center\" style=\"left: 26%; top: 88%\" href=\"#modal-catene\" uk-marker  uk-toggle><\/a>\r\n\t\t\t\t\t\t\t\t\t<a class=\"uk-position-absolute uk-transform-center\" style=\"left: 62%; top: 81%\" href=\"#modal-corde\" uk-marker  uk-toggle><\/a>\r\n\t\t\t\t\t\t\t\t\t<a class=\"uk-position-absolute uk-transform-center\" style=\"left: 40%; top: 86%\" href=\"#modal-redance\" uk-marker  uk-toggle><\/a>\r\n\t\t\t\t\t\t\t\t\t<a class=\"uk-position-absolute uk-transform-center\" style=\"left: 90%; top: 36%\" href=\"#modal-maniglioni\" uk-marker  uk-toggle><\/a>\r\n\t\t\t\t\t\t\t\t\t<a class=\"uk-position-absolute uk-transform-center\" style=\"left: 90%; top: 10%\" href=\"#modal-accessori\" uk-marker  uk-toggle><\/a>\r\n\t\t\t\t\t\t\t\t\t<a class=\"uk-position-absolute uk-transform-center\" style=\"left: 5%; top: 91%\" href=\"#modal-ancore\" uk-marker  uk-toggle><\/a>\r\n\t\t\t\t\t\t\t\t<\/div>\r\n\t\t\t\t\t\t\t<\/div>\r\n\t\t\t\t\t\t<\/div>\r\n\t\t\t  <div class=\"row p-details-text\">\r\n\t\t\t\t   <div class=\"col-lg-8 col-md-8\">\r\n                        <div class=\"\">\r\n                            <h4 class=\"details-title\">Our Mooring Systems<\/h4>\r\n                            <p>Mooring is the most important and delicate part of the whole aquaculture system.<br>Knowing the specific environmental conditions of the installation is essential to adapt the entire system to the different needs of the places. Starting from a standard model of reliable and resistant mooring system, Ad.Aq. develops the supply proposal based on the calculation of the stresses to which the mooring system will be predictably subjected.<br><br>\r\n\t\t\t\t\t\t\tAd.Aq. has always stood out in the supply of complex mooring systems, consisting of anchor \/ dead body, chain \/ rope \/ sash, buoy. The most resistant materials, the study for a correct positioning, breaking loads that guarantee the life of your system even in case of intense and sudden storm surges.<\/p>\r\n\t\t\t\t\t\t\t<\/div>\r\n\t\t\t\t\t   <h4 class=\"details-title\">TECHNICAL INFO<\/h4> \r\n\t\t\t\t\t   <div>\r\n\t\t\t\t\t\tThe mooring system is composed of 4 fundamental elements: <strong>anchorage<\/strong>, <strong>connecting element<\/strong>, <strong>buoy<\/strong> and <strong>mooring greed<\/strong>.<br>\r\n\t\t\t\t\t\t<ul class=\"pt-4\">\r\n\t\t\t\t\t\t\t<li>The anchoring system is studied and supplied according to the customer&#8217;s needs with proper anchors or, more rarely, with dead bodies. The anchors of the &#8220;SAND ANCHOR&#8221; series projected by Ad.Aq. are designed for sandy and muddy bottoms while for the rocky bottoms we offer movable bar anchors.<\/li>\t\r\n\t\t\t\t\t\t\t<li>The connection is generally made with the use of a chain + thimble rope.<\/li>\r\n\t\t\t\t\t\t\t<li>The mooring buoys are an essential component of every aquaculture system. We provide the &#8220;JUMPER FP&#8221; line (800\/1200\/1500\/2000\/2600) with different types of attachment to the mooring line, that are produced with armor in full PEHD.<\/li>\r\n\t\t\t\t\t\t\t<li>In the HPES and HPU line the buoys are offered with thrusts from 250 to 1600 liters and mixed construction with floating body in Polyethylene, filling in Polistyrene and \/ or Polyurethane and reinforcement in galvanized iron.<\/li>\r\n\t\t\t\t\t\t<\/ul>\r\n                      <\/div>\r\n\t\t\t\t  <\/div>\r\n\t\t\t\t  <\/div>\r\n    \t\t\t<\/div>\r\n\t\t\t  <\/div>\r\n\t\t  <\/div>\r\n\t<\/div>\r\n\r\n<section class=\"feature-area p-80 wow fadeIn\" data-wow-delay=\"0.5s\" style=\"visibility: visible; animation-delay: 0.5s; animation-name: fadeIn;\">\r\n            <div class=\"container\">\r\n                <div class=\"uk-child-width-1-2@s uk-child-width-1-2@m uk-grid-match uk-grid\">\r\n\t\t\t\t    <div class=\"pt-30 uk-transition-toggle\">\r\n                      <div class=\"uk-transition-scale-up uk-card uk-card-default\">\r\n                        <a href=\"Connections\/\" class=\"no-underline\">\r\n                       <div class=\"uk-card-media-top image-link\" style=\"background-image:url(..\/..\/..\/..\/wp-content\/uploads\/connessioni-link-2.jpg)\">\r\n                        <\/div>\r\n                         <div class=\"uk-card-body\">\r\n                           <h3 class=\"uk-card-title\">Connections<\/h3>\r\n                         <\/div>\r\n                          <\/a>\r\n                      <\/div>\r\n                    <\/div>\r\n\t\t\t\t\t<div class=\"pt-30 uk-transition-toggle\">\r\n                      <div class=\"uk-transition-scale-up uk-card uk-card-default\">\r\n                        <a href=\"Buoys\/\" class=\"no-underline\">\r\n                       <div class=\"uk-card-media-top image-link\" style=\"background-image:url(..\/..\/..\/..\/wp-content\/uploads\/boe-link.jpg)\">\r\n                        <\/div>\r\n                         <div class=\"uk-card-body\">\r\n                           <h3 class=\"uk-card-title\">Buoys<\/h3>\r\n                         <\/div>\r\n                          <\/a>\r\n                      <\/div>\r\n                    <\/div>\r\n\t\t\t\t\t\t\t\t\t    <div class=\"pt-30 uk-transition-toggle\">\r\n                      <div class=\"uk-transition-scale-up uk-card uk-card-default\">\r\n                        <a href=\"Mooring-Plates\/\" class=\"no-underline\">\r\n                       <div class=\"uk-card-media-top image-link background-center\" style=\"background-image:url(..\/..\/..\/..\/wp-content\/uploads\/ormeggio-link.jpg)\">\r\n                        <\/div>\r\n                         <div class=\"uk-card-body\">\r\n                           <h3 class=\"uk-card-title\">Mooring Plates<\/h3>\r\n                         <\/div>\r\n                          <\/a>\r\n                      <\/div>\r\n                    <\/div>\r\n\t\t\t\t\t<div class=\"pt-30 uk-transition-toggle\">\r\n                      <div class=\"uk-transition-scale-up uk-card uk-card-default\">\r\n                        <a href=\"Chains\/\" class=\"no-underline\">\r\n                       <div class=\"uk-card-media-top image-link\" style=\"background-image:url(..\/..\/..\/..\/wp-content\/uploads\/catene-link.jpg)\">\r\n                        <\/div>\r\n                         <div class=\"uk-card-body\">\r\n                           <h3 class=\"uk-card-title\">Chains<\/h3>\r\n                         <\/div>\r\n                          <\/a>\r\n                      <\/div>\r\n                    <\/div>\r\n\t\t\t\t\t\t<div class=\"pt-30 uk-transition-toggle\">\r\n                      <div class=\"uk-transition-scale-up uk-card uk-card-default\">\r\n                        <a href=\"Ropes\/\" class=\"no-underline\">\r\n                       <div class=\"uk-card-media-top image-link cover-bottom\" style=\"background-image:url(..\/..\/..\/..\/wp-content\/uploads\/corde-link-1.jpg)\">\r\n                        <\/div>\r\n                         <div class=\"uk-card-body\">\r\n                           <h3 class=\"uk-card-title\">Ropes<\/h3>\r\n                         <\/div>\r\n                          <\/a>\r\n                      <\/div>\r\n                    <\/div>\r\n\t\t\t\t\t<div class=\"pt-30 uk-transition-toggle\">\r\n                      <div class=\"uk-transition-scale-up uk-card uk-card-default\">\r\n                        <a href=\"Anchors\/\" class=\"no-underline\">\r\n                       <div class=\"uk-card-media-top image-link background-center\" style=\"background-image:url(..\/..\/..\/..\/wp-content\/uploads\/ancore-link.jpg)\">\r\n                        <\/div>\r\n                         <div class=\"uk-card-body\">\r\n                           <h3 class=\"uk-card-title\">Anchors<\/h3>\r\n                         <\/div>\r\n                          <\/a>\r\n                      <\/div>\r\n                    <\/div>\r\n\t\t\t\t<\/div>\r\n\t\t\t<\/div>\r\n<\/section>\r\n\r\n<!-- This is the modal -->\r\n<div id=\"modal-catene\"  class=\"uk-flex-top\" uk-modal>\r\n   <div class=\"uk-modal-dialog uk-modal-body uk-margin-auto-vertical\">\r\n        <h2 class=\"uk-modal-title\">Chains<\/h2>\r\n        <div >\r\n                         <p>Nel magazzino AD.AQ. troverete sempre a disposizione una vasta gamma di catene per soddisfare le Vostre necessit\u00e0. Catene a maglia genovese, lunga o marina. Catene Zincate. Catene nuove o usate. <\/p>\r\n\t\t\t\t\t\t  <a class=\"uk-button uk-button-primary\" href=\"Chains\/\">Technical Details<\/a>\r\n                      <\/div>\r\n    <\/div>\r\n<\/div>\r\n<!-- This is the modal -->\r\n<div id=\"modal-corde\"  class=\"uk-flex-top\" uk-modal>\r\n   <div class=\"uk-modal-dialog uk-modal-body uk-margin-auto-vertical\">\r\n        <h2 class=\"uk-modal-title\">Ropes<\/h2>\r\n        <div >\r\n                         <p>Polystil da diametro 6mm. fino a 56mm. a tre legnoli, sempre presente nel Ns. magazzino, trecce poliestere, piattina, corde in polipropilene. Nel magazzino AD.AQ. troverete altissime disponibilit\u00e0 che unita al nostro servizio rapido di spedizione Vi permetter\u00e0 di ricevere la Vostra merce in poco pi\u00f9 di 2 giorni dal momento dell\u2019ordine.<\/p>\r\n\t\t\t\t\t\t  <a class=\"uk-button uk-button-primary\" href=\"Ropes\/\">Technical Details<\/a>\r\n                      <\/div>\r\n    <\/div>\r\n<\/div>\r\n<!-- This is the modal -->\r\n<div id=\"modal-maniglioni\"  class=\"uk-flex-top\" uk-modal>\r\n   <div class=\"uk-modal-dialog uk-modal-body uk-margin-auto-vertical\">\r\n        <h2 class=\"uk-modal-title\">Mooring Plates<\/h2>\r\n        <div >\r\n                         <p>Le piastre d\u2019ormeggio sono l\u2019elemento di connessione che unisce tutti gli elementi dell\u2019ormeggio.<\/p>\r\n\t\t\t\t\t\t  <a class=\"uk-button uk-button-primary\" href=\"Mooring-Plates\/\">Technical Details<\/a>\r\n                      <\/div>\r\n    <\/div>\r\n<\/div>\r\n\r\n<!-- This is the modal -->\r\n<div id=\"modal-accessori\"  class=\"uk-flex-top\" uk-modal>\r\n   <div class=\"uk-modal-dialog uk-modal-body uk-margin-auto-vertical\">\r\n        <h2 class=\"uk-modal-title\">Technical Accessories<\/h2>\r\n        <div >\r\n                         <p>Ogni tipo di accessoristica legata agli impianti: Boe biconiche MITILAQ, sfere di profondit\u00e0, reti, lavatrici per reti, boe da ormeggio JUMPER, attacchi sinker e sottopiedino.\u2028Tutta la nostra produzione a Vs. disposizione, in tempo zero, con consegne rapide e puntuali. <\/p>\r\n\t\t\t\t\t\t  <a class=\"uk-button uk-button-primary\" href=\"buoys\/\">Technical Details<\/a>\r\n                      <\/div>\r\n    <\/div>\r\n<\/div>\r\n\r\n<!-- This is the modal -->\r\n<div id=\"modal-redance\"  class=\"uk-flex-top\" uk-modal>\r\n   <div class=\"uk-modal-dialog uk-modal-body uk-margin-auto-vertical\">\r\n        <h2 class=\"uk-modal-title\">Connections<\/h2>\r\n        <div >\r\n                         <p>Per le necessit\u00e0 di dover realizzare corde redanciate (impiombate) nel minor tempo possibile, il nostro magazzino ha a disposizione redance aperte e tubolari ed anelli d\u2019ormeggio per poter affrontare ogni emergenza in maniera estemporanea. <\/p>\r\n\t\t\t\t\t\t  <a class=\"uk-button uk-button-primary\" href=\"Connections\/\">Technical Details<\/a>\r\n                      <\/div>\r\n    <\/div>\r\n<\/div>\r\n\r\n<!-- This is the modal -->\r\n<div id=\"modal-ancore\"  class=\"uk-flex-top\" uk-modal>\r\n   <div class=\"uk-modal-dialog uk-modal-body uk-margin-auto-vertical\">\r\n        <h2 class=\"uk-modal-title\">Anchors<\/h2>\r\n        <div >\r\n                         <p><\/p>\r\n\t\t\t\t\t\t  <a class=\"uk-button uk-button-primary\" href=\"Anchors\/\">Technical Details<\/a>\r\n                      <\/div>\r\n    <\/div>\r\n<\/div>\r\n","protected":false},"excerpt":{"rendered":"Mooring Systems Our Mooring Systems Mooring is the most important and delicate part of the whole aquaculture system.Knowing the specific environmental conditions of the installation is essential to adapt the entire system to the different needs of the places. Starting from a standard model of reliable and resistant mooring system, Ad.Aq. develops the supply proposal [&hellip;]","protected":false},"author":1,"featured_media":3525,"parent":3738,"menu_order":0,"comment_status":"closed","ping_status":"closed","template":"sub_page_adaq_uikit.php","meta":{"_acf_changed":false,"footnotes":""},"acf":[],"yoast_head":"<!-- This site is optimized with the Yoast SEO plugin v23.5 - https:\/\/yoast.com\/wordpress\/plugins\/seo\/ -->\n<title>Complex moorings for fish farming | Adaq Srl<\/title>\n<meta name=\"description\" content=\"Ad.Aq. has always distinguished itself in the supply of complex mooring systems, consisting of anchor \/ dead body, chain \/ rope \/ band, buoy.\" \/>\n<meta name=\"robots\" content=\"index, follow, max-snippet:-1, max-image-preview:large, max-video-preview:-1\" \/>\n<link rel=\"canonical\" href=\"https:\/\/www.adaq.it\/en\/aquaculture\/fish-farming\/mooring-systems\/\" \/>\n<meta property=\"og:locale\" content=\"en_US\" \/>\n<meta property=\"og:type\" content=\"article\" \/>\n<meta property=\"og:title\" content=\"Complex moorings for fish farming | Adaq Srl\" \/>\n<meta property=\"og:description\" content=\"Ad.Aq. has always distinguished itself in the supply of complex mooring systems, consisting of anchor \/ dead body, chain \/ rope \/ band, buoy.\" \/>\n<meta property=\"og:url\" content=\"https:\/\/www.adaq.it\/en\/aquaculture\/fish-farming\/mooring-systems\/\" \/>\n<meta property=\"og:site_name\" content=\"Adaq Srl\" \/>\n<meta property=\"article:modified_time\" content=\"2020-04-20T14:59:08+00:00\" \/>\n<meta property=\"og:image\" content=\"http:\/\/www.adaq.it\/wp-content\/uploads\/ormeggi-header-e1521369182730.jpg\" \/>\n\t<meta property=\"og:image:width\" content=\"2048\" \/>\n\t<meta property=\"og:image:height\" content=\"1536\" \/>\n\t<meta property=\"og:image:type\" content=\"image\/jpeg\" \/>\n<meta name=\"twitter:card\" content=\"summary_large_image\" \/>\n<meta name=\"twitter:label1\" content=\"Est. reading time\" \/>\n\t<meta name=\"twitter:data1\" content=\"2 minutes\" \/>\n<script type=\"application\/ld+json\" class=\"yoast-schema-graph\">{\"@context\":\"https:\/\/schema.org\",\"@graph\":[{\"@type\":\"WebPage\",\"@id\":\"https:\/\/www.adaq.it\/en\/aquaculture\/fish-farming\/mooring-systems\/\",\"url\":\"https:\/\/www.adaq.it\/en\/aquaculture\/fish-farming\/mooring-systems\/\",\"name\":\"Complex moorings for fish farming | Adaq Srl\",\"isPartOf\":{\"@id\":\"http:\/\/www.adaq.it\/en\/#website\"},\"primaryImageOfPage\":{\"@id\":\"https:\/\/www.adaq.it\/en\/aquaculture\/fish-farming\/mooring-systems\/#primaryimage\"},\"image\":{\"@id\":\"https:\/\/www.adaq.it\/en\/aquaculture\/fish-farming\/mooring-systems\/#primaryimage\"},\"thumbnailUrl\":\"https:\/\/www.adaq.it\/wp-content\/uploads\/ormeggi-header-e1521369182730.jpg\",\"datePublished\":\"2018-02-23T16:34:21+00:00\",\"dateModified\":\"2020-04-20T14:59:08+00:00\",\"description\":\"Ad.Aq. has always distinguished itself in the supply of complex mooring systems, consisting of anchor \/ dead body, chain \/ rope \/ band, buoy.\",\"breadcrumb\":{\"@id\":\"https:\/\/www.adaq.it\/en\/aquaculture\/fish-farming\/mooring-systems\/#breadcrumb\"},\"inLanguage\":\"en-US\",\"potentialAction\":[{\"@type\":\"ReadAction\",\"target\":[\"https:\/\/www.adaq.it\/en\/aquaculture\/fish-farming\/mooring-systems\/\"]}]},{\"@type\":\"ImageObject\",\"inLanguage\":\"en-US\",\"@id\":\"https:\/\/www.adaq.it\/en\/aquaculture\/fish-farming\/mooring-systems\/#primaryimage\",\"url\":\"https:\/\/www.adaq.it\/wp-content\/uploads\/ormeggi-header-e1521369182730.jpg\",\"contentUrl\":\"https:\/\/www.adaq.it\/wp-content\/uploads\/ormeggi-header-e1521369182730.jpg\",\"width\":2048,\"height\":1536},{\"@type\":\"BreadcrumbList\",\"@id\":\"https:\/\/www.adaq.it\/en\/aquaculture\/fish-farming\/mooring-systems\/#breadcrumb\",\"itemListElement\":[{\"@type\":\"ListItem\",\"position\":1,\"name\":\"Home\",\"item\":\"http:\/\/www.adaq.it\/en\/\"},{\"@type\":\"ListItem\",\"position\":2,\"name\":\"Aquaculture\",\"item\":\"http:\/\/www.adaq.it\/en\/aquaculture\/\"},{\"@type\":\"ListItem\",\"position\":3,\"name\":\"Fish Farming\",\"item\":\"http:\/\/www.adaq.it\/en\/aquaculture\/fish-farming\/\"},{\"@type\":\"ListItem\",\"position\":4,\"name\":\"Mooring Systems\"}]},{\"@type\":\"WebSite\",\"@id\":\"http:\/\/www.adaq.it\/en\/#website\",\"url\":\"http:\/\/www.adaq.it\/en\/\",\"name\":\"Adaq Srl\",\"description\":\"Advanced Aquaculture\",\"publisher\":{\"@id\":\"http:\/\/www.adaq.it\/en\/#organization\"},\"potentialAction\":[{\"@type\":\"SearchAction\",\"target\":{\"@type\":\"EntryPoint\",\"urlTemplate\":\"http:\/\/www.adaq.it\/en\/?s={search_term_string}\"},\"query-input\":{\"@type\":\"PropertyValueSpecification\",\"valueRequired\":true,\"valueName\":\"search_term_string\"}}],\"inLanguage\":\"en-US\"},{\"@type\":\"Organization\",\"@id\":\"http:\/\/www.adaq.it\/en\/#organization\",\"name\":\"Adaq Srl\",\"url\":\"http:\/\/www.adaq.it\/en\/\",\"logo\":{\"@type\":\"ImageObject\",\"inLanguage\":\"en-US\",\"@id\":\"http:\/\/www.adaq.it\/en\/#\/schema\/logo\/image\/\",\"url\":\"http:\/\/www.adaq.it\/wp-content\/uploads\/logo-adaq-100.png\",\"contentUrl\":\"http:\/\/www.adaq.it\/wp-content\/uploads\/logo-adaq-100.png\",\"width\":\"104\",\"height\":\"104\",\"caption\":\"Adaq Srl\"},\"image\":{\"@id\":\"http:\/\/www.adaq.it\/en\/#\/schema\/logo\/image\/\"}}]}<\/script>\n<!-- \/ Yoast SEO plugin. -->","yoast_head_json":{"title":"Complex moorings for fish farming | Adaq Srl","description":"Ad.Aq. has always distinguished itself in the supply of complex mooring systems, consisting of anchor \/ dead body, chain \/ rope \/ band, buoy.","robots":{"index":"index","follow":"follow","max-snippet":"max-snippet:-1","max-image-preview":"max-image-preview:large","max-video-preview":"max-video-preview:-1"},"canonical":"https:\/\/www.adaq.it\/en\/aquaculture\/fish-farming\/mooring-systems\/","og_locale":"en_US","og_type":"article","og_title":"Complex moorings for fish farming | Adaq Srl","og_description":"Ad.Aq. has always distinguished itself in the supply of complex mooring systems, consisting of anchor \/ dead body, chain \/ rope \/ band, buoy.","og_url":"https:\/\/www.adaq.it\/en\/aquaculture\/fish-farming\/mooring-systems\/","og_site_name":"Adaq Srl","article_modified_time":"2020-04-20T14:59:08+00:00","og_image":[{"width":2048,"height":1536,"url":"http:\/\/www.adaq.it\/wp-content\/uploads\/ormeggi-header-e1521369182730.jpg","type":"image\/jpeg"}],"twitter_card":"summary_large_image","twitter_misc":{"Est. reading time":"2 minutes"},"schema":{"@context":"https:\/\/schema.org","@graph":[{"@type":"WebPage","@id":"https:\/\/www.adaq.it\/en\/aquaculture\/fish-farming\/mooring-systems\/","url":"https:\/\/www.adaq.it\/en\/aquaculture\/fish-farming\/mooring-systems\/","name":"Complex moorings for fish farming | Adaq Srl","isPartOf":{"@id":"http:\/\/www.adaq.it\/en\/#website"},"primaryImageOfPage":{"@id":"https:\/\/www.adaq.it\/en\/aquaculture\/fish-farming\/mooring-systems\/#primaryimage"},"image":{"@id":"https:\/\/www.adaq.it\/en\/aquaculture\/fish-farming\/mooring-systems\/#primaryimage"},"thumbnailUrl":"https:\/\/www.adaq.it\/wp-content\/uploads\/ormeggi-header-e1521369182730.jpg","datePublished":"2018-02-23T16:34:21+00:00","dateModified":"2020-04-20T14:59:08+00:00","description":"Ad.Aq. has always distinguished itself in the supply of complex mooring systems, consisting of anchor \/ dead body, chain \/ rope \/ band, buoy.","breadcrumb":{"@id":"https:\/\/www.adaq.it\/en\/aquaculture\/fish-farming\/mooring-systems\/#breadcrumb"},"inLanguage":"en-US","potentialAction":[{"@type":"ReadAction","target":["https:\/\/www.adaq.it\/en\/aquaculture\/fish-farming\/mooring-systems\/"]}]},{"@type":"ImageObject","inLanguage":"en-US","@id":"https:\/\/www.adaq.it\/en\/aquaculture\/fish-farming\/mooring-systems\/#primaryimage","url":"https:\/\/www.adaq.it\/wp-content\/uploads\/ormeggi-header-e1521369182730.jpg","contentUrl":"https:\/\/www.adaq.it\/wp-content\/uploads\/ormeggi-header-e1521369182730.jpg","width":2048,"height":1536},{"@type":"BreadcrumbList","@id":"https:\/\/www.adaq.it\/en\/aquaculture\/fish-farming\/mooring-systems\/#breadcrumb","itemListElement":[{"@type":"ListItem","position":1,"name":"Home","item":"http:\/\/www.adaq.it\/en\/"},{"@type":"ListItem","position":2,"name":"Aquaculture","item":"http:\/\/www.adaq.it\/en\/aquaculture\/"},{"@type":"ListItem","position":3,"name":"Fish Farming","item":"http:\/\/www.adaq.it\/en\/aquaculture\/fish-farming\/"},{"@type":"ListItem","position":4,"name":"Mooring Systems"}]},{"@type":"WebSite","@id":"http:\/\/www.adaq.it\/en\/#website","url":"http:\/\/www.adaq.it\/en\/","name":"Adaq Srl","description":"Advanced Aquaculture","publisher":{"@id":"http:\/\/www.adaq.it\/en\/#organization"},"potentialAction":[{"@type":"SearchAction","target":{"@type":"EntryPoint","urlTemplate":"http:\/\/www.adaq.it\/en\/?s={search_term_string}"},"query-input":{"@type":"PropertyValueSpecification","valueRequired":true,"valueName":"search_term_string"}}],"inLanguage":"en-US"},{"@type":"Organization","@id":"http:\/\/www.adaq.it\/en\/#organization","name":"Adaq Srl","url":"http:\/\/www.adaq.it\/en\/","logo":{"@type":"ImageObject","inLanguage":"en-US","@id":"http:\/\/www.adaq.it\/en\/#\/schema\/logo\/image\/","url":"http:\/\/www.adaq.it\/wp-content\/uploads\/logo-adaq-100.png","contentUrl":"http:\/\/www.adaq.it\/wp-content\/uploads\/logo-adaq-100.png","width":"104","height":"104","caption":"Adaq Srl"},"image":{"@id":"http:\/\/www.adaq.it\/en\/#\/schema\/logo\/image\/"}}]}},"_links":{"self":[{"href":"https:\/\/www.adaq.it\/en\/wp-json\/wp\/v2\/pages\/3794"}],"collection":[{"href":"https:\/\/www.adaq.it\/en\/wp-json\/wp\/v2\/pages"}],"about":[{"href":"https:\/\/www.adaq.it\/en\/wp-json\/wp\/v2\/types\/page"}],"author":[{"embeddable":true,"href":"https:\/\/www.adaq.it\/en\/wp-json\/wp\/v2\/users\/1"}],"replies":[{"embeddable":true,"href":"https:\/\/www.adaq.it\/en\/wp-json\/wp\/v2\/comments?post=3794"}],"version-history":[{"count":6,"href":"https:\/\/www.adaq.it\/en\/wp-json\/wp\/v2\/pages\/3794\/revisions"}],"predecessor-version":[{"id":4778,"href":"https:\/\/www.adaq.it\/en\/wp-json\/wp\/v2\/pages\/3794\/revisions\/4778"}],"up":[{"embeddable":true,"href":"https:\/\/www.adaq.it\/en\/wp-json\/wp\/v2\/pages\/3738"}],"wp:featuredmedia":[{"embeddable":true,"href":"https:\/\/www.adaq.it\/en\/wp-json\/wp\/v2\/media\/3525"}],"wp:attachment":[{"href":"https:\/\/www.adaq.it\/en\/wp-json\/wp\/v2\/media?parent=3794"}],"curies":[{"name":"wp","href":"https:\/\/api.w.org\/{rel}","templated":true}]}}