{"id":4443,"date":"2018-02-09T17:30:54","date_gmt":"2018-02-09T16:30:54","guid":{"rendered":"http:\/\/www.adaq.it\/acquacultura\/"},"modified":"2020-04-20T18:46:24","modified_gmt":"2020-04-20T16:46:24","slug":"aquaculture","status":"publish","type":"page","link":"https:\/\/www.adaq.it\/fr\/aquaculture\/","title":{"rendered":"Aquaculture"},"content":{"rendered":"<section class=\"p-80 wow fadeIn\" data-wow-delay=\"0.5s\" style=\"visibility: visible; animation-delay: 0.5s; animation-name: fadeIn;\">\r\n          <div class=\"container\">\r\n            <div class=\"row\">\r\n              <div class=\"col-lg-8 offset-lg-2 col-md-10 offset-md-1\">\r\n<h2>TOUT LE POTENTIEL DE LA MER SANS EN CHANGER LE BIORYTHME PR\u00c9CIEUX<\/h2>\r\n                <div class=\"pt-30 description\">L\u2019AQUACULTURE est n\u00e9e comme une ressource permettant de disposer d\u2019un produit de qualit\u00e9, sain et contr\u00f4l\u00e9, qui aboutit directement chez le consommateur, sans les probl\u00e8mes caus\u00e9s par la p\u00e9nurie de produits sauvages. Les installations d\u2019\u00e9levage sont la r\u00e9ponse \u00c9CO-SOUTENABLE \u00e0 la demande croissante de produits \u00e0 base de poisson, avec des normes de qualit\u00e9 \u00e9lev\u00e9es et des contr\u00f4les scrupuleux sur le produit obtenu. Ad.Aq. interpr\u00e8te au mieux ce besoin en \u00e9tudiant des syst\u00e8mes sur mesure qui respectent les normes de HAUTE DURABILIT\u00c9, EFFICACIT\u00c9 et FACILIT\u00c9 DE GESTION.<\/div>\r\n                <div class=\"bar\"><\/div>\r\n             <\/div>\r\n            <\/div>\r\n          <\/div>\r\n        <\/section>\r\n<section class=\"feature-area p-80 wow fadeIn\" data-wow-delay=\"0.5s\" style=\"visibility: visible; animation-delay: 0.5s; animation-name: fadeIn;\">\r\n            <div class=\"container\">\r\n                <div class=\"uk-child-width-1-2@s uk-child-width-1-2@m uk-grid-match uk-grid\">\r\n                    <div class=\"pt-30 uk-transition-toggle\">\r\n                      <div class=\"uk-transition-scale-up uk-card uk-card-default\">\r\n                        <a href=\"Pisciculture\/\" class=\"no-underline\">\r\n                       <div class=\"uk-card-media-top\">\r\n                          <img decoding=\"async\" src=\"..\/..\/wp-content\/uploads\/cage-link-1.jpg\">\r\n                        <\/div>\r\n                         <div class=\"uk-card-body\">\r\n                           <h3 class=\"uk-card-title\">Pisciculture<\/h3>\r\n                           <p>AAd.Aq. est le leader du march\u00e9 en M\u00e9diterran\u00e9e dans la fourniture de <em>cages en PEHD<\/em> pour l\u2019\u00e9levage du <u>thon, de la dorade et du bar.<\/u><\/p>\r\n                         <\/div>\r\n                          <\/a>\r\n                      <\/div>\r\n                    <\/div>\r\n\t\t\t\t\t\t\t\t\t\t  <div class=\"pt-30 uk-transition-toggle\">\r\n                      <div class=\"uk-transition-scale-up uk-card uk-card-default\"><a href=\"Mytiliculture\/\" class=\"no-underline\">\r\n                        <div class=\"uk-card-media-top\">\r\n                          <img decoding=\"async\" src=\"..\/..\/wp-content\/uploads\/mitili-link.jpg\">\r\n                        <\/div>\r\n                        <div class=\"uk-card-body\">\r\n                                <h3 class=\"uk-card-title\">Mytiliculture<\/h3>\r\n                                <p>Ad.Aq. produit les syst\u00e8mes pour l\u2019\u00e9levage de <u>moules, palourdes et hu\u00eetres<\/u>. Elle installe des syst\u00e8mes de profondeur ou de surface, \u00e0 lanterne ou en filet Mitydouble.<\/p>\r\n\t\t\t\t\t\t\t\t<p>\r\n\t\t\t\t\t\t\t\tElle fournit \u00e0 la fois les \u00e9l\u00e9ments individuels qui composent le syst\u00e8me et le syst\u00e8me complet.\r\n\t\t\t\t\t\t\t\t<\/p>\r\n                        <\/div><\/a>\r\n                      <\/div>\r\n                    <\/div>\r\n                <\/div>\r\n            <\/div>\r\n        <\/section>\r\n<section class=\"p-80 pb-105 wow fadeIn \" data-wow-delay=\"0.5s\" style=\"visibility: visible; animation-delay: 0.5s; animation-name: fadeIn;\">\r\n          <div class=\"container\">\r\n            <div class=\"row\">\r\n                              <div class=\"col-lg-8 offset-lg-2 col-md-10 offset-md-1\">\r\n<h2 class=\"line-below\">NOS INSTALLATIONS<\/h2>\r\n<div class=\"uk-inline uk-dark uk-grid p-80 uk-margin-remove-left pin-map\">\r\n            <div class=\"uk-card uk-card-default uk-card-body\"><img decoding=\"async\" src=\"..\/..\/wp-content\/uploads\/mappa-europa-adaq.png\" alt=\"\"><\/div>\r\n            <a class=\"uk-position-absolute uk-transform-center\" style=\"left: 39%; top: 45%\" href=\"#\" uk-tooltip=\"title: France\"><i class=\"zmdi zmdi-pin pin\"><\/i><\/a>\r\n            <a class=\"uk-position-absolute uk-transform-center\" style=\"left: 50%; top: 41%\" href=\"#\" uk-tooltip=\"title: Slov\u00e9nie\"><i class=\"zmdi zmdi-pin pin\"><\/i><\/a>\r\n            <a class=\"uk-position-absolute uk-transform-center\" style=\"left: 72%; top: 67%\" href=\"#\" uk-tooltip=\"title: Egypte\"><i class=\"zmdi zmdi-pin pin\"><\/i><\/a>\r\n\t\t\t<a class=\"uk-position-absolute uk-transform-center\" style=\"left: 55%; top: 66%\" href=\"#\" uk-tooltip=\"title: Libye\"><i class=\"zmdi zmdi-pin pin\"><\/i><\/a>\r\n\t\t\t<a class=\"uk-position-absolute uk-transform-center\" style=\"left: 47%; top: 60%\" href=\"#\" uk-tooltip=\"title: Tunisia\"><i class=\"zmdi zmdi-pin pin\"><\/i><\/a>\r\n\t\t\t<a class=\"uk-position-absolute uk-transform-center\" style=\"left: 45%; top: 56%\" href=\"#\" uk-tooltip=\"title: Tunisia\"><i class=\"zmdi zmdi-pin pin\"><\/i><\/a>\r\n\t\t\t<a class=\"uk-position-absolute uk-transform-center\" style=\"left: 30%; top: 56%\" href=\"#\" uk-tooltip=\"title: Espagne\"><i class=\"zmdi zmdi-pin pin\"><\/i><\/a>\r\n            <a class=\"uk-position-absolute uk-transform-center\" style=\"left: 36%; top: 57%\" href=\"#\" uk-tooltip=\"title: Alg\u00e9rie\"><i class=\"zmdi zmdi-pin pin\"><\/i><\/a>\r\n\t\t\t<a class=\"uk-position-absolute uk-transform-center\" style=\"left: 25%; top: 60%\" href=\"#\" uk-tooltip=\"title: Maroc\"><i class=\"zmdi zmdi-pin pin\"><\/i><\/a>\r\n\t\t\t<a class=\"uk-position-absolute uk-transform-center\" style=\"left: 60%; top: 56%\" href=\"#\" uk-tooltip=\"title: Gr\u00e8ce\"><i class=\"zmdi zmdi-pin pin\"><\/i><\/a>\r\n\t\t\t<a class=\"uk-position-absolute uk-transform-center\" style=\"left: 58%; top: 50%\" href=\"#\" uk-tooltip=\"title: Albanie\"><i class=\"zmdi zmdi-pin pin\"><\/i><\/a>\r\n\t\t\t<a class=\"uk-position-absolute uk-transform-center\" style=\"left: 52%; top: 45%\" href=\"#\" uk-tooltip=\"title: Croatie\"><i class=\"zmdi zmdi-pin pin\"><\/i><\/a>\r\n\t\t\t<a class=\"uk-position-absolute uk-transform-center\" style=\"left: 83%; top: 40%\" href=\"#\" uk-tooltip=\"title: Russie\"><i class=\"zmdi zmdi-pin pin\"><\/i><\/a>\r\n\t\t\t<a class=\"uk-position-absolute uk-transform-center\" style=\"left: 43%; top: 47%\" href=\"#\" uk-tooltip=\"title: Corse\"><i class=\"zmdi zmdi-pin pin\"><\/i><\/a>\r\n\t\t\t<a class=\"uk-position-absolute uk-transform-center\" style=\"left: 52%; top: 61%\" href=\"#\" uk-tooltip=\"title: Malte\"><i class=\"zmdi zmdi-pin pin\"><\/i><\/a>\r\n\t\t\t<a class=\"uk-position-absolute uk-transform-center\" style=\"left: 45%; top: 43%\" href=\"#\" uk-tooltip=\"title: Italie\"><i class=\"zmdi zmdi-pin pin\"><\/i><\/a>\r\n\t\t\t<a class=\"uk-position-absolute uk-transform-center\" style=\"left: 46%; top: 46%\" href=\"#\" uk-tooltip=\"title: Italie\"><i class=\"zmdi zmdi-pin pin\"><\/i><\/a>\r\n\t\t\t<a class=\"uk-position-absolute uk-transform-center\" style=\"left: 48%; top: 48%\" href=\"#\" uk-tooltip=\"title: Italie\"><i class=\"zmdi zmdi-pin pin\"><\/i><\/a>\r\n\t\t\t<a class=\"uk-position-absolute uk-transform-center\" style=\"left: 54%; top: 48%\" href=\"#\" uk-tooltip=\"title: Italie\"><i class=\"zmdi zmdi-pin pin\"><\/i><\/a>\r\n\t\t\t<a class=\"uk-position-absolute uk-transform-center\" style=\"left: 43%; top: 52%\" href=\"#\" uk-tooltip=\"title: Italie\"><i class=\"zmdi zmdi-pin pin\"><\/i><\/a>\r\n\t\t\t<a class=\"uk-position-absolute uk-transform-center\" style=\"left: 57%; top: 52%\" href=\"#\" uk-tooltip=\"title: Italie\"><i class=\"zmdi zmdi-pin pin\"><\/i><\/a>\r\n\t\t\t<a class=\"uk-position-absolute uk-transform-center\" style=\"left: 55%; top: 55%\" href=\"#\" uk-tooltip=\"title: Italie\"><i class=\"zmdi zmdi-pin pin\"><\/i><\/a>\r\n\t\t\t<a class=\"uk-position-absolute uk-transform-center\" style=\"left: 53%; top: 55%\" href=\"#\" uk-tooltip=\"title: Italie\"><i class=\"zmdi zmdi-pin pin\"><\/i><\/a>\r\n\t\t\t<a class=\"uk-position-absolute uk-transform-center\" style=\"left: 45%; top: 43%\" href=\"#\" uk-tooltip=\"title: Italie\"><i class=\"zmdi zmdi-pin pin\"><\/i><\/a>\r\n\t\t\t<a class=\"uk-position-absolute uk-transform-center\" style=\"left: 53%; top: 58%\" href=\"#\" uk-tooltip=\"title: Italie\"><i class=\"zmdi zmdi-pin pin\"><\/i><\/a>\r\n        <\/div>\r\n    <\/div>\r\n<\/div>\r\n    \r\n             <\/div>\r\n<\/section>\r\n","protected":false},"excerpt":{"rendered":"TOUT LE POTENTIEL DE LA MER SANS EN CHANGER LE BIORYTHME PR\u00c9CIEUX L\u2019AQUACULTURE est n\u00e9e comme une ressource permettant de disposer d\u2019un produit de qualit\u00e9, sain et contr\u00f4l\u00e9, qui aboutit directement chez le consommateur, sans les probl\u00e8mes caus\u00e9s par la p\u00e9nurie de produits sauvages. Les installations d\u2019\u00e9levage sont la r\u00e9ponse \u00c9CO-SOUTENABLE \u00e0 la demande croissante [&hellip;]","protected":false},"author":1,"featured_media":4444,"parent":0,"menu_order":0,"comment_status":"closed","ping_status":"closed","template":"page_adaq_top.php","meta":{"_acf_changed":false,"footnotes":""},"acf":[],"yoast_head":"<!-- This site is optimized with the Yoast SEO plugin v23.5 - https:\/\/yoast.com\/wordpress\/plugins\/seo\/ -->\n<title>Aquaculture | Tout le potentiel de la mer sans changer son biorythme<\/title>\n<meta name=\"description\" content=\"AQUACULTURE est n\u00e9e comme une ressource pour avoir un produit de qualit\u00e9, sain et ma\u00eetris\u00e9 qui se retrouve directement chez le particulier.\" \/>\n<meta name=\"robots\" content=\"index, follow, max-snippet:-1, max-image-preview:large, max-video-preview:-1\" \/>\n<link rel=\"canonical\" href=\"https:\/\/www.adaq.it\/fr\/aquaculture\/\" \/>\n<meta property=\"og:locale\" content=\"fr_FR\" \/>\n<meta property=\"og:type\" content=\"article\" \/>\n<meta property=\"og:title\" content=\"Aquaculture | Tout le potentiel de la mer sans changer son biorythme\" \/>\n<meta property=\"og:description\" content=\"AQUACULTURE est n\u00e9e comme une ressource pour avoir un produit de qualit\u00e9, sain et ma\u00eetris\u00e9 qui se retrouve directement chez le particulier.\" \/>\n<meta property=\"og:url\" content=\"https:\/\/www.adaq.it\/fr\/aquaculture\/\" \/>\n<meta property=\"og:site_name\" content=\"Adaq Srl\" \/>\n<meta property=\"article:modified_time\" content=\"2020-04-20T16:46:24+00:00\" \/>\n<meta property=\"og:image\" content=\"http:\/\/www.adaq.it\/wp-content\/uploads\/cage_acqua.jpg\" \/>\n\t<meta property=\"og:image:width\" content=\"2048\" \/>\n\t<meta property=\"og:image:height\" content=\"1536\" \/>\n\t<meta property=\"og:image:type\" content=\"image\/jpeg\" \/>\n<meta name=\"twitter:card\" content=\"summary_large_image\" \/>\n<meta name=\"twitter:label1\" content=\"Dur\u00e9e de lecture estim\u00e9e\" \/>\n\t<meta name=\"twitter:data1\" content=\"1 minute\" \/>\n<script type=\"application\/ld+json\" class=\"yoast-schema-graph\">{\"@context\":\"https:\/\/schema.org\",\"@graph\":[{\"@type\":\"WebPage\",\"@id\":\"https:\/\/www.adaq.it\/fr\/aquaculture\/\",\"url\":\"https:\/\/www.adaq.it\/fr\/aquaculture\/\",\"name\":\"Aquaculture | Tout le potentiel de la mer sans changer son biorythme\",\"isPartOf\":{\"@id\":\"http:\/\/www.adaq.it\/fr\/#website\"},\"primaryImageOfPage\":{\"@id\":\"https:\/\/www.adaq.it\/fr\/aquaculture\/#primaryimage\"},\"image\":{\"@id\":\"https:\/\/www.adaq.it\/fr\/aquaculture\/#primaryimage\"},\"thumbnailUrl\":\"https:\/\/www.adaq.it\/wp-content\/uploads\/cage_acqua.jpg\",\"datePublished\":\"2018-02-09T16:30:54+00:00\",\"dateModified\":\"2020-04-20T16:46:24+00:00\",\"description\":\"AQUACULTURE est n\u00e9e comme une ressource pour avoir un produit de qualit\u00e9, sain et ma\u00eetris\u00e9 qui se retrouve directement chez le particulier.\",\"breadcrumb\":{\"@id\":\"https:\/\/www.adaq.it\/fr\/aquaculture\/#breadcrumb\"},\"inLanguage\":\"fr-FR\",\"potentialAction\":[{\"@type\":\"ReadAction\",\"target\":[\"https:\/\/www.adaq.it\/fr\/aquaculture\/\"]}]},{\"@type\":\"ImageObject\",\"inLanguage\":\"fr-FR\",\"@id\":\"https:\/\/www.adaq.it\/fr\/aquaculture\/#primaryimage\",\"url\":\"https:\/\/www.adaq.it\/wp-content\/uploads\/cage_acqua.jpg\",\"contentUrl\":\"https:\/\/www.adaq.it\/wp-content\/uploads\/cage_acqua.jpg\",\"width\":2048,\"height\":1536},{\"@type\":\"BreadcrumbList\",\"@id\":\"https:\/\/www.adaq.it\/fr\/aquaculture\/#breadcrumb\",\"itemListElement\":[{\"@type\":\"ListItem\",\"position\":1,\"name\":\"Home\",\"item\":\"http:\/\/www.adaq.it\/fr\/\"},{\"@type\":\"ListItem\",\"position\":2,\"name\":\"Aquaculture\"}]},{\"@type\":\"WebSite\",\"@id\":\"http:\/\/www.adaq.it\/fr\/#website\",\"url\":\"http:\/\/www.adaq.it\/fr\/\",\"name\":\"Adaq Srl\",\"description\":\"Advanced Aquaculture\",\"publisher\":{\"@id\":\"http:\/\/www.adaq.it\/fr\/#organization\"},\"potentialAction\":[{\"@type\":\"SearchAction\",\"target\":{\"@type\":\"EntryPoint\",\"urlTemplate\":\"http:\/\/www.adaq.it\/fr\/?s={search_term_string}\"},\"query-input\":{\"@type\":\"PropertyValueSpecification\",\"valueRequired\":true,\"valueName\":\"search_term_string\"}}],\"inLanguage\":\"fr-FR\"},{\"@type\":\"Organization\",\"@id\":\"http:\/\/www.adaq.it\/fr\/#organization\",\"name\":\"Adaq Srl\",\"url\":\"http:\/\/www.adaq.it\/fr\/\",\"logo\":{\"@type\":\"ImageObject\",\"inLanguage\":\"fr-FR\",\"@id\":\"http:\/\/www.adaq.it\/fr\/#\/schema\/logo\/image\/\",\"url\":\"http:\/\/www.adaq.it\/wp-content\/uploads\/logo-adaq-100.png\",\"contentUrl\":\"http:\/\/www.adaq.it\/wp-content\/uploads\/logo-adaq-100.png\",\"width\":\"104\",\"height\":\"104\",\"caption\":\"Adaq Srl\"},\"image\":{\"@id\":\"http:\/\/www.adaq.it\/fr\/#\/schema\/logo\/image\/\"}}]}<\/script>\n<!-- \/ Yoast SEO plugin. -->","yoast_head_json":{"title":"Aquaculture | Tout le potentiel de la mer sans changer son biorythme","description":"AQUACULTURE est n\u00e9e comme une ressource pour avoir un produit de qualit\u00e9, sain et ma\u00eetris\u00e9 qui se retrouve directement chez le particulier.","robots":{"index":"index","follow":"follow","max-snippet":"max-snippet:-1","max-image-preview":"max-image-preview:large","max-video-preview":"max-video-preview:-1"},"canonical":"https:\/\/www.adaq.it\/fr\/aquaculture\/","og_locale":"fr_FR","og_type":"article","og_title":"Aquaculture | Tout le potentiel de la mer sans changer son biorythme","og_description":"AQUACULTURE est n\u00e9e comme une ressource pour avoir un produit de qualit\u00e9, sain et ma\u00eetris\u00e9 qui se retrouve directement chez le particulier.","og_url":"https:\/\/www.adaq.it\/fr\/aquaculture\/","og_site_name":"Adaq Srl","article_modified_time":"2020-04-20T16:46:24+00:00","og_image":[{"width":2048,"height":1536,"url":"http:\/\/www.adaq.it\/wp-content\/uploads\/cage_acqua.jpg","type":"image\/jpeg"}],"twitter_card":"summary_large_image","twitter_misc":{"Dur\u00e9e de lecture estim\u00e9e":"1 minute"},"schema":{"@context":"https:\/\/schema.org","@graph":[{"@type":"WebPage","@id":"https:\/\/www.adaq.it\/fr\/aquaculture\/","url":"https:\/\/www.adaq.it\/fr\/aquaculture\/","name":"Aquaculture | Tout le potentiel de la mer sans changer son biorythme","isPartOf":{"@id":"http:\/\/www.adaq.it\/fr\/#website"},"primaryImageOfPage":{"@id":"https:\/\/www.adaq.it\/fr\/aquaculture\/#primaryimage"},"image":{"@id":"https:\/\/www.adaq.it\/fr\/aquaculture\/#primaryimage"},"thumbnailUrl":"https:\/\/www.adaq.it\/wp-content\/uploads\/cage_acqua.jpg","datePublished":"2018-02-09T16:30:54+00:00","dateModified":"2020-04-20T16:46:24+00:00","description":"AQUACULTURE est n\u00e9e comme une ressource pour avoir un produit de qualit\u00e9, sain et ma\u00eetris\u00e9 qui se retrouve directement chez le particulier.","breadcrumb":{"@id":"https:\/\/www.adaq.it\/fr\/aquaculture\/#breadcrumb"},"inLanguage":"fr-FR","potentialAction":[{"@type":"ReadAction","target":["https:\/\/www.adaq.it\/fr\/aquaculture\/"]}]},{"@type":"ImageObject","inLanguage":"fr-FR","@id":"https:\/\/www.adaq.it\/fr\/aquaculture\/#primaryimage","url":"https:\/\/www.adaq.it\/wp-content\/uploads\/cage_acqua.jpg","contentUrl":"https:\/\/www.adaq.it\/wp-content\/uploads\/cage_acqua.jpg","width":2048,"height":1536},{"@type":"BreadcrumbList","@id":"https:\/\/www.adaq.it\/fr\/aquaculture\/#breadcrumb","itemListElement":[{"@type":"ListItem","position":1,"name":"Home","item":"http:\/\/www.adaq.it\/fr\/"},{"@type":"ListItem","position":2,"name":"Aquaculture"}]},{"@type":"WebSite","@id":"http:\/\/www.adaq.it\/fr\/#website","url":"http:\/\/www.adaq.it\/fr\/","name":"Adaq Srl","description":"Advanced Aquaculture","publisher":{"@id":"http:\/\/www.adaq.it\/fr\/#organization"},"potentialAction":[{"@type":"SearchAction","target":{"@type":"EntryPoint","urlTemplate":"http:\/\/www.adaq.it\/fr\/?s={search_term_string}"},"query-input":{"@type":"PropertyValueSpecification","valueRequired":true,"valueName":"search_term_string"}}],"inLanguage":"fr-FR"},{"@type":"Organization","@id":"http:\/\/www.adaq.it\/fr\/#organization","name":"Adaq Srl","url":"http:\/\/www.adaq.it\/fr\/","logo":{"@type":"ImageObject","inLanguage":"fr-FR","@id":"http:\/\/www.adaq.it\/fr\/#\/schema\/logo\/image\/","url":"http:\/\/www.adaq.it\/wp-content\/uploads\/logo-adaq-100.png","contentUrl":"http:\/\/www.adaq.it\/wp-content\/uploads\/logo-adaq-100.png","width":"104","height":"104","caption":"Adaq Srl"},"image":{"@id":"http:\/\/www.adaq.it\/fr\/#\/schema\/logo\/image\/"}}]}},"_links":{"self":[{"href":"https:\/\/www.adaq.it\/fr\/wp-json\/wp\/v2\/pages\/4443"}],"collection":[{"href":"https:\/\/www.adaq.it\/fr\/wp-json\/wp\/v2\/pages"}],"about":[{"href":"https:\/\/www.adaq.it\/fr\/wp-json\/wp\/v2\/types\/page"}],"author":[{"embeddable":true,"href":"https:\/\/www.adaq.it\/fr\/wp-json\/wp\/v2\/users\/1"}],"replies":[{"embeddable":true,"href":"https:\/\/www.adaq.it\/fr\/wp-json\/wp\/v2\/comments?post=4443"}],"version-history":[{"count":7,"href":"https:\/\/www.adaq.it\/fr\/wp-json\/wp\/v2\/pages\/4443\/revisions"}],"predecessor-version":[{"id":4686,"href":"https:\/\/www.adaq.it\/fr\/wp-json\/wp\/v2\/pages\/4443\/revisions\/4686"}],"wp:featuredmedia":[{"embeddable":true,"href":"https:\/\/www.adaq.it\/fr\/wp-json\/wp\/v2\/media\/4444"}],"wp:attachment":[{"href":"https:\/\/www.adaq.it\/fr\/wp-json\/wp\/v2\/media?parent=4443"}],"curies":[{"name":"wp","href":"https:\/\/api.w.org\/{rel}","templated":true}]}}