{"id":4468,"date":"2019-02-05T23:07:59","date_gmt":"2019-02-05T22:07:59","guid":{"rendered":"http:\/\/www.adaq.it\/aquaculture\/pisciculture\/cages\/tubi\/"},"modified":"2020-04-20T19:06:27","modified_gmt":"2020-04-20T17:06:27","slug":"tubes","status":"publish","type":"page","link":"https:\/\/www.adaq.it\/fr\/aquaculture\/pisciculture\/cages\/tubes\/","title":{"rendered":"Tubes"},"content":{"rendered":"<section class=\"p-80 wow fadeIn\" data-wow-delay=\"0.5s\" style=\"visibility: visible; animation-delay: 0.5s; animation-name: fadeIn;\">\r\n          <div class=\"container\">\r\n            <div class=\"row\">\r\n              <div class=\"col-lg-8 col-md-10\">\r\n\t\t\t\t<h1>Tubes<\/h1>\r\n             <\/div>\r\n            <\/div>\r\n          <\/div>\r\n<\/section>\r\n\r\n<div class=\"portfolio-details-area pb-2\">\r\n      <div class=\"container\">\r\n          <div class=\"row\">\r\n              <div class=\"col-lg-8 col-md-8\">\r\n<div uk-slideshow=\"animation: fade; autoplay: true\" class=\"uk-slideshow\">\r\n                    <div class=\"uk-position-relative uk-visible-toggle uk-light\">                \r\n                        <ul class=\"uk-slideshow-items\" style=\"height: 347px;\">\r\n                        <li class=\"\" style=\"\">\r\n                          <div class=\"p-details-img\">\r\n                              <img decoding=\"async\" src=\"..\/..\/..\/..\/..\/wp-content\/uploads\/tubi-1.jpg\" alt=\"\" style=\"max-width: 100%;\">\r\n                          <\/div>\r\n                        <\/li>\r\n                         <li class=\"\" style=\"\">\r\n                          <div class=\"p-details-img\">\r\n                              <img decoding=\"async\" src=\"..\/..\/..\/..\/..\/wp-content\/uploads\/tubi-2.jpg\" alt=\"\" style=\"max-width: 100%;\">\r\n                          <\/div>\r\n                        <\/li>\r\n                                                 <li class=\"uk-active uk-transition-active\" style=\"\">\r\n                          <div class=\"p-details-img\">\r\n                              <img decoding=\"async\" src=\"..\/..\/..\/..\/..\/wp-content\/uploads\/tubi-3-1.jpg\" alt=\"\" style=\"max-width: 100%;\">\r\n                          <\/div>\r\n                        <\/li>\r\n                      <\/ul>\r\n                      <a class=\"uk-position-center-left uk-position-small uk-hidden-hover uk-slidenav-previous uk-icon uk-slidenav\" href=\"#\" uk-slidenav-previous=\"\" uk-slideshow-item=\"previous\"><svg width=\"14\" height=\"24\" viewBox=\"0 0 14 24\" xmlns=\"http:\/\/www.w3.org\/2000\/svg\" ratio=\"1\"><polyline fill=\"none\" stroke=\"#000\" stroke-width=\"1.4\" points=\"12.775,1 1.225,12 12.775,23 \"><\/polyline><\/svg><\/a>\r\n    <a class=\"uk-position-center-right uk-position-small uk-hidden-hover uk-slidenav-next uk-icon uk-slidenav uk-active\" href=\"#\" uk-slidenav-next=\"\" uk-slideshow-item=\"next\"><svg width=\"14\" height=\"24\" viewBox=\"0 0 14 24\" xmlns=\"http:\/\/www.w3.org\/2000\/svg\" ratio=\"1\"><polyline fill=\"none\" stroke=\"#000\" stroke-width=\"1.4\" points=\"1.225,23 12.775,12 1.225,1 \"><\/polyline><\/svg><\/a>\r\n                    <\/div>\r\n                    <ul class=\"uk-slideshow-nav uk-dotnav uk-flex-center uk-margin\"><li uk-slideshow-item=\"0\" class=\"\"><a href=\"#\"><\/a><\/li><li uk-slideshow-item=\"1\" class=\"\"><a href=\"#\"><\/a><\/li><li uk-slideshow-item=\"2\" class=\"uk-active\"><a href=\"#\"><\/a><\/li><li uk-slideshow-item=\"3\" class=\"\"><a href=\"#\"><\/a><\/li><li uk-slideshow-item=\"4\" class=\"\"><a href=\"#\"><\/a><\/li><\/ul>\r\n                  <\/div>\r\n              <\/div>\r\n\t\t\t  \t<div class=\"col-lg-4 col-md-4 info-details\" id=\"info\">\r\n                  <div class=\"p-details-sidebar\">\r\n                          \r\n                      <\/div>\r\n\t\t\t  <\/div>\r\n              <\/div>\r\n          <\/div>  \r\n      <\/div>\r\n\r\n<section class=\"pb-4 wow fadeIn\" data-wow-delay=\"0.5s\" style=\"visibility: visible; animation-delay: 0.5s; animation-name: fadeIn;\">\r\n          <div class=\"container\">\r\n            <div class=\"row\">\r\n              <div class=\"col\">\r\n\t\t\t\t<div class=\"p-details-text\">\r\n                            <p>Tuyau en poly\u00e9thyl\u00e8ne haute densit\u00e9 \u00e0 100% en polym\u00e8re vierge PE100 extrud\u00e9 avec des diam\u00e8tres et des \u00e9paisseurs sp\u00e9cifiques pour les applications aquacoles.<\/p>\r\n\t\t\t\t\t<p>\r\n\t\t\t\t\t\tDiam\u00e8tres ext\u00e9rieurs et \u00e9paisseurs les plus utilis\u00e9s pour la construction des pi\u00e8ces structurelles flottantes\r\n\t\t\t\t\t<\/p>\r\n\t\t\t\t\t   <p>\r\n\t\t\t\t\t\t   <strong>S\u00e9rie table<\/strong>\r\n\t\t\t\t\t   <\/p>\r\n\t\t\t\t\t<table class=\"uk-table uk-table-divider\">\r\n    \t\t\t\t\t<thead>\r\n\t\t\t\t\t\t\t <tr>\t\t\r\n\t\t\t\t\t\t\t\t  <th>Dia ext (mm)<\/th>\r\n\t\t\t\t\t\t\t\t<th>\u00c9paisseur (mm)<\/th>\r\n\t\t\t\t\t\t\t\t<th>Poids \/mt (Kg)<\/th>\r\n      \t\t\t\t\t\t  <\/tr>\r\n\t\t\t\t\t\t<\/thead>\r\n\t\t\t\t\t\t\t<tr>\r\n\t\t\t\t\t\t\t\t  <th>200<\/th>\r\n\t\t\t\t\t\t\t\t<th>11,9<\/th>\r\n\t\t\t\t\t\t\t\t<th>7,06<\/th>\r\n      \t\t\t\t\t\t  <\/tr>\r\n\t\t\t\t\t\t<tr>\t\r\n\t\t\t\t\t\t\t\t  <th>200<\/th>\r\n\t\t\t\t\t\t\t\t<th>18,2<\/th>\r\n\t\t\t\t\t\t\t\t<th>10,43<\/th>\r\n      \t\t\t\t\t\t  <\/tr>\r\n\t\t\t\t\t\t<tr>\t\t\t\t\t\t\t\r\n\t\t\t\t\t\t\t\t  <th>250<\/th>\r\n\t\t\t\t\t\t\t\t<th>14,8<\/th>\r\n\t\t\t\t\t\t\t\t<th>10,98<\/th>\r\n      \t\t\t\t\t\t  <\/tr>\r\n\t\t\t\t\t\t<tr>\t\t\t\t\t\t\t\r\n\t\t\t\t\t\t\t\t  <th>250<\/th>\r\n\t\t\t\t\t\t\t\t<th>22,7<\/th>\r\n\t\t\t\t\t\t\t\t<th>16,29<\/th>\r\n      \t\t\t\t\t\t  <\/tr>\r\n\t\t\t\t\t\t<tr>\t\t\t\t\t\t\t\r\n\t\t\t\t\t\t\t\t  <th>315<\/th>\r\n\t\t\t\t\t\t\t\t<th>18,7<\/th>\r\n\t\t\t\t\t\t\t\t<th>17,50<\/th>\r\n      \t\t\t\t\t\t  <\/tr>\r\n\t\t\t\t\t\t<tr>\t\t\t\t\t\t\t\r\n\t\t\t\t\t\t\t\t  <th>315<\/th>\r\n\t\t\t\t\t\t\t\t<th>23,2<\/th>\r\n\t\t\t\t\t\t\t\t<th>22,35<\/th>\r\n      \t\t\t\t\t\t  <\/tr>\r\n\t\t\t\t\t\t<tr>\t\t\t\t\t\t\t\r\n\t\t\t\t\t\t\t\t  <th>315<\/th>\r\n\t\t\t\t\t\t\t\t<th>28,6<\/th>\r\n\t\t\t\t\t\t\t\t<th>25,86<\/th>\r\n      \t\t\t\t\t\t  <\/tr>\r\n\t\t\t\t\t\t\t\t\t\t\t\t<tr>\t\t\t\t\t\t\t\r\n\t\t\t\t\t\t\t\t  <th>355<\/th>\r\n\t\t\t\t\t\t\t\t<th>21,1<\/th>\r\n\t\t\t\t\t\t\t\t<th>22,26<\/th>\r\n      \t\t\t\t\t\t  <\/tr>\r\n\t\t\t\t\t\t\t\t\t\t\t\t<tr>\t\t\t\t\t\t\t\r\n\t\t\t\t\t\t\t\t  <th>355<\/th>\r\n\t\t\t\t\t\t\t\t<th>32,2<\/th>\r\n\t\t\t\t\t\t\t\t<th>32,90<\/th>\r\n      \t\t\t\t\t\t  <\/tr>\r\n\t\t\t\t\t\t\t\t\t\t\t\t<tr>\t\t\t\t\t\t\t\r\n\t\t\t\t\t\t\t\t  <th>400<\/th>\r\n\t\t\t\t\t\t\t\t<th>23,7<\/th>\r\n\t\t\t\t\t\t\t\t<th>28,18<\/th>\r\n      \t\t\t\t\t\t  <\/tr>\r\n\t\t\t\t\t\t\t\t\t\t\t\t<tr>\t\t\t\t\t\t\t\r\n\t\t\t\t\t\t\t\t  <th>400<\/th>\r\n\t\t\t\t\t\t\t\t<th>36,3<\/th>\r\n\t\t\t\t\t\t\t\t<th>41,55<\/th>\r\n      \t\t\t\t\t\t  <\/tr>\r\n\t\t\t\t\t\t\t\t\t\t\t\t<tr>\t\t\t\t\t\t\t\r\n\t\t\t\t\t\t\t\t  <th>500<\/th>\r\n\t\t\t\t\t\t\t\t<th>29,7<\/th>\r\n\t\t\t\t\t\t\t\t<th>44,18<\/th>\r\n      \t\t\t\t\t\t  <\/tr>\r\n\t\t\t\t\t\t\t\t\t\t\t\t<tr>\t\t\t\t\t\t\t\r\n\t\t\t\t\t\t\t\t  <th>500<\/th>\r\n\t\t\t\t\t\t\t\t<th>45,4<\/th>\r\n\t\t\t\t\t\t\t\t<th>265,27<\/th>\r\n      \t\t\t\t\t\t  <\/tr>\r\n\t\t\t\t\t<\/table>\r\n\t\t\t\t\t<p>\r\n\t\t\t\t\t\tdiam\u00e8tres ext\u00e9rieurs et \u00e9paisseurs les plus utilis\u00e9s pour la construction de la main courante\r\n\t\t\t\t\t<\/p>\r\n\t\t\t\t\t<table class=\"uk-table uk-table-divider\">\r\n    \t\t\t\t\t<thead>\r\n\t\t\t\t\t\t\t <tr>\t\t\r\n\t\t\t\t\t\t\t\t  <th>Dia ext (mm)<\/th>\r\n\t\t\t\t\t\t\t\t<th>\u00c9paisseur (mm)<\/th>\r\n\t\t\t\t\t\t\t\t<th>Poids \/mt (Kg)<\/th>\r\n      \t\t\t\t\t\t  <\/tr>\r\n\t\t\t\t\t\t<\/thead>\r\n\t\t\t\t\t\t\t<tr>\r\n\t\t\t\t\t\t\t\t  <th>90<\/th>\r\n\t\t\t\t\t\t\t\t<th>8,2<\/th>\r\n\t\t\t\t\t\t\t\t<th>2,10<\/th>\r\n      \t\t\t\t\t\t  <\/tr>\r\n\t\t\t\t\t\t<tr>\t\r\n\t\t\t\t\t\t\t\t  <th>110<\/th>\r\n\t\t\t\t\t\t\t\t<th>10,0<\/th>\r\n\t\t\t\t\t\t\t\t<th>3,14<\/th>\r\n      \t\t\t\t\t\t  <\/tr>\r\n\t\t\t\t\t\t<tr>\t\t\t\t\t\t\t\r\n\t\t\t\t\t\t\t\t  <th>125<\/th>\r\n\t\t\t\t\t\t\t\t<th>11,4<\/th>\r\n\t\t\t\t\t\t\t\t<th>4,08<\/th>\r\n      \t\t\t\t\t\t  <\/tr>\r\n\t\t\t\t\t<\/table>\r\n\t\t\t\t  <\/div>\r\n             <\/div>\r\n            <\/div>\r\n          <\/div>\r\n<\/section>","protected":false},"excerpt":{"rendered":"Tubes Tuyau en poly\u00e9thyl\u00e8ne haute densit\u00e9 \u00e0 100% en polym\u00e8re vierge PE100 extrud\u00e9 avec des diam\u00e8tres et des \u00e9paisseurs sp\u00e9cifiques pour les applications aquacoles. Diam\u00e8tres ext\u00e9rieurs et \u00e9paisseurs les plus utilis\u00e9s pour la construction des pi\u00e8ces structurelles flottantes S\u00e9rie table Dia ext (mm) \u00c9paisseur (mm) Poids \/mt (Kg) 200 11,9 7,06 200 18,2 10,43 250 [&hellip;]","protected":false},"author":1,"featured_media":4462,"parent":4461,"menu_order":0,"comment_status":"closed","ping_status":"closed","template":"sub_page_adaq_uikit.php","meta":{"_acf_changed":false,"footnotes":""},"acf":[],"yoast_head":"<!-- This site is optimized with the Yoast SEO plugin v23.5 - https:\/\/yoast.com\/wordpress\/plugins\/seo\/ -->\n<title>Tube en poly\u00e9thyl\u00e8ne haute densit\u00e9 pour l&#039;aquaculture | Adaq Srl<\/title>\n<meta name=\"description\" content=\"Tube en poly\u00e9thyl\u00e8ne haute densit\u00e9 100% en polym\u00e8re vierge grade PE100 extrud\u00e9 avec des diam\u00e8tres et des \u00e9paisseurs sp\u00e9cifiques pour les applications aquacoles.\" \/>\n<meta name=\"robots\" content=\"index, follow, max-snippet:-1, max-image-preview:large, max-video-preview:-1\" \/>\n<link rel=\"canonical\" href=\"https:\/\/www.adaq.it\/fr\/aquaculture\/pisciculture\/cages\/tubes\/\" \/>\n<meta property=\"og:locale\" content=\"fr_FR\" \/>\n<meta property=\"og:type\" content=\"article\" \/>\n<meta property=\"og:title\" content=\"Tube en poly\u00e9thyl\u00e8ne haute densit\u00e9 pour l&#039;aquaculture | Adaq Srl\" \/>\n<meta property=\"og:description\" content=\"Tube en poly\u00e9thyl\u00e8ne haute densit\u00e9 100% en polym\u00e8re vierge grade PE100 extrud\u00e9 avec des diam\u00e8tres et des \u00e9paisseurs sp\u00e9cifiques pour les applications aquacoles.\" \/>\n<meta property=\"og:url\" content=\"https:\/\/www.adaq.it\/fr\/aquaculture\/pisciculture\/cages\/tubes\/\" \/>\n<meta property=\"og:site_name\" content=\"Adaq Srl\" \/>\n<meta property=\"article:modified_time\" content=\"2020-04-20T17:06:27+00:00\" \/>\n<meta property=\"og:image\" content=\"https:\/\/www.adaq.it\/wp-content\/uploads\/gabbia-header3.jpg\" \/>\n\t<meta property=\"og:image:width\" content=\"2048\" \/>\n\t<meta property=\"og:image:height\" content=\"1536\" \/>\n\t<meta property=\"og:image:type\" content=\"image\/jpeg\" \/>\n<meta name=\"twitter:card\" content=\"summary_large_image\" \/>\n<script type=\"application\/ld+json\" class=\"yoast-schema-graph\">{\"@context\":\"https:\/\/schema.org\",\"@graph\":[{\"@type\":\"WebPage\",\"@id\":\"https:\/\/www.adaq.it\/fr\/aquaculture\/pisciculture\/cages\/tubes\/\",\"url\":\"https:\/\/www.adaq.it\/fr\/aquaculture\/pisciculture\/cages\/tubes\/\",\"name\":\"Tube en poly\u00e9thyl\u00e8ne haute densit\u00e9 pour l'aquaculture | Adaq Srl\",\"isPartOf\":{\"@id\":\"http:\/\/www.adaq.it\/fr\/#website\"},\"primaryImageOfPage\":{\"@id\":\"https:\/\/www.adaq.it\/fr\/aquaculture\/pisciculture\/cages\/tubes\/#primaryimage\"},\"image\":{\"@id\":\"https:\/\/www.adaq.it\/fr\/aquaculture\/pisciculture\/cages\/tubes\/#primaryimage\"},\"thumbnailUrl\":\"https:\/\/www.adaq.it\/wp-content\/uploads\/gabbia-header3.jpg\",\"datePublished\":\"2019-02-05T22:07:59+00:00\",\"dateModified\":\"2020-04-20T17:06:27+00:00\",\"description\":\"Tube en poly\u00e9thyl\u00e8ne haute densit\u00e9 100% en polym\u00e8re vierge grade PE100 extrud\u00e9 avec des diam\u00e8tres et des \u00e9paisseurs sp\u00e9cifiques pour les applications aquacoles.\",\"breadcrumb\":{\"@id\":\"https:\/\/www.adaq.it\/fr\/aquaculture\/pisciculture\/cages\/tubes\/#breadcrumb\"},\"inLanguage\":\"fr-FR\",\"potentialAction\":[{\"@type\":\"ReadAction\",\"target\":[\"https:\/\/www.adaq.it\/fr\/aquaculture\/pisciculture\/cages\/tubes\/\"]}]},{\"@type\":\"ImageObject\",\"inLanguage\":\"fr-FR\",\"@id\":\"https:\/\/www.adaq.it\/fr\/aquaculture\/pisciculture\/cages\/tubes\/#primaryimage\",\"url\":\"https:\/\/www.adaq.it\/wp-content\/uploads\/gabbia-header3.jpg\",\"contentUrl\":\"https:\/\/www.adaq.it\/wp-content\/uploads\/gabbia-header3.jpg\",\"width\":2048,\"height\":1536},{\"@type\":\"BreadcrumbList\",\"@id\":\"https:\/\/www.adaq.it\/fr\/aquaculture\/pisciculture\/cages\/tubes\/#breadcrumb\",\"itemListElement\":[{\"@type\":\"ListItem\",\"position\":1,\"name\":\"Home\",\"item\":\"https:\/\/www.adaq.it\/fr\/\"},{\"@type\":\"ListItem\",\"position\":2,\"name\":\"Aquaculture\",\"item\":\"https:\/\/www.adaq.it\/fr\/aquaculture\/\"},{\"@type\":\"ListItem\",\"position\":3,\"name\":\"Pisciculture\",\"item\":\"https:\/\/www.adaq.it\/fr\/aquaculture\/pisciculture\/\"},{\"@type\":\"ListItem\",\"position\":4,\"name\":\"Cages\",\"item\":\"https:\/\/www.adaq.it\/fr\/aquaculture\/pisciculture\/cages\/\"},{\"@type\":\"ListItem\",\"position\":5,\"name\":\"Tubes\"}]},{\"@type\":\"WebSite\",\"@id\":\"http:\/\/www.adaq.it\/fr\/#website\",\"url\":\"http:\/\/www.adaq.it\/fr\/\",\"name\":\"Adaq Srl\",\"description\":\"Advanced Aquaculture\",\"publisher\":{\"@id\":\"http:\/\/www.adaq.it\/fr\/#organization\"},\"potentialAction\":[{\"@type\":\"SearchAction\",\"target\":{\"@type\":\"EntryPoint\",\"urlTemplate\":\"http:\/\/www.adaq.it\/fr\/?s={search_term_string}\"},\"query-input\":{\"@type\":\"PropertyValueSpecification\",\"valueRequired\":true,\"valueName\":\"search_term_string\"}}],\"inLanguage\":\"fr-FR\"},{\"@type\":\"Organization\",\"@id\":\"http:\/\/www.adaq.it\/fr\/#organization\",\"name\":\"Adaq Srl\",\"url\":\"http:\/\/www.adaq.it\/fr\/\",\"logo\":{\"@type\":\"ImageObject\",\"inLanguage\":\"fr-FR\",\"@id\":\"http:\/\/www.adaq.it\/fr\/#\/schema\/logo\/image\/\",\"url\":\"http:\/\/www.adaq.it\/wp-content\/uploads\/logo-adaq-100.png\",\"contentUrl\":\"http:\/\/www.adaq.it\/wp-content\/uploads\/logo-adaq-100.png\",\"width\":\"104\",\"height\":\"104\",\"caption\":\"Adaq Srl\"},\"image\":{\"@id\":\"http:\/\/www.adaq.it\/fr\/#\/schema\/logo\/image\/\"}}]}<\/script>\n<!-- \/ Yoast SEO plugin. -->","yoast_head_json":{"title":"Tube en poly\u00e9thyl\u00e8ne haute densit\u00e9 pour l'aquaculture | Adaq Srl","description":"Tube en poly\u00e9thyl\u00e8ne haute densit\u00e9 100% en polym\u00e8re vierge grade PE100 extrud\u00e9 avec des diam\u00e8tres et des \u00e9paisseurs sp\u00e9cifiques pour les applications aquacoles.","robots":{"index":"index","follow":"follow","max-snippet":"max-snippet:-1","max-image-preview":"max-image-preview:large","max-video-preview":"max-video-preview:-1"},"canonical":"https:\/\/www.adaq.it\/fr\/aquaculture\/pisciculture\/cages\/tubes\/","og_locale":"fr_FR","og_type":"article","og_title":"Tube en poly\u00e9thyl\u00e8ne haute densit\u00e9 pour l'aquaculture | Adaq Srl","og_description":"Tube en poly\u00e9thyl\u00e8ne haute densit\u00e9 100% en polym\u00e8re vierge grade PE100 extrud\u00e9 avec des diam\u00e8tres et des \u00e9paisseurs sp\u00e9cifiques pour les applications aquacoles.","og_url":"https:\/\/www.adaq.it\/fr\/aquaculture\/pisciculture\/cages\/tubes\/","og_site_name":"Adaq Srl","article_modified_time":"2020-04-20T17:06:27+00:00","og_image":[{"width":2048,"height":1536,"url":"https:\/\/www.adaq.it\/wp-content\/uploads\/gabbia-header3.jpg","type":"image\/jpeg"}],"twitter_card":"summary_large_image","schema":{"@context":"https:\/\/schema.org","@graph":[{"@type":"WebPage","@id":"https:\/\/www.adaq.it\/fr\/aquaculture\/pisciculture\/cages\/tubes\/","url":"https:\/\/www.adaq.it\/fr\/aquaculture\/pisciculture\/cages\/tubes\/","name":"Tube en poly\u00e9thyl\u00e8ne haute densit\u00e9 pour l'aquaculture | Adaq Srl","isPartOf":{"@id":"http:\/\/www.adaq.it\/fr\/#website"},"primaryImageOfPage":{"@id":"https:\/\/www.adaq.it\/fr\/aquaculture\/pisciculture\/cages\/tubes\/#primaryimage"},"image":{"@id":"https:\/\/www.adaq.it\/fr\/aquaculture\/pisciculture\/cages\/tubes\/#primaryimage"},"thumbnailUrl":"https:\/\/www.adaq.it\/wp-content\/uploads\/gabbia-header3.jpg","datePublished":"2019-02-05T22:07:59+00:00","dateModified":"2020-04-20T17:06:27+00:00","description":"Tube en poly\u00e9thyl\u00e8ne haute densit\u00e9 100% en polym\u00e8re vierge grade PE100 extrud\u00e9 avec des diam\u00e8tres et des \u00e9paisseurs sp\u00e9cifiques pour les applications aquacoles.","breadcrumb":{"@id":"https:\/\/www.adaq.it\/fr\/aquaculture\/pisciculture\/cages\/tubes\/#breadcrumb"},"inLanguage":"fr-FR","potentialAction":[{"@type":"ReadAction","target":["https:\/\/www.adaq.it\/fr\/aquaculture\/pisciculture\/cages\/tubes\/"]}]},{"@type":"ImageObject","inLanguage":"fr-FR","@id":"https:\/\/www.adaq.it\/fr\/aquaculture\/pisciculture\/cages\/tubes\/#primaryimage","url":"https:\/\/www.adaq.it\/wp-content\/uploads\/gabbia-header3.jpg","contentUrl":"https:\/\/www.adaq.it\/wp-content\/uploads\/gabbia-header3.jpg","width":2048,"height":1536},{"@type":"BreadcrumbList","@id":"https:\/\/www.adaq.it\/fr\/aquaculture\/pisciculture\/cages\/tubes\/#breadcrumb","itemListElement":[{"@type":"ListItem","position":1,"name":"Home","item":"https:\/\/www.adaq.it\/fr\/"},{"@type":"ListItem","position":2,"name":"Aquaculture","item":"https:\/\/www.adaq.it\/fr\/aquaculture\/"},{"@type":"ListItem","position":3,"name":"Pisciculture","item":"https:\/\/www.adaq.it\/fr\/aquaculture\/pisciculture\/"},{"@type":"ListItem","position":4,"name":"Cages","item":"https:\/\/www.adaq.it\/fr\/aquaculture\/pisciculture\/cages\/"},{"@type":"ListItem","position":5,"name":"Tubes"}]},{"@type":"WebSite","@id":"http:\/\/www.adaq.it\/fr\/#website","url":"http:\/\/www.adaq.it\/fr\/","name":"Adaq Srl","description":"Advanced Aquaculture","publisher":{"@id":"http:\/\/www.adaq.it\/fr\/#organization"},"potentialAction":[{"@type":"SearchAction","target":{"@type":"EntryPoint","urlTemplate":"http:\/\/www.adaq.it\/fr\/?s={search_term_string}"},"query-input":{"@type":"PropertyValueSpecification","valueRequired":true,"valueName":"search_term_string"}}],"inLanguage":"fr-FR"},{"@type":"Organization","@id":"http:\/\/www.adaq.it\/fr\/#organization","name":"Adaq Srl","url":"http:\/\/www.adaq.it\/fr\/","logo":{"@type":"ImageObject","inLanguage":"fr-FR","@id":"http:\/\/www.adaq.it\/fr\/#\/schema\/logo\/image\/","url":"http:\/\/www.adaq.it\/wp-content\/uploads\/logo-adaq-100.png","contentUrl":"http:\/\/www.adaq.it\/wp-content\/uploads\/logo-adaq-100.png","width":"104","height":"104","caption":"Adaq Srl"},"image":{"@id":"http:\/\/www.adaq.it\/fr\/#\/schema\/logo\/image\/"}}]}},"_links":{"self":[{"href":"https:\/\/www.adaq.it\/fr\/wp-json\/wp\/v2\/pages\/4468"}],"collection":[{"href":"https:\/\/www.adaq.it\/fr\/wp-json\/wp\/v2\/pages"}],"about":[{"href":"https:\/\/www.adaq.it\/fr\/wp-json\/wp\/v2\/types\/page"}],"author":[{"embeddable":true,"href":"https:\/\/www.adaq.it\/fr\/wp-json\/wp\/v2\/users\/1"}],"replies":[{"embeddable":true,"href":"https:\/\/www.adaq.it\/fr\/wp-json\/wp\/v2\/comments?post=4468"}],"version-history":[{"count":2,"href":"https:\/\/www.adaq.it\/fr\/wp-json\/wp\/v2\/pages\/4468\/revisions"}],"predecessor-version":[{"id":4470,"href":"https:\/\/www.adaq.it\/fr\/wp-json\/wp\/v2\/pages\/4468\/revisions\/4470"}],"up":[{"embeddable":true,"href":"https:\/\/www.adaq.it\/fr\/wp-json\/wp\/v2\/pages\/4461"}],"wp:featuredmedia":[{"embeddable":true,"href":"https:\/\/www.adaq.it\/fr\/wp-json\/wp\/v2\/media\/4462"}],"wp:attachment":[{"href":"https:\/\/www.adaq.it\/fr\/wp-json\/wp\/v2\/media?parent=4468"}],"curies":[{"name":"wp","href":"https:\/\/api.w.org\/{rel}","templated":true}]}}