{"id":4501,"date":"2018-02-23T18:33:36","date_gmt":"2018-02-23T17:33:36","guid":{"rendered":"http:\/\/www.adaq.it\/aquaculture\/mytiliculture\/impianti-long-line\/"},"modified":"2020-04-20T18:48:36","modified_gmt":"2020-04-20T16:48:36","slug":"installations-long-line","status":"publish","type":"page","link":"https:\/\/www.adaq.it\/fr\/aquaculture\/mytiliculture\/installations-long-line\/","title":{"rendered":"Installations Long Line"},"content":{"rendered":"<section class=\"service-area ptb-110\">\r\n            <div class=\"container\">\r\n                <div class=\"row\">\r\n                    <div class=\"col-lg-8 offset-lg-2 col-md-10 offset-md-1\">\r\n                            <p class=\"description pt-30\">Le syst\u00e8me dans sa structure de base est compos\u00e9 d&rsquo;ancrages morts plac\u00e9s entre eux \u00e0 une distance variable et reli\u00e9s par un ou plusieurs c\u00e2bles maintenus en suspension par une s\u00e9rie de flotteurs. Ces c\u00e2bles sont suspendus avec des supports et d\u2019autres supports pour \u00e9lever des bivalves qui ne doivent jamais toucher le fond pour \u00e9viter toute contamination. <\/p>\r\n\u00a0 <p> Les plantes \u00e0 longue ligne Ad.Aq. garantir la r\u00e9sistance maximale dans le temps avec l&rsquo;utilisation de mat\u00e9riaux sp\u00e9cifiques. Le choix des produits propos\u00e9s tient compte de la sp\u00e9cificit\u00e9 de leurs conditions d&rsquo;utilisation, telles qu&rsquo;un fort niveau de rayonnement (r\u00e9sistance aux UV), une usure caus\u00e9e par un mouvement \u00e9lev\u00e9, etc.<\/p>\r\n                    <\/div>\r\n                <\/div>\r\n\t\t\t<\/div>\r\n<\/section>\r\n\r\n\r\n<section class=\"feature-area p-80 wow fadeIn\" data-wow-delay=\"0.5s\" style=\"visibility: visible; animation-delay: 0.5s; animation-name: fadeIn;\">\r\n            <div class=\"container\">\r\n                <div class=\"uk-child-width-1-2@s uk-child-width-1-2@m uk-grid-match uk-grid\">\r\n                    <div class=\"pt-30 uk-transition-toggle\">\r\n                      <div class=\"uk-transition-scale-up uk-card uk-card-default\">\r\n                       <a href=\"flotteurs\/\" class=\"no-underline\">\r\n                       <div class=\"uk-card-media-top  image-link\" style=\"background-image:url(..\/..\/..\/..\/wp-content\/uploads\/accessori-link.jpg)\">\r\n                        <\/div>\r\n                         <div class=\"uk-card-body\">\r\n                           <h3 class=\"uk-card-title\">Flotteurs<\/h3>\r\n                         \r\n                         <\/div>\r\n                          <\/a>\r\n                      <\/div>\r\n                    <\/div>\r\n                  <div class=\"pt-30 uk-transition-toggle\">\r\n                      <div class=\"uk-transition-scale-up uk-card uk-card-default\">\r\n\t\t\t\t\t\t  <a href=\"Spheres\/\" class=\"no-underline\">\r\n                        <div class=\"uk-card-media-top  image-link\" style=\"background-image:url(..\/..\/..\/..\/wp-content\/uploads\/sfere-link.jpg)\">\r\n                        <\/div>\r\n                        <div class=\"uk-card-body\">\r\n                                <h3 class=\"uk-card-title\">Sph\u00e8res<\/h3>\r\n                        \r\n                        <\/div>\r\n\t\t\t\t\t\t  <\/a>\r\n                      <\/div>\r\n                    <\/div>\r\n                    <div class=\"pt-30 uk-transition-toggle\">\r\n                      <div class=\"uk-transition-scale-up uk-card uk-card-default\">\r\n\t\t\t\t\t  <a href=\"lanternes\/\" class=\"no-underline\">\r\n                        <div class=\"uk-card-media-top  image-link cover-bottom\" style=\"background-image:url(..\/..\/..\/..\/wp-content\/uploads\/lanterna-link.jpg)\">\r\n                        <\/div>\r\n                        <div class=\"uk-card-body\">\r\n                                <h3 class=\"uk-card-title\">Lanternes<\/h3>\r\n                                \r\n                        <\/div><\/a>\r\n                      <\/div>\r\n                    <\/div>\r\n                    <div class=\"pt-30 uk-transition-toggle\">\r\n                      <div class=\"uk-transition-scale-up uk-card uk-card-default\">\r\n\t\t\t\t\t  <a href=\"mytidouble\/\" class=\"no-underline\">\r\n                        <div class=\"uk-card-media-top  image-link\" style=\"background-image:url(..\/..\/..\/..\/wp-content\/uploads\/Mytidouble-link.jpg)\">\r\n                        <\/div>\r\n                        <div class=\"uk-card-body\">\r\n                                <h3 class=\"uk-card-title\">Mytidouble<\/h3>\r\n                                \r\n                        <\/div><\/a>\r\n                      <\/div>\r\n                    <\/div>\r\n                <\/div>\r\n            <\/div>\r\n        <\/section>\r\n\r\n<!--<section class=\"service-area ptb-110\" style=\"display:none;\">\r\n    <div class=\"container\">\r\n\t\t<div class=\"row\">\r\n          <div class=\"col-md-6 col-lg-4 offset-lg-2 text-center pt-30\">\r\n\t\t\t<div class=\"uk-inline-clip uk-transition-toggle\" tabindex=\"0\">\r\n\t\t\t  <a href=\"Impianti-Superficie\" class=\"overlay\">\r\n     \t\t    <img decoding=\"async\" class=\"uk-transition-scale-up uk-transition-opaque\" src=\"..\/..\/wp-content\/uploads\/superficie-link.jpg\" alt=\"\">\r\n\t\t\t\t  <div class=\"uk-position-large uk-position-top-center\">\r\n                \t<div><h3 class=\"hover-text barche\">Impianti Long-Line di Superficie<\/h3><\/div>\r\n            \t  <\/div>\r\n        \t\t  <div class=\"uk-transition-slide-bottom uk-position-bottom uk-overlay uk-overlay-default\">\r\n                \t<p class=\"uk-h4 uk-margin-remove\">Gli Impianti di Superficie Ad.Aq. garantiscono scelta di materiali e colorazioni iper visibili per concessioni in lotti bassa profondit\u00e0, garantendo comunque alti livelli di produttivit\u00e0 e praticit\u00e0<\/p>\r\n            \t  <\/div>\r\n\t\t\t<\/a>\r\n          <\/div>\r\n        <\/div>\r\n        <div class=\"col-md-6 col-lg-4 text-center pt-30\">\r\n\t\t\t<div class=\"uk-inline-clip uk-transition-toggle\" tabindex=\"0\">\r\n\t\t\t<a href=\"Impianti-Profondita\" class=\"overlay z-top\">\r\n     \t\t<img decoding=\"async\" class=\"uk-transition-scale-up uk-transition-opaque\" src=\"..\/..\/wp-content\/uploads\/profondita-link.jpg\" alt=\"\">\r\n \t\t\t\t<div class=\"uk-position-large uk-position-top-center\">\r\n               \t <div><h3 class=\"hover-text barche\">Impianti long\u2013line (a filiera) di media e alta profondit\u00e0<\/h3><\/div>\r\n           \t\t<\/div>\r\n       \t\t\t<div class=\"uk-transition-slide-bottom uk-position-bottom uk-overlay uk-overlay-default\">\r\n                <p class=\"uk-h4 uk-margin-remove\">Realizziamo impianti per profondit\u00e0 elevate, in accordo con le Vs. esigenze, utilizzando i pi\u00f9 elevati standard qualitativi, facendo salvi i principi di praticit\u00e0 ed ecosostenibilit\u00e0.<\/p>\r\n           \t    <\/div>\r\n       \t\t <\/a>\r\n           <\/div>\r\n\t\t<\/div>\r\n\t<\/div>\r\n <div class=\"row\">\r\n \t<div class=\"col-md-6 col-lg-4 offset-lg-2 text-center pt-30\">\r\n\t\t<div class=\"uk-inline-clip uk-transition-toggle\" tabindex=\"0\">\r\n\t\t\t<a href=\"..\/..\/cantiere-nautico\/Mitilicoltura\" class=\"overlay z-top\">\r\n     \t\t\t<img decoding=\"async\" class=\"uk-transition-scale-up uk-transition-opaque\" src=\"..\/..\/wp-content\/uploads\/barca-link.jpg\" alt=\"\">\r\n \t\t\t\t<div class=\"uk-position-large uk-position-top-center\">\r\n                <div><h3 class=\"hover-text barche\">Barche<\/h3><\/div>\r\n            \t<\/div>\r\n        \t\t<div class=\"uk-transition-slide-bottom uk-position-bottom uk-overlay uk-overlay-default\">\r\n                <p class=\"uk-h4 uk-margin-remove\">Realizziamo Barche per la raccolta, produzione ed insacchettamento di mitili, per permettere ai nostri clienti il pi\u00f9 alto rapporto di velocit\u00e0 e freschezza del prodotto.<\/p>\r\n            \t<\/div>\r\n        \t<\/a>\r\n        <\/div>\r\n\t <\/div>\r\n <div class=\"col-md-6 col-lg-4 text-center pt-30\">\r\n\t<div class=\"uk-inline-clip uk-transition-toggle\" tabindex=\"0\">\r\n\t\t<a href=\"Accessori\" class=\"overlay z-top\">\r\n    \t <img decoding=\"async\" class=\"uk-transition-scale-up uk-transition-opaque\" src=\"..\/..\/wp-content\/uploads\/corde-link.jpg\" alt=\"\">\r\n \t\t\t<div class=\"uk-position-large uk-position-top-center\">\r\n         \t   <div><h3 class=\"hover-text barche\">Accessori<\/h3><\/div>\r\n     \t    <\/div>\r\n\t\t\t<div class=\"uk-transition-slide-bottom uk-position-bottom uk-overlay uk-overlay-default\">\r\n\t\t\t\t\t<p class=\"uk-h4 uk-margin-remove\">Ad.Aq. commercializza e fornisce ogni tipo di supporto per la riparazione, la sostituzione e l\u2019implementazione dei suoi sistemi. Dai maniglioni (grilli) alle redance, dagli anelli alle piastre di ormeggio, dalle corde alle catene di diversi diametri, AD.AQ. mantiene un magazzino sempre fornito per ogni esigenza.<\/p>\r\n\t\t\t<\/div>\r\n\t   <\/a>\r\n    <\/div>\r\n    <\/div>\r\n  <\/div>\r\n<\/div>\r\n<\/section>-->","protected":false},"excerpt":{"rendered":"Le syst\u00e8me dans sa structure de base est compos\u00e9 d&rsquo;ancrages morts plac\u00e9s entre eux \u00e0 une distance variable et reli\u00e9s par un ou plusieurs c\u00e2bles maintenus en suspension par une s\u00e9rie de flotteurs. Ces c\u00e2bles sont suspendus avec des supports et d\u2019autres supports pour \u00e9lever des bivalves qui ne doivent jamais toucher le fond pour [&hellip;]","protected":false},"author":1,"featured_media":4502,"parent":4493,"menu_order":0,"comment_status":"closed","ping_status":"closed","template":"page_adaq_uikit.php","meta":{"_acf_changed":false,"footnotes":""},"acf":[],"yoast_head":"<!-- This site is optimized with the Yoast SEO plugin v23.5 - https:\/\/yoast.com\/wordpress\/plugins\/seo\/ -->\n<title>Usines d&#039;\u00e9levage de moules \u00e0 longue ligne | Adaq Srl<\/title>\n<meta name=\"description\" content=\"Usines d&#039;\u00e9levage de moules \u00e0 longue ligne Ad.Aq. garantir l&#039;utilisation de mat\u00e9riaux sp\u00e9cifiques pour une r\u00e9sistance maximale dans le temps.\" \/>\n<meta name=\"robots\" content=\"index, follow, max-snippet:-1, max-image-preview:large, max-video-preview:-1\" \/>\n<link rel=\"canonical\" href=\"https:\/\/www.adaq.it\/fr\/aquaculture\/mytiliculture\/installations-long-line\/\" \/>\n<meta property=\"og:locale\" content=\"fr_FR\" \/>\n<meta property=\"og:type\" content=\"article\" \/>\n<meta property=\"og:title\" content=\"Usines d&#039;\u00e9levage de moules \u00e0 longue ligne | Adaq Srl\" \/>\n<meta property=\"og:description\" content=\"Usines d&#039;\u00e9levage de moules \u00e0 longue ligne Ad.Aq. garantir l&#039;utilisation de mat\u00e9riaux sp\u00e9cifiques pour une r\u00e9sistance maximale dans le temps.\" \/>\n<meta property=\"og:url\" content=\"https:\/\/www.adaq.it\/fr\/aquaculture\/mytiliculture\/installations-long-line\/\" \/>\n<meta property=\"og:site_name\" content=\"Adaq Srl\" \/>\n<meta property=\"article:modified_time\" content=\"2020-04-20T16:48:36+00:00\" \/>\n<meta property=\"og:image\" content=\"https:\/\/www.adaq.it\/wp-content\/uploads\/superficie-header.jpg\" \/>\n\t<meta property=\"og:image:width\" content=\"2048\" \/>\n\t<meta property=\"og:image:height\" content=\"1536\" \/>\n\t<meta property=\"og:image:type\" content=\"image\/jpeg\" \/>\n<meta name=\"twitter:card\" content=\"summary_large_image\" \/>\n<meta name=\"twitter:label1\" content=\"Dur\u00e9e de lecture estim\u00e9e\" \/>\n\t<meta name=\"twitter:data1\" content=\"1 minute\" \/>\n<script type=\"application\/ld+json\" class=\"yoast-schema-graph\">{\"@context\":\"https:\/\/schema.org\",\"@graph\":[{\"@type\":\"WebPage\",\"@id\":\"https:\/\/www.adaq.it\/fr\/aquaculture\/mytiliculture\/installations-long-line\/\",\"url\":\"https:\/\/www.adaq.it\/fr\/aquaculture\/mytiliculture\/installations-long-line\/\",\"name\":\"Usines d'\u00e9levage de moules \u00e0 longue ligne | Adaq Srl\",\"isPartOf\":{\"@id\":\"http:\/\/www.adaq.it\/fr\/#website\"},\"primaryImageOfPage\":{\"@id\":\"https:\/\/www.adaq.it\/fr\/aquaculture\/mytiliculture\/installations-long-line\/#primaryimage\"},\"image\":{\"@id\":\"https:\/\/www.adaq.it\/fr\/aquaculture\/mytiliculture\/installations-long-line\/#primaryimage\"},\"thumbnailUrl\":\"https:\/\/www.adaq.it\/wp-content\/uploads\/superficie-header.jpg\",\"datePublished\":\"2018-02-23T17:33:36+00:00\",\"dateModified\":\"2020-04-20T16:48:36+00:00\",\"description\":\"Usines d'\u00e9levage de moules \u00e0 longue ligne Ad.Aq. garantir l'utilisation de mat\u00e9riaux sp\u00e9cifiques pour une r\u00e9sistance maximale dans le temps.\",\"breadcrumb\":{\"@id\":\"https:\/\/www.adaq.it\/fr\/aquaculture\/mytiliculture\/installations-long-line\/#breadcrumb\"},\"inLanguage\":\"fr-FR\",\"potentialAction\":[{\"@type\":\"ReadAction\",\"target\":[\"https:\/\/www.adaq.it\/fr\/aquaculture\/mytiliculture\/installations-long-line\/\"]}]},{\"@type\":\"ImageObject\",\"inLanguage\":\"fr-FR\",\"@id\":\"https:\/\/www.adaq.it\/fr\/aquaculture\/mytiliculture\/installations-long-line\/#primaryimage\",\"url\":\"https:\/\/www.adaq.it\/wp-content\/uploads\/superficie-header.jpg\",\"contentUrl\":\"https:\/\/www.adaq.it\/wp-content\/uploads\/superficie-header.jpg\",\"width\":2048,\"height\":1536},{\"@type\":\"BreadcrumbList\",\"@id\":\"https:\/\/www.adaq.it\/fr\/aquaculture\/mytiliculture\/installations-long-line\/#breadcrumb\",\"itemListElement\":[{\"@type\":\"ListItem\",\"position\":1,\"name\":\"Home\",\"item\":\"https:\/\/www.adaq.it\/fr\/\"},{\"@type\":\"ListItem\",\"position\":2,\"name\":\"Aquaculture\",\"item\":\"https:\/\/www.adaq.it\/fr\/aquaculture\/\"},{\"@type\":\"ListItem\",\"position\":3,\"name\":\"Mytiliculture\",\"item\":\"https:\/\/www.adaq.it\/fr\/aquaculture\/mytiliculture\/\"},{\"@type\":\"ListItem\",\"position\":4,\"name\":\"Installations Long Line\"}]},{\"@type\":\"WebSite\",\"@id\":\"http:\/\/www.adaq.it\/fr\/#website\",\"url\":\"http:\/\/www.adaq.it\/fr\/\",\"name\":\"Adaq Srl\",\"description\":\"Advanced Aquaculture\",\"publisher\":{\"@id\":\"http:\/\/www.adaq.it\/fr\/#organization\"},\"potentialAction\":[{\"@type\":\"SearchAction\",\"target\":{\"@type\":\"EntryPoint\",\"urlTemplate\":\"http:\/\/www.adaq.it\/fr\/?s={search_term_string}\"},\"query-input\":{\"@type\":\"PropertyValueSpecification\",\"valueRequired\":true,\"valueName\":\"search_term_string\"}}],\"inLanguage\":\"fr-FR\"},{\"@type\":\"Organization\",\"@id\":\"http:\/\/www.adaq.it\/fr\/#organization\",\"name\":\"Adaq Srl\",\"url\":\"http:\/\/www.adaq.it\/fr\/\",\"logo\":{\"@type\":\"ImageObject\",\"inLanguage\":\"fr-FR\",\"@id\":\"http:\/\/www.adaq.it\/fr\/#\/schema\/logo\/image\/\",\"url\":\"http:\/\/www.adaq.it\/wp-content\/uploads\/logo-adaq-100.png\",\"contentUrl\":\"http:\/\/www.adaq.it\/wp-content\/uploads\/logo-adaq-100.png\",\"width\":\"104\",\"height\":\"104\",\"caption\":\"Adaq Srl\"},\"image\":{\"@id\":\"http:\/\/www.adaq.it\/fr\/#\/schema\/logo\/image\/\"}}]}<\/script>\n<!-- \/ Yoast SEO plugin. -->","yoast_head_json":{"title":"Usines d'\u00e9levage de moules \u00e0 longue ligne | Adaq Srl","description":"Usines d'\u00e9levage de moules \u00e0 longue ligne Ad.Aq. garantir l'utilisation de mat\u00e9riaux sp\u00e9cifiques pour une r\u00e9sistance maximale dans le temps.","robots":{"index":"index","follow":"follow","max-snippet":"max-snippet:-1","max-image-preview":"max-image-preview:large","max-video-preview":"max-video-preview:-1"},"canonical":"https:\/\/www.adaq.it\/fr\/aquaculture\/mytiliculture\/installations-long-line\/","og_locale":"fr_FR","og_type":"article","og_title":"Usines d'\u00e9levage de moules \u00e0 longue ligne | Adaq Srl","og_description":"Usines d'\u00e9levage de moules \u00e0 longue ligne Ad.Aq. garantir l'utilisation de mat\u00e9riaux sp\u00e9cifiques pour une r\u00e9sistance maximale dans le temps.","og_url":"https:\/\/www.adaq.it\/fr\/aquaculture\/mytiliculture\/installations-long-line\/","og_site_name":"Adaq Srl","article_modified_time":"2020-04-20T16:48:36+00:00","og_image":[{"width":2048,"height":1536,"url":"https:\/\/www.adaq.it\/wp-content\/uploads\/superficie-header.jpg","type":"image\/jpeg"}],"twitter_card":"summary_large_image","twitter_misc":{"Dur\u00e9e de lecture estim\u00e9e":"1 minute"},"schema":{"@context":"https:\/\/schema.org","@graph":[{"@type":"WebPage","@id":"https:\/\/www.adaq.it\/fr\/aquaculture\/mytiliculture\/installations-long-line\/","url":"https:\/\/www.adaq.it\/fr\/aquaculture\/mytiliculture\/installations-long-line\/","name":"Usines d'\u00e9levage de moules \u00e0 longue ligne | Adaq Srl","isPartOf":{"@id":"http:\/\/www.adaq.it\/fr\/#website"},"primaryImageOfPage":{"@id":"https:\/\/www.adaq.it\/fr\/aquaculture\/mytiliculture\/installations-long-line\/#primaryimage"},"image":{"@id":"https:\/\/www.adaq.it\/fr\/aquaculture\/mytiliculture\/installations-long-line\/#primaryimage"},"thumbnailUrl":"https:\/\/www.adaq.it\/wp-content\/uploads\/superficie-header.jpg","datePublished":"2018-02-23T17:33:36+00:00","dateModified":"2020-04-20T16:48:36+00:00","description":"Usines d'\u00e9levage de moules \u00e0 longue ligne Ad.Aq. garantir l'utilisation de mat\u00e9riaux sp\u00e9cifiques pour une r\u00e9sistance maximale dans le temps.","breadcrumb":{"@id":"https:\/\/www.adaq.it\/fr\/aquaculture\/mytiliculture\/installations-long-line\/#breadcrumb"},"inLanguage":"fr-FR","potentialAction":[{"@type":"ReadAction","target":["https:\/\/www.adaq.it\/fr\/aquaculture\/mytiliculture\/installations-long-line\/"]}]},{"@type":"ImageObject","inLanguage":"fr-FR","@id":"https:\/\/www.adaq.it\/fr\/aquaculture\/mytiliculture\/installations-long-line\/#primaryimage","url":"https:\/\/www.adaq.it\/wp-content\/uploads\/superficie-header.jpg","contentUrl":"https:\/\/www.adaq.it\/wp-content\/uploads\/superficie-header.jpg","width":2048,"height":1536},{"@type":"BreadcrumbList","@id":"https:\/\/www.adaq.it\/fr\/aquaculture\/mytiliculture\/installations-long-line\/#breadcrumb","itemListElement":[{"@type":"ListItem","position":1,"name":"Home","item":"https:\/\/www.adaq.it\/fr\/"},{"@type":"ListItem","position":2,"name":"Aquaculture","item":"https:\/\/www.adaq.it\/fr\/aquaculture\/"},{"@type":"ListItem","position":3,"name":"Mytiliculture","item":"https:\/\/www.adaq.it\/fr\/aquaculture\/mytiliculture\/"},{"@type":"ListItem","position":4,"name":"Installations Long Line"}]},{"@type":"WebSite","@id":"http:\/\/www.adaq.it\/fr\/#website","url":"http:\/\/www.adaq.it\/fr\/","name":"Adaq Srl","description":"Advanced Aquaculture","publisher":{"@id":"http:\/\/www.adaq.it\/fr\/#organization"},"potentialAction":[{"@type":"SearchAction","target":{"@type":"EntryPoint","urlTemplate":"http:\/\/www.adaq.it\/fr\/?s={search_term_string}"},"query-input":{"@type":"PropertyValueSpecification","valueRequired":true,"valueName":"search_term_string"}}],"inLanguage":"fr-FR"},{"@type":"Organization","@id":"http:\/\/www.adaq.it\/fr\/#organization","name":"Adaq Srl","url":"http:\/\/www.adaq.it\/fr\/","logo":{"@type":"ImageObject","inLanguage":"fr-FR","@id":"http:\/\/www.adaq.it\/fr\/#\/schema\/logo\/image\/","url":"http:\/\/www.adaq.it\/wp-content\/uploads\/logo-adaq-100.png","contentUrl":"http:\/\/www.adaq.it\/wp-content\/uploads\/logo-adaq-100.png","width":"104","height":"104","caption":"Adaq Srl"},"image":{"@id":"http:\/\/www.adaq.it\/fr\/#\/schema\/logo\/image\/"}}]}},"_links":{"self":[{"href":"https:\/\/www.adaq.it\/fr\/wp-json\/wp\/v2\/pages\/4501"}],"collection":[{"href":"https:\/\/www.adaq.it\/fr\/wp-json\/wp\/v2\/pages"}],"about":[{"href":"https:\/\/www.adaq.it\/fr\/wp-json\/wp\/v2\/types\/page"}],"author":[{"embeddable":true,"href":"https:\/\/www.adaq.it\/fr\/wp-json\/wp\/v2\/users\/1"}],"replies":[{"embeddable":true,"href":"https:\/\/www.adaq.it\/fr\/wp-json\/wp\/v2\/comments?post=4501"}],"version-history":[{"count":4,"href":"https:\/\/www.adaq.it\/fr\/wp-json\/wp\/v2\/pages\/4501\/revisions"}],"predecessor-version":[{"id":4503,"href":"https:\/\/www.adaq.it\/fr\/wp-json\/wp\/v2\/pages\/4501\/revisions\/4503"}],"up":[{"embeddable":true,"href":"https:\/\/www.adaq.it\/fr\/wp-json\/wp\/v2\/pages\/4493"}],"wp:featuredmedia":[{"embeddable":true,"href":"https:\/\/www.adaq.it\/fr\/wp-json\/wp\/v2\/media\/4502"}],"wp:attachment":[{"href":"https:\/\/www.adaq.it\/fr\/wp-json\/wp\/v2\/media?parent=4501"}],"curies":[{"name":"wp","href":"https:\/\/api.w.org\/{rel}","templated":true}]}}