{"id":4508,"date":"2019-07-21T18:03:47","date_gmt":"2019-07-21T16:03:47","guid":{"rendered":"http:\/\/www.adaq.it\/aquaculture\/mytiliculture\/installations-long-line\/galleggianti\/"},"modified":"2020-04-20T18:49:50","modified_gmt":"2020-04-20T16:49:50","slug":"flotteurs","status":"publish","type":"page","link":"https:\/\/www.adaq.it\/fr\/aquaculture\/mytiliculture\/installations-long-line\/flotteurs\/","title":{"rendered":"Flotteurs"},"content":{"rendered":"<section class=\"p-80 wow fadeIn\" data-wow-delay=\"0.5s\" style=\"visibility: visible; animation-delay: 0.5s; animation-name: fadeIn;\">\r\n          <div class=\"container\">\r\n            <div class=\"row\">\r\n              <div class=\"col-lg-8 col-md-10\">\r\n\t\t\t\t<h1>Flotteurs<\/h1>\r\n             <\/div>\r\n            <\/div>\r\n          <\/div>\r\n<\/section>\r\n\r\n<div class=\"portfolio-details-area pb-2\">\r\n      <div class=\"container\">\r\n          <div class=\"row\">\r\n              <div class=\"col-lg-8 col-md-8\">\r\n<div uk-slideshow=\"animation: fade; autoplay: true; min-height:600\" class=\"uk-slideshow\">\r\n                    <div class=\"uk-position-relative uk-visible-toggle uk-light\">                \r\n                        <ul class=\"uk-slideshow-items\">\r\n                        <li class=\"\" style=\"\">\r\n                          <div class=\"p-details-img\">\r\n                              <img decoding=\"async\" src=\"..\/..\/..\/..\/..\/wp-content\/uploads\/galleggianti2.jpg\" alt=\"\" style=\"max-width: 100%;\">\r\n                          <\/div>\r\n                        <\/li>\r\n                      <\/ul>\r\n                      <a class=\"uk-position-center-left uk-position-small uk-hidden-hover uk-slidenav-previous uk-icon uk-slidenav\" href=\"#\" uk-slidenav-previous=\"\" uk-slideshow-item=\"previous\"><svg width=\"14\" height=\"24\" viewBox=\"0 0 14 24\" xmlns=\"http:\/\/www.w3.org\/2000\/svg\" ratio=\"1\"><polyline fill=\"none\" stroke=\"#000\" stroke-width=\"1.4\" points=\"12.775,1 1.225,12 12.775,23 \"><\/polyline><\/svg><\/a>\r\n    <a class=\"uk-position-center-right uk-position-small uk-hidden-hover uk-slidenav-next uk-icon uk-slidenav uk-active\" href=\"#\" uk-slidenav-next=\"\" uk-slideshow-item=\"next\"><svg width=\"14\" height=\"24\" viewBox=\"0 0 14 24\" xmlns=\"http:\/\/www.w3.org\/2000\/svg\" ratio=\"1\"><polyline fill=\"none\" stroke=\"#000\" stroke-width=\"1.4\" points=\"1.225,23 12.775,12 1.225,1 \"><\/polyline><\/svg><\/a>\r\n                    <\/div>\r\n                    <ul class=\"uk-slideshow-nav uk-dotnav uk-flex-center uk-margin\"><li uk-slideshow-item=\"0\" class=\"\"><a href=\"#\"><\/a><\/li><li uk-slideshow-item=\"1\" class=\"\"><a href=\"#\"><\/a><\/li><li uk-slideshow-item=\"2\" class=\"uk-active\"><a href=\"#\"><\/a><\/li><li uk-slideshow-item=\"3\" class=\"\"><a href=\"#\"><\/a><\/li><li uk-slideshow-item=\"4\" class=\"\"><a href=\"#\"><\/a><\/li><\/ul>\r\n                  <\/div>\r\n              <\/div>\r\n\t\t\t  \t<div class=\"col-lg-4 col-md-4 info-details\" id=\"info\">\r\n                  <div class=\"p-details-sidebar\">\r\n                        <h2>Flotteurs<\/h2>\r\n                          <p>Les flotteurs \u00ab\u00a0Mitilaq\u00a0\u00bb sp\u00e9cialement con\u00e7us pour les reproducteurs de moules \u00ab\u00a0Long-Line\u00a0\u00bb sont fabriqu\u00e9s avec un syst\u00e8me de \u00ab\u00a0soufflage\u00a0\u00bb utilisant exclusivement du poly\u00e9thyl\u00e8ne r\u00e9sistant aux UV et trait\u00e9 HD. La grande \u00e9paisseur (mm 5) de la coque garantit une r\u00e9sistance \u00e9lev\u00e9e et permet le gonflage \u00e0 l&rsquo;air comprim\u00e9 (max. 0,8 bar) \u00e0 travers une valve sp\u00e9ciale sans tube pour augmenter sa r\u00e9sistance \u00e0 l&rsquo;immersion. Les flotteurs sont pourvus \u00e0 leur extr\u00e9mit\u00e9 d&rsquo;un \u0153il d&rsquo;amarrage de bonne r\u00e9sistance afin de permettre leur fixation aux bivalves d&rsquo;amarrage. Couleur standard: noir, rouge \/ orange, gris. Sur demande sp\u00e9cifique, les produits flottants peuvent \u00eatre fabriqu\u00e9s en diff\u00e9rentes couleurs. (Qt\u00e9. Pcs. 500)\r\n<\/p>\r\n                      <\/div>\r\n\t\t\t  <\/div>\r\n              <\/div>\r\n          <\/div>  \r\n      <\/div>\r\n\r\n<section class=\"pb-4 wow fadeIn\" data-wow-delay=\"0.5s\" style=\"visibility: visible; animation-delay: 0.5s; animation-name: fadeIn;\">\r\n          <div class=\"container\">\r\n            <div class=\"row\">\r\n              <div class=\"col\">\r\n\t\t\t\t<div class=\"p-details-text\">\r\n\t\t\t\t\t<h4 class=\"details-title\">\r\n\t\t\t\t\t\tFlotteurs Mitilaq \r\n\t\t\t\t\t<\/h4>\r\n                            <p>Ad.Aq. produit des flotteurs pour la mytiliculture de forme biconique et sph\u00e9rique, \u00e0 utiliser vides (remplissage d&rsquo;air comprim\u00e9) ou remplis de PU. \u0152illets pour la connexion aux amarres aux deux extr\u00e9mit\u00e9s.<\/p>\r\n\t\t\t\t\t   <p>\r\n\t\t\t\t\t\t   <strong>S\u00e9rie table<\/strong>\r\n\t\t\t\t\t   <\/p>\r\n\t\t\t\t\t<table class=\"uk-table uk-table-divider\">\r\n<tbody>\r\n<tr>\r\n<td >Mod\u00e8le<\/td>\r\n<td >Dimensions (mm)<\/td>\r\n<td >\r\nPoids (Kg)\r\n<\/td>\r\n<td >\r\nFlottage (Kg)\r\n<\/td>\r\n<\/tr>\r\n<tr>\r\n<td >\r\nMitilaq 80\r\n<\/td>\r\n<td >\r\n470 x 1000\r\n<\/td>\r\n<td >\r\n6\r\n<\/td>\r\n<td >\r\n80\r\n<\/td>\r\n<\/tr>\r\n<tr>\r\n<td >\r\nMitilaq 130\r\n<\/td>\r\n<td >\r\n520 x 1200\r\n<\/td>\r\n<td >\r\n8\r\n<\/td>\r\n<td >\r\n120\r\n<\/td>\r\n<\/tr>\r\n<tr>\r\n<td >\r\nMitilaq 160\r\n<\/td>\r\n<td >\r\n520 x 1450\r\n<\/td>\r\n<td >\r\n10\r\n<\/td>\r\n<td >\r\n168\r\n<\/td>\r\n<\/tr>\r\n<tr>\r\n<td >\r\nMitilaq 230\r\n<\/td>\r\n<td >\r\n590 x 1680\r\n<\/td>\r\n<td >\r\n18\r\n<\/td>\r\n<td >\r\n230\r\n<\/td>\r\n<\/tr>\r\n<tr>\r\n<td >\r\nMitilaq 300\r\n<\/td>\r\n<td >\r\n800 x 1000\r\n<\/td>\r\n<td >\r\n23\r\n<\/td>\r\n<td >\r\n300\r\n<\/td>\r\n<\/tr>\r\n<\/tbody>\r\n<\/table>\r\n\t\t\t\t\t\r\n\t\t\t\t  <\/div>\r\n             <\/div>\r\n\t\t\t\t<\/div>\r\n          <div class=\"row\">\r\n              <div class=\"col-lg-8 col-md-8\">\r\n<div uk-slideshow=\"animation: fade; autoplay: true\" class=\"uk-slideshow\">\r\n                    <div class=\"uk-position-relative uk-visible-toggle uk-light\">                \r\n                        <ul class=\"uk-slideshow-items\" style=\"height: 347px;\">\r\n\t\t\t\t\t\t\t<li class=\"\" style=\"\">\r\n                          <div class=\"p-details-img\">\r\n                              <img decoding=\"async\" src=\"..\/..\/..\/..\/..\/wp-content\/uploads\/boe11.jpg\" alt=\"\" style=\"max-width: 100%;\">\r\n                          <\/div>\r\n\t\t\t\t\t\t\t<\/li>\r\n                      <\/ul>\r\n                      <a class=\"uk-position-center-left uk-position-small uk-hidden-hover uk-slidenav-previous uk-icon uk-slidenav\" href=\"#\" uk-slidenav-previous=\"\" uk-slideshow-item=\"previous\"><svg width=\"14\" height=\"24\" viewBox=\"0 0 14 24\" xmlns=\"http:\/\/www.w3.org\/2000\/svg\" ratio=\"1\"><polyline fill=\"none\" stroke=\"#000\" stroke-width=\"1.4\" points=\"12.775,1 1.225,12 12.775,23 \"><\/polyline><\/svg><\/a>\r\n    <a class=\"uk-position-center-right uk-position-small uk-hidden-hover uk-slidenav-next uk-icon uk-slidenav uk-active\" href=\"#\" uk-slidenav-next=\"\" uk-slideshow-item=\"next\"><svg width=\"14\" height=\"24\" viewBox=\"0 0 14 24\" xmlns=\"http:\/\/www.w3.org\/2000\/svg\" ratio=\"1\"><polyline fill=\"none\" stroke=\"#000\" stroke-width=\"1.4\" points=\"1.225,23 12.775,12 1.225,1 \"><\/polyline><\/svg><\/a>\r\n                    <\/div>\r\n                    <ul class=\"uk-slideshow-nav uk-dotnav uk-flex-center uk-margin\"><li uk-slideshow-item=\"0\" class=\"\"><a href=\"#\"><\/a><\/li><li uk-slideshow-item=\"1\" class=\"\"><a href=\"#\"><\/a><\/li><li uk-slideshow-item=\"2\" class=\"uk-active\"><a href=\"#\"><\/a><\/li><li uk-slideshow-item=\"3\" class=\"\"><a href=\"#\"><\/a><\/li><li uk-slideshow-item=\"4\" class=\"\"><a href=\"#\"><\/a><\/li><\/ul>\r\n                  <\/div>\r\n              <\/div>\r\n\t\t\t  \t<div class=\"col-lg-4 col-md-4 info-details\" id=\"info\">\r\n                              <img decoding=\"async\" src=\"..\/..\/..\/..\/..\/wp-content\/uploads\/boe12.jpg\" alt=\"\" style=\"max-width: 100%;\">\r\n\t\t\t  <\/div>\r\n              <\/div>\r\n            \r\n          <\/div>\r\n<\/section>\r\n","protected":false},"excerpt":{"rendered":"Flotteurs Flotteurs Les flotteurs \u00ab\u00a0Mitilaq\u00a0\u00bb sp\u00e9cialement con\u00e7us pour les reproducteurs de moules \u00ab\u00a0Long-Line\u00a0\u00bb sont fabriqu\u00e9s avec un syst\u00e8me de \u00ab\u00a0soufflage\u00a0\u00bb utilisant exclusivement du poly\u00e9thyl\u00e8ne r\u00e9sistant aux UV et trait\u00e9 HD. La grande \u00e9paisseur (mm 5) de la coque garantit une r\u00e9sistance \u00e9lev\u00e9e et permet le gonflage \u00e0 l&rsquo;air comprim\u00e9 (max. 0,8 bar) \u00e0 travers une [&hellip;]","protected":false},"author":1,"featured_media":4502,"parent":4501,"menu_order":0,"comment_status":"closed","ping_status":"closed","template":"sub_page_adaq_uikit.php","meta":{"_acf_changed":false,"footnotes":""},"acf":[],"yoast_head":"<!-- This site is optimized with the Yoast SEO plugin v23.5 - https:\/\/yoast.com\/wordpress\/plugins\/seo\/ -->\n<title>Flotteurs pour les plantes d&#039;\u00e9levage de moules \u00e0 longue ligne | Adaq Srl<\/title>\n<meta name=\"description\" content=\"Les flotteurs Mitilaq sp\u00e9cialement con\u00e7us pour les syst\u00e8mes d&#039;\u00e9levage de moules \u00e0 longue ligne sont produits avec un syst\u00e8me de soufflage.\" \/>\n<meta name=\"robots\" content=\"index, follow, max-snippet:-1, max-image-preview:large, max-video-preview:-1\" \/>\n<link rel=\"canonical\" href=\"https:\/\/www.adaq.it\/fr\/aquaculture\/mytiliculture\/installations-long-line\/flotteurs\/\" \/>\n<meta property=\"og:locale\" content=\"fr_FR\" \/>\n<meta property=\"og:type\" content=\"article\" \/>\n<meta property=\"og:title\" content=\"Flotteurs pour les plantes d&#039;\u00e9levage de moules \u00e0 longue ligne | Adaq Srl\" \/>\n<meta property=\"og:description\" content=\"Les flotteurs Mitilaq sp\u00e9cialement con\u00e7us pour les syst\u00e8mes d&#039;\u00e9levage de moules \u00e0 longue ligne sont produits avec un syst\u00e8me de soufflage.\" \/>\n<meta property=\"og:url\" content=\"https:\/\/www.adaq.it\/fr\/aquaculture\/mytiliculture\/installations-long-line\/flotteurs\/\" \/>\n<meta property=\"og:site_name\" content=\"Adaq Srl\" \/>\n<meta property=\"article:modified_time\" content=\"2020-04-20T16:49:50+00:00\" \/>\n<meta property=\"og:image\" content=\"http:\/\/www.adaq.it\/wp-content\/uploads\/superficie-header.jpg\" \/>\n\t<meta property=\"og:image:width\" content=\"2048\" \/>\n\t<meta property=\"og:image:height\" content=\"1536\" \/>\n\t<meta property=\"og:image:type\" content=\"image\/jpeg\" \/>\n<meta name=\"twitter:card\" content=\"summary_large_image\" \/>\n<meta name=\"twitter:label1\" content=\"Dur\u00e9e de lecture estim\u00e9e\" \/>\n\t<meta name=\"twitter:data1\" content=\"1 minute\" \/>\n<script type=\"application\/ld+json\" class=\"yoast-schema-graph\">{\"@context\":\"https:\/\/schema.org\",\"@graph\":[{\"@type\":\"WebPage\",\"@id\":\"https:\/\/www.adaq.it\/fr\/aquaculture\/mytiliculture\/installations-long-line\/flotteurs\/\",\"url\":\"https:\/\/www.adaq.it\/fr\/aquaculture\/mytiliculture\/installations-long-line\/flotteurs\/\",\"name\":\"Flotteurs pour les plantes d'\u00e9levage de moules \u00e0 longue ligne | Adaq Srl\",\"isPartOf\":{\"@id\":\"http:\/\/www.adaq.it\/fr\/#website\"},\"primaryImageOfPage\":{\"@id\":\"https:\/\/www.adaq.it\/fr\/aquaculture\/mytiliculture\/installations-long-line\/flotteurs\/#primaryimage\"},\"image\":{\"@id\":\"https:\/\/www.adaq.it\/fr\/aquaculture\/mytiliculture\/installations-long-line\/flotteurs\/#primaryimage\"},\"thumbnailUrl\":\"https:\/\/www.adaq.it\/wp-content\/uploads\/superficie-header.jpg\",\"datePublished\":\"2019-07-21T16:03:47+00:00\",\"dateModified\":\"2020-04-20T16:49:50+00:00\",\"description\":\"Les flotteurs Mitilaq sp\u00e9cialement con\u00e7us pour les syst\u00e8mes d'\u00e9levage de moules \u00e0 longue ligne sont produits avec un syst\u00e8me de soufflage.\",\"breadcrumb\":{\"@id\":\"https:\/\/www.adaq.it\/fr\/aquaculture\/mytiliculture\/installations-long-line\/flotteurs\/#breadcrumb\"},\"inLanguage\":\"fr-FR\",\"potentialAction\":[{\"@type\":\"ReadAction\",\"target\":[\"https:\/\/www.adaq.it\/fr\/aquaculture\/mytiliculture\/installations-long-line\/flotteurs\/\"]}]},{\"@type\":\"ImageObject\",\"inLanguage\":\"fr-FR\",\"@id\":\"https:\/\/www.adaq.it\/fr\/aquaculture\/mytiliculture\/installations-long-line\/flotteurs\/#primaryimage\",\"url\":\"https:\/\/www.adaq.it\/wp-content\/uploads\/superficie-header.jpg\",\"contentUrl\":\"https:\/\/www.adaq.it\/wp-content\/uploads\/superficie-header.jpg\",\"width\":2048,\"height\":1536},{\"@type\":\"BreadcrumbList\",\"@id\":\"https:\/\/www.adaq.it\/fr\/aquaculture\/mytiliculture\/installations-long-line\/flotteurs\/#breadcrumb\",\"itemListElement\":[{\"@type\":\"ListItem\",\"position\":1,\"name\":\"Home\",\"item\":\"https:\/\/www.adaq.it\/fr\/\"},{\"@type\":\"ListItem\",\"position\":2,\"name\":\"Aquaculture\",\"item\":\"https:\/\/www.adaq.it\/fr\/aquaculture\/\"},{\"@type\":\"ListItem\",\"position\":3,\"name\":\"Mytiliculture\",\"item\":\"https:\/\/www.adaq.it\/fr\/aquaculture\/mytiliculture\/\"},{\"@type\":\"ListItem\",\"position\":4,\"name\":\"Installations Long Line\",\"item\":\"https:\/\/www.adaq.it\/fr\/aquaculture\/mytiliculture\/installations-long-line\/\"},{\"@type\":\"ListItem\",\"position\":5,\"name\":\"Flotteurs\"}]},{\"@type\":\"WebSite\",\"@id\":\"http:\/\/www.adaq.it\/fr\/#website\",\"url\":\"http:\/\/www.adaq.it\/fr\/\",\"name\":\"Adaq Srl\",\"description\":\"Advanced Aquaculture\",\"publisher\":{\"@id\":\"http:\/\/www.adaq.it\/fr\/#organization\"},\"potentialAction\":[{\"@type\":\"SearchAction\",\"target\":{\"@type\":\"EntryPoint\",\"urlTemplate\":\"http:\/\/www.adaq.it\/fr\/?s={search_term_string}\"},\"query-input\":{\"@type\":\"PropertyValueSpecification\",\"valueRequired\":true,\"valueName\":\"search_term_string\"}}],\"inLanguage\":\"fr-FR\"},{\"@type\":\"Organization\",\"@id\":\"http:\/\/www.adaq.it\/fr\/#organization\",\"name\":\"Adaq Srl\",\"url\":\"http:\/\/www.adaq.it\/fr\/\",\"logo\":{\"@type\":\"ImageObject\",\"inLanguage\":\"fr-FR\",\"@id\":\"http:\/\/www.adaq.it\/fr\/#\/schema\/logo\/image\/\",\"url\":\"http:\/\/www.adaq.it\/wp-content\/uploads\/logo-adaq-100.png\",\"contentUrl\":\"http:\/\/www.adaq.it\/wp-content\/uploads\/logo-adaq-100.png\",\"width\":\"104\",\"height\":\"104\",\"caption\":\"Adaq Srl\"},\"image\":{\"@id\":\"http:\/\/www.adaq.it\/fr\/#\/schema\/logo\/image\/\"}}]}<\/script>\n<!-- \/ Yoast SEO plugin. -->","yoast_head_json":{"title":"Flotteurs pour les plantes d'\u00e9levage de moules \u00e0 longue ligne | Adaq Srl","description":"Les flotteurs Mitilaq sp\u00e9cialement con\u00e7us pour les syst\u00e8mes d'\u00e9levage de moules \u00e0 longue ligne sont produits avec un syst\u00e8me de soufflage.","robots":{"index":"index","follow":"follow","max-snippet":"max-snippet:-1","max-image-preview":"max-image-preview:large","max-video-preview":"max-video-preview:-1"},"canonical":"https:\/\/www.adaq.it\/fr\/aquaculture\/mytiliculture\/installations-long-line\/flotteurs\/","og_locale":"fr_FR","og_type":"article","og_title":"Flotteurs pour les plantes d'\u00e9levage de moules \u00e0 longue ligne | Adaq Srl","og_description":"Les flotteurs Mitilaq sp\u00e9cialement con\u00e7us pour les syst\u00e8mes d'\u00e9levage de moules \u00e0 longue ligne sont produits avec un syst\u00e8me de soufflage.","og_url":"https:\/\/www.adaq.it\/fr\/aquaculture\/mytiliculture\/installations-long-line\/flotteurs\/","og_site_name":"Adaq Srl","article_modified_time":"2020-04-20T16:49:50+00:00","og_image":[{"width":2048,"height":1536,"url":"http:\/\/www.adaq.it\/wp-content\/uploads\/superficie-header.jpg","type":"image\/jpeg"}],"twitter_card":"summary_large_image","twitter_misc":{"Dur\u00e9e de lecture estim\u00e9e":"1 minute"},"schema":{"@context":"https:\/\/schema.org","@graph":[{"@type":"WebPage","@id":"https:\/\/www.adaq.it\/fr\/aquaculture\/mytiliculture\/installations-long-line\/flotteurs\/","url":"https:\/\/www.adaq.it\/fr\/aquaculture\/mytiliculture\/installations-long-line\/flotteurs\/","name":"Flotteurs pour les plantes d'\u00e9levage de moules \u00e0 longue ligne | Adaq Srl","isPartOf":{"@id":"http:\/\/www.adaq.it\/fr\/#website"},"primaryImageOfPage":{"@id":"https:\/\/www.adaq.it\/fr\/aquaculture\/mytiliculture\/installations-long-line\/flotteurs\/#primaryimage"},"image":{"@id":"https:\/\/www.adaq.it\/fr\/aquaculture\/mytiliculture\/installations-long-line\/flotteurs\/#primaryimage"},"thumbnailUrl":"https:\/\/www.adaq.it\/wp-content\/uploads\/superficie-header.jpg","datePublished":"2019-07-21T16:03:47+00:00","dateModified":"2020-04-20T16:49:50+00:00","description":"Les flotteurs Mitilaq sp\u00e9cialement con\u00e7us pour les syst\u00e8mes d'\u00e9levage de moules \u00e0 longue ligne sont produits avec un syst\u00e8me de soufflage.","breadcrumb":{"@id":"https:\/\/www.adaq.it\/fr\/aquaculture\/mytiliculture\/installations-long-line\/flotteurs\/#breadcrumb"},"inLanguage":"fr-FR","potentialAction":[{"@type":"ReadAction","target":["https:\/\/www.adaq.it\/fr\/aquaculture\/mytiliculture\/installations-long-line\/flotteurs\/"]}]},{"@type":"ImageObject","inLanguage":"fr-FR","@id":"https:\/\/www.adaq.it\/fr\/aquaculture\/mytiliculture\/installations-long-line\/flotteurs\/#primaryimage","url":"https:\/\/www.adaq.it\/wp-content\/uploads\/superficie-header.jpg","contentUrl":"https:\/\/www.adaq.it\/wp-content\/uploads\/superficie-header.jpg","width":2048,"height":1536},{"@type":"BreadcrumbList","@id":"https:\/\/www.adaq.it\/fr\/aquaculture\/mytiliculture\/installations-long-line\/flotteurs\/#breadcrumb","itemListElement":[{"@type":"ListItem","position":1,"name":"Home","item":"https:\/\/www.adaq.it\/fr\/"},{"@type":"ListItem","position":2,"name":"Aquaculture","item":"https:\/\/www.adaq.it\/fr\/aquaculture\/"},{"@type":"ListItem","position":3,"name":"Mytiliculture","item":"https:\/\/www.adaq.it\/fr\/aquaculture\/mytiliculture\/"},{"@type":"ListItem","position":4,"name":"Installations Long Line","item":"https:\/\/www.adaq.it\/fr\/aquaculture\/mytiliculture\/installations-long-line\/"},{"@type":"ListItem","position":5,"name":"Flotteurs"}]},{"@type":"WebSite","@id":"http:\/\/www.adaq.it\/fr\/#website","url":"http:\/\/www.adaq.it\/fr\/","name":"Adaq Srl","description":"Advanced Aquaculture","publisher":{"@id":"http:\/\/www.adaq.it\/fr\/#organization"},"potentialAction":[{"@type":"SearchAction","target":{"@type":"EntryPoint","urlTemplate":"http:\/\/www.adaq.it\/fr\/?s={search_term_string}"},"query-input":{"@type":"PropertyValueSpecification","valueRequired":true,"valueName":"search_term_string"}}],"inLanguage":"fr-FR"},{"@type":"Organization","@id":"http:\/\/www.adaq.it\/fr\/#organization","name":"Adaq Srl","url":"http:\/\/www.adaq.it\/fr\/","logo":{"@type":"ImageObject","inLanguage":"fr-FR","@id":"http:\/\/www.adaq.it\/fr\/#\/schema\/logo\/image\/","url":"http:\/\/www.adaq.it\/wp-content\/uploads\/logo-adaq-100.png","contentUrl":"http:\/\/www.adaq.it\/wp-content\/uploads\/logo-adaq-100.png","width":"104","height":"104","caption":"Adaq Srl"},"image":{"@id":"http:\/\/www.adaq.it\/fr\/#\/schema\/logo\/image\/"}}]}},"_links":{"self":[{"href":"https:\/\/www.adaq.it\/fr\/wp-json\/wp\/v2\/pages\/4508"}],"collection":[{"href":"https:\/\/www.adaq.it\/fr\/wp-json\/wp\/v2\/pages"}],"about":[{"href":"https:\/\/www.adaq.it\/fr\/wp-json\/wp\/v2\/types\/page"}],"author":[{"embeddable":true,"href":"https:\/\/www.adaq.it\/fr\/wp-json\/wp\/v2\/users\/1"}],"replies":[{"embeddable":true,"href":"https:\/\/www.adaq.it\/fr\/wp-json\/wp\/v2\/comments?post=4508"}],"version-history":[{"count":3,"href":"https:\/\/www.adaq.it\/fr\/wp-json\/wp\/v2\/pages\/4508\/revisions"}],"predecessor-version":[{"id":4511,"href":"https:\/\/www.adaq.it\/fr\/wp-json\/wp\/v2\/pages\/4508\/revisions\/4511"}],"up":[{"embeddable":true,"href":"https:\/\/www.adaq.it\/fr\/wp-json\/wp\/v2\/pages\/4501"}],"wp:featuredmedia":[{"embeddable":true,"href":"https:\/\/www.adaq.it\/fr\/wp-json\/wp\/v2\/media\/4502"}],"wp:attachment":[{"href":"https:\/\/www.adaq.it\/fr\/wp-json\/wp\/v2\/media?parent=4508"}],"curies":[{"name":"wp","href":"https:\/\/api.w.org\/{rel}","templated":true}]}}