{"id":4513,"date":"2019-07-21T18:16:52","date_gmt":"2019-07-21T16:16:52","guid":{"rendered":"http:\/\/www.adaq.it\/aquaculture\/mytiliculture\/installations-long-line\/sfere\/"},"modified":"2020-04-20T18:51:48","modified_gmt":"2020-04-20T16:51:48","slug":"spheres","status":"publish","type":"page","link":"https:\/\/www.adaq.it\/fr\/aquaculture\/mytiliculture\/installations-long-line\/spheres\/","title":{"rendered":"Sph\u00e8res"},"content":{"rendered":"<section class=\"p-80 wow fadeIn\" data-wow-delay=\"0.5s\" style=\"visibility: visible; animation-delay: 0.5s; animation-name: fadeIn;\">\r\n          <div class=\"container\">\r\n            <div class=\"row\">\r\n              <div class=\"col-lg-8 col-md-10\">\r\n\t\t\t\t<h1>Sph\u00e8res<\/h1>\r\n             <\/div>\r\n            <\/div>\r\n          <\/div>\r\n<\/section>\r\n\r\n<div class=\"portfolio-details-area pb-2\">\r\n      <div class=\"container\">\r\n          <div class=\"row\">\r\n              <div class=\"col-lg-8 col-md-8\">\r\n<div uk-slideshow=\"animation: fade; autoplay: true; min-height:600\" class=\"uk-slideshow\">\r\n                    <div class=\"uk-position-relative uk-visible-toggle uk-light\">                \r\n                        <ul class=\"uk-slideshow-items\">\r\n                        <li class=\"\" style=\"\">\r\n                          <div class=\"p-details-img\">\r\n                              <img decoding=\"async\" src=\"..\/..\/..\/..\/..\/wp-content\/uploads\/sfere.jpg\" alt=\"\" style=\"max-width: 100%;\">\r\n                          <\/div>\r\n                        <\/li>\r\n                      <\/ul>\r\n                      <a class=\"uk-position-center-left uk-position-small uk-hidden-hover uk-slidenav-previous uk-icon uk-slidenav\" href=\"#\" uk-slidenav-previous=\"\" uk-slideshow-item=\"previous\"><svg width=\"14\" height=\"24\" viewBox=\"0 0 14 24\" xmlns=\"http:\/\/www.w3.org\/2000\/svg\" ratio=\"1\"><polyline fill=\"none\" stroke=\"#000\" stroke-width=\"1.4\" points=\"12.775,1 1.225,12 12.775,23 \"><\/polyline><\/svg><\/a>\r\n    <a class=\"uk-position-center-right uk-position-small uk-hidden-hover uk-slidenav-next uk-icon uk-slidenav uk-active\" href=\"#\" uk-slidenav-next=\"\" uk-slideshow-item=\"next\"><svg width=\"14\" height=\"24\" viewBox=\"0 0 14 24\" xmlns=\"http:\/\/www.w3.org\/2000\/svg\" ratio=\"1\"><polyline fill=\"none\" stroke=\"#000\" stroke-width=\"1.4\" points=\"1.225,23 12.775,12 1.225,1 \"><\/polyline><\/svg><\/a>\r\n                    <\/div>\r\n                    <ul class=\"uk-slideshow-nav uk-dotnav uk-flex-center uk-margin\"><li uk-slideshow-item=\"0\" class=\"\"><a href=\"#\"><\/a><\/li><li uk-slideshow-item=\"1\" class=\"\"><a href=\"#\"><\/a><\/li><li uk-slideshow-item=\"2\" class=\"uk-active\"><a href=\"#\"><\/a><\/li><li uk-slideshow-item=\"3\" class=\"\"><a href=\"#\"><\/a><\/li><li uk-slideshow-item=\"4\" class=\"\"><a href=\"#\"><\/a><\/li><\/ul>\r\n                  <\/div>\r\n              <\/div>\r\n\t\t\t  \t<div class=\"col-lg-4 col-md-4 info-details\" id=\"info\">\r\n                  <div class=\"p-details-sidebar\">\r\n                        <h2>Sph\u00e8res<\/h2>\r\n                          <p>Sph\u00e8res de profondeur en PE rotatif avec remplissage en PU expans\u00e9 \u00e0 haute densit\u00e9 pour tendre la derni\u00e8re section au corps mort des amarres. <br> Caract\u00e9ristiques des sph\u00e8res pour une profondeur maximale d&rsquo;utilisation: 50 m\r\n<\/p>\r\n                      <\/div>\r\n\t\t\t  <\/div>\r\n              <\/div>\r\n          <\/div>  \r\n      <\/div>\r\n\r\n<section class=\"pb-4 wow fadeIn\" data-wow-delay=\"0.5s\" style=\"visibility: visible; animation-delay: 0.5s; animation-name: fadeIn;\">\r\n          <div class=\"container\">\r\n            <div class=\"row\">\r\n              <div class=\"col\">\r\n\t\t\t\t<div class=\"p-details-text\">\r\n\t\t\t\t\t<table class=\"uk-table uk-table-divider\">\r\n  \r\n<tbody>\r\n<tr>\r\n<td> Diam\u00e8tre ext\u00e9rieur mm\r\n<\/td>\r\n<td> Diam\u00e8tre du trou traversant mm\r\n<\/td>\r\n<td>\r\nPoids (kg)\r\n<\/td>\r\n<td>\r\nPouss\u00e9e (kg)\r\n<\/td>\r\n<\/tr>\r\n<tr>\r\n<td >\r\n550\r\n<\/td>\r\n<td >\r\n60\r\n<\/td>\r\n<td >\r\n13\r\n<\/td>\r\n<td >\r\n80\r\n<\/td>\r\n<\/tr>\r\n<tr>\r\n<td >\r\n650\r\n<\/td>\r\n<td >\r\n60-80\r\n<\/td>\r\n<td >\r\n18\r\n<\/td>\r\n<td >\r\n100\r\n<\/td>\r\n<\/tr>\r\n<\/tbody>\r\n<\/table>\r\n\t\t\t\t\t\r\n\t\t\t\t  <\/div>\r\n             <\/div>\r\n\t\t\t\t<\/div>\r\n            \r\n          <\/div>\r\n<\/section>\r\n","protected":false},"excerpt":{"rendered":"Sph\u00e8res Sph\u00e8res Sph\u00e8res de profondeur en PE rotatif avec remplissage en PU expans\u00e9 \u00e0 haute densit\u00e9 pour tendre la derni\u00e8re section au corps mort des amarres. Caract\u00e9ristiques des sph\u00e8res pour une profondeur maximale d&rsquo;utilisation: 50 m Diam\u00e8tre ext\u00e9rieur mm Diam\u00e8tre du trou traversant mm Poids (kg) Pouss\u00e9e (kg) 550 60 13 80 650 60-80 18 [&hellip;]","protected":false},"author":1,"featured_media":4502,"parent":4501,"menu_order":0,"comment_status":"closed","ping_status":"closed","template":"sub_page_adaq_uikit.php","meta":{"_acf_changed":false,"footnotes":""},"acf":[],"yoast_head":"<!-- This site is optimized with the Yoast SEO plugin v23.5 - https:\/\/yoast.com\/wordpress\/plugins\/seo\/ -->\n<title>Sph\u00e8res de profondeur en PE rotatif avec remplissage PU | Adaq Srl<\/title>\n<meta name=\"description\" content=\"Sph\u00e8res de profondeur en PE rotatif avec remplissage en PU expans\u00e9 haute densit\u00e9 pour tendre le corps mort des amarres.\" \/>\n<meta name=\"robots\" content=\"index, follow, max-snippet:-1, max-image-preview:large, max-video-preview:-1\" \/>\n<link rel=\"canonical\" href=\"https:\/\/www.adaq.it\/fr\/aquaculture\/mytiliculture\/installations-long-line\/spheres\/\" \/>\n<meta property=\"og:locale\" content=\"fr_FR\" \/>\n<meta property=\"og:type\" content=\"article\" \/>\n<meta property=\"og:title\" content=\"Sph\u00e8res de profondeur en PE rotatif avec remplissage PU | Adaq Srl\" \/>\n<meta property=\"og:description\" content=\"Sph\u00e8res de profondeur en PE rotatif avec remplissage en PU expans\u00e9 haute densit\u00e9 pour tendre le corps mort des amarres.\" \/>\n<meta property=\"og:url\" content=\"https:\/\/www.adaq.it\/fr\/aquaculture\/mytiliculture\/installations-long-line\/spheres\/\" \/>\n<meta property=\"og:site_name\" content=\"Adaq Srl\" \/>\n<meta property=\"article:modified_time\" content=\"2020-04-20T16:51:48+00:00\" \/>\n<meta property=\"og:image\" content=\"https:\/\/www.adaq.it\/wp-content\/uploads\/superficie-header.jpg\" \/>\n\t<meta property=\"og:image:width\" content=\"2048\" \/>\n\t<meta property=\"og:image:height\" content=\"1536\" \/>\n\t<meta property=\"og:image:type\" content=\"image\/jpeg\" \/>\n<meta name=\"twitter:card\" content=\"summary_large_image\" \/>\n<script type=\"application\/ld+json\" class=\"yoast-schema-graph\">{\"@context\":\"https:\/\/schema.org\",\"@graph\":[{\"@type\":\"WebPage\",\"@id\":\"https:\/\/www.adaq.it\/fr\/aquaculture\/mytiliculture\/installations-long-line\/spheres\/\",\"url\":\"https:\/\/www.adaq.it\/fr\/aquaculture\/mytiliculture\/installations-long-line\/spheres\/\",\"name\":\"Sph\u00e8res de profondeur en PE rotatif avec remplissage PU | Adaq Srl\",\"isPartOf\":{\"@id\":\"http:\/\/www.adaq.it\/fr\/#website\"},\"primaryImageOfPage\":{\"@id\":\"https:\/\/www.adaq.it\/fr\/aquaculture\/mytiliculture\/installations-long-line\/spheres\/#primaryimage\"},\"image\":{\"@id\":\"https:\/\/www.adaq.it\/fr\/aquaculture\/mytiliculture\/installations-long-line\/spheres\/#primaryimage\"},\"thumbnailUrl\":\"https:\/\/www.adaq.it\/wp-content\/uploads\/superficie-header.jpg\",\"datePublished\":\"2019-07-21T16:16:52+00:00\",\"dateModified\":\"2020-04-20T16:51:48+00:00\",\"description\":\"Sph\u00e8res de profondeur en PE rotatif avec remplissage en PU expans\u00e9 haute densit\u00e9 pour tendre le corps mort des amarres.\",\"breadcrumb\":{\"@id\":\"https:\/\/www.adaq.it\/fr\/aquaculture\/mytiliculture\/installations-long-line\/spheres\/#breadcrumb\"},\"inLanguage\":\"fr-FR\",\"potentialAction\":[{\"@type\":\"ReadAction\",\"target\":[\"https:\/\/www.adaq.it\/fr\/aquaculture\/mytiliculture\/installations-long-line\/spheres\/\"]}]},{\"@type\":\"ImageObject\",\"inLanguage\":\"fr-FR\",\"@id\":\"https:\/\/www.adaq.it\/fr\/aquaculture\/mytiliculture\/installations-long-line\/spheres\/#primaryimage\",\"url\":\"https:\/\/www.adaq.it\/wp-content\/uploads\/superficie-header.jpg\",\"contentUrl\":\"https:\/\/www.adaq.it\/wp-content\/uploads\/superficie-header.jpg\",\"width\":2048,\"height\":1536},{\"@type\":\"BreadcrumbList\",\"@id\":\"https:\/\/www.adaq.it\/fr\/aquaculture\/mytiliculture\/installations-long-line\/spheres\/#breadcrumb\",\"itemListElement\":[{\"@type\":\"ListItem\",\"position\":1,\"name\":\"Home\",\"item\":\"https:\/\/www.adaq.it\/fr\/\"},{\"@type\":\"ListItem\",\"position\":2,\"name\":\"Aquaculture\",\"item\":\"https:\/\/www.adaq.it\/fr\/aquaculture\/\"},{\"@type\":\"ListItem\",\"position\":3,\"name\":\"Mytiliculture\",\"item\":\"https:\/\/www.adaq.it\/fr\/aquaculture\/mytiliculture\/\"},{\"@type\":\"ListItem\",\"position\":4,\"name\":\"Installations Long Line\",\"item\":\"https:\/\/www.adaq.it\/fr\/aquaculture\/mytiliculture\/installations-long-line\/\"},{\"@type\":\"ListItem\",\"position\":5,\"name\":\"Sph\u00e8res\"}]},{\"@type\":\"WebSite\",\"@id\":\"http:\/\/www.adaq.it\/fr\/#website\",\"url\":\"http:\/\/www.adaq.it\/fr\/\",\"name\":\"Adaq Srl\",\"description\":\"Advanced Aquaculture\",\"publisher\":{\"@id\":\"http:\/\/www.adaq.it\/fr\/#organization\"},\"potentialAction\":[{\"@type\":\"SearchAction\",\"target\":{\"@type\":\"EntryPoint\",\"urlTemplate\":\"http:\/\/www.adaq.it\/fr\/?s={search_term_string}\"},\"query-input\":{\"@type\":\"PropertyValueSpecification\",\"valueRequired\":true,\"valueName\":\"search_term_string\"}}],\"inLanguage\":\"fr-FR\"},{\"@type\":\"Organization\",\"@id\":\"http:\/\/www.adaq.it\/fr\/#organization\",\"name\":\"Adaq Srl\",\"url\":\"http:\/\/www.adaq.it\/fr\/\",\"logo\":{\"@type\":\"ImageObject\",\"inLanguage\":\"fr-FR\",\"@id\":\"http:\/\/www.adaq.it\/fr\/#\/schema\/logo\/image\/\",\"url\":\"http:\/\/www.adaq.it\/wp-content\/uploads\/logo-adaq-100.png\",\"contentUrl\":\"http:\/\/www.adaq.it\/wp-content\/uploads\/logo-adaq-100.png\",\"width\":\"104\",\"height\":\"104\",\"caption\":\"Adaq Srl\"},\"image\":{\"@id\":\"http:\/\/www.adaq.it\/fr\/#\/schema\/logo\/image\/\"}}]}<\/script>\n<!-- \/ Yoast SEO plugin. -->","yoast_head_json":{"title":"Sph\u00e8res de profondeur en PE rotatif avec remplissage PU | Adaq Srl","description":"Sph\u00e8res de profondeur en PE rotatif avec remplissage en PU expans\u00e9 haute densit\u00e9 pour tendre le corps mort des amarres.","robots":{"index":"index","follow":"follow","max-snippet":"max-snippet:-1","max-image-preview":"max-image-preview:large","max-video-preview":"max-video-preview:-1"},"canonical":"https:\/\/www.adaq.it\/fr\/aquaculture\/mytiliculture\/installations-long-line\/spheres\/","og_locale":"fr_FR","og_type":"article","og_title":"Sph\u00e8res de profondeur en PE rotatif avec remplissage PU | Adaq Srl","og_description":"Sph\u00e8res de profondeur en PE rotatif avec remplissage en PU expans\u00e9 haute densit\u00e9 pour tendre le corps mort des amarres.","og_url":"https:\/\/www.adaq.it\/fr\/aquaculture\/mytiliculture\/installations-long-line\/spheres\/","og_site_name":"Adaq Srl","article_modified_time":"2020-04-20T16:51:48+00:00","og_image":[{"width":2048,"height":1536,"url":"https:\/\/www.adaq.it\/wp-content\/uploads\/superficie-header.jpg","type":"image\/jpeg"}],"twitter_card":"summary_large_image","schema":{"@context":"https:\/\/schema.org","@graph":[{"@type":"WebPage","@id":"https:\/\/www.adaq.it\/fr\/aquaculture\/mytiliculture\/installations-long-line\/spheres\/","url":"https:\/\/www.adaq.it\/fr\/aquaculture\/mytiliculture\/installations-long-line\/spheres\/","name":"Sph\u00e8res de profondeur en PE rotatif avec remplissage PU | Adaq Srl","isPartOf":{"@id":"http:\/\/www.adaq.it\/fr\/#website"},"primaryImageOfPage":{"@id":"https:\/\/www.adaq.it\/fr\/aquaculture\/mytiliculture\/installations-long-line\/spheres\/#primaryimage"},"image":{"@id":"https:\/\/www.adaq.it\/fr\/aquaculture\/mytiliculture\/installations-long-line\/spheres\/#primaryimage"},"thumbnailUrl":"https:\/\/www.adaq.it\/wp-content\/uploads\/superficie-header.jpg","datePublished":"2019-07-21T16:16:52+00:00","dateModified":"2020-04-20T16:51:48+00:00","description":"Sph\u00e8res de profondeur en PE rotatif avec remplissage en PU expans\u00e9 haute densit\u00e9 pour tendre le corps mort des amarres.","breadcrumb":{"@id":"https:\/\/www.adaq.it\/fr\/aquaculture\/mytiliculture\/installations-long-line\/spheres\/#breadcrumb"},"inLanguage":"fr-FR","potentialAction":[{"@type":"ReadAction","target":["https:\/\/www.adaq.it\/fr\/aquaculture\/mytiliculture\/installations-long-line\/spheres\/"]}]},{"@type":"ImageObject","inLanguage":"fr-FR","@id":"https:\/\/www.adaq.it\/fr\/aquaculture\/mytiliculture\/installations-long-line\/spheres\/#primaryimage","url":"https:\/\/www.adaq.it\/wp-content\/uploads\/superficie-header.jpg","contentUrl":"https:\/\/www.adaq.it\/wp-content\/uploads\/superficie-header.jpg","width":2048,"height":1536},{"@type":"BreadcrumbList","@id":"https:\/\/www.adaq.it\/fr\/aquaculture\/mytiliculture\/installations-long-line\/spheres\/#breadcrumb","itemListElement":[{"@type":"ListItem","position":1,"name":"Home","item":"https:\/\/www.adaq.it\/fr\/"},{"@type":"ListItem","position":2,"name":"Aquaculture","item":"https:\/\/www.adaq.it\/fr\/aquaculture\/"},{"@type":"ListItem","position":3,"name":"Mytiliculture","item":"https:\/\/www.adaq.it\/fr\/aquaculture\/mytiliculture\/"},{"@type":"ListItem","position":4,"name":"Installations Long Line","item":"https:\/\/www.adaq.it\/fr\/aquaculture\/mytiliculture\/installations-long-line\/"},{"@type":"ListItem","position":5,"name":"Sph\u00e8res"}]},{"@type":"WebSite","@id":"http:\/\/www.adaq.it\/fr\/#website","url":"http:\/\/www.adaq.it\/fr\/","name":"Adaq Srl","description":"Advanced Aquaculture","publisher":{"@id":"http:\/\/www.adaq.it\/fr\/#organization"},"potentialAction":[{"@type":"SearchAction","target":{"@type":"EntryPoint","urlTemplate":"http:\/\/www.adaq.it\/fr\/?s={search_term_string}"},"query-input":{"@type":"PropertyValueSpecification","valueRequired":true,"valueName":"search_term_string"}}],"inLanguage":"fr-FR"},{"@type":"Organization","@id":"http:\/\/www.adaq.it\/fr\/#organization","name":"Adaq Srl","url":"http:\/\/www.adaq.it\/fr\/","logo":{"@type":"ImageObject","inLanguage":"fr-FR","@id":"http:\/\/www.adaq.it\/fr\/#\/schema\/logo\/image\/","url":"http:\/\/www.adaq.it\/wp-content\/uploads\/logo-adaq-100.png","contentUrl":"http:\/\/www.adaq.it\/wp-content\/uploads\/logo-adaq-100.png","width":"104","height":"104","caption":"Adaq Srl"},"image":{"@id":"http:\/\/www.adaq.it\/fr\/#\/schema\/logo\/image\/"}}]}},"_links":{"self":[{"href":"https:\/\/www.adaq.it\/fr\/wp-json\/wp\/v2\/pages\/4513"}],"collection":[{"href":"https:\/\/www.adaq.it\/fr\/wp-json\/wp\/v2\/pages"}],"about":[{"href":"https:\/\/www.adaq.it\/fr\/wp-json\/wp\/v2\/types\/page"}],"author":[{"embeddable":true,"href":"https:\/\/www.adaq.it\/fr\/wp-json\/wp\/v2\/users\/1"}],"replies":[{"embeddable":true,"href":"https:\/\/www.adaq.it\/fr\/wp-json\/wp\/v2\/comments?post=4513"}],"version-history":[{"count":2,"href":"https:\/\/www.adaq.it\/fr\/wp-json\/wp\/v2\/pages\/4513\/revisions"}],"predecessor-version":[{"id":4515,"href":"https:\/\/www.adaq.it\/fr\/wp-json\/wp\/v2\/pages\/4513\/revisions\/4515"}],"up":[{"embeddable":true,"href":"https:\/\/www.adaq.it\/fr\/wp-json\/wp\/v2\/pages\/4501"}],"wp:featuredmedia":[{"embeddable":true,"href":"https:\/\/www.adaq.it\/fr\/wp-json\/wp\/v2\/media\/4502"}],"wp:attachment":[{"href":"https:\/\/www.adaq.it\/fr\/wp-json\/wp\/v2\/media?parent=4513"}],"curies":[{"name":"wp","href":"https:\/\/api.w.org\/{rel}","templated":true}]}}