{"id":4526,"date":"2018-02-23T17:34:21","date_gmt":"2018-02-23T16:34:21","guid":{"rendered":"http:\/\/www.adaq.it\/aquaculture\/pisciculture\/ormeggi\/"},"modified":"2020-04-20T18:53:34","modified_gmt":"2020-04-20T16:53:34","slug":"amarrages","status":"publish","type":"page","link":"https:\/\/www.adaq.it\/fr\/aquaculture\/pisciculture\/amarrages\/","title":{"rendered":"Amarrages"},"content":{"rendered":"<section class=\"p-80 wow fadeIn\" data-wow-delay=\"0.5s\" style=\"visibility: visible; animation-delay: 0.5s; animation-name: fadeIn;\">\r\n          <div class=\"container\">\r\n            <div class=\"row\">\r\n              <div class=\"col-lg-8 col-md-10\">\r\n\t\t\t\t<h1>Amarrages<\/h1>\r\n             <\/div>\r\n            <\/div>\r\n          <\/div>\r\n<\/section>\r\n<div class=\"portfolio-details-area pb-65\">\r\n      <div class=\"container\">\r\n          <div class=\"row\">\r\n              <div class=\"col-lg-12\">\r\n\t\t\t\t\t\t   <div uk-grid>\r\n\t\t\t\t\t\t\t<div>\r\n\t\t\t\t\t\t\t\t<div class=\"uk-inline uk-light\">\r\n\t\t\t\t\t\t\t\t\t<img decoding=\"async\" src=\"..\/..\/..\/..\/wp-content\/uploads\/ormeggi-2.jpg\" alt=\"\">\r\n\t\t\t\t\t\t\t\t\t<!--<a class=\"uk-position-absolute uk-transform-center marker-black\" style=\"left: 6%; top: 90%\" href=\"#modal-ancora\" uk-marker  uk-toggle><\/a>-->\r\n\t\t\t\t\t\t\t\t\t<a class=\"uk-position-absolute uk-transform-center\" style=\"left: 26%; top: 88%\" href=\"#modal-catene\" uk-marker  uk-toggle><\/a>\r\n\t\t\t\t\t\t\t\t\t<a class=\"uk-position-absolute uk-transform-center\" style=\"left: 62%; top: 81%\" href=\"#modal-corde\" uk-marker  uk-toggle><\/a>\r\n\t\t\t\t\t\t\t\t\t<a class=\"uk-position-absolute uk-transform-center\" style=\"left: 40%; top: 86%\" href=\"#modal-redance\" uk-marker  uk-toggle><\/a>\r\n\t\t\t\t\t\t\t\t\t<a class=\"uk-position-absolute uk-transform-center\" style=\"left: 90%; top: 36%\" href=\"#modal-maniglioni\" uk-marker  uk-toggle><\/a>\r\n\t\t\t\t\t\t\t\t\t<a class=\"uk-position-absolute uk-transform-center\" style=\"left: 90%; top: 10%\" href=\"#modal-accessori\" uk-marker  uk-toggle><\/a>\r\n\t\t\t\t\t\t\t\t\t<a class=\"uk-position-absolute uk-transform-center\" style=\"left: 5%; top: 91%\" href=\"#modal-ancore\" uk-marker  uk-toggle><\/a>\r\n\t\t\t\t\t\t\t\t<\/div>\r\n\t\t\t\t\t\t\t<\/div>\r\n\t\t\t\t\t\t<\/div>\r\n\t\t\t  <div class=\"row p-details-text\">\r\n\t\t\t\t   <div class=\"col-lg-8 col-md-8\">\r\n                        <div class=\"\">\r\n                            <h4 class=\"details-title\">Nos Amarrages<\/h4>\r\n                            <p>Pour la construction d\u2019une ferme d\u2019aquaculture, l\u2019amarrage repr\u00e9sente la partie la plus importante et la plus d\u00e9licate.<br>\r\n\t\t\t\t\t\t\tLa connaissance des conditions environnementales et m\u00e9t\u00e9orologiques sp\u00e9cifiques du site d\u2019installation d\u00e9termine la n\u00e9cessit\u00e9 d\u2019adapter de temps en temps les syst\u00e8mes d\u2019amarrage des structures \u00e0 installer. \u00c0 partir de crit\u00e8res g\u00e9n\u00e9raux et de syst\u00e8mes de r\u00e9sistance et de fiabilit\u00e9 \u00e9prouv\u00e9es, Ad.Aq. d\u00e9veloppe la proposition de fourniture sur la base du calcul des contraintes auxquelles le syst\u00e8me d\u2019ancrage sera soumis de mani\u00e8re pr\u00e9visible.<br><br>\r\n\t\t\t\t\t\t\tAd.Aq. s\u2019est toujours distingu\u00e9 dans la fourniture de syst\u00e8mes d\u2019amarrage complexes, compos\u00e9s d\u2019ancre\/corps mort, cha\u00eene\/c\u00e2ble\/bande, bou\u00e9e. Les mat\u00e9riaux les plus r\u00e9sistants, l\u2019\u00e9tude pour un positionnement correct, des charges de rupture qui garantissent la dur\u00e9e de vie de votre syst\u00e8me, m\u00eame en cas de fortes temp\u00eates.<\/p>\r\n\t\t\t\t\t\t\t<\/div>\r\n\t\t\t\t\t   <h4 class=\"details-title\">Info technique<\/h4> \r\n\t\t\t\t\t   <div>\r\n                        L\u2019amarrage est compos\u00e9 de 4\u00a0\u00e9l\u00e9ments fondamentaux\u00a0: l\u2019<strong>ancrage<\/strong>, l\u2019<strong>\u00e9l\u00e9ment de liaison<\/strong>, la <strong>bou\u00e9e<\/strong>, le <strong>treillis d\u2019amarrage de la cage<\/strong>.<br>\r\n\t\t\t\t\t\t<ul class=\"pt-4\">\r\n\t\t\t\t\t\t\t<li>L\u2019ancrage est \u00e9tudi\u00e9 et fourni selon les besoins du client avec des ancres ou, de plus en plus rarement, avec des corps morts. Les ancres de la s\u00e9rie \u00ab\u00a0SAND ANCHOR\u00a0\u00bb de notre conception sont celles con\u00e7ues pour les fonds sableux et vaseux, tandis que pour les fonds rocheux, ce sont des ancres \u00e0 barres mobiles qui sont fournies.<\/li>\t\r\n\t\t\t\t\t\t\t<li>La liaison se fait g\u00e9n\u00e9ralement avec l\u2019utilisation d\u2019une cha\u00eene + corde \u00e0 cosse c\u0153ur.<\/li>\r\n\t\t\t\t\t\t\t<li>Les bou\u00e9es d\u2019amarrage, composant essentiel de toute installation d\u2019aquaculture, de la ligne \u00ab\u00a0JUMPER FP\u00a0\u00bb (800\/1200\/1500\/2000\/2600) garantissent stabilit\u00e9 et durabilit\u00e9, avec diff\u00e9rents types d\u2019attache \u00e0 la ligne de mouillage, sont fabriqu\u00e9es avec un renforcement en plein PEHD.<\/li>\r\n\t\t\t\t\t\t\t<li>Dans les gammes HPES et HPU, les bou\u00e9es sont propos\u00e9es avec des pouss\u00e9es allant de 250 \u00e0 1\u00a0600\u00a0l et une construction mixte avec corps flottant en poly\u00e9thyl\u00e8ne, remplissage en polystyr\u00e8ne et\/ou polyur\u00e9thane et renforcement en fer galvanis\u00e9.<\/li>\r\n\t\t\t\t\t\t<\/ul>\r\n                      <\/div>\r\n\t\t\t\t  <\/div>\r\n\t\t\t\t  <\/div>\r\n    \t\t\t<\/div>\r\n\t\t\t  <\/div>\r\n\t\t  <\/div>\r\n\t<\/div>\r\n\r\n<section class=\"feature-area p-80 wow fadeIn\" data-wow-delay=\"0.5s\" style=\"visibility: visible; animation-delay: 0.5s; animation-name: fadeIn;\">\r\n            <div class=\"container\">\r\n                <div class=\"uk-child-width-1-2@s uk-child-width-1-2@m uk-grid-match uk-grid\">\r\n\t\t\t\t    <div class=\"pt-30 uk-transition-toggle\">\r\n                      <div class=\"uk-transition-scale-up uk-card uk-card-default\">\r\n                        <a href=\"cosses-coeur\/\" class=\"no-underline\">\r\n                       <div class=\"uk-card-media-top image-link\" style=\"background-image:url(..\/..\/..\/..\/wp-content\/uploads\/connessioni-link-2.jpg)\">\r\n                        <\/div>\r\n                         <div class=\"uk-card-body\">\r\n                           <h3 class=\"uk-card-title\">Connexions<\/h3>\r\n                         <\/div>\r\n                          <\/a>\r\n                      <\/div>\r\n                    <\/div>\r\n\t\t\t\t\t<div class=\"pt-30 uk-transition-toggle\">\r\n                      <div class=\"uk-transition-scale-up uk-card uk-card-default\">\r\n                        <a href=\"bouee\/\" class=\"no-underline\">\r\n                       <div class=\"uk-card-media-top image-link\" style=\"background-image:url(..\/..\/..\/..\/wp-content\/uploads\/boe-link.jpg)\">\r\n                        <\/div>\r\n                         <div class=\"uk-card-body\">\r\n                           <h3 class=\"uk-card-title\">Bou\u00e9e<\/h3>\r\n                         <\/div>\r\n                          <\/a>\r\n                      <\/div>\r\n                    <\/div>\r\n\t\t\t\t\t\t\t\t\t    <div class=\"pt-30 uk-transition-toggle\">\r\n                      <div class=\"uk-transition-scale-up uk-card uk-card-default\">\r\n                        <a href=\"plaque\/\" class=\"no-underline\">\r\n                       <div class=\"uk-card-media-top image-link background-center\" style=\"background-image:url(..\/..\/..\/..\/wp-content\/uploads\/ormeggio-link.jpg)\">\r\n                        <\/div>\r\n                         <div class=\"uk-card-body\">\r\n                           <h3 class=\"uk-card-title\">Plaque d\u2019amarrage<\/h3>\r\n                         <\/div>\r\n                          <\/a>\r\n                      <\/div>\r\n                    <\/div>\r\n\t\t\t\t\t<div class=\"pt-30 uk-transition-toggle\">\r\n                      <div class=\"uk-transition-scale-up uk-card uk-card-default\">\r\n                        <a href=\"chaines\/\" class=\"no-underline\">\r\n                       <div class=\"uk-card-media-top image-link\" style=\"background-image:url(..\/..\/..\/..\/wp-content\/uploads\/catene-link.jpg)\">\r\n                        <\/div>\r\n                         <div class=\"uk-card-body\">\r\n                           <h3 class=\"uk-card-title\">Cha\u00eenes<\/h3>\r\n                         <\/div>\r\n                          <\/a>\r\n                      <\/div>\r\n                    <\/div>\r\n\t\t\t\t\t\t<div class=\"pt-30 uk-transition-toggle\">\r\n                      <div class=\"uk-transition-scale-up uk-card uk-card-default\">\r\n                        <a href=\"cordes\/\" class=\"no-underline\">\r\n                       <div class=\"uk-card-media-top image-link cover-bottom\" style=\"background-image:url(..\/..\/..\/..\/wp-content\/uploads\/corde-link-1.jpg)\">\r\n                        <\/div>\r\n                         <div class=\"uk-card-body\">\r\n                           <h3 class=\"uk-card-title\">Cordes<\/h3>\r\n                         <\/div>\r\n                          <\/a>\r\n                      <\/div>\r\n                    <\/div>\r\n\t\t\t\t\t<div class=\"pt-30 uk-transition-toggle\">\r\n                      <div class=\"uk-transition-scale-up uk-card uk-card-default\">\r\n                        <a href=\"ancres\/\" class=\"no-underline\">\r\n                       <div class=\"uk-card-media-top image-link background-center\" style=\"background-image:url(..\/..\/..\/..\/wp-content\/uploads\/ancore-link.jpg)\">\r\n                        <\/div>\r\n                         <div class=\"uk-card-body\">\r\n                           <h3 class=\"uk-card-title\">Ancres<\/h3>\r\n                         <\/div>\r\n                          <\/a>\r\n                      <\/div>\r\n                    <\/div>\r\n\t\t\t\t<\/div>\r\n\t\t\t<\/div>\r\n<\/section>\r\n\r\n<!-- This is the modal -->\r\n<div id=\"modal-catene\"  class=\"uk-flex-top\" uk-modal>\r\n   <div class=\"uk-modal-dialog uk-modal-body uk-margin-auto-vertical\">\r\n        <h2 class=\"uk-modal-title\">Cha\u00eenes<\/h2>\r\n        <div >\r\n                         <p>Dans l\u2019entrep\u00f4t AD.AQ. vous trouverez toujours une large gamme de cha\u00eenes disponibles pour r\u00e9pondre \u00e0 vos besoins. Cha\u00eenes \u00e0 maille, longue ou marine. Cha\u00eenes galvanis\u00e9es. Cha\u00eenes neuves ou d\u2019occasion.<\/p>\r\n\t\t\t\t\t\t  <a class=\"uk-button uk-button-primary\" href=\"chaines\/\">Caract\u00e9ristiques techniques<\/a>\r\n                      <\/div>\r\n    <\/div>\r\n<\/div>\r\n<!-- This is the modal -->\r\n<div id=\"modal-corde\"  class=\"uk-flex-top\" uk-modal>\r\n   <div class=\"uk-modal-dialog uk-modal-body uk-margin-auto-vertical\">\r\n        <h2 class=\"uk-modal-title\">Cordes<\/h2>\r\n        <div >\r\n                         <p>Polystil \u00e0 partir de 6\u00a0mm de diam\u00e8tre. jusqu\u2019\u00e0 56\u00a0mm en trois torons, toujours pr\u00e9sents dans notre entrep\u00f4t, tresses en polyester, plates, cordes en polypropyl\u00e8ne. Dans l\u2019entrep\u00f4t AD.AQ. vous trouverez une tr\u00e8s haute disponibilit\u00e9 qui, associ\u00e9e \u00e0 notre service d\u2019exp\u00e9dition rapide, vous permettra de recevoir vos marchandises en un peu plus de 2 jours \u00e0 compter de la date de commande.<\/p>\r\n\t\t\t\t\t\t  <a class=\"uk-button uk-button-primary\" href=\"cordes\/\">Caract\u00e9ristiques techniques<\/a>\r\n                      <\/div>\r\n    <\/div>\r\n<\/div>\r\n<!-- This is the modal -->\r\n<div id=\"modal-maniglioni\"  class=\"uk-flex-top\" uk-modal>\r\n   <div class=\"uk-modal-dialog uk-modal-body uk-margin-auto-vertical\">\r\n        <h2 class=\"uk-modal-title\">Plaque d\u2019amarrage<\/h2>\r\n        <div >\r\n                         <p>Les plaques d\u2019amarrage sont l\u2019\u00e9l\u00e9ment de liaison qui unit tous les \u00e9l\u00e9ments d\u2019amarrage.<\/p>\r\n\t\t\t\t\t\t  <a class=\"uk-button uk-button-primary\" href=\"plaque\/\">Caract\u00e9ristiques techniques<\/a>\r\n                      <\/div>\r\n    <\/div>\r\n<\/div>\r\n\r\n<!-- This is the modal -->\r\n<div id=\"modal-accessori\"  class=\"uk-flex-top\" uk-modal>\r\n   <div class=\"uk-modal-dialog uk-modal-body uk-margin-auto-vertical\">\r\n        <h2 class=\"uk-modal-title\">Accessoires techniques<\/h2>\r\n        <div >\r\n                         <p>Tous les types d\u2019accessoires li\u00e9s aux syst\u00e8mes\u00a0: bou\u00e9es biconiques MITILAQ, sph\u00e8res de profondeur, filets, dispositifs de lavage de filets, bou\u00e9es d\u2019amarrage JUMPER, attaches sinker et de passages inf\u00e9rieurs.<br>Toute notre production \u00e0 votre disposition, en un rien de temps, avec des livraisons rapides et ponctuelles. <\/p>\r\n\t\t\t\t\t\t  <a class=\"uk-button uk-button-primary\" href=\"bouee\/\">Caract\u00e9ristiques techniques<\/a>\r\n                      <\/div>\r\n    <\/div>\r\n<\/div>\r\n\r\n<!-- This is the modal -->\r\n<div id=\"modal-redance\"  class=\"uk-flex-top\" uk-modal>\r\n   <div class=\"uk-modal-dialog uk-modal-body uk-margin-auto-vertical\">\r\n        <h2 class=\"uk-modal-title\">Cosses c\u0153ur<\/h2>\r\n        <div >\r\n                         <p>\u00c0 cause de la n\u00e9cessit\u00e9 de fabriquer des cordes avec cosse c\u0153ur (plomb\u00e9es) dans les plus brefs d\u00e9lais, notre entrep\u00f4t dispose de cosses c\u0153ur ouvertes et tubulaires et d\u2019anneaux d\u2019amarrage permettant de faire face \u00e0 toute situation d\u2019urgence de mani\u00e8re impr\u00e9vue.<\/p>\r\n\t\t\t\t\t\t  <a class=\"uk-button uk-button-primary\" href=\"cosses-coeur\/\">Caract\u00e9ristiques techniques<\/a>\r\n                      <\/div>\r\n    <\/div>\r\n<\/div>\r\n\r\n<!-- This is the modal -->\r\n<div id=\"modal-ancore\"  class=\"uk-flex-top\" uk-modal>\r\n   <div class=\"uk-modal-dialog uk-modal-body uk-margin-auto-vertical\">\r\n        <h2 class=\"uk-modal-title\">Ancres<\/h2>\r\n        <div >\r\n                         <p><\/p>\r\n\t\t\t\t\t\t  <a class=\"uk-button uk-button-primary\" href=\"ancres\/\">Caract\u00e9ristiques techniques<\/a>\r\n                      <\/div>\r\n    <\/div>\r\n<\/div>\r\n","protected":false},"excerpt":{"rendered":"Amarrages Nos Amarrages Pour la construction d\u2019une ferme d\u2019aquaculture, l\u2019amarrage repr\u00e9sente la partie la plus importante et la plus d\u00e9licate. La connaissance des conditions environnementales et m\u00e9t\u00e9orologiques sp\u00e9cifiques du site d\u2019installation d\u00e9termine la n\u00e9cessit\u00e9 d\u2019adapter de temps en temps les syst\u00e8mes d\u2019amarrage des structures \u00e0 installer. \u00c0 partir de crit\u00e8res g\u00e9n\u00e9raux et de syst\u00e8mes de [&hellip;]","protected":false},"author":1,"featured_media":4527,"parent":4447,"menu_order":0,"comment_status":"closed","ping_status":"closed","template":"sub_page_adaq_uikit.php","meta":{"_acf_changed":false,"footnotes":""},"acf":[],"yoast_head":"<!-- This site is optimized with the Yoast SEO plugin v23.5 - https:\/\/yoast.com\/wordpress\/plugins\/seo\/ -->\n<title>Amarrages complexes pour la pisciculture | Adaq Srl<\/title>\n<meta name=\"description\" content=\"Ad.Aq. s&#039;est toujours distingu\u00e9 dans la fourniture de syst\u00e8mes d&#039;amarrage complexes, comprenant ancre \/ cadavre, cha\u00eene \/ corde \/ bande, bou\u00e9e.\" \/>\n<meta name=\"robots\" content=\"index, follow, max-snippet:-1, max-image-preview:large, max-video-preview:-1\" \/>\n<link rel=\"canonical\" href=\"https:\/\/www.adaq.it\/fr\/aquaculture\/pisciculture\/amarrages\/\" \/>\n<meta property=\"og:locale\" content=\"fr_FR\" \/>\n<meta property=\"og:type\" content=\"article\" \/>\n<meta property=\"og:title\" content=\"Amarrages complexes pour la pisciculture | Adaq Srl\" \/>\n<meta property=\"og:description\" content=\"Ad.Aq. s&#039;est toujours distingu\u00e9 dans la fourniture de syst\u00e8mes d&#039;amarrage complexes, comprenant ancre \/ cadavre, cha\u00eene \/ corde \/ bande, bou\u00e9e.\" \/>\n<meta property=\"og:url\" content=\"https:\/\/www.adaq.it\/fr\/aquaculture\/pisciculture\/amarrages\/\" \/>\n<meta property=\"og:site_name\" content=\"Adaq Srl\" \/>\n<meta property=\"article:modified_time\" content=\"2020-04-20T16:53:34+00:00\" \/>\n<meta property=\"og:image\" content=\"https:\/\/www.adaq.it\/wp-content\/uploads\/ormeggi-header-e1521369182730.jpg\" \/>\n\t<meta property=\"og:image:width\" content=\"2048\" \/>\n\t<meta property=\"og:image:height\" content=\"1536\" \/>\n\t<meta property=\"og:image:type\" content=\"image\/jpeg\" \/>\n<meta name=\"twitter:card\" content=\"summary_large_image\" \/>\n<meta name=\"twitter:label1\" content=\"Dur\u00e9e de lecture estim\u00e9e\" \/>\n\t<meta name=\"twitter:data1\" content=\"3 minutes\" \/>\n<script type=\"application\/ld+json\" class=\"yoast-schema-graph\">{\"@context\":\"https:\/\/schema.org\",\"@graph\":[{\"@type\":\"WebPage\",\"@id\":\"https:\/\/www.adaq.it\/fr\/aquaculture\/pisciculture\/amarrages\/\",\"url\":\"https:\/\/www.adaq.it\/fr\/aquaculture\/pisciculture\/amarrages\/\",\"name\":\"Amarrages complexes pour la pisciculture | Adaq Srl\",\"isPartOf\":{\"@id\":\"http:\/\/www.adaq.it\/fr\/#website\"},\"primaryImageOfPage\":{\"@id\":\"https:\/\/www.adaq.it\/fr\/aquaculture\/pisciculture\/amarrages\/#primaryimage\"},\"image\":{\"@id\":\"https:\/\/www.adaq.it\/fr\/aquaculture\/pisciculture\/amarrages\/#primaryimage\"},\"thumbnailUrl\":\"https:\/\/www.adaq.it\/wp-content\/uploads\/ormeggi-header-e1521369182730.jpg\",\"datePublished\":\"2018-02-23T16:34:21+00:00\",\"dateModified\":\"2020-04-20T16:53:34+00:00\",\"description\":\"Ad.Aq. s'est toujours distingu\u00e9 dans la fourniture de syst\u00e8mes d'amarrage complexes, comprenant ancre \/ cadavre, cha\u00eene \/ corde \/ bande, bou\u00e9e.\",\"breadcrumb\":{\"@id\":\"https:\/\/www.adaq.it\/fr\/aquaculture\/pisciculture\/amarrages\/#breadcrumb\"},\"inLanguage\":\"fr-FR\",\"potentialAction\":[{\"@type\":\"ReadAction\",\"target\":[\"https:\/\/www.adaq.it\/fr\/aquaculture\/pisciculture\/amarrages\/\"]}]},{\"@type\":\"ImageObject\",\"inLanguage\":\"fr-FR\",\"@id\":\"https:\/\/www.adaq.it\/fr\/aquaculture\/pisciculture\/amarrages\/#primaryimage\",\"url\":\"https:\/\/www.adaq.it\/wp-content\/uploads\/ormeggi-header-e1521369182730.jpg\",\"contentUrl\":\"https:\/\/www.adaq.it\/wp-content\/uploads\/ormeggi-header-e1521369182730.jpg\",\"width\":2048,\"height\":1536},{\"@type\":\"BreadcrumbList\",\"@id\":\"https:\/\/www.adaq.it\/fr\/aquaculture\/pisciculture\/amarrages\/#breadcrumb\",\"itemListElement\":[{\"@type\":\"ListItem\",\"position\":1,\"name\":\"Home\",\"item\":\"http:\/\/www.adaq.it\/fr\/\"},{\"@type\":\"ListItem\",\"position\":2,\"name\":\"Aquaculture\",\"item\":\"http:\/\/www.adaq.it\/fr\/aquaculture\/\"},{\"@type\":\"ListItem\",\"position\":3,\"name\":\"Pisciculture\",\"item\":\"https:\/\/www.adaq.it\/fr\/aquaculture\/pisciculture\/\"},{\"@type\":\"ListItem\",\"position\":4,\"name\":\"Amarrages\"}]},{\"@type\":\"WebSite\",\"@id\":\"http:\/\/www.adaq.it\/fr\/#website\",\"url\":\"http:\/\/www.adaq.it\/fr\/\",\"name\":\"Adaq Srl\",\"description\":\"Advanced Aquaculture\",\"publisher\":{\"@id\":\"http:\/\/www.adaq.it\/fr\/#organization\"},\"potentialAction\":[{\"@type\":\"SearchAction\",\"target\":{\"@type\":\"EntryPoint\",\"urlTemplate\":\"http:\/\/www.adaq.it\/fr\/?s={search_term_string}\"},\"query-input\":{\"@type\":\"PropertyValueSpecification\",\"valueRequired\":true,\"valueName\":\"search_term_string\"}}],\"inLanguage\":\"fr-FR\"},{\"@type\":\"Organization\",\"@id\":\"http:\/\/www.adaq.it\/fr\/#organization\",\"name\":\"Adaq Srl\",\"url\":\"http:\/\/www.adaq.it\/fr\/\",\"logo\":{\"@type\":\"ImageObject\",\"inLanguage\":\"fr-FR\",\"@id\":\"http:\/\/www.adaq.it\/fr\/#\/schema\/logo\/image\/\",\"url\":\"http:\/\/www.adaq.it\/wp-content\/uploads\/logo-adaq-100.png\",\"contentUrl\":\"http:\/\/www.adaq.it\/wp-content\/uploads\/logo-adaq-100.png\",\"width\":\"104\",\"height\":\"104\",\"caption\":\"Adaq Srl\"},\"image\":{\"@id\":\"http:\/\/www.adaq.it\/fr\/#\/schema\/logo\/image\/\"}}]}<\/script>\n<!-- \/ Yoast SEO plugin. -->","yoast_head_json":{"title":"Amarrages complexes pour la pisciculture | Adaq Srl","description":"Ad.Aq. s'est toujours distingu\u00e9 dans la fourniture de syst\u00e8mes d'amarrage complexes, comprenant ancre \/ cadavre, cha\u00eene \/ corde \/ bande, bou\u00e9e.","robots":{"index":"index","follow":"follow","max-snippet":"max-snippet:-1","max-image-preview":"max-image-preview:large","max-video-preview":"max-video-preview:-1"},"canonical":"https:\/\/www.adaq.it\/fr\/aquaculture\/pisciculture\/amarrages\/","og_locale":"fr_FR","og_type":"article","og_title":"Amarrages complexes pour la pisciculture | Adaq Srl","og_description":"Ad.Aq. s'est toujours distingu\u00e9 dans la fourniture de syst\u00e8mes d'amarrage complexes, comprenant ancre \/ cadavre, cha\u00eene \/ corde \/ bande, bou\u00e9e.","og_url":"https:\/\/www.adaq.it\/fr\/aquaculture\/pisciculture\/amarrages\/","og_site_name":"Adaq Srl","article_modified_time":"2020-04-20T16:53:34+00:00","og_image":[{"width":2048,"height":1536,"url":"https:\/\/www.adaq.it\/wp-content\/uploads\/ormeggi-header-e1521369182730.jpg","type":"image\/jpeg"}],"twitter_card":"summary_large_image","twitter_misc":{"Dur\u00e9e de lecture estim\u00e9e":"3 minutes"},"schema":{"@context":"https:\/\/schema.org","@graph":[{"@type":"WebPage","@id":"https:\/\/www.adaq.it\/fr\/aquaculture\/pisciculture\/amarrages\/","url":"https:\/\/www.adaq.it\/fr\/aquaculture\/pisciculture\/amarrages\/","name":"Amarrages complexes pour la pisciculture | Adaq Srl","isPartOf":{"@id":"http:\/\/www.adaq.it\/fr\/#website"},"primaryImageOfPage":{"@id":"https:\/\/www.adaq.it\/fr\/aquaculture\/pisciculture\/amarrages\/#primaryimage"},"image":{"@id":"https:\/\/www.adaq.it\/fr\/aquaculture\/pisciculture\/amarrages\/#primaryimage"},"thumbnailUrl":"https:\/\/www.adaq.it\/wp-content\/uploads\/ormeggi-header-e1521369182730.jpg","datePublished":"2018-02-23T16:34:21+00:00","dateModified":"2020-04-20T16:53:34+00:00","description":"Ad.Aq. s'est toujours distingu\u00e9 dans la fourniture de syst\u00e8mes d'amarrage complexes, comprenant ancre \/ cadavre, cha\u00eene \/ corde \/ bande, bou\u00e9e.","breadcrumb":{"@id":"https:\/\/www.adaq.it\/fr\/aquaculture\/pisciculture\/amarrages\/#breadcrumb"},"inLanguage":"fr-FR","potentialAction":[{"@type":"ReadAction","target":["https:\/\/www.adaq.it\/fr\/aquaculture\/pisciculture\/amarrages\/"]}]},{"@type":"ImageObject","inLanguage":"fr-FR","@id":"https:\/\/www.adaq.it\/fr\/aquaculture\/pisciculture\/amarrages\/#primaryimage","url":"https:\/\/www.adaq.it\/wp-content\/uploads\/ormeggi-header-e1521369182730.jpg","contentUrl":"https:\/\/www.adaq.it\/wp-content\/uploads\/ormeggi-header-e1521369182730.jpg","width":2048,"height":1536},{"@type":"BreadcrumbList","@id":"https:\/\/www.adaq.it\/fr\/aquaculture\/pisciculture\/amarrages\/#breadcrumb","itemListElement":[{"@type":"ListItem","position":1,"name":"Home","item":"http:\/\/www.adaq.it\/fr\/"},{"@type":"ListItem","position":2,"name":"Aquaculture","item":"http:\/\/www.adaq.it\/fr\/aquaculture\/"},{"@type":"ListItem","position":3,"name":"Pisciculture","item":"https:\/\/www.adaq.it\/fr\/aquaculture\/pisciculture\/"},{"@type":"ListItem","position":4,"name":"Amarrages"}]},{"@type":"WebSite","@id":"http:\/\/www.adaq.it\/fr\/#website","url":"http:\/\/www.adaq.it\/fr\/","name":"Adaq Srl","description":"Advanced Aquaculture","publisher":{"@id":"http:\/\/www.adaq.it\/fr\/#organization"},"potentialAction":[{"@type":"SearchAction","target":{"@type":"EntryPoint","urlTemplate":"http:\/\/www.adaq.it\/fr\/?s={search_term_string}"},"query-input":{"@type":"PropertyValueSpecification","valueRequired":true,"valueName":"search_term_string"}}],"inLanguage":"fr-FR"},{"@type":"Organization","@id":"http:\/\/www.adaq.it\/fr\/#organization","name":"Adaq Srl","url":"http:\/\/www.adaq.it\/fr\/","logo":{"@type":"ImageObject","inLanguage":"fr-FR","@id":"http:\/\/www.adaq.it\/fr\/#\/schema\/logo\/image\/","url":"http:\/\/www.adaq.it\/wp-content\/uploads\/logo-adaq-100.png","contentUrl":"http:\/\/www.adaq.it\/wp-content\/uploads\/logo-adaq-100.png","width":"104","height":"104","caption":"Adaq Srl"},"image":{"@id":"http:\/\/www.adaq.it\/fr\/#\/schema\/logo\/image\/"}}]}},"_links":{"self":[{"href":"https:\/\/www.adaq.it\/fr\/wp-json\/wp\/v2\/pages\/4526"}],"collection":[{"href":"https:\/\/www.adaq.it\/fr\/wp-json\/wp\/v2\/pages"}],"about":[{"href":"https:\/\/www.adaq.it\/fr\/wp-json\/wp\/v2\/types\/page"}],"author":[{"embeddable":true,"href":"https:\/\/www.adaq.it\/fr\/wp-json\/wp\/v2\/users\/1"}],"replies":[{"embeddable":true,"href":"https:\/\/www.adaq.it\/fr\/wp-json\/wp\/v2\/comments?post=4526"}],"version-history":[{"count":8,"href":"https:\/\/www.adaq.it\/fr\/wp-json\/wp\/v2\/pages\/4526\/revisions"}],"predecessor-version":[{"id":4779,"href":"https:\/\/www.adaq.it\/fr\/wp-json\/wp\/v2\/pages\/4526\/revisions\/4779"}],"up":[{"embeddable":true,"href":"https:\/\/www.adaq.it\/fr\/wp-json\/wp\/v2\/pages\/4447"}],"wp:featuredmedia":[{"embeddable":true,"href":"https:\/\/www.adaq.it\/fr\/wp-json\/wp\/v2\/media\/4527"}],"wp:attachment":[{"href":"https:\/\/www.adaq.it\/fr\/wp-json\/wp\/v2\/media?parent=4526"}],"curies":[{"name":"wp","href":"https:\/\/api.w.org\/{rel}","templated":true}]}}