{"id":4532,"date":"2019-02-05T23:23:58","date_gmt":"2019-02-05T22:23:58","guid":{"rendered":"http:\/\/www.adaq.it\/aquaculture\/pisciculture\/amarrages\/connessioni\/"},"modified":"2020-04-20T18:59:07","modified_gmt":"2020-04-20T16:59:07","slug":"cosses-coeur","status":"publish","type":"page","link":"https:\/\/www.adaq.it\/fr\/aquaculture\/pisciculture\/amarrages\/cosses-coeur\/","title":{"rendered":"Cosses c\u0153ur"},"content":{"rendered":"<section class=\"p-80 wow fadeIn\" data-wow-delay=\"0.5s\" style=\"visibility: visible; animation-delay: 0.5s; animation-name: fadeIn;\">\r\n          <div class=\"container\">\r\n            <div class=\"row\">\r\n              <div class=\"col-lg-8 col-md-10\">\r\n\t\t\t\t<h1>Cosses c\u0153ur<\/h1>\r\n             <\/div>\r\n            <\/div>\r\n          <\/div>\r\n<\/section>\r\n\r\n<section class=\"portfolio-details-area pb-2\">\r\n      <div class=\"container\">\r\n          <div class=\"row\">\r\n              <div class=\"col-lg-8 col-md-8\">\r\n<div uk-slideshow=\"animation: fade; autoplay: true\" class=\"uk-slideshow\">\r\n                    <div class=\"uk-position-relative uk-visible-toggle uk-light\">                \r\n                        <ul class=\"uk-slideshow-items\" style=\"height: 347px;\">\r\n                        <li class=\"\" style=\"\">\r\n                          <div class=\"p-details-img\">\r\n                              <img decoding=\"async\" src=\"..\/..\/..\/..\/..\/wp-content\/uploads\/conn-1.jpg\" alt=\"\" style=\"max-width: 100%;\">\r\n                          <\/div>\r\n\t\t\t\t\t\t\t<\/li>\r\n                      <\/ul>\r\n                    \r\n                    <\/div>\r\n                  <\/div>\r\n              <\/div>\r\n\t\t\t  \t<div class=\"col-lg-4 col-md-4 info-details\" id=\"info\">\r\n                  <div class=\"p-details-sidebar\">\r\n                         \r\n                      <\/div>\r\n\t\t\t  <\/div>\r\n              <\/div>\r\n          <\/div>  \r\n<\/section>\r\n\r\n<section class=\"pb-4 wow fadeIn\" data-wow-delay=\"0.5s\" style=\"visibility: visible; animation-delay: 0.5s; animation-name: fadeIn;\">\r\n          <div class=\"container\">\r\n            <div class=\"row\">\r\n              <div class=\"col\">\r\n\t\t\t\t<div class=\"p-details-text\">\r\n                            <p>Les liaisons entre les diff\u00e9rents \u00e9l\u00e9ments d\u2019amarrage se font \u00e0 l\u2019aide de manilles, de cosses et d\u2019anneaux en fer galvanis\u00e9 \u00e0 chaud.<\/p>\r\n\t\t\t\t\t<p>\r\n\t\t\t\t\t\tManilles Omega avec \u00e9crou et goupille fendue en acier inoxydable, en fer galvanis\u00e9 \u00e0 chaud\r\n\t\t\t\t\t<\/p>\r\n\t\t\t\t\t   <p>\r\n\t\t\t\t\t\t   <strong>Table Omega manilles <\/strong>\r\n\t\t\t\t\t   <\/p>\r\n\t\t\t\t\t<table class=\"uk-table uk-table-divider\">\r\n<tbody>\r\n<tr>\r\n<td align = \"center\"> Typologie <\/ td>\r\n<td align = \"center\"> Port\u00e9e <\/ td>\r\n<td align = \"center\"> Poids <\/ td>\r\n<td align = \"center\"> Largeur d&rsquo;ouverture <\/ td>\r\n<td align = \"center\"> Largeur interne maximale <\/ td>\r\n<td align = \"center\"> Longueur interne maximale <\/ td>\r\n<\/tr>\r\n<tr>\r\n<td valign=\"top\">\r\n<p align=\"center\"><\/p>\r\n<\/td>\r\n<td valign=\"top\">\r\n<p align=\"center\">Tons<\/p>\r\n<\/td>\r\n<td valign=\"top\">\r\n<p align=\"center\">kg<\/p>\r\n<\/td>\r\n<td valign=\"top\">\r\n<p align=\"center\">mm<\/p>\r\n<\/td>\r\n<td valign=\"top\">\r\n<p align=\"center\">mm<\/p>\r\n<\/td>\r\n<td valign=\"top\">\r\n<p align=\"center\">mm<\/p>\r\n<\/td>\r\n<\/tr>\r\n<tr>\r\n<td valign=\"top\">\r\n<p align=\"center\">5\/8&Prime;<\/p>\r\n<\/td>\r\n<td valign=\"top\">\r\n<p align=\"center\">3,25<\/p>\r\n<\/td>\r\n<td valign=\"top\">\r\n<p align=\"center\">0,76<\/p>\r\n<\/td>\r\n<td valign=\"top\">\r\n<p align=\"center\">26,9<\/p>\r\n<\/td>\r\n<td valign=\"top\">\r\n<p align=\"center\">42,9<\/p>\r\n<\/td>\r\n<td valign=\"top\">\r\n<p align=\"center\">60,5<\/p>\r\n<\/td>\r\n<\/tr>\r\n<tr>\r\n<td valign=\"top\">\r\n<p align=\"center\">3\/4&Prime;<\/p>\r\n<\/td>\r\n<td valign=\"top\">\r\n<p align=\"center\">4,75<\/p>\r\n<\/td>\r\n<td valign=\"top\">\r\n<p align=\"center\">1,23<\/p>\r\n<\/td>\r\n<td valign=\"top\">\r\n<p align=\"center\">31,8<\/p>\r\n<\/td>\r\n<td valign=\"top\">\r\n<p align=\"center\">50,8<\/p>\r\n<\/td>\r\n<td valign=\"top\">\r\n<p align=\"center\">71,4<\/p>\r\n<\/td>\r\n<\/tr>\r\n<tr>\r\n<td valign=\"top\">\r\n<p align=\"center\">7\/8&Prime;<\/p>\r\n<\/td>\r\n<td valign=\"top\">\r\n<p align=\"center\">6,50<\/p>\r\n<\/td>\r\n<td valign=\"top\">\r\n<p align=\"center\">1,79<\/p>\r\n<\/td>\r\n<td valign=\"top\">\r\n<p align=\"center\">36,6<\/p>\r\n<\/td>\r\n<td valign=\"top\">\r\n<p align=\"center\">57,9<\/p>\r\n<\/td>\r\n<td valign=\"top\">\r\n<p align=\"center\">84,1<\/p>\r\n<\/td>\r\n<\/tr>\r\n<tr>\r\n<td valign=\"top\">\r\n<p align=\"center\">1&Prime;<\/p>\r\n<\/td>\r\n<td valign=\"top\">\r\n<p align=\"center\">8,50<\/p>\r\n<\/td>\r\n<td valign=\"top\">\r\n<p align=\"center\">2,57<\/p>\r\n<\/td>\r\n<td valign=\"top\">\r\n<p align=\"center\">42,9<\/p>\r\n<\/td>\r\n<td valign=\"top\">\r\n<p align=\"center\">68,3<\/p>\r\n<\/td>\r\n<td valign=\"top\">\r\n<p align=\"center\">95,3<\/p>\r\n<\/td>\r\n<\/tr>\r\n<tr>\r\n<td valign=\"top\">\r\n<p align=\"center\">1 1\/8&Prime;<\/p>\r\n<\/td>\r\n<td valign=\"top\">\r\n<p align=\"center\">9,50<\/p>\r\n<\/td>\r\n<td valign=\"top\">\r\n<p align=\"center\">3,75<\/p>\r\n<\/td>\r\n<td valign=\"top\">\r\n<p align=\"center\">46<\/p>\r\n<\/td>\r\n<td valign=\"top\">\r\n<p align=\"center\">73,9<\/p>\r\n<\/td>\r\n<td valign=\"top\">\r\n<p align=\"center\">107,9<\/p>\r\n<\/td>\r\n<\/tr>\r\n<tr>\r\n<td valign=\"top\">\r\n<p align=\"center\">1 1\/4&Prime;<\/p>\r\n<\/td>\r\n<td valign=\"top\">\r\n<p align=\"center\">12,00<\/p>\r\n<\/td>\r\n<td valign=\"top\">\r\n<p align=\"center\">5,31<\/p>\r\n<\/td>\r\n<td valign=\"top\">\r\n<p align=\"center\">51,6<\/p>\r\n<\/td>\r\n<td valign=\"top\">\r\n<p align=\"center\">82,6<\/p>\r\n<\/td>\r\n<td valign=\"top\">\r\n<p align=\"center\">119,1<\/p>\r\n<\/td>\r\n<\/tr>\r\n<tr>\r\n<td valign=\"top\">\r\n<p align=\"center\">1 3\/8&Prime;<\/p>\r\n<\/td>\r\n<td valign=\"top\">\r\n<p align=\"center\">13,50<\/p>\r\n<\/td>\r\n<td valign=\"top\">\r\n<p align=\"center\">7,13<\/p>\r\n<\/td>\r\n<td valign=\"top\">\r\n<p align=\"center\">57,2<\/p>\r\n<\/td>\r\n<td valign=\"top\">\r\n<p align=\"center\">92,2<\/p>\r\n<\/td>\r\n<td valign=\"top\">\r\n<p align=\"center\">133,3<\/p>\r\n<\/td>\r\n<\/tr>\r\n<tr>\r\n<td valign=\"top\">\r\n<p align=\"center\">1 1\/2&Prime;<\/p>\r\n<\/td>\r\n<td valign=\"top\">\r\n<p align=\"center\">17,00<\/p>\r\n<\/td>\r\n<td valign=\"top\">\r\n<p align=\"center\">9,44<\/p>\r\n<\/td>\r\n<td valign=\"top\">\r\n<p align=\"center\">60,5<\/p>\r\n<\/td>\r\n<td valign=\"top\">\r\n<p align=\"center\">98,6<\/p>\r\n<\/td>\r\n<td valign=\"top\">\r\n<p align=\"center\">146<\/p>\r\n<\/td>\r\n<\/tr>\r\n<tr>\r\n<td valign=\"top\">\r\n<p align=\"center\">1 3\/4&Prime;<\/p>\r\n<\/td>\r\n<td valign=\"top\">\r\n<p align=\"center\">25,00<\/p>\r\n<\/td>\r\n<td valign=\"top\">\r\n<p align=\"center\">15,39<\/p>\r\n<\/td>\r\n<td valign=\"top\">\r\n<p align=\"center\">73,2<\/p>\r\n<\/td>\r\n<td valign=\"top\">\r\n<p align=\"center\">127<\/p>\r\n<\/td>\r\n<td valign=\"top\">\r\n<p align=\"center\">177,8<\/p>\r\n<\/td>\r\n<\/tr>\r\n<tr>\r\n<td valign=\"top\">\r\n<p align=\"center\">2&Prime;<\/p>\r\n<\/td>\r\n<td valign=\"top\">\r\n<p align=\"center\">35,00<\/p>\r\n<\/td>\r\n<td valign=\"top\">\r\n<p align=\"center\">23,72<\/p>\r\n<\/td>\r\n<td valign=\"top\">\r\n<p align=\"center\">82,5<\/p>\r\n<\/td>\r\n<td valign=\"top\">\r\n<p align=\"center\">146<\/p>\r\n<\/td>\r\n<td valign=\"top\">\r\n<p align=\"center\">196,8<\/p>\r\n<\/td>\r\n<\/tr>\r\n<\/tbody>\r\n<\/table>\r\n\t\t\t\t\t\r\n\t\t\t\t  <\/div>\r\n             <\/div>\r\n\t\t\t   <\/div>\r\n\t\t\t\t<div class=\"row\">\r\n\t\t\t\t   <div class=\"col-lg-6 col-md-6\">\r\n\t\t\t\t\t    <img decoding=\"async\" src=\"..\/..\/..\/..\/..\/wp-content\/uploads\/conn-2.jpg\" alt=\"\" style=\"max-width: 100%;\">\r\n\t\t\t\t  <\/div>\r\n\t\t\t\t  \t\t\t\t   <div class=\"col-lg-6 col-md-6\">\r\n\t\t\t\t\t    <img decoding=\"async\" src=\"..\/..\/..\/..\/..\/wp-content\/uploads\/conn-3.jpg\" alt=\"\" style=\"max-width: 100%;\">\r\n\t\t\t\t  <\/div>\r\n\t\t\t\t\t<p>\r\n\t\t\t\t\t\tNous avons \u00e9galement des Manilles avec les m\u00eames port\u00e9e en forme de \u00ab\u00a0D\u00a0\u00bb et dans le mod\u00e8le avec vis sans boulon des deux formes.\r\n\t\t\t\t\t<\/p>\r\n\t\t\t  <\/div>\r\n          \r\n          <\/div>\r\n<\/section>\r\n\r\n<section class=\"pb-4 wow fadeIn\" data-wow-delay=\"0.5s\" style=\"visibility: visible; animation-delay: 0.5s; animation-name: fadeIn;\">\r\n          <div class=\"container\">\r\n            <div class=\"row\">\r\n              <div class=\"col\">\r\n\t\t\t\t<div class=\"p-details-text\">\r\n                            <p>En fer galvanis\u00e9 \u00e0 chaud pour le cordage.<\/p>\r\n\t\t\t\t\t   <p>\r\n\t\t\t\t\t\t   <strong>S\u00e9rie table<\/strong>\r\n\t\t\t\t\t   <\/p>\r\n\t\t\t\t\t<table cellspacing=\"0\" cellpadding=\"0\">\r\n<tbody class=\"uk-table uk-table-divider\">\r\n<tr>\r\n<td valign = \"top\" align = \"center\"> Pour le diam\u00e8tre de la corde <\/ td>\r\n<td valign = \"top\" align = \"center\"> Largeur d&rsquo;ouverture <\/ td>\r\n<td valign = \"top\" align = \"center\"> Poids <\/ td>\r\n<td valign = \"top\" align = \"center\"> Longueur <\/ td>\r\n<\/tr>\r\n<tr>\r\n<td valign=\"top\">\r\n<p align=\"center\">Tons<\/p>\r\n<\/td>\r\n<td valign=\"top\">\r\n<p align=\"center\">mm<\/p>\r\n<\/td>\r\n<td valign=\"top\">\r\n<p align=\"center\">Kg<\/p>\r\n<\/td>\r\n<td valign=\"top\">\r\n<p align=\"center\">mm<\/p>\r\n<\/td>\r\n<\/tr>\r\n<tr>\r\n<td valign=\"top\">\r\n<p align=\"center\">30-32<\/p>\r\n<\/td>\r\n<td valign=\"top\">\r\n<p align=\"center\">40<\/p>\r\n<\/td>\r\n<td valign=\"top\">\r\n<p align=\"center\">3,10<\/p>\r\n<\/td>\r\n<td valign=\"top\">\r\n<p align=\"center\">240<\/p>\r\n<\/td>\r\n<\/tr>\r\n<tr>\r\n<td valign=\"top\">\r\n<p align=\"center\">36<\/p>\r\n<\/td>\r\n<td valign=\"top\">\r\n<p align=\"center\">45<\/p>\r\n<\/td>\r\n<td valign=\"top\">\r\n<p align=\"center\">3,60<\/p>\r\n<\/td>\r\n<td valign=\"top\">\r\n<p align=\"center\">\u02d9250<\/p>\r\n<\/td>\r\n<\/tr>\r\n<tr>\r\n<td valign=\"top\">\r\n<p align=\"center\">40-42<\/p>\r\n<\/td>\r\n<td valign=\"top\">\r\n<p align=\"center\">50<\/p>\r\n<\/td>\r\n<td valign=\"top\">\r\n<p align=\"center\">4,35<\/p>\r\n<\/td>\r\n<td valign=\"top\">\r\n<p align=\"center\">280<\/p>\r\n<\/td>\r\n<\/tr>\r\n<tr>\r\n<td valign=\"top\">\r\n<p align=\"center\">48<\/p>\r\n<\/td>\r\n<td valign=\"top\">\r\n<p align=\"center\">55<\/p>\r\n<\/td>\r\n<td valign=\"top\">\r\n<p align=\"center\">5,10<\/p>\r\n<\/td>\r\n<td valign=\"top\">\r\n<p align=\"center\">298<\/p>\r\n<\/td>\r\n<\/tr>\r\n<tr>\r\n<td valign=\"top\">\r\n<p align=\"center\">56<\/p>\r\n<\/td>\r\n<td valign=\"top\">\r\n<p align=\"center\">65<\/p>\r\n<\/td>\r\n<td valign=\"top\">\r\n<p align=\"center\">6,90<\/p>\r\n<\/td>\r\n<td valign=\"top\">\r\n<p align=\"center\">312<\/p>\r\n<\/td>\r\n<\/tr>\r\n<\/tbody>\r\n<\/table>\r\n\t\t\t\t\t\r\n\t\t\t\t  <\/div>\r\n             <\/div>\r\n\t\t\t\t<div class=\"row\">\r\n\t\t\t\t   <div class=\"col-lg-6 col-md-6\">\r\n\t\t\t\t\t    <img decoding=\"async\" src=\"..\/..\/..\/..\/..\/wp-content\/uploads\/conn-4.jpg\" alt=\"\" style=\"max-width: 100%;\">\r\n\t\t\t\t  <\/div>\r\n\t\t\t\t  \t\t\t\t   <div class=\"col-lg-6 col-md-6\">\r\n\t\t\t\t\t    <img decoding=\"async\" src=\"..\/..\/..\/..\/..\/wp-content\/uploads\/conn-5.jpg\" alt=\"\" style=\"max-width: 100%;\">\r\n\t\t\t\t  <\/div>\r\n\t\t\t  <\/div>\r\n            <\/div>\r\n          <\/div>\r\n<\/section>\r\n<section class=\"pb-4 wow fadeIn\" data-wow-delay=\"0.5s\" style=\"visibility: visible; animation-delay: 0.5s; animation-name: fadeIn;\">\r\n          <div class=\"container\">\r\n            <div class=\"row\">\r\n              <div class=\"col\">\r\n\t\t\t\t<div class=\"p-details-text\">\r\n                            <p>Anneaux de connexion avec aplatissement du fer galvanis\u00e9 \u00e0 chaud<\/p>\r\n\t\t\t\t\t   <p>\r\n\t\t\t\t\t\t   <strong>S\u00e9rie table<\/strong>\r\n\t\t\t\t\t   <\/p>\r\n\t\t\t\t\t<table class=\"uk-table uk-table-divider\">\r\n<tbody>\r\n<tr>\r\n<td align = \"center\"> Mod\u00e8le <\/ td>\r\n<td valign = \"top\" align = \"center\"> \u00c9paisseur <\/ td>\r\n<td valign = \"top\" align = \"center\"> Poids <\/ td>\r\n<td valign = \"top\" align = \"center\"> Charge de travail <\/ td>\r\n<\/tr>\r\n<tr>\r\n<td valign=\"top\">\r\n<p align=\"center\">Tons<\/p>\r\n<\/td>\r\n<td valign=\"top\">\r\n<p align=\"center\">mm<\/p>\r\n<\/td>\r\n<td valign=\"top\">\r\n<p align=\"center\">Kg<\/p>\r\n<\/td>\r\n<td valign=\"top\">\r\n<p align=\"center\">Tons<\/p>\r\n<\/td>\r\n<\/tr>\r\n<tr>\r\n<td valign=\"top\">\r\n<p align=\"center\">10-08<\/p>\r\n<\/td>\r\n<td valign=\"top\">\r\n<p align=\"center\">18<\/p>\r\n<\/td>\r\n<td valign=\"top\">\r\n<p align=\"center\">0,82<\/p>\r\n<\/td>\r\n<td valign=\"top\">\r\n<p align=\"center\">3,15<\/p>\r\n<\/td>\r\n<\/tr>\r\n<tr>\r\n<td valign=\"top\">\r\n<p align=\"center\">13-10<\/p>\r\n<\/td>\r\n<td valign=\"top\">\r\n<p align=\"center\">22<\/p>\r\n<\/td>\r\n<td valign=\"top\">\r\n<p align=\"center\">1,50<\/p>\r\n<\/td>\r\n<td valign=\"top\">\r\n<p align=\"center\">5,30<\/p>\r\n<\/td>\r\n<\/tr>\r\n<tr>\r\n<td valign=\"top\">\r\n<p align=\"center\">16-13<\/p>\r\n<\/td>\r\n<td valign=\"top\">\r\n<p align=\"center\">26<\/p>\r\n<\/td>\r\n<td valign=\"top\">\r\n<p align=\"center\">2,32<\/p>\r\n<\/td>\r\n<td valign=\"top\">\r\n<p align=\"center\">8,00<\/p>\r\n<\/td>\r\n<\/tr>\r\n<tr>\r\n<td valign=\"top\">\r\n<p align=\"center\">18-16<\/p>\r\n<\/td>\r\n<td valign=\"top\">\r\n<p align=\"center\">32<\/p>\r\n<\/td>\r\n<td valign=\"top\">\r\n<p align=\"center\">3,95<\/p>\r\n<\/td>\r\n<td valign=\"top\">\r\n<p align=\"center\">11,20<\/p>\r\n<\/td>\r\n<\/tr>\r\n<\/tbody>\r\n<\/table>\r\n\t\t\t\t\t\r\n\t\t\t\t  <\/div>\r\n             <\/div>\r\n\t\t\t\t<div class=\"row\">\r\n\t\t\t\t   <div class=\"col-lg-6 col-md-6\">\r\n\t\t\t\t\t    <img decoding=\"async\" src=\"..\/..\/..\/..\/..\/wp-content\/uploads\/conn-7.jpg\" alt=\"\" style=\"max-width: 100%;\">\r\n\t\t\t\t  <\/div>\r\n\t\t\t\t  \t\t\t\t   <div class=\"col-lg-6 col-md-6\">\r\n\t\t\t\t\t    <img decoding=\"async\" src=\"..\/..\/..\/..\/..\/wp-content\/uploads\/conn-8.jpg\" alt=\"\" style=\"max-width: 100%;\">\r\n\t\t\t\t  <\/div>\r\n\t\t\t  <\/div>\r\n            <\/div>\r\n          <\/div>\r\n<\/section>","protected":false},"excerpt":{"rendered":"Cosses c\u0153ur Les liaisons entre les diff\u00e9rents \u00e9l\u00e9ments d\u2019amarrage se font \u00e0 l\u2019aide de manilles, de cosses et d\u2019anneaux en fer galvanis\u00e9 \u00e0 chaud. Manilles Omega avec \u00e9crou et goupille fendue en acier inoxydable, en fer galvanis\u00e9 \u00e0 chaud Table Omega manilles Typologie Port\u00e9e Poids Largeur d&rsquo;ouverture Largeur interne maximale Longueur interne maximale Tons kg [&hellip;]","protected":false},"author":1,"featured_media":4527,"parent":4526,"menu_order":0,"comment_status":"closed","ping_status":"closed","template":"sub_page_adaq_uikit.php","meta":{"_acf_changed":false,"footnotes":""},"acf":[],"yoast_head":"<!-- This site is optimized with the Yoast SEO plugin v23.5 - https:\/\/yoast.com\/wordpress\/plugins\/seo\/ -->\n<title>Connexions pour les installations d&#039;aquaculture | Adaq Srl<\/title>\n<meta name=\"description\" content=\"Les connexions entre les diff\u00e9rents \u00e9l\u00e9ments d&#039;amarrage se font au moyen de poign\u00e9es, de cosses et d&#039;anneaux en fer galvanis\u00e9 \u00e0 chaud.\" \/>\n<meta name=\"robots\" content=\"index, follow, max-snippet:-1, max-image-preview:large, max-video-preview:-1\" \/>\n<link rel=\"canonical\" href=\"https:\/\/www.adaq.it\/fr\/aquaculture\/pisciculture\/amarrages\/cosses-coeur\/\" \/>\n<meta property=\"og:locale\" content=\"fr_FR\" \/>\n<meta property=\"og:type\" content=\"article\" \/>\n<meta property=\"og:title\" content=\"Connexions pour les installations d&#039;aquaculture | Adaq Srl\" \/>\n<meta property=\"og:description\" content=\"Les connexions entre les diff\u00e9rents \u00e9l\u00e9ments d&#039;amarrage se font au moyen de poign\u00e9es, de cosses et d&#039;anneaux en fer galvanis\u00e9 \u00e0 chaud.\" \/>\n<meta property=\"og:url\" content=\"https:\/\/www.adaq.it\/fr\/aquaculture\/pisciculture\/amarrages\/cosses-coeur\/\" \/>\n<meta property=\"og:site_name\" content=\"Adaq Srl\" \/>\n<meta property=\"article:modified_time\" content=\"2020-04-20T16:59:07+00:00\" \/>\n<meta property=\"og:image\" content=\"https:\/\/www.adaq.it\/wp-content\/uploads\/ormeggi-header-e1521369182730.jpg\" \/>\n\t<meta property=\"og:image:width\" content=\"2048\" \/>\n\t<meta property=\"og:image:height\" content=\"1536\" \/>\n\t<meta property=\"og:image:type\" content=\"image\/jpeg\" \/>\n<meta name=\"twitter:card\" content=\"summary_large_image\" \/>\n<meta name=\"twitter:label1\" content=\"Dur\u00e9e de lecture estim\u00e9e\" \/>\n\t<meta name=\"twitter:data1\" content=\"1 minute\" \/>\n<script type=\"application\/ld+json\" class=\"yoast-schema-graph\">{\"@context\":\"https:\/\/schema.org\",\"@graph\":[{\"@type\":\"WebPage\",\"@id\":\"https:\/\/www.adaq.it\/fr\/aquaculture\/pisciculture\/amarrages\/cosses-coeur\/\",\"url\":\"https:\/\/www.adaq.it\/fr\/aquaculture\/pisciculture\/amarrages\/cosses-coeur\/\",\"name\":\"Connexions pour les installations d'aquaculture | Adaq Srl\",\"isPartOf\":{\"@id\":\"http:\/\/www.adaq.it\/fr\/#website\"},\"primaryImageOfPage\":{\"@id\":\"https:\/\/www.adaq.it\/fr\/aquaculture\/pisciculture\/amarrages\/cosses-coeur\/#primaryimage\"},\"image\":{\"@id\":\"https:\/\/www.adaq.it\/fr\/aquaculture\/pisciculture\/amarrages\/cosses-coeur\/#primaryimage\"},\"thumbnailUrl\":\"https:\/\/www.adaq.it\/wp-content\/uploads\/ormeggi-header-e1521369182730.jpg\",\"datePublished\":\"2019-02-05T22:23:58+00:00\",\"dateModified\":\"2020-04-20T16:59:07+00:00\",\"description\":\"Les connexions entre les diff\u00e9rents \u00e9l\u00e9ments d'amarrage se font au moyen de poign\u00e9es, de cosses et d'anneaux en fer galvanis\u00e9 \u00e0 chaud.\",\"breadcrumb\":{\"@id\":\"https:\/\/www.adaq.it\/fr\/aquaculture\/pisciculture\/amarrages\/cosses-coeur\/#breadcrumb\"},\"inLanguage\":\"fr-FR\",\"potentialAction\":[{\"@type\":\"ReadAction\",\"target\":[\"https:\/\/www.adaq.it\/fr\/aquaculture\/pisciculture\/amarrages\/cosses-coeur\/\"]}]},{\"@type\":\"ImageObject\",\"inLanguage\":\"fr-FR\",\"@id\":\"https:\/\/www.adaq.it\/fr\/aquaculture\/pisciculture\/amarrages\/cosses-coeur\/#primaryimage\",\"url\":\"https:\/\/www.adaq.it\/wp-content\/uploads\/ormeggi-header-e1521369182730.jpg\",\"contentUrl\":\"https:\/\/www.adaq.it\/wp-content\/uploads\/ormeggi-header-e1521369182730.jpg\",\"width\":2048,\"height\":1536},{\"@type\":\"BreadcrumbList\",\"@id\":\"https:\/\/www.adaq.it\/fr\/aquaculture\/pisciculture\/amarrages\/cosses-coeur\/#breadcrumb\",\"itemListElement\":[{\"@type\":\"ListItem\",\"position\":1,\"name\":\"Home\",\"item\":\"http:\/\/www.adaq.it\/fr\/\"},{\"@type\":\"ListItem\",\"position\":2,\"name\":\"Aquaculture\",\"item\":\"http:\/\/www.adaq.it\/fr\/aquaculture\/\"},{\"@type\":\"ListItem\",\"position\":3,\"name\":\"Pisciculture\",\"item\":\"https:\/\/www.adaq.it\/fr\/aquaculture\/pisciculture\/\"},{\"@type\":\"ListItem\",\"position\":4,\"name\":\"Amarrages\",\"item\":\"https:\/\/www.adaq.it\/fr\/aquaculture\/pisciculture\/amarrages\/\"},{\"@type\":\"ListItem\",\"position\":5,\"name\":\"Cosses c\u0153ur\"}]},{\"@type\":\"WebSite\",\"@id\":\"http:\/\/www.adaq.it\/fr\/#website\",\"url\":\"http:\/\/www.adaq.it\/fr\/\",\"name\":\"Adaq Srl\",\"description\":\"Advanced Aquaculture\",\"publisher\":{\"@id\":\"http:\/\/www.adaq.it\/fr\/#organization\"},\"potentialAction\":[{\"@type\":\"SearchAction\",\"target\":{\"@type\":\"EntryPoint\",\"urlTemplate\":\"http:\/\/www.adaq.it\/fr\/?s={search_term_string}\"},\"query-input\":{\"@type\":\"PropertyValueSpecification\",\"valueRequired\":true,\"valueName\":\"search_term_string\"}}],\"inLanguage\":\"fr-FR\"},{\"@type\":\"Organization\",\"@id\":\"http:\/\/www.adaq.it\/fr\/#organization\",\"name\":\"Adaq Srl\",\"url\":\"http:\/\/www.adaq.it\/fr\/\",\"logo\":{\"@type\":\"ImageObject\",\"inLanguage\":\"fr-FR\",\"@id\":\"http:\/\/www.adaq.it\/fr\/#\/schema\/logo\/image\/\",\"url\":\"http:\/\/www.adaq.it\/wp-content\/uploads\/logo-adaq-100.png\",\"contentUrl\":\"http:\/\/www.adaq.it\/wp-content\/uploads\/logo-adaq-100.png\",\"width\":\"104\",\"height\":\"104\",\"caption\":\"Adaq Srl\"},\"image\":{\"@id\":\"http:\/\/www.adaq.it\/fr\/#\/schema\/logo\/image\/\"}}]}<\/script>\n<!-- \/ Yoast SEO plugin. -->","yoast_head_json":{"title":"Connexions pour les installations d'aquaculture | Adaq Srl","description":"Les connexions entre les diff\u00e9rents \u00e9l\u00e9ments d'amarrage se font au moyen de poign\u00e9es, de cosses et d'anneaux en fer galvanis\u00e9 \u00e0 chaud.","robots":{"index":"index","follow":"follow","max-snippet":"max-snippet:-1","max-image-preview":"max-image-preview:large","max-video-preview":"max-video-preview:-1"},"canonical":"https:\/\/www.adaq.it\/fr\/aquaculture\/pisciculture\/amarrages\/cosses-coeur\/","og_locale":"fr_FR","og_type":"article","og_title":"Connexions pour les installations d'aquaculture | Adaq Srl","og_description":"Les connexions entre les diff\u00e9rents \u00e9l\u00e9ments d'amarrage se font au moyen de poign\u00e9es, de cosses et d'anneaux en fer galvanis\u00e9 \u00e0 chaud.","og_url":"https:\/\/www.adaq.it\/fr\/aquaculture\/pisciculture\/amarrages\/cosses-coeur\/","og_site_name":"Adaq Srl","article_modified_time":"2020-04-20T16:59:07+00:00","og_image":[{"width":2048,"height":1536,"url":"https:\/\/www.adaq.it\/wp-content\/uploads\/ormeggi-header-e1521369182730.jpg","type":"image\/jpeg"}],"twitter_card":"summary_large_image","twitter_misc":{"Dur\u00e9e de lecture estim\u00e9e":"1 minute"},"schema":{"@context":"https:\/\/schema.org","@graph":[{"@type":"WebPage","@id":"https:\/\/www.adaq.it\/fr\/aquaculture\/pisciculture\/amarrages\/cosses-coeur\/","url":"https:\/\/www.adaq.it\/fr\/aquaculture\/pisciculture\/amarrages\/cosses-coeur\/","name":"Connexions pour les installations d'aquaculture | Adaq Srl","isPartOf":{"@id":"http:\/\/www.adaq.it\/fr\/#website"},"primaryImageOfPage":{"@id":"https:\/\/www.adaq.it\/fr\/aquaculture\/pisciculture\/amarrages\/cosses-coeur\/#primaryimage"},"image":{"@id":"https:\/\/www.adaq.it\/fr\/aquaculture\/pisciculture\/amarrages\/cosses-coeur\/#primaryimage"},"thumbnailUrl":"https:\/\/www.adaq.it\/wp-content\/uploads\/ormeggi-header-e1521369182730.jpg","datePublished":"2019-02-05T22:23:58+00:00","dateModified":"2020-04-20T16:59:07+00:00","description":"Les connexions entre les diff\u00e9rents \u00e9l\u00e9ments d'amarrage se font au moyen de poign\u00e9es, de cosses et d'anneaux en fer galvanis\u00e9 \u00e0 chaud.","breadcrumb":{"@id":"https:\/\/www.adaq.it\/fr\/aquaculture\/pisciculture\/amarrages\/cosses-coeur\/#breadcrumb"},"inLanguage":"fr-FR","potentialAction":[{"@type":"ReadAction","target":["https:\/\/www.adaq.it\/fr\/aquaculture\/pisciculture\/amarrages\/cosses-coeur\/"]}]},{"@type":"ImageObject","inLanguage":"fr-FR","@id":"https:\/\/www.adaq.it\/fr\/aquaculture\/pisciculture\/amarrages\/cosses-coeur\/#primaryimage","url":"https:\/\/www.adaq.it\/wp-content\/uploads\/ormeggi-header-e1521369182730.jpg","contentUrl":"https:\/\/www.adaq.it\/wp-content\/uploads\/ormeggi-header-e1521369182730.jpg","width":2048,"height":1536},{"@type":"BreadcrumbList","@id":"https:\/\/www.adaq.it\/fr\/aquaculture\/pisciculture\/amarrages\/cosses-coeur\/#breadcrumb","itemListElement":[{"@type":"ListItem","position":1,"name":"Home","item":"http:\/\/www.adaq.it\/fr\/"},{"@type":"ListItem","position":2,"name":"Aquaculture","item":"http:\/\/www.adaq.it\/fr\/aquaculture\/"},{"@type":"ListItem","position":3,"name":"Pisciculture","item":"https:\/\/www.adaq.it\/fr\/aquaculture\/pisciculture\/"},{"@type":"ListItem","position":4,"name":"Amarrages","item":"https:\/\/www.adaq.it\/fr\/aquaculture\/pisciculture\/amarrages\/"},{"@type":"ListItem","position":5,"name":"Cosses c\u0153ur"}]},{"@type":"WebSite","@id":"http:\/\/www.adaq.it\/fr\/#website","url":"http:\/\/www.adaq.it\/fr\/","name":"Adaq Srl","description":"Advanced Aquaculture","publisher":{"@id":"http:\/\/www.adaq.it\/fr\/#organization"},"potentialAction":[{"@type":"SearchAction","target":{"@type":"EntryPoint","urlTemplate":"http:\/\/www.adaq.it\/fr\/?s={search_term_string}"},"query-input":{"@type":"PropertyValueSpecification","valueRequired":true,"valueName":"search_term_string"}}],"inLanguage":"fr-FR"},{"@type":"Organization","@id":"http:\/\/www.adaq.it\/fr\/#organization","name":"Adaq Srl","url":"http:\/\/www.adaq.it\/fr\/","logo":{"@type":"ImageObject","inLanguage":"fr-FR","@id":"http:\/\/www.adaq.it\/fr\/#\/schema\/logo\/image\/","url":"http:\/\/www.adaq.it\/wp-content\/uploads\/logo-adaq-100.png","contentUrl":"http:\/\/www.adaq.it\/wp-content\/uploads\/logo-adaq-100.png","width":"104","height":"104","caption":"Adaq Srl"},"image":{"@id":"http:\/\/www.adaq.it\/fr\/#\/schema\/logo\/image\/"}}]}},"_links":{"self":[{"href":"https:\/\/www.adaq.it\/fr\/wp-json\/wp\/v2\/pages\/4532"}],"collection":[{"href":"https:\/\/www.adaq.it\/fr\/wp-json\/wp\/v2\/pages"}],"about":[{"href":"https:\/\/www.adaq.it\/fr\/wp-json\/wp\/v2\/types\/page"}],"author":[{"embeddable":true,"href":"https:\/\/www.adaq.it\/fr\/wp-json\/wp\/v2\/users\/1"}],"replies":[{"embeddable":true,"href":"https:\/\/www.adaq.it\/fr\/wp-json\/wp\/v2\/comments?post=4532"}],"version-history":[{"count":4,"href":"https:\/\/www.adaq.it\/fr\/wp-json\/wp\/v2\/pages\/4532\/revisions"}],"predecessor-version":[{"id":4771,"href":"https:\/\/www.adaq.it\/fr\/wp-json\/wp\/v2\/pages\/4532\/revisions\/4771"}],"up":[{"embeddable":true,"href":"https:\/\/www.adaq.it\/fr\/wp-json\/wp\/v2\/pages\/4526"}],"wp:featuredmedia":[{"embeddable":true,"href":"https:\/\/www.adaq.it\/fr\/wp-json\/wp\/v2\/media\/4527"}],"wp:attachment":[{"href":"https:\/\/www.adaq.it\/fr\/wp-json\/wp\/v2\/media?parent=4532"}],"curies":[{"name":"wp","href":"https:\/\/api.w.org\/{rel}","templated":true}]}}