{"id":4544,"date":"2019-02-05T23:16:52","date_gmt":"2019-02-05T22:16:52","guid":{"rendered":"http:\/\/www.adaq.it\/aquaculture\/pisciculture\/amarrages\/piastre\/"},"modified":"2020-04-20T18:59:43","modified_gmt":"2020-04-20T16:59:43","slug":"plaque","status":"publish","type":"page","link":"https:\/\/www.adaq.it\/fr\/aquaculture\/pisciculture\/amarrages\/plaque\/","title":{"rendered":"Plaque"},"content":{"rendered":"<section class=\"p-80 wow fadeIn\" data-wow-delay=\"0.5s\" style=\"visibility: visible; animation-delay: 0.5s; animation-name: fadeIn;\">\r\n          <div class=\"container\">\r\n            <div class=\"row\">\r\n              <div class=\"col-lg-8 col-md-10\">\r\n\t\t\t\t<h1>Plaque<\/h1>\r\n             <\/div>\r\n            <\/div>\r\n          <\/div>\r\n<\/section>\r\n\r\n<div class=\"portfolio-details-area pb-2\">\r\n      <div class=\"container\">\r\n          <div class=\"row\">\r\n              <div class=\"col-lg-8 col-md-8\">\r\n<div uk-slideshow=\"animation: fade; autoplay: true\" class=\"uk-slideshow\">\r\n                    <div class=\"uk-position-relative uk-visible-toggle uk-light\">                \r\n                        <ul class=\"uk-slideshow-items\" style=\"height: 347px;\">\r\n                        <li class=\"\" style=\"\">\r\n                          <div class=\"p-details-img\">\r\n                              <img decoding=\"async\" src=\"..\/..\/..\/..\/..\/wp-content\/uploads\/piastre2.jpg\" alt=\"\" style=\"max-width: 100%;\">\r\n                          <\/div>\r\n\t\t\t\t\t\t\t<\/li>\r\n\t\t\t\t\t\t<li class=\"\" style=\"\">\r\n                          <div class=\"p-details-img\">\r\n                              <img decoding=\"async\" src=\"..\/..\/..\/..\/..\/wp-content\/uploads\/piastre1.jpg\" alt=\"\" style=\"max-width: 100%;\">\r\n                          <\/div>\r\n\t\t\t\t\t\t\t<\/li>\r\n\t\t\t\t\t\t\t\r\n                      <\/ul>\r\n                      <a class=\"uk-position-center-left uk-position-small uk-hidden-hover uk-slidenav-previous uk-icon uk-slidenav\" href=\"#\" uk-slidenav-previous=\"\" uk-slideshow-item=\"previous\"><svg width=\"14\" height=\"24\" viewBox=\"0 0 14 24\" xmlns=\"http:\/\/www.w3.org\/2000\/svg\" ratio=\"1\"><polyline fill=\"none\" stroke=\"#000\" stroke-width=\"1.4\" points=\"12.775,1 1.225,12 12.775,23 \"><\/polyline><\/svg><\/a>\r\n    <a class=\"uk-position-center-right uk-position-small uk-hidden-hover uk-slidenav-next uk-icon uk-slidenav uk-active\" href=\"#\" uk-slidenav-next=\"\" uk-slideshow-item=\"next\"><svg width=\"14\" height=\"24\" viewBox=\"0 0 14 24\" xmlns=\"http:\/\/www.w3.org\/2000\/svg\" ratio=\"1\"><polyline fill=\"none\" stroke=\"#000\" stroke-width=\"1.4\" points=\"1.225,23 12.775,12 1.225,1 \"><\/polyline><\/svg><\/a>\r\n                    <\/div>\r\n                    <ul class=\"uk-slideshow-nav uk-dotnav uk-flex-center uk-margin\"><li uk-slideshow-item=\"0\" class=\"\"><a href=\"#\"><\/a><\/li><li uk-slideshow-item=\"1\" class=\"\"><a href=\"#\"><\/a><\/li><li uk-slideshow-item=\"2\" class=\"uk-active\"><a href=\"#\"><\/a><\/li><li uk-slideshow-item=\"3\" class=\"\"><a href=\"#\"><\/a><\/li><li uk-slideshow-item=\"4\" class=\"\"><a href=\"#\"><\/a><\/li><\/ul>\r\n                  <\/div>\r\n              <\/div>\r\n\t\t\t  \t<div class=\"col-lg-4 col-md-4 info-details\" id=\"info\">\r\n                  <div class=\"p-details-sidebar\">\r\n                          <p>Les plaques d\u2019amarrage sont l\u2019\u00e9l\u00e9ment de liaison qui unit tous les \u00e9l\u00e9ments d\u2019amarrage. Ad.Aq. fabrique des plaques en fer galvanis\u00e9 et des anneaux d\u2019amarrage en fer galvanis\u00e9 tubulaire sur mesure.<br>\r\nLes \u00e9paisseurs des plaques et des anneaux sont con\u00e7ues pour offrir la meilleure r\u00e9sistance lors de l\u2019insertion des poign\u00e9es correspondantes. Toutes les plaques sont \u00e9quip\u00e9es d\u2019une anode en zinc sacrificielle contre le courant galvanique.<\/p>\r\n                      <\/div>\r\n\t\t\t  <\/div>\r\n              <\/div>\r\n          <\/div>  \r\n      <\/div>\r\n\r\n<section class=\"pb-4 wow fadeIn\" data-wow-delay=\"0.5s\" style=\"visibility: visible; animation-delay: 0.5s; animation-name: fadeIn;\">\r\n          <div class=\"container\">\r\n            <div class=\"row\">\r\n              <div class=\"col\">\r\n\t\t\t\t<div class=\"p-details-text\">\r\n\t\t\t\t\t<h4 class=\"details-title\">\r\n\t\t\t\t\t\tPlaques d&rsquo;amarrage carr\u00e9es et octogonales \u00e0 8 et 12 trous\r\n\t\t\t\t\t<\/h4>\r\n                            <p>\u00c9paisseur 40 mm, dimensions 400 x 400 mm, trous pour poign\u00e9es de 9,5 tonnes<\/p>\t\r\n\t\t\t\t  <\/div>\r\n             <\/div>\r\n\t\t\t\t<\/div>\r\n          <div class=\"row\">\r\n              <div class=\"col-lg-8 col-md-8\">\r\n<div uk-slideshow=\"animation: fade; autoplay: true; min-height: 600;\" class=\"uk-slideshow\">\r\n                    <div class=\"uk-position-relative uk-visible-toggle uk-light\">                \r\n                        <ul class=\"uk-slideshow-items\" style=\"height: 540px;\">\r\n\t\t\t\t\t\t\t<li class=\"\" style=\"\">\r\n                          <div class=\"p-details-img\">\r\n                              <img decoding=\"async\" src=\"..\/..\/..\/..\/..\/wp-content\/uploads\/piastre3.jpg\" alt=\"\" style=\"max-width: 100%;\">\r\n                          <\/div>\r\n\t\t\t\t\t\t\t<\/li>\r\n\t\t\t\t\t\t\t<li class=\"\" style=\"\">\r\n                          <div class=\"p-details-img\">\r\n                              <img decoding=\"async\" src=\"..\/..\/..\/..\/..\/wp-content\/uploads\/piastre4.jpg\" alt=\"\" style=\"max-width: 100%;\">\r\n                          <\/div>\r\n\t\t\t\t\t\t\t<\/li>\r\n                      <\/ul>\r\n                      <a class=\"uk-position-center-left uk-position-small uk-hidden-hover uk-slidenav-previous uk-icon uk-slidenav\" href=\"#\" uk-slidenav-previous=\"\" uk-slideshow-item=\"previous\"><svg width=\"14\" height=\"24\" viewBox=\"0 0 14 24\" xmlns=\"http:\/\/www.w3.org\/2000\/svg\" ratio=\"1\"><polyline fill=\"none\" stroke=\"#000\" stroke-width=\"1.4\" points=\"12.775,1 1.225,12 12.775,23 \"><\/polyline><\/svg><\/a>\r\n    <a class=\"uk-position-center-right uk-position-small uk-hidden-hover uk-slidenav-next uk-icon uk-slidenav uk-active\" href=\"#\" uk-slidenav-next=\"\" uk-slideshow-item=\"next\"><svg width=\"14\" height=\"24\" viewBox=\"0 0 14 24\" xmlns=\"http:\/\/www.w3.org\/2000\/svg\" ratio=\"1\"><polyline fill=\"none\" stroke=\"#000\" stroke-width=\"1.4\" points=\"1.225,23 12.775,12 1.225,1 \"><\/polyline><\/svg><\/a>\r\n                    <\/div>\r\n                    <ul class=\"uk-slideshow-nav uk-dotnav uk-flex-center uk-margin\"><li uk-slideshow-item=\"0\" class=\"\"><a href=\"#\"><\/a><\/li><li uk-slideshow-item=\"1\" class=\"\"><a href=\"#\"><\/a><\/li><li uk-slideshow-item=\"2\" class=\"uk-active\"><a href=\"#\"><\/a><\/li><li uk-slideshow-item=\"3\" class=\"\"><a href=\"#\"><\/a><\/li><li uk-slideshow-item=\"4\" class=\"\"><a href=\"#\"><\/a><\/li><\/ul>\r\n                  <\/div>\r\n              <\/div>\r\n\t\t\t  \t<div class=\"col-lg-4 col-md-4 info-details\" id=\"info\">\r\n                              \r\n\t\t\t  <\/div>\r\n              <\/div>\r\n            \r\n          <\/div>\r\n<\/section>\r\n\r\n<section class=\"pb-4 wow fadeIn\" data-wow-delay=\"0.5s\" style=\"visibility: visible; animation-delay: 0.5s; animation-name: fadeIn;\">\r\n          <div class=\"container\">\r\n            <div class=\"row\">\r\n              <div class=\"col\">\r\n\t\t\t\t<div class=\"p-details-text\">\r\n\t\t\t\t\t<h4 class=\"details-title\">\r\n\t\t\t\t\t\tPlaques d&rsquo;amarrage rondes \r\n\t\t\t\t\t<\/h4>\r\n                            <p>Trous et dimensions au besoin<\/p>\t\r\n\t\t\t\t  <\/div>\r\n             <\/div>\r\n\t\t\t\t<\/div>\r\n\t\t\t              <div class=\"row\">\r\n              <div class=\"col\">\r\n\t\t\t\t<div class=\"p-details-text\">\r\n\t\t\t\t\t<h4 class=\"details-title\">\r\n\t\t\t\t\t\tAnneaux d&rsquo;amarrage\r\n\t\t\t\t\t<\/h4>\r\n                            <p>\u00c9paisseur tubulaire 30mm, diam\u00e8tre 760mm, pour les connexions avec des ligatures sur les cordes.<\/p>\t\r\n\t\t\t\t\t<div class=\"row\">\r\n\t\t\t\t   <div class=\"col-lg-6 col-md-6\">\r\n\t\t\t\t\t    <img decoding=\"async\" src=\"..\/..\/..\/..\/..\/wp-content\/uploads\/anello-dormeggio.jpg\" alt=\"\" style=\"max-width: 100%;\">\r\n\t\t\t\t  <\/div>\r\n\t\t\t\t  <div class=\"col-lg-6 col-md-6\">\r\n\t\t\t\t\t    <img decoding=\"async\" src=\"..\/..\/..\/..\/..\/wp-content\/uploads\/anello-dormeggio-1.jpg\" alt=\"\" style=\"max-width: 100%;\">\r\n\t\t\t\t  <\/div>\r\n\t\t\t  <\/div>\t\t\r\n\t\t\t\t  <\/div>\r\n             <\/div>\r\n\t\t\t\t<\/div>\r\n\t\t\t              <div class=\"row\">\r\n              <div class=\"col\">\r\n\t\t\t\t<div class=\"p-details-text\">\r\n\t\t\t\t\t<h4 class=\"details-title\">\r\n\t\t\t\t\t\tPlaques triangulaires \u00e0 4 trous\r\n\t\t\t\t\t<\/h4>\r\n                            <p>Epaisseur 30mm, cot\u00e9 300mm<\/p>\t\r\n\t\t\t\t  <\/div>\r\n             <\/div>\r\n\t\t\t\t<\/div>\r\n          <div class=\"row\">\r\n              <div class=\"col-lg-8 col-md-8\">\r\n<div uk-slideshow=\"animation: fade; autoplay: true\" class=\"uk-slideshow\">\r\n                    <div class=\"uk-position-relative uk-visible-toggle uk-light\">                \r\n                        <ul class=\"uk-slideshow-items\" style=\"height: 540px;\">\r\n\t\t\t\t\t\t\t<li class=\"\" style=\"\">\r\n                          <div class=\"p-details-img\">\r\n                              <img decoding=\"async\" src=\"..\/..\/..\/..\/..\/wp-content\/uploads\/piastre5.jpg\" alt=\"\" style=\"max-width: 100%;\">\r\n                          <\/div>\r\n\t\t\t\t\t\t\t<\/li>\r\n                      <\/ul>\r\n                      <a class=\"uk-position-center-left uk-position-small uk-hidden-hover uk-slidenav-previous uk-icon uk-slidenav\" href=\"#\" uk-slidenav-previous=\"\" uk-slideshow-item=\"previous\"><svg width=\"14\" height=\"24\" viewBox=\"0 0 14 24\" xmlns=\"http:\/\/www.w3.org\/2000\/svg\" ratio=\"1\"><polyline fill=\"none\" stroke=\"#000\" stroke-width=\"1.4\" points=\"12.775,1 1.225,12 12.775,23 \"><\/polyline><\/svg><\/a>\r\n    <a class=\"uk-position-center-right uk-position-small uk-hidden-hover uk-slidenav-next uk-icon uk-slidenav uk-active\" href=\"#\" uk-slidenav-next=\"\" uk-slideshow-item=\"next\"><svg width=\"14\" height=\"24\" viewBox=\"0 0 14 24\" xmlns=\"http:\/\/www.w3.org\/2000\/svg\" ratio=\"1\"><polyline fill=\"none\" stroke=\"#000\" stroke-width=\"1.4\" points=\"1.225,23 12.775,12 1.225,1 \"><\/polyline><\/svg><\/a>\r\n                    <\/div>\r\n                    <ul class=\"uk-slideshow-nav uk-dotnav uk-flex-center uk-margin\"><li uk-slideshow-item=\"0\" class=\"\"><a href=\"#\"><\/a><\/li><li uk-slideshow-item=\"1\" class=\"\"><a href=\"#\"><\/a><\/li><li uk-slideshow-item=\"2\" class=\"uk-active\"><a href=\"#\"><\/a><\/li><li uk-slideshow-item=\"3\" class=\"\"><a href=\"#\"><\/a><\/li><li uk-slideshow-item=\"4\" class=\"\"><a href=\"#\"><\/a><\/li><\/ul>\r\n                  <\/div>\r\n              <\/div>\r\n\t\t\t  \t<div class=\"col-lg-4 col-md-4 info-details\" id=\"info\">\r\n                              \r\n\t\t\t  <\/div>\r\n              <\/div>\r\n            \r\n          <\/div>\r\n<\/section>\r\n","protected":false},"excerpt":{"rendered":"Plaque Les plaques d\u2019amarrage sont l\u2019\u00e9l\u00e9ment de liaison qui unit tous les \u00e9l\u00e9ments d\u2019amarrage. Ad.Aq. fabrique des plaques en fer galvanis\u00e9 et des anneaux d\u2019amarrage en fer galvanis\u00e9 tubulaire sur mesure. Les \u00e9paisseurs des plaques et des anneaux sont con\u00e7ues pour offrir la meilleure r\u00e9sistance lors de l\u2019insertion des poign\u00e9es correspondantes. Toutes les plaques sont [&hellip;]","protected":false},"author":1,"featured_media":4527,"parent":4526,"menu_order":0,"comment_status":"closed","ping_status":"closed","template":"sub_page_adaq_uikit.php","meta":{"_acf_changed":false,"footnotes":""},"acf":[],"yoast_head":"<!-- This site is optimized with the Yoast SEO plugin v23.5 - https:\/\/yoast.com\/wordpress\/plugins\/seo\/ -->\n<title>Plaques d&#039;amarrage pour les syst\u00e8mes d&#039;aquaculture | Adaq Srl<\/title>\n<meta name=\"description\" content=\"Les plaques d&#039;amarrage sont l&#039;\u00e9l\u00e9ment de liaison qui relie tous les \u00e9l\u00e9ments d&#039;amarrage.\" \/>\n<meta name=\"robots\" content=\"index, follow, max-snippet:-1, max-image-preview:large, max-video-preview:-1\" \/>\n<link rel=\"canonical\" href=\"https:\/\/www.adaq.it\/fr\/aquaculture\/pisciculture\/amarrages\/plaque\/\" \/>\n<meta property=\"og:locale\" content=\"fr_FR\" \/>\n<meta property=\"og:type\" content=\"article\" \/>\n<meta property=\"og:title\" content=\"Plaques d&#039;amarrage pour les syst\u00e8mes d&#039;aquaculture | Adaq Srl\" \/>\n<meta property=\"og:description\" content=\"Les plaques d&#039;amarrage sont l&#039;\u00e9l\u00e9ment de liaison qui relie tous les \u00e9l\u00e9ments d&#039;amarrage.\" \/>\n<meta property=\"og:url\" content=\"https:\/\/www.adaq.it\/fr\/aquaculture\/pisciculture\/amarrages\/plaque\/\" \/>\n<meta property=\"og:site_name\" content=\"Adaq Srl\" \/>\n<meta property=\"article:modified_time\" content=\"2020-04-20T16:59:43+00:00\" \/>\n<meta property=\"og:image\" content=\"https:\/\/www.adaq.it\/wp-content\/uploads\/ormeggi-header-e1521369182730.jpg\" \/>\n\t<meta property=\"og:image:width\" content=\"2048\" \/>\n\t<meta property=\"og:image:height\" content=\"1536\" \/>\n\t<meta property=\"og:image:type\" content=\"image\/jpeg\" \/>\n<meta name=\"twitter:card\" content=\"summary_large_image\" \/>\n<meta name=\"twitter:label1\" content=\"Dur\u00e9e de lecture estim\u00e9e\" \/>\n\t<meta name=\"twitter:data1\" content=\"1 minute\" \/>\n<script type=\"application\/ld+json\" class=\"yoast-schema-graph\">{\"@context\":\"https:\/\/schema.org\",\"@graph\":[{\"@type\":\"WebPage\",\"@id\":\"https:\/\/www.adaq.it\/fr\/aquaculture\/pisciculture\/amarrages\/plaque\/\",\"url\":\"https:\/\/www.adaq.it\/fr\/aquaculture\/pisciculture\/amarrages\/plaque\/\",\"name\":\"Plaques d'amarrage pour les syst\u00e8mes d'aquaculture | Adaq Srl\",\"isPartOf\":{\"@id\":\"http:\/\/www.adaq.it\/fr\/#website\"},\"primaryImageOfPage\":{\"@id\":\"https:\/\/www.adaq.it\/fr\/aquaculture\/pisciculture\/amarrages\/plaque\/#primaryimage\"},\"image\":{\"@id\":\"https:\/\/www.adaq.it\/fr\/aquaculture\/pisciculture\/amarrages\/plaque\/#primaryimage\"},\"thumbnailUrl\":\"https:\/\/www.adaq.it\/wp-content\/uploads\/ormeggi-header-e1521369182730.jpg\",\"datePublished\":\"2019-02-05T22:16:52+00:00\",\"dateModified\":\"2020-04-20T16:59:43+00:00\",\"description\":\"Les plaques d'amarrage sont l'\u00e9l\u00e9ment de liaison qui relie tous les \u00e9l\u00e9ments d'amarrage.\",\"breadcrumb\":{\"@id\":\"https:\/\/www.adaq.it\/fr\/aquaculture\/pisciculture\/amarrages\/plaque\/#breadcrumb\"},\"inLanguage\":\"fr-FR\",\"potentialAction\":[{\"@type\":\"ReadAction\",\"target\":[\"https:\/\/www.adaq.it\/fr\/aquaculture\/pisciculture\/amarrages\/plaque\/\"]}]},{\"@type\":\"ImageObject\",\"inLanguage\":\"fr-FR\",\"@id\":\"https:\/\/www.adaq.it\/fr\/aquaculture\/pisciculture\/amarrages\/plaque\/#primaryimage\",\"url\":\"https:\/\/www.adaq.it\/wp-content\/uploads\/ormeggi-header-e1521369182730.jpg\",\"contentUrl\":\"https:\/\/www.adaq.it\/wp-content\/uploads\/ormeggi-header-e1521369182730.jpg\",\"width\":2048,\"height\":1536},{\"@type\":\"BreadcrumbList\",\"@id\":\"https:\/\/www.adaq.it\/fr\/aquaculture\/pisciculture\/amarrages\/plaque\/#breadcrumb\",\"itemListElement\":[{\"@type\":\"ListItem\",\"position\":1,\"name\":\"Home\",\"item\":\"http:\/\/www.adaq.it\/fr\/\"},{\"@type\":\"ListItem\",\"position\":2,\"name\":\"Aquaculture\",\"item\":\"http:\/\/www.adaq.it\/fr\/aquaculture\/\"},{\"@type\":\"ListItem\",\"position\":3,\"name\":\"Pisciculture\",\"item\":\"https:\/\/www.adaq.it\/fr\/aquaculture\/pisciculture\/\"},{\"@type\":\"ListItem\",\"position\":4,\"name\":\"Amarrages\",\"item\":\"https:\/\/www.adaq.it\/fr\/aquaculture\/pisciculture\/amarrages\/\"},{\"@type\":\"ListItem\",\"position\":5,\"name\":\"Plaque\"}]},{\"@type\":\"WebSite\",\"@id\":\"http:\/\/www.adaq.it\/fr\/#website\",\"url\":\"http:\/\/www.adaq.it\/fr\/\",\"name\":\"Adaq Srl\",\"description\":\"Advanced Aquaculture\",\"publisher\":{\"@id\":\"http:\/\/www.adaq.it\/fr\/#organization\"},\"potentialAction\":[{\"@type\":\"SearchAction\",\"target\":{\"@type\":\"EntryPoint\",\"urlTemplate\":\"http:\/\/www.adaq.it\/fr\/?s={search_term_string}\"},\"query-input\":{\"@type\":\"PropertyValueSpecification\",\"valueRequired\":true,\"valueName\":\"search_term_string\"}}],\"inLanguage\":\"fr-FR\"},{\"@type\":\"Organization\",\"@id\":\"http:\/\/www.adaq.it\/fr\/#organization\",\"name\":\"Adaq Srl\",\"url\":\"http:\/\/www.adaq.it\/fr\/\",\"logo\":{\"@type\":\"ImageObject\",\"inLanguage\":\"fr-FR\",\"@id\":\"http:\/\/www.adaq.it\/fr\/#\/schema\/logo\/image\/\",\"url\":\"http:\/\/www.adaq.it\/wp-content\/uploads\/logo-adaq-100.png\",\"contentUrl\":\"http:\/\/www.adaq.it\/wp-content\/uploads\/logo-adaq-100.png\",\"width\":\"104\",\"height\":\"104\",\"caption\":\"Adaq Srl\"},\"image\":{\"@id\":\"http:\/\/www.adaq.it\/fr\/#\/schema\/logo\/image\/\"}}]}<\/script>\n<!-- \/ Yoast SEO plugin. -->","yoast_head_json":{"title":"Plaques d'amarrage pour les syst\u00e8mes d'aquaculture | Adaq Srl","description":"Les plaques d'amarrage sont l'\u00e9l\u00e9ment de liaison qui relie tous les \u00e9l\u00e9ments d'amarrage.","robots":{"index":"index","follow":"follow","max-snippet":"max-snippet:-1","max-image-preview":"max-image-preview:large","max-video-preview":"max-video-preview:-1"},"canonical":"https:\/\/www.adaq.it\/fr\/aquaculture\/pisciculture\/amarrages\/plaque\/","og_locale":"fr_FR","og_type":"article","og_title":"Plaques d'amarrage pour les syst\u00e8mes d'aquaculture | Adaq Srl","og_description":"Les plaques d'amarrage sont l'\u00e9l\u00e9ment de liaison qui relie tous les \u00e9l\u00e9ments d'amarrage.","og_url":"https:\/\/www.adaq.it\/fr\/aquaculture\/pisciculture\/amarrages\/plaque\/","og_site_name":"Adaq Srl","article_modified_time":"2020-04-20T16:59:43+00:00","og_image":[{"width":2048,"height":1536,"url":"https:\/\/www.adaq.it\/wp-content\/uploads\/ormeggi-header-e1521369182730.jpg","type":"image\/jpeg"}],"twitter_card":"summary_large_image","twitter_misc":{"Dur\u00e9e de lecture estim\u00e9e":"1 minute"},"schema":{"@context":"https:\/\/schema.org","@graph":[{"@type":"WebPage","@id":"https:\/\/www.adaq.it\/fr\/aquaculture\/pisciculture\/amarrages\/plaque\/","url":"https:\/\/www.adaq.it\/fr\/aquaculture\/pisciculture\/amarrages\/plaque\/","name":"Plaques d'amarrage pour les syst\u00e8mes d'aquaculture | Adaq Srl","isPartOf":{"@id":"http:\/\/www.adaq.it\/fr\/#website"},"primaryImageOfPage":{"@id":"https:\/\/www.adaq.it\/fr\/aquaculture\/pisciculture\/amarrages\/plaque\/#primaryimage"},"image":{"@id":"https:\/\/www.adaq.it\/fr\/aquaculture\/pisciculture\/amarrages\/plaque\/#primaryimage"},"thumbnailUrl":"https:\/\/www.adaq.it\/wp-content\/uploads\/ormeggi-header-e1521369182730.jpg","datePublished":"2019-02-05T22:16:52+00:00","dateModified":"2020-04-20T16:59:43+00:00","description":"Les plaques d'amarrage sont l'\u00e9l\u00e9ment de liaison qui relie tous les \u00e9l\u00e9ments d'amarrage.","breadcrumb":{"@id":"https:\/\/www.adaq.it\/fr\/aquaculture\/pisciculture\/amarrages\/plaque\/#breadcrumb"},"inLanguage":"fr-FR","potentialAction":[{"@type":"ReadAction","target":["https:\/\/www.adaq.it\/fr\/aquaculture\/pisciculture\/amarrages\/plaque\/"]}]},{"@type":"ImageObject","inLanguage":"fr-FR","@id":"https:\/\/www.adaq.it\/fr\/aquaculture\/pisciculture\/amarrages\/plaque\/#primaryimage","url":"https:\/\/www.adaq.it\/wp-content\/uploads\/ormeggi-header-e1521369182730.jpg","contentUrl":"https:\/\/www.adaq.it\/wp-content\/uploads\/ormeggi-header-e1521369182730.jpg","width":2048,"height":1536},{"@type":"BreadcrumbList","@id":"https:\/\/www.adaq.it\/fr\/aquaculture\/pisciculture\/amarrages\/plaque\/#breadcrumb","itemListElement":[{"@type":"ListItem","position":1,"name":"Home","item":"http:\/\/www.adaq.it\/fr\/"},{"@type":"ListItem","position":2,"name":"Aquaculture","item":"http:\/\/www.adaq.it\/fr\/aquaculture\/"},{"@type":"ListItem","position":3,"name":"Pisciculture","item":"https:\/\/www.adaq.it\/fr\/aquaculture\/pisciculture\/"},{"@type":"ListItem","position":4,"name":"Amarrages","item":"https:\/\/www.adaq.it\/fr\/aquaculture\/pisciculture\/amarrages\/"},{"@type":"ListItem","position":5,"name":"Plaque"}]},{"@type":"WebSite","@id":"http:\/\/www.adaq.it\/fr\/#website","url":"http:\/\/www.adaq.it\/fr\/","name":"Adaq Srl","description":"Advanced Aquaculture","publisher":{"@id":"http:\/\/www.adaq.it\/fr\/#organization"},"potentialAction":[{"@type":"SearchAction","target":{"@type":"EntryPoint","urlTemplate":"http:\/\/www.adaq.it\/fr\/?s={search_term_string}"},"query-input":{"@type":"PropertyValueSpecification","valueRequired":true,"valueName":"search_term_string"}}],"inLanguage":"fr-FR"},{"@type":"Organization","@id":"http:\/\/www.adaq.it\/fr\/#organization","name":"Adaq Srl","url":"http:\/\/www.adaq.it\/fr\/","logo":{"@type":"ImageObject","inLanguage":"fr-FR","@id":"http:\/\/www.adaq.it\/fr\/#\/schema\/logo\/image\/","url":"http:\/\/www.adaq.it\/wp-content\/uploads\/logo-adaq-100.png","contentUrl":"http:\/\/www.adaq.it\/wp-content\/uploads\/logo-adaq-100.png","width":"104","height":"104","caption":"Adaq Srl"},"image":{"@id":"http:\/\/www.adaq.it\/fr\/#\/schema\/logo\/image\/"}}]}},"_links":{"self":[{"href":"https:\/\/www.adaq.it\/fr\/wp-json\/wp\/v2\/pages\/4544"}],"collection":[{"href":"https:\/\/www.adaq.it\/fr\/wp-json\/wp\/v2\/pages"}],"about":[{"href":"https:\/\/www.adaq.it\/fr\/wp-json\/wp\/v2\/types\/page"}],"author":[{"embeddable":true,"href":"https:\/\/www.adaq.it\/fr\/wp-json\/wp\/v2\/users\/1"}],"replies":[{"embeddable":true,"href":"https:\/\/www.adaq.it\/fr\/wp-json\/wp\/v2\/comments?post=4544"}],"version-history":[{"count":3,"href":"https:\/\/www.adaq.it\/fr\/wp-json\/wp\/v2\/pages\/4544\/revisions"}],"predecessor-version":[{"id":4547,"href":"https:\/\/www.adaq.it\/fr\/wp-json\/wp\/v2\/pages\/4544\/revisions\/4547"}],"up":[{"embeddable":true,"href":"https:\/\/www.adaq.it\/fr\/wp-json\/wp\/v2\/pages\/4526"}],"wp:featuredmedia":[{"embeddable":true,"href":"https:\/\/www.adaq.it\/fr\/wp-json\/wp\/v2\/media\/4527"}],"wp:attachment":[{"href":"https:\/\/www.adaq.it\/fr\/wp-json\/wp\/v2\/media?parent=4544"}],"curies":[{"name":"wp","href":"https:\/\/api.w.org\/{rel}","templated":true}]}}