{"id":4549,"date":"2019-02-05T23:17:24","date_gmt":"2019-02-05T22:17:24","guid":{"rendered":"http:\/\/www.adaq.it\/aquaculture\/pisciculture\/amarrages\/catene\/"},"modified":"2020-04-20T18:57:28","modified_gmt":"2020-04-20T16:57:28","slug":"chaines","status":"publish","type":"page","link":"https:\/\/www.adaq.it\/fr\/aquaculture\/pisciculture\/amarrages\/chaines\/","title":{"rendered":"Cha\u00eenes"},"content":{"rendered":"<section class=\"p-80 wow fadeIn\" data-wow-delay=\"0.5s\" style=\"visibility: visible; animation-delay: 0.5s; animation-name: fadeIn;\">\r\n          <div class=\"container\">\r\n            <div class=\"row\">\r\n              <div class=\"col-lg-8 col-md-10\">\r\n\t\t\t\t<h1>Cha\u00eenes<\/h1>\r\n             <\/div>\r\n            <\/div>\r\n          <\/div>\r\n<\/section>\r\n\r\n<div class=\"portfolio-details-area pb-2\">\r\n      <div class=\"container\">\r\n          <div class=\"row\">\r\n              <div class=\"col-lg-8 col-md-8\">\r\n<div uk-slideshow=\"animation: fade; autoplay: true; min-height:600\" class=\"uk-slideshow\">\r\n                    <div class=\"uk-position-relative uk-visible-toggle uk-light\">                \r\n                        <ul class=\"uk-slideshow-items\">\r\n                        <li class=\"\" style=\"\">\r\n                          <div class=\"p-details-img\">\r\n                              <img decoding=\"async\" src=\"..\/..\/..\/..\/..\/wp-content\/uploads\/catene-header.jpg\" alt=\"\" style=\"max-width: 100%;\">\r\n                          <\/div>\r\n                        <\/li>\r\n                      <\/ul>\r\n                      <a class=\"uk-position-center-left uk-position-small uk-hidden-hover uk-slidenav-previous uk-icon uk-slidenav\" href=\"#\" uk-slidenav-previous=\"\" uk-slideshow-item=\"previous\"><svg width=\"14\" height=\"24\" viewBox=\"0 0 14 24\" xmlns=\"http:\/\/www.w3.org\/2000\/svg\" ratio=\"1\"><polyline fill=\"none\" stroke=\"#000\" stroke-width=\"1.4\" points=\"12.775,1 1.225,12 12.775,23 \"><\/polyline><\/svg><\/a>\r\n    <a class=\"uk-position-center-right uk-position-small uk-hidden-hover uk-slidenav-next uk-icon uk-slidenav uk-active\" href=\"#\" uk-slidenav-next=\"\" uk-slideshow-item=\"next\"><svg width=\"14\" height=\"24\" viewBox=\"0 0 14 24\" xmlns=\"http:\/\/www.w3.org\/2000\/svg\" ratio=\"1\"><polyline fill=\"none\" stroke=\"#000\" stroke-width=\"1.4\" points=\"1.225,23 12.775,12 1.225,1 \"><\/polyline><\/svg><\/a>\r\n                    <\/div>\r\n                    <ul class=\"uk-slideshow-nav uk-dotnav uk-flex-center uk-margin\"><li uk-slideshow-item=\"0\" class=\"\"><a href=\"#\"><\/a><\/li><li uk-slideshow-item=\"1\" class=\"\"><a href=\"#\"><\/a><\/li><li uk-slideshow-item=\"2\" class=\"uk-active\"><a href=\"#\"><\/a><\/li><li uk-slideshow-item=\"3\" class=\"\"><a href=\"#\"><\/a><\/li><li uk-slideshow-item=\"4\" class=\"\"><a href=\"#\"><\/a><\/li><\/ul>\r\n                  <\/div>\r\n              <\/div>\r\n\t\t\t  \t<div class=\"col-lg-4 col-md-4 info-details\" id=\"info\">\r\n                  \r\n\t\t\t  <\/div>\r\n              <\/div>\r\n          <\/div>  \r\n      <\/div>\r\n\r\n<section class=\"pb-4 wow fadeIn\" data-wow-delay=\"0.5s\" style=\"visibility: visible; animation-delay: 0.5s; animation-name: fadeIn;\">\r\n          <div class=\"container\">\r\n            <div class=\"row\">\r\n              <div class=\"col\">\r\n\t\t\t\t<div class=\"p-details-text\">\r\n                            <p>Pour garantir une r\u00e9sistance maximale \u00e0 ses propres syst\u00e8mes d&rsquo;amarrage, Ad. Aq. propose une s\u00e9lection de cha\u00eenes de haute qualit\u00e9 dont la structure et le poids diff\u00e8rent en fonction de l&rsquo;utilisation envisag\u00e9e. Cha\u00eenes \u00e0 maillons g\u00e9noises utilis\u00e9es comme \u00e9l\u00e9ments de pond\u00e9ration directement connect\u00e9s \u00e0 l&rsquo;ancre ou au cadavre et appel\u00e9es \u00ab\u00a0Catene Battifondo\u00a0\u00bb. <br>\r\n\t\t\t\t\t\t\tDes cha\u00eenes galvanis\u00e9es appel\u00e9es \u00ab\u00a0Sotto Boa\u00a0\u00bb relient la bou\u00e9e \u00e0 la plaque d&rsquo;amarrage et servent \u00e0 tendre le syst\u00e8me. Cha\u00eenes de \u00ab\u00a0pes\u00e9e au plomb\u00a0\u00bb ins\u00e9r\u00e9es dans le tube du plomb dans le seul but d&rsquo;alourdir l&rsquo;anneau de flottabilit\u00e9.<\/p>\r\n\t\t\t\t\r\n\t\t\t\t<!--<h4>\r\n\t\t\t\tCATENA CON TRAVERSINO\r\n\t\t\t\t<\/h4>\r\n\t\t\t\t<table class=\"uk-table uk-table-divider\">\r\n<tbody>\r\n<tr>\r\n<td align=\"center\">\u00d8 MM<\/td>\r\n<td align=\"center\">PROVE REGOLAMENTARI<\/td>\r\n<td align=\"center\">PESO KG\/MT<\/td>\r\n<\/tr>\r\n<tr>\r\n<td>12<\/td>\r\n<td>3,5<\/td>\r\n<td>4<\/td>\r\n<\/tr>\r\n<tr>\r\n<td>14<\/td>\r\n<td>4,2<\/td>\r\n<td>5<\/td>\r\n<\/tr>\r\n<tr>\r\n<td>16<\/td>\r\n<td>5,4<\/td>\r\n<td>6<\/td>\r\n<\/tr>\r\n<tr>\r\n<td>17<\/td>\r\n<td>6,5<\/td>\r\n<td>7<\/td>\r\n<\/tr>\r\n<tr>\r\n<td>19<\/td>\r\n<td>7,6<\/td>\r\n<td>8,2<\/td>\r\n<\/tr>\r\n<tr>\r\n<td>20,5<\/td>\r\n<td>8,7<\/td>\r\n<td>9,5<\/td>\r\n<\/tr>\r\n<tr>\r\n<td>22<\/td>\r\n<td>10,2<\/td>\r\n<td>11<\/td>\r\n<\/tr>\r\n<tr>\r\n<td>24<\/td>\r\n<td>12,1<\/td>\r\n<td>13<\/td>\r\n<\/tr>\r\n<tr>\r\n<td>26<\/td>\r\n<td>14,15<\/td>\r\n<td>15,5<\/td>\r\n<\/tr>\r\n<tr>\r\n<td>28<\/td>\r\n<td>16,3<\/td>\r\n<td>18<\/td>\r\n<\/tr>\r\n<tr>\r\n<td>30<\/td>\r\n<td>19<\/td>\r\n<td>20,5<\/td>\r\n<\/tr>\r\n<tr>\r\n<td>32<\/td>\r\n<td>21,2<\/td>\r\n<td>23,5<\/td>\r\n<\/tr>\r\n<tr>\r\n<td>34<\/td>\r\n<td>23,6<\/td>\r\n<td>26<\/td>\r\n<\/tr>\r\n<tr>\r\n<td>36<\/td>\r\n<td>27<\/td>\r\n<td>29,5<\/td>\r\n<\/tr>\r\n<tr>\r\n<td>38<\/td>\r\n<td>29<\/td>\r\n<td>32,5<\/td>\r\n<\/tr>\r\n<tr>\r\n<td>40<\/td>\r\n<td>33<\/td>\r\n<td>36<\/td>\r\n<\/tr>\r\n<tr>\r\n<td>42<\/td>\r\n<td>35,5<\/td>\r\n<td>39,5<\/td>\r\n<\/tr>\r\n<tr>\r\n<td>44<\/td>\r\n<td>39<\/td>\r\n<td>43<\/td>\r\n<\/tr>\r\n<tr>\r\n<td>46<\/td>\r\n<td>43<\/td>\r\n<td>47<\/td>\r\n<\/tr>\r\n<tr>\r\n<td>48<\/td>\r\n<td>46<\/td>\r\n<td>51,3<\/td>\r\n<\/tr>\r\n<tr>\r\n<td>50<\/td>\r\n<td>50<\/td>\r\n<td>55,5<\/td>\r\n<\/tr>\r\n<\/tbody>\r\n<\/table>\r\n\t\t\t\t\r\n\t\t\t\t<\/div>\r\n\t\t\t<\/div>\r\n\t\t<\/div>\r\n\t\t\t<div class=\"row\">\r\n\t\t\t\t   <div class=\"col-lg-6 col-md-6\">\r\n\t\t\t\t\t    <img decoding=\"async\" src=\"..\/..\/..\/..\/wp-content\/uploads\/catene-1.jpg\" alt=\"\" style=\"max-width: 100%;\">\r\n\t\t\t\t  <\/div>\r\n\t\t\t  <\/div>-->\r\n\t\t\t     <div class=\"row\">\r\n              <div class=\"col\">\r\n\t\t\t\t\r\n\t\t\t\t<div class=\"p-details-text\">\r\n\t\t\t\t<h4>\r\n\t\t\t\tCATENA GENOVESE\r\n\t\t\t\t<\/h4>\r\n                            <div class=\"col-lg-6 col-md-6\">\r\n\t\t\t\t\t    <img decoding=\"async\" src=\"..\/..\/..\/..\/..\/wp-content\/uploads\/catena-tecnico.jpg\" alt=\"\" style=\"max-width: 100%;\">\r\n\t\t\t\t  <\/div>\r\n\t\t\t\t\r\n\t\t\t\t\r\n\t\t\t\t<table class=\"uk-table uk-table-divider uk-text-center\">\r\n<tbody>\r\n<tr>\r\n<td align = \"center\"> \u00ab\u00a0d\u00a0\u00bb \u00d8 MM <\/ td>\r\n<td align = \"center\"> \u00ab\u00a0P\u00a0\u00bb mm <\/ td>\r\n<td align = \"center\"> \u00ab\u00a0b\u00a0\u00bb mm <\/ td>\r\n<td align = \"center\"> \u00ab\u00a0Poids\u00a0\u00bb kg \/ mt <\/ td>\r\n<td align = \"center\"> Charge de rupture <\/ td>\r\n<\/tr>\r\n<tr>\r\n<td>8<\/td>\r\n<td>32<\/td>\r\n<td>30<\/td>\r\n<td>1,330<\/td>\r\n<td>30<\/td>\r\n<\/tr>\r\n<tr>\r\n<td>9<\/td>\r\n<td>38<\/td>\r\n<td>33<\/td>\r\n<td>1,650<\/td>\r\n<td>40<\/td>\r\n<\/tr>\r\n<tr>\r\n<td>10<\/td>\r\n<td>40<\/td>\r\n<td>37<\/td>\r\n<td>2,100<\/td>\r\n<td>55<\/td>\r\n<\/tr>\r\n<tr>\r\n<td>12<\/td>\r\n<td>45<\/td>\r\n<td>44<\/td>\r\n<td>3,000<\/td>\r\n<td>60<\/td>\r\n<\/tr>\r\n<tr>\r\n<td>13<\/td>\r\n<td>48<\/td>\r\n<td>46<\/td>\r\n<td>3,450<\/td>\r\n<td>64<\/td>\r\n<\/tr>\r\n<tr>\r\n<td>14<\/td>\r\n<td>56<\/td>\r\n<td>51<\/td>\r\n<td>4,200<\/td>\r\n<td>80<\/td>\r\n<\/tr>\r\n<tr>\r\n<td>16<\/td>\r\n<td>56<\/td>\r\n<td>54<\/td>\r\n<td>5,700<\/td>\r\n<td>130<\/td>\r\n<\/tr>\r\n<tr>\r\n<td>18<\/td>\r\n<td>63<\/td>\r\n<td>63<\/td>\r\n<td>7,000<\/td>\r\n<td>150<\/td>\r\n<\/tr>\r\n<tr>\r\n<td>20<\/td>\r\n<td>70<\/td>\r\n<td>70<\/td>\r\n<td>8,400<\/td>\r\n<td>200<\/td>\r\n<\/tr>\r\n<tr>\r\n<td>22<\/td>\r\n<td>78<\/td>\r\n<td>75<\/td>\r\n<td>10,400<\/td>\r\n<td>250<\/td>\r\n<\/tr>\r\n<tr>\r\n<td>24<\/td>\r\n<td>86<\/td>\r\n<td>81<\/td>\r\n<td>11,500<\/td>\r\n<td>320<\/td>\r\n<\/tr>\r\n<tr>\r\n<td>26<\/td>\r\n<td>92<\/td>\r\n<td>87<\/td>\r\n<td>13,400<\/td>\r\n<td>340<\/td>\r\n<\/tr>\r\n<tr>\r\n<td>28<\/td>\r\n<td>100<\/td>\r\n<td>97<\/td>\r\n<td>15,700<\/td>\r\n<td>450<\/td>\r\n<\/tr>\r\n<tr>\r\n<td>30<\/td>\r\n<td>108<\/td>\r\n<td>102<\/td>\r\n<td>17,600<\/td>\r\n<td>500<\/td>\r\n<\/tr>\r\n<tr>\r\n<td>42<\/td>\r\n<td><\/td>\r\n<td><\/td>\r\n<td>35,000<\/td>\r\n<td>700<\/td>\r\n<\/tr>\r\n<\/tbody>\r\n<\/table>\r\n\t\t\t\t\r\n\t\t\t\t<\/div>\r\n\t\t\t<\/div>\r\n\t\t<\/div>\r\n\t\t\t<div class=\"row\">\r\n\t\t\t\t   <div class=\"col-lg-6 col-md-6\">\r\n\t\t\t\t\t    <img decoding=\"async\" src=\"..\/..\/..\/..\/..\/wp-content\/uploads\/catena-genovese.jpg\" alt=\"\" style=\"max-width: 100%;\">\r\n\t\t\t\t  <\/div>\r\n\t\t\t\t  <div class=\"col-lg-6 col-md-6\">\r\n\t\t\t\t\t    <img decoding=\"async\" src=\"..\/..\/..\/..\/..\/wp-content\/uploads\/catena-genovese-1.jpg\" alt=\"\" style=\"max-width: 100%;\">\r\n\t\t\t\t  <\/div>\r\n\t\t\t  <\/div>\r\n\t\t\t   <div class=\"row\">\r\n              <div class=\"col\">\r\n\t\t\t\t<div class=\"p-details-text\">\r\n                           <h4>\r\n\t\t\t\tCATENA MAGLIA LUNGA\r\n\t\t\t\t<\/h4>\r\n\t\t\t\t\t\t   <div class=\"col-lg-6 col-md-6\">\r\n\t\t\t\t\t    <img decoding=\"async\" src=\"..\/..\/..\/..\/..\/wp-content\/uploads\/catena-tecnico.jpg\" alt=\"\" style=\"max-width: 100%;\">\r\n\t\t\t\t  <\/div>\r\n\t\t\t\t\r\n\t\t\t\t\r\n\t\t\t\t<table class=\"uk-table uk-table-divider uk-text-center\">\r\n<tbody>\r\n<tr>\r\n<td align = \"center\"> \u00ab\u00a0d\u00a0\u00bb \u00d8 MM <\/ td>\r\n<td align = \"center\"> \u00ab\u00a0P\u00a0\u00bb mm <\/ td>\r\n<td align = \"center\"> \u00ab\u00a0b\u00a0\u00bb mm <\/ td>\r\n<td align = \"center\"> \u00ab\u00a0Poids\u00a0\u00bb kg \/ mt <\/ td>\r\n<td align = \"center\"> Charge de rupture <\/ td>\r\n<\/tr>\r\n<tr>\r\n<td>8<\/td>\r\n<td>54<\/td>\r\n<td>32<\/td>\r\n<td>1,15<\/td>\r\n<td>23<\/td>\r\n<\/tr>\r\n<tr>\r\n<td>9<\/td>\r\n<td>59<\/td>\r\n<td>39<\/td>\r\n<td>1,60<\/td>\r\n<td>27<\/td>\r\n<\/tr>\r\n<tr>\r\n<td>10<\/td>\r\n<td>65<\/td>\r\n<td>40<\/td>\r\n<td>1,82<\/td>\r\n<td>56<\/td>\r\n<\/tr>\r\n<tr>\r\n<td>12<\/td>\r\n<td>78<\/td>\r\n<td>48<\/td>\r\n<td>2,63<\/td>\r\n<td>70<\/td>\r\n<\/tr>\r\n<tr>\r\n<td>13<\/td>\r\n<td>82<\/td>\r\n<td>52<\/td>\r\n<td>3,05<\/td>\r\n<td>72<\/td>\r\n<\/tr>\r\n<tr>\r\n<td>16<\/td>\r\n<td>100<\/td>\r\n<td>56<\/td>\r\n<td>4,50<\/td>\r\n<td>120<\/td>\r\n<\/tr>\r\n<tr>\r\n<td>20<\/td>\r\n<td>100<\/td>\r\n<td>75<\/td>\r\n<td>7,60<\/td>\r\n<td>210<\/td>\r\n<\/tr>\r\n<tr>\r\n<td>22<\/td>\r\n<td>120<\/td>\r\n<td>77<\/td>\r\n<td>8,20<\/td>\r\n<td>240<\/td>\r\n<\/tr>\r\n<\/tbody>\r\n<\/table>\r\n\t\t\t\t\r\n\t\t\t\t<\/div>\r\n\t\t\t<\/div>\r\n\t\t<\/div>\r\n\t\t\t<div class=\"row\">\r\n\t\t\t\t   <div class=\"col-lg-6 col-md-6\">\r\n\t\t\t\t\t    <img decoding=\"async\" src=\"..\/..\/..\/..\/..\/wp-content\/uploads\/catena-maglia-lunga.jpg\" alt=\"\" style=\"max-width: 100%;\">\r\n\t\t\t\t  <\/div>\r\n\t\t\t  <\/div>\r\n\t<\/div>\r\n<\/section>","protected":false},"excerpt":{"rendered":"Cha\u00eenes Pour garantir une r\u00e9sistance maximale \u00e0 ses propres syst\u00e8mes d&rsquo;amarrage, Ad. Aq. propose une s\u00e9lection de cha\u00eenes de haute qualit\u00e9 dont la structure et le poids diff\u00e8rent en fonction de l&rsquo;utilisation envisag\u00e9e. Cha\u00eenes \u00e0 maillons g\u00e9noises utilis\u00e9es comme \u00e9l\u00e9ments de pond\u00e9ration directement connect\u00e9s \u00e0 l&rsquo;ancre ou au cadavre et appel\u00e9es \u00ab\u00a0Catene Battifondo\u00a0\u00bb. Des cha\u00eenes [&hellip;]","protected":false},"author":1,"featured_media":4527,"parent":4526,"menu_order":0,"comment_status":"closed","ping_status":"closed","template":"sub_page_adaq_uikit.php","meta":{"_acf_changed":false,"footnotes":""},"acf":[],"yoast_head":"<!-- This site is optimized with the Yoast SEO plugin v23.5 - https:\/\/yoast.com\/wordpress\/plugins\/seo\/ -->\n<title>Cha\u00eenes \u00e0 r\u00e9sistance maximale pour l&#039;aquaculture | Adaq Srl<\/title>\n<meta name=\"description\" content=\"Pour assurer une r\u00e9sistance maximale \u00e0 ses syst\u00e8mes d&#039;amarrage Ad. Aq. propose une s\u00e9lection de cha\u00eenes de haute qualit\u00e9.\" \/>\n<meta name=\"robots\" content=\"index, follow, max-snippet:-1, max-image-preview:large, max-video-preview:-1\" \/>\n<link rel=\"canonical\" href=\"https:\/\/www.adaq.it\/fr\/aquaculture\/pisciculture\/amarrages\/chaines\/\" \/>\n<meta property=\"og:locale\" content=\"fr_FR\" \/>\n<meta property=\"og:type\" content=\"article\" \/>\n<meta property=\"og:title\" content=\"Cha\u00eenes \u00e0 r\u00e9sistance maximale pour l&#039;aquaculture | Adaq Srl\" \/>\n<meta property=\"og:description\" content=\"Pour assurer une r\u00e9sistance maximale \u00e0 ses syst\u00e8mes d&#039;amarrage Ad. Aq. propose une s\u00e9lection de cha\u00eenes de haute qualit\u00e9.\" \/>\n<meta property=\"og:url\" content=\"https:\/\/www.adaq.it\/fr\/aquaculture\/pisciculture\/amarrages\/chaines\/\" \/>\n<meta property=\"og:site_name\" content=\"Adaq Srl\" \/>\n<meta property=\"article:modified_time\" content=\"2020-04-20T16:57:28+00:00\" \/>\n<meta property=\"og:image\" content=\"http:\/\/www.adaq.it\/wp-content\/uploads\/ormeggi-header-e1521369182730.jpg\" \/>\n\t<meta property=\"og:image:width\" content=\"2048\" \/>\n\t<meta property=\"og:image:height\" content=\"1536\" \/>\n\t<meta property=\"og:image:type\" content=\"image\/jpeg\" \/>\n<meta name=\"twitter:card\" content=\"summary_large_image\" \/>\n<meta name=\"twitter:label1\" content=\"Dur\u00e9e de lecture estim\u00e9e\" \/>\n\t<meta name=\"twitter:data1\" content=\"1 minute\" \/>\n<script type=\"application\/ld+json\" class=\"yoast-schema-graph\">{\"@context\":\"https:\/\/schema.org\",\"@graph\":[{\"@type\":\"WebPage\",\"@id\":\"https:\/\/www.adaq.it\/fr\/aquaculture\/pisciculture\/amarrages\/chaines\/\",\"url\":\"https:\/\/www.adaq.it\/fr\/aquaculture\/pisciculture\/amarrages\/chaines\/\",\"name\":\"Cha\u00eenes \u00e0 r\u00e9sistance maximale pour l'aquaculture | Adaq Srl\",\"isPartOf\":{\"@id\":\"http:\/\/www.adaq.it\/fr\/#website\"},\"primaryImageOfPage\":{\"@id\":\"https:\/\/www.adaq.it\/fr\/aquaculture\/pisciculture\/amarrages\/chaines\/#primaryimage\"},\"image\":{\"@id\":\"https:\/\/www.adaq.it\/fr\/aquaculture\/pisciculture\/amarrages\/chaines\/#primaryimage\"},\"thumbnailUrl\":\"https:\/\/www.adaq.it\/wp-content\/uploads\/ormeggi-header-e1521369182730.jpg\",\"datePublished\":\"2019-02-05T22:17:24+00:00\",\"dateModified\":\"2020-04-20T16:57:28+00:00\",\"description\":\"Pour assurer une r\u00e9sistance maximale \u00e0 ses syst\u00e8mes d'amarrage Ad. Aq. propose une s\u00e9lection de cha\u00eenes de haute qualit\u00e9.\",\"breadcrumb\":{\"@id\":\"https:\/\/www.adaq.it\/fr\/aquaculture\/pisciculture\/amarrages\/chaines\/#breadcrumb\"},\"inLanguage\":\"fr-FR\",\"potentialAction\":[{\"@type\":\"ReadAction\",\"target\":[\"https:\/\/www.adaq.it\/fr\/aquaculture\/pisciculture\/amarrages\/chaines\/\"]}]},{\"@type\":\"ImageObject\",\"inLanguage\":\"fr-FR\",\"@id\":\"https:\/\/www.adaq.it\/fr\/aquaculture\/pisciculture\/amarrages\/chaines\/#primaryimage\",\"url\":\"https:\/\/www.adaq.it\/wp-content\/uploads\/ormeggi-header-e1521369182730.jpg\",\"contentUrl\":\"https:\/\/www.adaq.it\/wp-content\/uploads\/ormeggi-header-e1521369182730.jpg\",\"width\":2048,\"height\":1536},{\"@type\":\"BreadcrumbList\",\"@id\":\"https:\/\/www.adaq.it\/fr\/aquaculture\/pisciculture\/amarrages\/chaines\/#breadcrumb\",\"itemListElement\":[{\"@type\":\"ListItem\",\"position\":1,\"name\":\"Home\",\"item\":\"http:\/\/www.adaq.it\/fr\/\"},{\"@type\":\"ListItem\",\"position\":2,\"name\":\"Aquaculture\",\"item\":\"http:\/\/www.adaq.it\/fr\/aquaculture\/\"},{\"@type\":\"ListItem\",\"position\":3,\"name\":\"Pisciculture\",\"item\":\"https:\/\/www.adaq.it\/fr\/aquaculture\/pisciculture\/\"},{\"@type\":\"ListItem\",\"position\":4,\"name\":\"Amarrages\",\"item\":\"https:\/\/www.adaq.it\/fr\/aquaculture\/pisciculture\/amarrages\/\"},{\"@type\":\"ListItem\",\"position\":5,\"name\":\"Cha\u00eenes\"}]},{\"@type\":\"WebSite\",\"@id\":\"http:\/\/www.adaq.it\/fr\/#website\",\"url\":\"http:\/\/www.adaq.it\/fr\/\",\"name\":\"Adaq Srl\",\"description\":\"Advanced Aquaculture\",\"publisher\":{\"@id\":\"http:\/\/www.adaq.it\/fr\/#organization\"},\"potentialAction\":[{\"@type\":\"SearchAction\",\"target\":{\"@type\":\"EntryPoint\",\"urlTemplate\":\"http:\/\/www.adaq.it\/fr\/?s={search_term_string}\"},\"query-input\":{\"@type\":\"PropertyValueSpecification\",\"valueRequired\":true,\"valueName\":\"search_term_string\"}}],\"inLanguage\":\"fr-FR\"},{\"@type\":\"Organization\",\"@id\":\"http:\/\/www.adaq.it\/fr\/#organization\",\"name\":\"Adaq Srl\",\"url\":\"http:\/\/www.adaq.it\/fr\/\",\"logo\":{\"@type\":\"ImageObject\",\"inLanguage\":\"fr-FR\",\"@id\":\"http:\/\/www.adaq.it\/fr\/#\/schema\/logo\/image\/\",\"url\":\"http:\/\/www.adaq.it\/wp-content\/uploads\/logo-adaq-100.png\",\"contentUrl\":\"http:\/\/www.adaq.it\/wp-content\/uploads\/logo-adaq-100.png\",\"width\":\"104\",\"height\":\"104\",\"caption\":\"Adaq Srl\"},\"image\":{\"@id\":\"http:\/\/www.adaq.it\/fr\/#\/schema\/logo\/image\/\"}}]}<\/script>\n<!-- \/ Yoast SEO plugin. -->","yoast_head_json":{"title":"Cha\u00eenes \u00e0 r\u00e9sistance maximale pour l'aquaculture | Adaq Srl","description":"Pour assurer une r\u00e9sistance maximale \u00e0 ses syst\u00e8mes d'amarrage Ad. Aq. propose une s\u00e9lection de cha\u00eenes de haute qualit\u00e9.","robots":{"index":"index","follow":"follow","max-snippet":"max-snippet:-1","max-image-preview":"max-image-preview:large","max-video-preview":"max-video-preview:-1"},"canonical":"https:\/\/www.adaq.it\/fr\/aquaculture\/pisciculture\/amarrages\/chaines\/","og_locale":"fr_FR","og_type":"article","og_title":"Cha\u00eenes \u00e0 r\u00e9sistance maximale pour l'aquaculture | Adaq Srl","og_description":"Pour assurer une r\u00e9sistance maximale \u00e0 ses syst\u00e8mes d'amarrage Ad. Aq. propose une s\u00e9lection de cha\u00eenes de haute qualit\u00e9.","og_url":"https:\/\/www.adaq.it\/fr\/aquaculture\/pisciculture\/amarrages\/chaines\/","og_site_name":"Adaq Srl","article_modified_time":"2020-04-20T16:57:28+00:00","og_image":[{"width":2048,"height":1536,"url":"http:\/\/www.adaq.it\/wp-content\/uploads\/ormeggi-header-e1521369182730.jpg","type":"image\/jpeg"}],"twitter_card":"summary_large_image","twitter_misc":{"Dur\u00e9e de lecture estim\u00e9e":"1 minute"},"schema":{"@context":"https:\/\/schema.org","@graph":[{"@type":"WebPage","@id":"https:\/\/www.adaq.it\/fr\/aquaculture\/pisciculture\/amarrages\/chaines\/","url":"https:\/\/www.adaq.it\/fr\/aquaculture\/pisciculture\/amarrages\/chaines\/","name":"Cha\u00eenes \u00e0 r\u00e9sistance maximale pour l'aquaculture | Adaq Srl","isPartOf":{"@id":"http:\/\/www.adaq.it\/fr\/#website"},"primaryImageOfPage":{"@id":"https:\/\/www.adaq.it\/fr\/aquaculture\/pisciculture\/amarrages\/chaines\/#primaryimage"},"image":{"@id":"https:\/\/www.adaq.it\/fr\/aquaculture\/pisciculture\/amarrages\/chaines\/#primaryimage"},"thumbnailUrl":"https:\/\/www.adaq.it\/wp-content\/uploads\/ormeggi-header-e1521369182730.jpg","datePublished":"2019-02-05T22:17:24+00:00","dateModified":"2020-04-20T16:57:28+00:00","description":"Pour assurer une r\u00e9sistance maximale \u00e0 ses syst\u00e8mes d'amarrage Ad. Aq. propose une s\u00e9lection de cha\u00eenes de haute qualit\u00e9.","breadcrumb":{"@id":"https:\/\/www.adaq.it\/fr\/aquaculture\/pisciculture\/amarrages\/chaines\/#breadcrumb"},"inLanguage":"fr-FR","potentialAction":[{"@type":"ReadAction","target":["https:\/\/www.adaq.it\/fr\/aquaculture\/pisciculture\/amarrages\/chaines\/"]}]},{"@type":"ImageObject","inLanguage":"fr-FR","@id":"https:\/\/www.adaq.it\/fr\/aquaculture\/pisciculture\/amarrages\/chaines\/#primaryimage","url":"https:\/\/www.adaq.it\/wp-content\/uploads\/ormeggi-header-e1521369182730.jpg","contentUrl":"https:\/\/www.adaq.it\/wp-content\/uploads\/ormeggi-header-e1521369182730.jpg","width":2048,"height":1536},{"@type":"BreadcrumbList","@id":"https:\/\/www.adaq.it\/fr\/aquaculture\/pisciculture\/amarrages\/chaines\/#breadcrumb","itemListElement":[{"@type":"ListItem","position":1,"name":"Home","item":"http:\/\/www.adaq.it\/fr\/"},{"@type":"ListItem","position":2,"name":"Aquaculture","item":"http:\/\/www.adaq.it\/fr\/aquaculture\/"},{"@type":"ListItem","position":3,"name":"Pisciculture","item":"https:\/\/www.adaq.it\/fr\/aquaculture\/pisciculture\/"},{"@type":"ListItem","position":4,"name":"Amarrages","item":"https:\/\/www.adaq.it\/fr\/aquaculture\/pisciculture\/amarrages\/"},{"@type":"ListItem","position":5,"name":"Cha\u00eenes"}]},{"@type":"WebSite","@id":"http:\/\/www.adaq.it\/fr\/#website","url":"http:\/\/www.adaq.it\/fr\/","name":"Adaq Srl","description":"Advanced Aquaculture","publisher":{"@id":"http:\/\/www.adaq.it\/fr\/#organization"},"potentialAction":[{"@type":"SearchAction","target":{"@type":"EntryPoint","urlTemplate":"http:\/\/www.adaq.it\/fr\/?s={search_term_string}"},"query-input":{"@type":"PropertyValueSpecification","valueRequired":true,"valueName":"search_term_string"}}],"inLanguage":"fr-FR"},{"@type":"Organization","@id":"http:\/\/www.adaq.it\/fr\/#organization","name":"Adaq Srl","url":"http:\/\/www.adaq.it\/fr\/","logo":{"@type":"ImageObject","inLanguage":"fr-FR","@id":"http:\/\/www.adaq.it\/fr\/#\/schema\/logo\/image\/","url":"http:\/\/www.adaq.it\/wp-content\/uploads\/logo-adaq-100.png","contentUrl":"http:\/\/www.adaq.it\/wp-content\/uploads\/logo-adaq-100.png","width":"104","height":"104","caption":"Adaq Srl"},"image":{"@id":"http:\/\/www.adaq.it\/fr\/#\/schema\/logo\/image\/"}}]}},"_links":{"self":[{"href":"https:\/\/www.adaq.it\/fr\/wp-json\/wp\/v2\/pages\/4549"}],"collection":[{"href":"https:\/\/www.adaq.it\/fr\/wp-json\/wp\/v2\/pages"}],"about":[{"href":"https:\/\/www.adaq.it\/fr\/wp-json\/wp\/v2\/types\/page"}],"author":[{"embeddable":true,"href":"https:\/\/www.adaq.it\/fr\/wp-json\/wp\/v2\/users\/1"}],"replies":[{"embeddable":true,"href":"https:\/\/www.adaq.it\/fr\/wp-json\/wp\/v2\/comments?post=4549"}],"version-history":[{"count":2,"href":"https:\/\/www.adaq.it\/fr\/wp-json\/wp\/v2\/pages\/4549\/revisions"}],"predecessor-version":[{"id":4550,"href":"https:\/\/www.adaq.it\/fr\/wp-json\/wp\/v2\/pages\/4549\/revisions\/4550"}],"up":[{"embeddable":true,"href":"https:\/\/www.adaq.it\/fr\/wp-json\/wp\/v2\/pages\/4526"}],"wp:featuredmedia":[{"embeddable":true,"href":"https:\/\/www.adaq.it\/fr\/wp-json\/wp\/v2\/media\/4527"}],"wp:attachment":[{"href":"https:\/\/www.adaq.it\/fr\/wp-json\/wp\/v2\/media?parent=4549"}],"curies":[{"name":"wp","href":"https:\/\/api.w.org\/{rel}","templated":true}]}}