{"id":4560,"date":"2019-07-28T20:56:37","date_gmt":"2019-07-28T18:56:37","guid":{"rendered":"http:\/\/www.adaq.it\/aquaculture\/pisciculture\/amarrages\/ancres\/altri-modelli\/"},"modified":"2020-04-20T18:55:02","modified_gmt":"2020-04-20T16:55:02","slug":"autres","status":"publish","type":"page","link":"https:\/\/www.adaq.it\/fr\/aquaculture\/pisciculture\/amarrages\/ancres\/autres\/","title":{"rendered":"Autres mod\u00e8les"},"content":{"rendered":"<section class=\"p-80 wow fadeIn\" data-wow-delay=\"0.5s\" style=\"visibility: visible; animation-delay: 0.5s; animation-name: fadeIn;\">\r\n          <div class=\"container\">\r\n            <div class=\"row\">\r\n              <div class=\"col-lg-8 col-md-10\">\r\n\t\t\t\t<h1>Autres mod\u00e8les ancres<\/h1>\r\n             <\/div>\r\n            <\/div>\r\n          <\/div>\r\n<\/section>\r\n\r\n<div class=\"portfolio-details-area\">\r\n      <div class=\"container\">\r\n          <div class=\"row\">\r\n              <div class=\"col-lg-8 col-md-8\">\r\n                          <div class=\"p-details-img\">\r\n                              <img decoding=\"async\" src=\"..\/..\/..\/..\/..\/..\/wp-content\/uploads\/ancore-hall-link.jpg\" alt=\"\" style=\"max-width: 100%;\">\r\n                          <\/div>\r\n              <\/div>\r\n\t\t\t  \t<div class=\"col-lg-4 col-md-4 info-details\" id=\"info\">\r\n\t\t\t  <\/div>\r\n              <\/div>\r\n          <\/div>  \r\n      <\/div>\r\n\r\n<section class=\"pb-4 wow fadeIn\" data-wow-delay=\"0.5s\" style=\"visibility: visible; animation-delay: 0.5s; animation-name: fadeIn;\">\r\n          <div class=\"container\">\r\n            <div class=\"row\">\r\n              <div class=\"col\">\r\n\t\t\t\t<div class=\"p-details-text\">\r\n\t\t\t\t<p>\r\n\t\t\t\tAutres mod\u00e8les encore disponibles dans les poids suivants:<br>\r\n\t\t\t\tKg 1500 Kg 2000 Kg 2500 Kg 3000 Kg 4000 Kg 5000\r\n\t\t\t\t<\/p>\r\n\t\t\t<div class=\"row\">\r\n              <div class=\"col\">\r\n\t\t\t  <h3>\r\n\t\t\t  Hall\r\n\t\t\t  <\/h3>\r\n         <img decoding=\"async\" src=\"..\/..\/..\/..\/..\/..\/wp-content\/uploads\/hall.jpg\" alt=\"\" style=\"max-width: 100%;\">\r\n\t\t\t  <\/div>\r\n\t\t\t  <\/div>\r\n\t\t\t  \t\t\t<div class=\"row\">\r\n              <div class=\"col\">\r\n\t\t\t  <h3>\r\n\t\t\t  Spek\r\n\t\t\t  <\/h3>\r\n         <img decoding=\"async\" src=\"..\/..\/..\/..\/..\/..\/wp-content\/uploads\/speck.jpg\" alt=\"\" style=\"max-width: 100%;\">\r\n\t\t\t  <\/div>\r\n\t\t\t  <\/div>\r\n\t\t\t  \t\t\t<div class=\"row\">\r\n              <div class=\"col\">\r\n\t\t\t  <h3>\r\n\t\t\t  AC 14\r\n\t\t\t  <\/h3>\r\n         <img decoding=\"async\" src=\"..\/..\/..\/..\/..\/..\/wp-content\/uploads\/ac-14.jpg\" alt=\"\" style=\"max-width: 100%;\">\r\n\t\t\t  <\/div>\r\n\t\t\t  <\/div>\r\n\t\t\t  \t\t\t<div class=\"row\">\r\n              <div class=\"col\">\r\n\t\t\t  <h3>\r\n\t\t\t  Pool N\r\n\t\t\t  <\/h3>\r\n         <img decoding=\"async\" src=\"..\/..\/..\/..\/..\/..\/wp-content\/uploads\/pool-n.jpg\" alt=\"\" style=\"max-width: 100%;\">\r\n\t\t\t  <\/div>\r\n\t\t\t  <\/div>\r\n\t\t\t  \t\t\t<div class=\"row\">\r\n              <div class=\"col\">\r\n\t\t\t  <h3>\r\n\t\t\t  Danforth\r\n\t\t\t  <\/h3>\r\n         <img decoding=\"async\" src=\"..\/..\/..\/..\/..\/..\/wp-content\/uploads\/danforth.jpg\" alt=\"\" style=\"max-width: 100%;\">\r\n\t\t\t  <\/div>\r\n\t\t\t  <\/div>\r\n\t\t\t\t  <\/div>\r\n\t\t\t\t<\/div>\r\n\t\t\t  <\/div>\r\n          <\/div>\r\n<\/section>\r\n","protected":false},"excerpt":{"rendered":"Autres mod\u00e8les ancres Autres mod\u00e8les encore disponibles dans les poids suivants: Kg 1500 Kg 2000 Kg 2500 Kg 3000 Kg 4000 Kg 5000 Hall Spek AC 14 Pool N Danforth","protected":false},"author":1,"featured_media":4527,"parent":4556,"menu_order":0,"comment_status":"closed","ping_status":"closed","template":"sub_page_adaq_uikit.php","meta":{"_acf_changed":false,"footnotes":""},"acf":[],"yoast_head":"<!-- This site is optimized with the Yoast SEO plugin v23.5 - https:\/\/yoast.com\/wordpress\/plugins\/seo\/ -->\n<title>Autres mod\u00e8les d&#039;ancres pour syst\u00e8mes aquacoles | Adaq Srl<\/title>\n<meta name=\"description\" content=\"Autres mod\u00e8les d&#039;ancres pour l&#039;aquaculture, la pisciculture et l&#039;amarrage. Disponible en diff\u00e9rents poids: Kg 1500 Kg 2000 Kg 2500 Kg 3000 Kg 4000 Kg 5000\" \/>\n<meta name=\"robots\" content=\"index, follow, max-snippet:-1, max-image-preview:large, max-video-preview:-1\" \/>\n<link rel=\"canonical\" href=\"https:\/\/www.adaq.it\/fr\/aquaculture\/pisciculture\/amarrages\/ancres\/autres\/\" \/>\n<meta property=\"og:locale\" content=\"fr_FR\" \/>\n<meta property=\"og:type\" content=\"article\" \/>\n<meta property=\"og:title\" content=\"Autres mod\u00e8les d&#039;ancres pour syst\u00e8mes aquacoles | Adaq Srl\" \/>\n<meta property=\"og:description\" content=\"Autres mod\u00e8les d&#039;ancres pour l&#039;aquaculture, la pisciculture et l&#039;amarrage. Disponible en diff\u00e9rents poids: Kg 1500 Kg 2000 Kg 2500 Kg 3000 Kg 4000 Kg 5000\" \/>\n<meta property=\"og:url\" content=\"https:\/\/www.adaq.it\/fr\/aquaculture\/pisciculture\/amarrages\/ancres\/autres\/\" \/>\n<meta property=\"og:site_name\" content=\"Adaq Srl\" \/>\n<meta property=\"article:modified_time\" content=\"2020-04-20T16:55:02+00:00\" \/>\n<meta property=\"og:image\" content=\"https:\/\/www.adaq.it\/wp-content\/uploads\/ormeggi-header-e1521369182730.jpg\" \/>\n\t<meta property=\"og:image:width\" content=\"2048\" \/>\n\t<meta property=\"og:image:height\" content=\"1536\" \/>\n\t<meta property=\"og:image:type\" content=\"image\/jpeg\" \/>\n<meta name=\"twitter:card\" content=\"summary_large_image\" \/>\n<script type=\"application\/ld+json\" class=\"yoast-schema-graph\">{\"@context\":\"https:\/\/schema.org\",\"@graph\":[{\"@type\":\"WebPage\",\"@id\":\"https:\/\/www.adaq.it\/fr\/aquaculture\/pisciculture\/amarrages\/ancres\/autres\/\",\"url\":\"https:\/\/www.adaq.it\/fr\/aquaculture\/pisciculture\/amarrages\/ancres\/autres\/\",\"name\":\"Autres mod\u00e8les d'ancres pour syst\u00e8mes aquacoles | Adaq Srl\",\"isPartOf\":{\"@id\":\"https:\/\/www.adaq.it\/fr\/#website\"},\"primaryImageOfPage\":{\"@id\":\"https:\/\/www.adaq.it\/fr\/aquaculture\/pisciculture\/amarrages\/ancres\/autres\/#primaryimage\"},\"image\":{\"@id\":\"https:\/\/www.adaq.it\/fr\/aquaculture\/pisciculture\/amarrages\/ancres\/autres\/#primaryimage\"},\"thumbnailUrl\":\"https:\/\/www.adaq.it\/wp-content\/uploads\/ormeggi-header-e1521369182730.jpg\",\"datePublished\":\"2019-07-28T18:56:37+00:00\",\"dateModified\":\"2020-04-20T16:55:02+00:00\",\"description\":\"Autres mod\u00e8les d'ancres pour l'aquaculture, la pisciculture et l'amarrage. Disponible en diff\u00e9rents poids: Kg 1500 Kg 2000 Kg 2500 Kg 3000 Kg 4000 Kg 5000\",\"breadcrumb\":{\"@id\":\"https:\/\/www.adaq.it\/fr\/aquaculture\/pisciculture\/amarrages\/ancres\/autres\/#breadcrumb\"},\"inLanguage\":\"fr-FR\",\"potentialAction\":[{\"@type\":\"ReadAction\",\"target\":[\"https:\/\/www.adaq.it\/fr\/aquaculture\/pisciculture\/amarrages\/ancres\/autres\/\"]}]},{\"@type\":\"ImageObject\",\"inLanguage\":\"fr-FR\",\"@id\":\"https:\/\/www.adaq.it\/fr\/aquaculture\/pisciculture\/amarrages\/ancres\/autres\/#primaryimage\",\"url\":\"https:\/\/www.adaq.it\/wp-content\/uploads\/ormeggi-header-e1521369182730.jpg\",\"contentUrl\":\"https:\/\/www.adaq.it\/wp-content\/uploads\/ormeggi-header-e1521369182730.jpg\",\"width\":2048,\"height\":1536},{\"@type\":\"BreadcrumbList\",\"@id\":\"https:\/\/www.adaq.it\/fr\/aquaculture\/pisciculture\/amarrages\/ancres\/autres\/#breadcrumb\",\"itemListElement\":[{\"@type\":\"ListItem\",\"position\":1,\"name\":\"Home\",\"item\":\"http:\/\/www.adaq.it\/fr\/\"},{\"@type\":\"ListItem\",\"position\":2,\"name\":\"Aquaculture\",\"item\":\"http:\/\/www.adaq.it\/fr\/aquaculture\/\"},{\"@type\":\"ListItem\",\"position\":3,\"name\":\"Pisciculture\",\"item\":\"https:\/\/www.adaq.it\/fr\/aquaculture\/pisciculture\/\"},{\"@type\":\"ListItem\",\"position\":4,\"name\":\"Amarrages\",\"item\":\"https:\/\/www.adaq.it\/fr\/aquaculture\/pisciculture\/amarrages\/\"},{\"@type\":\"ListItem\",\"position\":5,\"name\":\"Ancres\",\"item\":\"https:\/\/www.adaq.it\/fr\/aquaculture\/pisciculture\/amarrages\/ancres\/\"},{\"@type\":\"ListItem\",\"position\":6,\"name\":\"Autres mod\u00e8les\"}]},{\"@type\":\"WebSite\",\"@id\":\"https:\/\/www.adaq.it\/fr\/#website\",\"url\":\"https:\/\/www.adaq.it\/fr\/\",\"name\":\"Adaq Srl\",\"description\":\"Advanced Aquaculture\",\"publisher\":{\"@id\":\"https:\/\/www.adaq.it\/fr\/#organization\"},\"potentialAction\":[{\"@type\":\"SearchAction\",\"target\":{\"@type\":\"EntryPoint\",\"urlTemplate\":\"https:\/\/www.adaq.it\/fr\/?s={search_term_string}\"},\"query-input\":{\"@type\":\"PropertyValueSpecification\",\"valueRequired\":true,\"valueName\":\"search_term_string\"}}],\"inLanguage\":\"fr-FR\"},{\"@type\":\"Organization\",\"@id\":\"https:\/\/www.adaq.it\/fr\/#organization\",\"name\":\"Adaq Srl\",\"url\":\"https:\/\/www.adaq.it\/fr\/\",\"logo\":{\"@type\":\"ImageObject\",\"inLanguage\":\"fr-FR\",\"@id\":\"https:\/\/www.adaq.it\/fr\/#\/schema\/logo\/image\/\",\"url\":\"http:\/\/www.adaq.it\/wp-content\/uploads\/logo-adaq-100.png\",\"contentUrl\":\"http:\/\/www.adaq.it\/wp-content\/uploads\/logo-adaq-100.png\",\"width\":\"104\",\"height\":\"104\",\"caption\":\"Adaq Srl\"},\"image\":{\"@id\":\"https:\/\/www.adaq.it\/fr\/#\/schema\/logo\/image\/\"}}]}<\/script>\n<!-- \/ Yoast SEO plugin. -->","yoast_head_json":{"title":"Autres mod\u00e8les d'ancres pour syst\u00e8mes aquacoles | Adaq Srl","description":"Autres mod\u00e8les d'ancres pour l'aquaculture, la pisciculture et l'amarrage. Disponible en diff\u00e9rents poids: Kg 1500 Kg 2000 Kg 2500 Kg 3000 Kg 4000 Kg 5000","robots":{"index":"index","follow":"follow","max-snippet":"max-snippet:-1","max-image-preview":"max-image-preview:large","max-video-preview":"max-video-preview:-1"},"canonical":"https:\/\/www.adaq.it\/fr\/aquaculture\/pisciculture\/amarrages\/ancres\/autres\/","og_locale":"fr_FR","og_type":"article","og_title":"Autres mod\u00e8les d'ancres pour syst\u00e8mes aquacoles | Adaq Srl","og_description":"Autres mod\u00e8les d'ancres pour l'aquaculture, la pisciculture et l'amarrage. Disponible en diff\u00e9rents poids: Kg 1500 Kg 2000 Kg 2500 Kg 3000 Kg 4000 Kg 5000","og_url":"https:\/\/www.adaq.it\/fr\/aquaculture\/pisciculture\/amarrages\/ancres\/autres\/","og_site_name":"Adaq Srl","article_modified_time":"2020-04-20T16:55:02+00:00","og_image":[{"width":2048,"height":1536,"url":"https:\/\/www.adaq.it\/wp-content\/uploads\/ormeggi-header-e1521369182730.jpg","type":"image\/jpeg"}],"twitter_card":"summary_large_image","schema":{"@context":"https:\/\/schema.org","@graph":[{"@type":"WebPage","@id":"https:\/\/www.adaq.it\/fr\/aquaculture\/pisciculture\/amarrages\/ancres\/autres\/","url":"https:\/\/www.adaq.it\/fr\/aquaculture\/pisciculture\/amarrages\/ancres\/autres\/","name":"Autres mod\u00e8les d'ancres pour syst\u00e8mes aquacoles | Adaq Srl","isPartOf":{"@id":"https:\/\/www.adaq.it\/fr\/#website"},"primaryImageOfPage":{"@id":"https:\/\/www.adaq.it\/fr\/aquaculture\/pisciculture\/amarrages\/ancres\/autres\/#primaryimage"},"image":{"@id":"https:\/\/www.adaq.it\/fr\/aquaculture\/pisciculture\/amarrages\/ancres\/autres\/#primaryimage"},"thumbnailUrl":"https:\/\/www.adaq.it\/wp-content\/uploads\/ormeggi-header-e1521369182730.jpg","datePublished":"2019-07-28T18:56:37+00:00","dateModified":"2020-04-20T16:55:02+00:00","description":"Autres mod\u00e8les d'ancres pour l'aquaculture, la pisciculture et l'amarrage. Disponible en diff\u00e9rents poids: Kg 1500 Kg 2000 Kg 2500 Kg 3000 Kg 4000 Kg 5000","breadcrumb":{"@id":"https:\/\/www.adaq.it\/fr\/aquaculture\/pisciculture\/amarrages\/ancres\/autres\/#breadcrumb"},"inLanguage":"fr-FR","potentialAction":[{"@type":"ReadAction","target":["https:\/\/www.adaq.it\/fr\/aquaculture\/pisciculture\/amarrages\/ancres\/autres\/"]}]},{"@type":"ImageObject","inLanguage":"fr-FR","@id":"https:\/\/www.adaq.it\/fr\/aquaculture\/pisciculture\/amarrages\/ancres\/autres\/#primaryimage","url":"https:\/\/www.adaq.it\/wp-content\/uploads\/ormeggi-header-e1521369182730.jpg","contentUrl":"https:\/\/www.adaq.it\/wp-content\/uploads\/ormeggi-header-e1521369182730.jpg","width":2048,"height":1536},{"@type":"BreadcrumbList","@id":"https:\/\/www.adaq.it\/fr\/aquaculture\/pisciculture\/amarrages\/ancres\/autres\/#breadcrumb","itemListElement":[{"@type":"ListItem","position":1,"name":"Home","item":"http:\/\/www.adaq.it\/fr\/"},{"@type":"ListItem","position":2,"name":"Aquaculture","item":"http:\/\/www.adaq.it\/fr\/aquaculture\/"},{"@type":"ListItem","position":3,"name":"Pisciculture","item":"https:\/\/www.adaq.it\/fr\/aquaculture\/pisciculture\/"},{"@type":"ListItem","position":4,"name":"Amarrages","item":"https:\/\/www.adaq.it\/fr\/aquaculture\/pisciculture\/amarrages\/"},{"@type":"ListItem","position":5,"name":"Ancres","item":"https:\/\/www.adaq.it\/fr\/aquaculture\/pisciculture\/amarrages\/ancres\/"},{"@type":"ListItem","position":6,"name":"Autres mod\u00e8les"}]},{"@type":"WebSite","@id":"https:\/\/www.adaq.it\/fr\/#website","url":"https:\/\/www.adaq.it\/fr\/","name":"Adaq Srl","description":"Advanced Aquaculture","publisher":{"@id":"https:\/\/www.adaq.it\/fr\/#organization"},"potentialAction":[{"@type":"SearchAction","target":{"@type":"EntryPoint","urlTemplate":"https:\/\/www.adaq.it\/fr\/?s={search_term_string}"},"query-input":{"@type":"PropertyValueSpecification","valueRequired":true,"valueName":"search_term_string"}}],"inLanguage":"fr-FR"},{"@type":"Organization","@id":"https:\/\/www.adaq.it\/fr\/#organization","name":"Adaq Srl","url":"https:\/\/www.adaq.it\/fr\/","logo":{"@type":"ImageObject","inLanguage":"fr-FR","@id":"https:\/\/www.adaq.it\/fr\/#\/schema\/logo\/image\/","url":"http:\/\/www.adaq.it\/wp-content\/uploads\/logo-adaq-100.png","contentUrl":"http:\/\/www.adaq.it\/wp-content\/uploads\/logo-adaq-100.png","width":"104","height":"104","caption":"Adaq Srl"},"image":{"@id":"https:\/\/www.adaq.it\/fr\/#\/schema\/logo\/image\/"}}]}},"_links":{"self":[{"href":"https:\/\/www.adaq.it\/fr\/wp-json\/wp\/v2\/pages\/4560"}],"collection":[{"href":"https:\/\/www.adaq.it\/fr\/wp-json\/wp\/v2\/pages"}],"about":[{"href":"https:\/\/www.adaq.it\/fr\/wp-json\/wp\/v2\/types\/page"}],"author":[{"embeddable":true,"href":"https:\/\/www.adaq.it\/fr\/wp-json\/wp\/v2\/users\/1"}],"replies":[{"embeddable":true,"href":"https:\/\/www.adaq.it\/fr\/wp-json\/wp\/v2\/comments?post=4560"}],"version-history":[{"count":2,"href":"https:\/\/www.adaq.it\/fr\/wp-json\/wp\/v2\/pages\/4560\/revisions"}],"predecessor-version":[{"id":4562,"href":"https:\/\/www.adaq.it\/fr\/wp-json\/wp\/v2\/pages\/4560\/revisions\/4562"}],"up":[{"embeddable":true,"href":"https:\/\/www.adaq.it\/fr\/wp-json\/wp\/v2\/pages\/4556"}],"wp:featuredmedia":[{"embeddable":true,"href":"https:\/\/www.adaq.it\/fr\/wp-json\/wp\/v2\/media\/4527"}],"wp:attachment":[{"href":"https:\/\/www.adaq.it\/fr\/wp-json\/wp\/v2\/media?parent=4560"}],"curies":[{"name":"wp","href":"https:\/\/api.w.org\/{rel}","templated":true}]}}