{"id":4572,"date":"2018-03-14T14:29:50","date_gmt":"2018-03-14T13:29:50","guid":{"rendered":"http:\/\/www.adaq.it\/segnalazione\/"},"modified":"2020-04-20T19:23:22","modified_gmt":"2020-04-20T17:23:22","slug":"signalisation","status":"publish","type":"page","link":"https:\/\/www.adaq.it\/fr\/signalisation\/","title":{"rendered":"Signalisation"},"content":{"rendered":"<section class=\"p-80 pb-105 wow fadeIn\" data-wow-delay=\"0.5s\" style=\"visibility: visible; animation-delay: 0.5s; animation-name: fadeIn;\">\r\n          <div class=\"container\">\r\n            <div class=\"row\">\r\n              <div class=\"col-lg-8 offset-lg-2 col-md-10 offset-md-1\">\r\n                <div class=\"pt-30 description\">La signalisation maritime Ad.Aq. est l\u2019un des fleurons de notre production\u00a0: mat\u00e9riaux de haute qualit\u00e9, couleurs vives, vaste gamme de bou\u00e9es pour diff\u00e9rentes applications, \u00e9clairage \u00e0 LED basse consommation, constructions permettant de r\u00e9duire au maximum l\u2019entretien avec des mat\u00e9riaux synth\u00e9tiques possible.<\/div>\r\n                <div class=\"bar\"><\/div>\r\n\r\n             <\/div>\r\n            <\/div>\r\n          <\/div>\r\n        <\/section>\r\n\r\n<section class=\"feature-area p-80 wow fadeIn\" data-wow-delay=\"0.5s\" style=\"visibility: visible; animation-delay: 0.5s; animation-name: fadeIn;\">\r\n            <div class=\"container\">\r\n                <div class=\"uk-child-width-1-2@s uk-child-width-1-2@m uk-grid-match uk-grid\">\r\n                    <div class=\"pt-30 uk-transition-toggle\">\r\n                      <div class=\"uk-transition-scale-up uk-card uk-card-default\">\r\n                        <a href=\"sz4400\/\" class=\"no-underline\">\r\n                       <div class=\"uk-card-media-top\">\r\n                          <img decoding=\"async\" src=\"..\/..\/wp-content\/uploads\/sz4400.jpg\">\r\n                        <\/div>\r\n                         <div class=\"uk-card-body\">\r\n                           <h3 class=\"uk-card-title\">SZ4400<\/h3>\r\n                         <\/div>\r\n                          <\/a>\r\n                      <\/div>\r\n                    <\/div>\r\n\t\t\t\t\t<div class=\"pt-30 uk-transition-toggle\">\r\n                      <div class=\"uk-transition-scale-up uk-card uk-card-default\">\r\n                        <a href=\"Cardinale\/\" class=\"no-underline\">\r\n                       <div class=\"uk-card-media-top\">\r\n                          <img decoding=\"async\" src=\"..\/..\/wp-content\/uploads\/cardinale.jpg\">\r\n                        <\/div>\r\n                         <div class=\"uk-card-body\">\r\n                           <h3 class=\"uk-card-title\">Cardinale<\/h3>\r\n                         <\/div>\r\n                          <\/a>\r\n                      <\/div>\r\n                    <\/div>\r\n\t\t\t\t\t                    <div class=\"pt-30 uk-transition-toggle\">\r\n                      <div class=\"uk-transition-scale-up uk-card uk-card-default\">\r\n                        <a href=\"boa-di-segnalazione-marque-speciale\/\" class=\"no-underline\">\r\n                       <div class=\"uk-card-media-top\">\r\n                          <img decoding=\"async\" src=\"..\/..\/wp-content\/uploads\/marque.jpg\">\r\n                        <\/div>\r\n                         <div class=\"uk-card-body\">\r\n                           <h3 class=\"uk-card-title\">MARQUE SPECIAL<\/h3>\r\n                         <\/div>\r\n                          <\/a>\r\n                      <\/div>\r\n                    <\/div>\r\n\t\t\t\t<\/div>\r\n\t<\/div>\r\n<\/section>","protected":false},"excerpt":{"rendered":"La signalisation maritime Ad.Aq. est l\u2019un des fleurons de notre production\u00a0: mat\u00e9riaux de haute qualit\u00e9, couleurs vives, vaste gamme de bou\u00e9es pour diff\u00e9rentes applications, \u00e9clairage \u00e0 LED basse consommation, constructions permettant de r\u00e9duire au maximum l\u2019entretien avec des mat\u00e9riaux synth\u00e9tiques possible. SZ4400 Cardinale MARQUE SPECIAL","protected":false},"author":1,"featured_media":4573,"parent":0,"menu_order":0,"comment_status":"closed","ping_status":"closed","template":"page_adaq_uikit.php","meta":{"_acf_changed":false,"footnotes":""},"acf":[],"yoast_head":"<!-- This site is optimized with the Yoast SEO plugin v23.5 - https:\/\/yoast.com\/wordpress\/plugins\/seo\/ -->\n<title>Signalisation maritime professionnelle de la plus haute qualit\u00e9 | Adaq Srl<\/title>\n<meta name=\"description\" content=\"La signalisation maritime Ad.Aq. c&#039;est l&#039;un des fleurons de notre production: des mat\u00e9riaux de la plus haute qualit\u00e9 et une large gamme de bou\u00e9es.\" \/>\n<meta name=\"robots\" content=\"index, follow, max-snippet:-1, max-image-preview:large, max-video-preview:-1\" \/>\n<link rel=\"canonical\" href=\"https:\/\/www.adaq.it\/fr\/signalisation\/\" \/>\n<meta property=\"og:locale\" content=\"fr_FR\" \/>\n<meta property=\"og:type\" content=\"article\" \/>\n<meta property=\"og:title\" content=\"Signalisation maritime professionnelle de la plus haute qualit\u00e9 | Adaq Srl\" \/>\n<meta property=\"og:description\" content=\"La signalisation maritime Ad.Aq. c&#039;est l&#039;un des fleurons de notre production: des mat\u00e9riaux de la plus haute qualit\u00e9 et une large gamme de bou\u00e9es.\" \/>\n<meta property=\"og:url\" content=\"https:\/\/www.adaq.it\/fr\/signalisation\/\" \/>\n<meta property=\"og:site_name\" content=\"Adaq Srl\" \/>\n<meta property=\"article:modified_time\" content=\"2020-04-20T17:23:22+00:00\" \/>\n<meta property=\"og:image\" content=\"http:\/\/www.adaq.it\/wp-content\/uploads\/segnalazione-header.jpg\" \/>\n\t<meta property=\"og:image:width\" content=\"2048\" \/>\n\t<meta property=\"og:image:height\" content=\"1536\" \/>\n\t<meta property=\"og:image:type\" content=\"image\/jpeg\" \/>\n<meta name=\"twitter:card\" content=\"summary_large_image\" \/>\n<script type=\"application\/ld+json\" class=\"yoast-schema-graph\">{\"@context\":\"https:\/\/schema.org\",\"@graph\":[{\"@type\":\"WebPage\",\"@id\":\"https:\/\/www.adaq.it\/fr\/signalisation\/\",\"url\":\"https:\/\/www.adaq.it\/fr\/signalisation\/\",\"name\":\"Signalisation maritime professionnelle de la plus haute qualit\u00e9 | Adaq Srl\",\"isPartOf\":{\"@id\":\"http:\/\/www.adaq.it\/fr\/#website\"},\"primaryImageOfPage\":{\"@id\":\"https:\/\/www.adaq.it\/fr\/signalisation\/#primaryimage\"},\"image\":{\"@id\":\"https:\/\/www.adaq.it\/fr\/signalisation\/#primaryimage\"},\"thumbnailUrl\":\"https:\/\/www.adaq.it\/wp-content\/uploads\/segnalazione-header.jpg\",\"datePublished\":\"2018-03-14T13:29:50+00:00\",\"dateModified\":\"2020-04-20T17:23:22+00:00\",\"description\":\"La signalisation maritime Ad.Aq. c'est l'un des fleurons de notre production: des mat\u00e9riaux de la plus haute qualit\u00e9 et une large gamme de bou\u00e9es.\",\"breadcrumb\":{\"@id\":\"https:\/\/www.adaq.it\/fr\/signalisation\/#breadcrumb\"},\"inLanguage\":\"fr-FR\",\"potentialAction\":[{\"@type\":\"ReadAction\",\"target\":[\"https:\/\/www.adaq.it\/fr\/signalisation\/\"]}]},{\"@type\":\"ImageObject\",\"inLanguage\":\"fr-FR\",\"@id\":\"https:\/\/www.adaq.it\/fr\/signalisation\/#primaryimage\",\"url\":\"https:\/\/www.adaq.it\/wp-content\/uploads\/segnalazione-header.jpg\",\"contentUrl\":\"https:\/\/www.adaq.it\/wp-content\/uploads\/segnalazione-header.jpg\",\"width\":2048,\"height\":1536},{\"@type\":\"BreadcrumbList\",\"@id\":\"https:\/\/www.adaq.it\/fr\/signalisation\/#breadcrumb\",\"itemListElement\":[{\"@type\":\"ListItem\",\"position\":1,\"name\":\"Home\",\"item\":\"http:\/\/www.adaq.it\/fr\/\"},{\"@type\":\"ListItem\",\"position\":2,\"name\":\"Signalisation\"}]},{\"@type\":\"WebSite\",\"@id\":\"http:\/\/www.adaq.it\/fr\/#website\",\"url\":\"http:\/\/www.adaq.it\/fr\/\",\"name\":\"Adaq Srl\",\"description\":\"Advanced Aquaculture\",\"publisher\":{\"@id\":\"http:\/\/www.adaq.it\/fr\/#organization\"},\"potentialAction\":[{\"@type\":\"SearchAction\",\"target\":{\"@type\":\"EntryPoint\",\"urlTemplate\":\"http:\/\/www.adaq.it\/fr\/?s={search_term_string}\"},\"query-input\":{\"@type\":\"PropertyValueSpecification\",\"valueRequired\":true,\"valueName\":\"search_term_string\"}}],\"inLanguage\":\"fr-FR\"},{\"@type\":\"Organization\",\"@id\":\"http:\/\/www.adaq.it\/fr\/#organization\",\"name\":\"Adaq Srl\",\"url\":\"http:\/\/www.adaq.it\/fr\/\",\"logo\":{\"@type\":\"ImageObject\",\"inLanguage\":\"fr-FR\",\"@id\":\"http:\/\/www.adaq.it\/fr\/#\/schema\/logo\/image\/\",\"url\":\"http:\/\/www.adaq.it\/wp-content\/uploads\/logo-adaq-100.png\",\"contentUrl\":\"http:\/\/www.adaq.it\/wp-content\/uploads\/logo-adaq-100.png\",\"width\":\"104\",\"height\":\"104\",\"caption\":\"Adaq Srl\"},\"image\":{\"@id\":\"http:\/\/www.adaq.it\/fr\/#\/schema\/logo\/image\/\"}}]}<\/script>\n<!-- \/ Yoast SEO plugin. -->","yoast_head_json":{"title":"Signalisation maritime professionnelle de la plus haute qualit\u00e9 | Adaq Srl","description":"La signalisation maritime Ad.Aq. c'est l'un des fleurons de notre production: des mat\u00e9riaux de la plus haute qualit\u00e9 et une large gamme de bou\u00e9es.","robots":{"index":"index","follow":"follow","max-snippet":"max-snippet:-1","max-image-preview":"max-image-preview:large","max-video-preview":"max-video-preview:-1"},"canonical":"https:\/\/www.adaq.it\/fr\/signalisation\/","og_locale":"fr_FR","og_type":"article","og_title":"Signalisation maritime professionnelle de la plus haute qualit\u00e9 | Adaq Srl","og_description":"La signalisation maritime Ad.Aq. c'est l'un des fleurons de notre production: des mat\u00e9riaux de la plus haute qualit\u00e9 et une large gamme de bou\u00e9es.","og_url":"https:\/\/www.adaq.it\/fr\/signalisation\/","og_site_name":"Adaq Srl","article_modified_time":"2020-04-20T17:23:22+00:00","og_image":[{"width":2048,"height":1536,"url":"http:\/\/www.adaq.it\/wp-content\/uploads\/segnalazione-header.jpg","type":"image\/jpeg"}],"twitter_card":"summary_large_image","schema":{"@context":"https:\/\/schema.org","@graph":[{"@type":"WebPage","@id":"https:\/\/www.adaq.it\/fr\/signalisation\/","url":"https:\/\/www.adaq.it\/fr\/signalisation\/","name":"Signalisation maritime professionnelle de la plus haute qualit\u00e9 | Adaq Srl","isPartOf":{"@id":"http:\/\/www.adaq.it\/fr\/#website"},"primaryImageOfPage":{"@id":"https:\/\/www.adaq.it\/fr\/signalisation\/#primaryimage"},"image":{"@id":"https:\/\/www.adaq.it\/fr\/signalisation\/#primaryimage"},"thumbnailUrl":"https:\/\/www.adaq.it\/wp-content\/uploads\/segnalazione-header.jpg","datePublished":"2018-03-14T13:29:50+00:00","dateModified":"2020-04-20T17:23:22+00:00","description":"La signalisation maritime Ad.Aq. c'est l'un des fleurons de notre production: des mat\u00e9riaux de la plus haute qualit\u00e9 et une large gamme de bou\u00e9es.","breadcrumb":{"@id":"https:\/\/www.adaq.it\/fr\/signalisation\/#breadcrumb"},"inLanguage":"fr-FR","potentialAction":[{"@type":"ReadAction","target":["https:\/\/www.adaq.it\/fr\/signalisation\/"]}]},{"@type":"ImageObject","inLanguage":"fr-FR","@id":"https:\/\/www.adaq.it\/fr\/signalisation\/#primaryimage","url":"https:\/\/www.adaq.it\/wp-content\/uploads\/segnalazione-header.jpg","contentUrl":"https:\/\/www.adaq.it\/wp-content\/uploads\/segnalazione-header.jpg","width":2048,"height":1536},{"@type":"BreadcrumbList","@id":"https:\/\/www.adaq.it\/fr\/signalisation\/#breadcrumb","itemListElement":[{"@type":"ListItem","position":1,"name":"Home","item":"http:\/\/www.adaq.it\/fr\/"},{"@type":"ListItem","position":2,"name":"Signalisation"}]},{"@type":"WebSite","@id":"http:\/\/www.adaq.it\/fr\/#website","url":"http:\/\/www.adaq.it\/fr\/","name":"Adaq Srl","description":"Advanced Aquaculture","publisher":{"@id":"http:\/\/www.adaq.it\/fr\/#organization"},"potentialAction":[{"@type":"SearchAction","target":{"@type":"EntryPoint","urlTemplate":"http:\/\/www.adaq.it\/fr\/?s={search_term_string}"},"query-input":{"@type":"PropertyValueSpecification","valueRequired":true,"valueName":"search_term_string"}}],"inLanguage":"fr-FR"},{"@type":"Organization","@id":"http:\/\/www.adaq.it\/fr\/#organization","name":"Adaq Srl","url":"http:\/\/www.adaq.it\/fr\/","logo":{"@type":"ImageObject","inLanguage":"fr-FR","@id":"http:\/\/www.adaq.it\/fr\/#\/schema\/logo\/image\/","url":"http:\/\/www.adaq.it\/wp-content\/uploads\/logo-adaq-100.png","contentUrl":"http:\/\/www.adaq.it\/wp-content\/uploads\/logo-adaq-100.png","width":"104","height":"104","caption":"Adaq Srl"},"image":{"@id":"http:\/\/www.adaq.it\/fr\/#\/schema\/logo\/image\/"}}]}},"_links":{"self":[{"href":"https:\/\/www.adaq.it\/fr\/wp-json\/wp\/v2\/pages\/4572"}],"collection":[{"href":"https:\/\/www.adaq.it\/fr\/wp-json\/wp\/v2\/pages"}],"about":[{"href":"https:\/\/www.adaq.it\/fr\/wp-json\/wp\/v2\/types\/page"}],"author":[{"embeddable":true,"href":"https:\/\/www.adaq.it\/fr\/wp-json\/wp\/v2\/users\/1"}],"replies":[{"embeddable":true,"href":"https:\/\/www.adaq.it\/fr\/wp-json\/wp\/v2\/comments?post=4572"}],"version-history":[{"count":4,"href":"https:\/\/www.adaq.it\/fr\/wp-json\/wp\/v2\/pages\/4572\/revisions"}],"predecessor-version":[{"id":4574,"href":"https:\/\/www.adaq.it\/fr\/wp-json\/wp\/v2\/pages\/4572\/revisions\/4574"}],"wp:featuredmedia":[{"embeddable":true,"href":"https:\/\/www.adaq.it\/fr\/wp-json\/wp\/v2\/media\/4573"}],"wp:attachment":[{"href":"https:\/\/www.adaq.it\/fr\/wp-json\/wp\/v2\/media?parent=4572"}],"curies":[{"name":"wp","href":"https:\/\/api.w.org\/{rel}","templated":true}]}}