{"id":4587,"date":"2018-02-27T17:05:17","date_gmt":"2018-02-27T16:05:17","guid":{"rendered":"http:\/\/www.adaq.it\/pesca-professionale\/"},"modified":"2020-04-20T19:19:12","modified_gmt":"2020-04-20T17:19:12","slug":"peche-professionnelle","status":"publish","type":"page","link":"https:\/\/www.adaq.it\/fr\/peche-professionnelle\/","title":{"rendered":"P\u00eache professionnelle"},"content":{"rendered":"<section class=\"p-80 pb-105 wow fadeIn\" data-wow-delay=\"0.5s\" style=\"visibility: visible; animation-delay: 0.5s; animation-name: fadeIn;\">\r\n          <div class=\"container\">\r\n            <div class=\"row\">\r\n              <div class=\"col-lg-8 offset-lg-2 col-md-10 offset-md-1\">\r\n                <div class=\"pt-30 description\">Ad.Aq. srl est le leader italien et exclusif du marketing des filets de p\u00eache nou\u00e9s (p\u00eache d\u00e9rivante) des marques KK et ISEO RETE. Exclusivit\u00e9 \u00e9galement pour les v\u00eatements professionnels ELKA. Nous fournissons et stockons une large gamme d\u2019articles pour l\u2019industrie de la p\u00eache professionnelle, des cordages aux flotteurs, des tresses flottantes aux tresses plomb\u00e9es.\r\n<\/div>\r\n                <div class=\"bar\"><\/div>\r\n             <\/div>\r\n            <\/div>\r\n          <\/div>\r\n        <\/section>\r\n\r\n<section class=\"feature-area p-80 wow fadeIn\" data-wow-delay=\"0.5s\" style=\"visibility: visible; animation-delay: 0.5s; animation-name: fadeIn;\">\r\n            <div class=\"container\">\r\n                <div class=\"uk-child-width-1-2@s uk-child-width-1-2@m uk-grid-match uk-grid\">\r\n                    <div class=\"pt-30 uk-transition-toggle\">\r\n                      <div class=\"uk-transition-scale-up uk-card uk-card-default\">\r\n                        <a href=\"filets\/\" class=\"no-underline\">\r\n                       <div class=\"uk-card-media-top\">\r\n                          <img decoding=\"async\" src=\"..\/..\/wp-content\/uploads\/reti-link-1.jpg\">\r\n                        <\/div>\r\n                         <div class=\"uk-card-body\">\r\n                           <h3 class=\"uk-card-title\">Filets<\/h3>\r\n                           <p>Les filets KK et ISEO RETE, import\u00e9s en exclusivit\u00e9 de Tha\u00eflande, garantissent le meilleur rapport qualit\u00e9\/prix pour les p\u00eacheurs italiens. Nous commercialisons des filets et des parois MONOFILO (Barracuda), MULTIFILO (Coton), MULTIMONOFILO, TORTIGLIE blancs et color\u00e9s.<\/p>\r\n                         <\/div>\r\n                          <\/a>\r\n                      <\/div>\r\n                    <\/div>\r\n                  <div class=\"pt-30 uk-transition-toggle\">\r\n                      <div class=\"uk-transition-scale-up uk-card uk-card-default\"><a href=\"accessoires\/\" class=\"no-underline\">\r\n                        <div class=\"uk-card-media-top\">\r\n                          <img decoding=\"async\" src=\"..\/..\/wp-content\/uploads\/accessori-link-1.jpg\">\r\n                        <\/div>\r\n                        <div class=\"uk-card-body\">\r\n                                <h3 class=\"uk-card-title\">Accessoires<\/h3>\r\n                                <p>Ad.Aq. vend des flotteurs, des cordes, des tresses flottantes et plomb\u00e9es, des teintures pour filets, des v\u00eatements techniques de qualit\u00e9 sup\u00e9rieure pour offrir \u00e0 ses clients un service maximal avec un minimum d\u2019effort.<\/p>\r\n                        <\/div><\/a>\r\n                      <\/div>\r\n                    <\/div>\r\n                    <div class=\"pt-30 uk-transition-toggle\">\r\n                      <div class=\"uk-transition-scale-up uk-card uk-card-default\"><a href=\"vetements\/\" class=\"no-underline\">\r\n                        <div class=\"uk-card-media-top\">\r\n                         <img decoding=\"async\" src=\"..\/..\/wp-content\/uploads\/abbigliamento-link.jpg\">\r\n                        <\/div>\r\n                        <div class=\"uk-card-body\">\r\n                                <h3 class=\"uk-card-title\">V\u00eatements<\/h3>\r\n                                <p>Ad.Aq. propose une large gamme de v\u00eatements et d\u2019accessoires techniques sp\u00e9cifiques pour la p\u00eache professionnelle. Nous vendons des produits de marque ELKA, qui ont toujours \u00e9t\u00e9 reconnus pour leur excellente qualit\u00e9.<\/p>\r\n                        <\/div><\/a>\r\n                      <\/div>\r\n                    <\/div>\r\n                    <div class=\"pt-30 uk-transition-toggle\">\r\n                      <div class=\"uk-transition-scale-up uk-card uk-card-default\"><a href=\"trouver\/\" class=\"no-underline\">\r\n                        <div class=\"uk-card-media-top\">\r\n                          <img decoding=\"async\" src=\"..\/..\/wp-content\/uploads\/rivenditori-link-2-1.jpg\">\r\n                        <\/div>\r\n                        <div class=\"uk-card-body\">\r\n                                <h3 class=\"uk-card-title\">O\u00f9 nous trouver<\/h3>\r\n                                <p>Recherchez le revendeur des produits Ad.Aq. le plus proche de vous. Nous sommes pr\u00e9sents dans plus de 25 villes avec des revendeurs agr\u00e9\u00e9s. Filets, v\u00eatements, flotteurs, cordes et plus.<\/p>\r\n                        <\/div><\/a>\r\n                      <\/div>\r\n                    <\/div>\r\n                <\/div>\r\n            <\/div>\r\n        <\/section>\r\n<section class=\"p-80 pb-105 wow fadeIn\" data-wow-delay=\"0.5s\" style=\"visibility: visible; animation-delay: 0.5s; animation-name: fadeIn;\">\r\n          <div class=\"container\">\r\n            <div class=\"row\">\r\n              <div class=\"col-lg-8 offset-lg-2 col-md-10 offset-md-1\">\r\n                <div class=\"pt-30 description\">Vous \u00eates un d\u00e9taillant et souhaitez v\u00e9rifier les stocks, entrez la zone r\u00e9serv\u00e9e ici.<\/div>\r\n                <button class=\"wpcf7-submit\">\r\n\t\t\t\t\tEntrez ici\r\n\t\t\t\t  <\/button>\r\n             <\/div>\r\n            <\/div>\r\n          <\/div>\r\n        <\/section>","protected":false},"excerpt":{"rendered":"Ad.Aq. srl est le leader italien et exclusif du marketing des filets de p\u00eache nou\u00e9s (p\u00eache d\u00e9rivante) des marques KK et ISEO RETE. Exclusivit\u00e9 \u00e9galement pour les v\u00eatements professionnels ELKA. Nous fournissons et stockons une large gamme d\u2019articles pour l\u2019industrie de la p\u00eache professionnelle, des cordages aux flotteurs, des tresses flottantes aux tresses plomb\u00e9es. Filets [&hellip;]","protected":false},"author":1,"featured_media":4588,"parent":0,"menu_order":0,"comment_status":"closed","ping_status":"closed","template":"page_adaq_uikit.php","meta":{"_acf_changed":false,"footnotes":""},"acf":[],"yoast_head":"<!-- This site is optimized with the Yoast SEO plugin v23.5 - https:\/\/yoast.com\/wordpress\/plugins\/seo\/ -->\n<title>Leader et distributeur italien des r\u00e9seaux KK et ISEO RETE | Adaq Srl<\/title>\n<meta name=\"description\" content=\"Ad.Aq. srl est le leader italien et le distributeur exclusif pour la commercialisation des filets de p\u00eache nou\u00e9s (mail mail) avec les marques KK et ISEO RETE.\" \/>\n<meta name=\"robots\" content=\"index, follow, max-snippet:-1, max-image-preview:large, max-video-preview:-1\" \/>\n<link rel=\"canonical\" href=\"https:\/\/www.adaq.it\/fr\/peche-professionnelle\/\" \/>\n<meta property=\"og:locale\" content=\"fr_FR\" \/>\n<meta property=\"og:type\" content=\"article\" \/>\n<meta property=\"og:title\" content=\"Leader et distributeur italien des r\u00e9seaux KK et ISEO RETE | Adaq Srl\" \/>\n<meta property=\"og:description\" content=\"Ad.Aq. srl est le leader italien et le distributeur exclusif pour la commercialisation des filets de p\u00eache nou\u00e9s (mail mail) avec les marques KK et ISEO RETE.\" \/>\n<meta property=\"og:url\" content=\"https:\/\/www.adaq.it\/fr\/peche-professionnelle\/\" \/>\n<meta property=\"og:site_name\" content=\"Adaq Srl\" \/>\n<meta property=\"article:modified_time\" content=\"2020-04-20T17:19:12+00:00\" \/>\n<meta property=\"og:image\" content=\"https:\/\/www.adaq.it\/wp-content\/uploads\/reti-header_1.jpg\" \/>\n\t<meta property=\"og:image:width\" content=\"2048\" \/>\n\t<meta property=\"og:image:height\" content=\"1365\" \/>\n\t<meta property=\"og:image:type\" content=\"image\/jpeg\" \/>\n<meta name=\"twitter:card\" content=\"summary_large_image\" \/>\n<meta name=\"twitter:label1\" content=\"Dur\u00e9e de lecture estim\u00e9e\" \/>\n\t<meta name=\"twitter:data1\" content=\"1 minute\" \/>\n<script type=\"application\/ld+json\" class=\"yoast-schema-graph\">{\"@context\":\"https:\/\/schema.org\",\"@graph\":[{\"@type\":\"WebPage\",\"@id\":\"https:\/\/www.adaq.it\/fr\/peche-professionnelle\/\",\"url\":\"https:\/\/www.adaq.it\/fr\/peche-professionnelle\/\",\"name\":\"Leader et distributeur italien des r\u00e9seaux KK et ISEO RETE | Adaq Srl\",\"isPartOf\":{\"@id\":\"http:\/\/www.adaq.it\/fr\/#website\"},\"primaryImageOfPage\":{\"@id\":\"https:\/\/www.adaq.it\/fr\/peche-professionnelle\/#primaryimage\"},\"image\":{\"@id\":\"https:\/\/www.adaq.it\/fr\/peche-professionnelle\/#primaryimage\"},\"thumbnailUrl\":\"https:\/\/www.adaq.it\/wp-content\/uploads\/reti-header_1.jpg\",\"datePublished\":\"2018-02-27T16:05:17+00:00\",\"dateModified\":\"2020-04-20T17:19:12+00:00\",\"description\":\"Ad.Aq. srl est le leader italien et le distributeur exclusif pour la commercialisation des filets de p\u00eache nou\u00e9s (mail mail) avec les marques KK et ISEO RETE.\",\"breadcrumb\":{\"@id\":\"https:\/\/www.adaq.it\/fr\/peche-professionnelle\/#breadcrumb\"},\"inLanguage\":\"fr-FR\",\"potentialAction\":[{\"@type\":\"ReadAction\",\"target\":[\"https:\/\/www.adaq.it\/fr\/peche-professionnelle\/\"]}]},{\"@type\":\"ImageObject\",\"inLanguage\":\"fr-FR\",\"@id\":\"https:\/\/www.adaq.it\/fr\/peche-professionnelle\/#primaryimage\",\"url\":\"https:\/\/www.adaq.it\/wp-content\/uploads\/reti-header_1.jpg\",\"contentUrl\":\"https:\/\/www.adaq.it\/wp-content\/uploads\/reti-header_1.jpg\",\"width\":2048,\"height\":1365},{\"@type\":\"BreadcrumbList\",\"@id\":\"https:\/\/www.adaq.it\/fr\/peche-professionnelle\/#breadcrumb\",\"itemListElement\":[{\"@type\":\"ListItem\",\"position\":1,\"name\":\"Home\",\"item\":\"http:\/\/www.adaq.it\/fr\/\"},{\"@type\":\"ListItem\",\"position\":2,\"name\":\"P\u00eache professionnelle\"}]},{\"@type\":\"WebSite\",\"@id\":\"http:\/\/www.adaq.it\/fr\/#website\",\"url\":\"http:\/\/www.adaq.it\/fr\/\",\"name\":\"Adaq Srl\",\"description\":\"Advanced Aquaculture\",\"publisher\":{\"@id\":\"http:\/\/www.adaq.it\/fr\/#organization\"},\"potentialAction\":[{\"@type\":\"SearchAction\",\"target\":{\"@type\":\"EntryPoint\",\"urlTemplate\":\"http:\/\/www.adaq.it\/fr\/?s={search_term_string}\"},\"query-input\":{\"@type\":\"PropertyValueSpecification\",\"valueRequired\":true,\"valueName\":\"search_term_string\"}}],\"inLanguage\":\"fr-FR\"},{\"@type\":\"Organization\",\"@id\":\"http:\/\/www.adaq.it\/fr\/#organization\",\"name\":\"Adaq Srl\",\"url\":\"http:\/\/www.adaq.it\/fr\/\",\"logo\":{\"@type\":\"ImageObject\",\"inLanguage\":\"fr-FR\",\"@id\":\"http:\/\/www.adaq.it\/fr\/#\/schema\/logo\/image\/\",\"url\":\"http:\/\/www.adaq.it\/wp-content\/uploads\/logo-adaq-100.png\",\"contentUrl\":\"http:\/\/www.adaq.it\/wp-content\/uploads\/logo-adaq-100.png\",\"width\":\"104\",\"height\":\"104\",\"caption\":\"Adaq Srl\"},\"image\":{\"@id\":\"http:\/\/www.adaq.it\/fr\/#\/schema\/logo\/image\/\"}}]}<\/script>\n<!-- \/ Yoast SEO plugin. -->","yoast_head_json":{"title":"Leader et distributeur italien des r\u00e9seaux KK et ISEO RETE | Adaq Srl","description":"Ad.Aq. srl est le leader italien et le distributeur exclusif pour la commercialisation des filets de p\u00eache nou\u00e9s (mail mail) avec les marques KK et ISEO RETE.","robots":{"index":"index","follow":"follow","max-snippet":"max-snippet:-1","max-image-preview":"max-image-preview:large","max-video-preview":"max-video-preview:-1"},"canonical":"https:\/\/www.adaq.it\/fr\/peche-professionnelle\/","og_locale":"fr_FR","og_type":"article","og_title":"Leader et distributeur italien des r\u00e9seaux KK et ISEO RETE | Adaq Srl","og_description":"Ad.Aq. srl est le leader italien et le distributeur exclusif pour la commercialisation des filets de p\u00eache nou\u00e9s (mail mail) avec les marques KK et ISEO RETE.","og_url":"https:\/\/www.adaq.it\/fr\/peche-professionnelle\/","og_site_name":"Adaq Srl","article_modified_time":"2020-04-20T17:19:12+00:00","og_image":[{"width":2048,"height":1365,"url":"https:\/\/www.adaq.it\/wp-content\/uploads\/reti-header_1.jpg","type":"image\/jpeg"}],"twitter_card":"summary_large_image","twitter_misc":{"Dur\u00e9e de lecture estim\u00e9e":"1 minute"},"schema":{"@context":"https:\/\/schema.org","@graph":[{"@type":"WebPage","@id":"https:\/\/www.adaq.it\/fr\/peche-professionnelle\/","url":"https:\/\/www.adaq.it\/fr\/peche-professionnelle\/","name":"Leader et distributeur italien des r\u00e9seaux KK et ISEO RETE | Adaq Srl","isPartOf":{"@id":"http:\/\/www.adaq.it\/fr\/#website"},"primaryImageOfPage":{"@id":"https:\/\/www.adaq.it\/fr\/peche-professionnelle\/#primaryimage"},"image":{"@id":"https:\/\/www.adaq.it\/fr\/peche-professionnelle\/#primaryimage"},"thumbnailUrl":"https:\/\/www.adaq.it\/wp-content\/uploads\/reti-header_1.jpg","datePublished":"2018-02-27T16:05:17+00:00","dateModified":"2020-04-20T17:19:12+00:00","description":"Ad.Aq. srl est le leader italien et le distributeur exclusif pour la commercialisation des filets de p\u00eache nou\u00e9s (mail mail) avec les marques KK et ISEO RETE.","breadcrumb":{"@id":"https:\/\/www.adaq.it\/fr\/peche-professionnelle\/#breadcrumb"},"inLanguage":"fr-FR","potentialAction":[{"@type":"ReadAction","target":["https:\/\/www.adaq.it\/fr\/peche-professionnelle\/"]}]},{"@type":"ImageObject","inLanguage":"fr-FR","@id":"https:\/\/www.adaq.it\/fr\/peche-professionnelle\/#primaryimage","url":"https:\/\/www.adaq.it\/wp-content\/uploads\/reti-header_1.jpg","contentUrl":"https:\/\/www.adaq.it\/wp-content\/uploads\/reti-header_1.jpg","width":2048,"height":1365},{"@type":"BreadcrumbList","@id":"https:\/\/www.adaq.it\/fr\/peche-professionnelle\/#breadcrumb","itemListElement":[{"@type":"ListItem","position":1,"name":"Home","item":"http:\/\/www.adaq.it\/fr\/"},{"@type":"ListItem","position":2,"name":"P\u00eache professionnelle"}]},{"@type":"WebSite","@id":"http:\/\/www.adaq.it\/fr\/#website","url":"http:\/\/www.adaq.it\/fr\/","name":"Adaq Srl","description":"Advanced Aquaculture","publisher":{"@id":"http:\/\/www.adaq.it\/fr\/#organization"},"potentialAction":[{"@type":"SearchAction","target":{"@type":"EntryPoint","urlTemplate":"http:\/\/www.adaq.it\/fr\/?s={search_term_string}"},"query-input":{"@type":"PropertyValueSpecification","valueRequired":true,"valueName":"search_term_string"}}],"inLanguage":"fr-FR"},{"@type":"Organization","@id":"http:\/\/www.adaq.it\/fr\/#organization","name":"Adaq Srl","url":"http:\/\/www.adaq.it\/fr\/","logo":{"@type":"ImageObject","inLanguage":"fr-FR","@id":"http:\/\/www.adaq.it\/fr\/#\/schema\/logo\/image\/","url":"http:\/\/www.adaq.it\/wp-content\/uploads\/logo-adaq-100.png","contentUrl":"http:\/\/www.adaq.it\/wp-content\/uploads\/logo-adaq-100.png","width":"104","height":"104","caption":"Adaq Srl"},"image":{"@id":"http:\/\/www.adaq.it\/fr\/#\/schema\/logo\/image\/"}}]}},"_links":{"self":[{"href":"https:\/\/www.adaq.it\/fr\/wp-json\/wp\/v2\/pages\/4587"}],"collection":[{"href":"https:\/\/www.adaq.it\/fr\/wp-json\/wp\/v2\/pages"}],"about":[{"href":"https:\/\/www.adaq.it\/fr\/wp-json\/wp\/v2\/types\/page"}],"author":[{"embeddable":true,"href":"https:\/\/www.adaq.it\/fr\/wp-json\/wp\/v2\/users\/1"}],"replies":[{"embeddable":true,"href":"https:\/\/www.adaq.it\/fr\/wp-json\/wp\/v2\/comments?post=4587"}],"version-history":[{"count":4,"href":"https:\/\/www.adaq.it\/fr\/wp-json\/wp\/v2\/pages\/4587\/revisions"}],"predecessor-version":[{"id":4673,"href":"https:\/\/www.adaq.it\/fr\/wp-json\/wp\/v2\/pages\/4587\/revisions\/4673"}],"wp:featuredmedia":[{"embeddable":true,"href":"https:\/\/www.adaq.it\/fr\/wp-json\/wp\/v2\/media\/4588"}],"wp:attachment":[{"href":"https:\/\/www.adaq.it\/fr\/wp-json\/wp\/v2\/media?parent=4587"}],"curies":[{"name":"wp","href":"https:\/\/api.w.org\/{rel}","templated":true}]}}