{"id":4593,"date":"2018-02-28T12:17:16","date_gmt":"2018-02-28T11:17:16","guid":{"rendered":"http:\/\/www.adaq.it\/peche-professionnelle\/reti\/"},"modified":"2020-04-20T19:21:06","modified_gmt":"2020-04-20T17:21:06","slug":"filets","status":"publish","type":"page","link":"https:\/\/www.adaq.it\/fr\/peche-professionnelle\/filets\/","title":{"rendered":"Filets et parois"},"content":{"rendered":"<section class=\"p-80 pb-105 wow fadeIn\" data-wow-delay=\"0.5s\" style=\"visibility: visible; animation-delay: 0.5s; animation-name: fadeIn;\">\r\n          <div class=\"container\">\r\n            <div class=\"row\">\r\n              <div class=\"col-lg-8 offset-lg-2 col-md-10 offset-md-1\">\r\n                <div class=\"pt-30 description\">Les filets et parois de marque KK <em>Premium Quality<\/em> sont des filets de grande qualit\u00e9, r\u00e9sistants et doux. Utilis\u00e9s partout en Italie depuis 30 ans, ils offrent au p\u00eacheur un produit durable, de qualit\u00e9 sup\u00e9rieure et sur mesure.<br>\r\n\t\t\t\tDisponibles en  <a href=\"#monofilo-kk\" class=\"underline\">monofils<\/a>, <a href=\"#multifilo-kk\" class=\"underline\">multi-fils <\/a> et <a href=\"#multimono-kk\" class=\"underline\">multi-monofils<\/a>, les filets KK <em>Premium Quality<\/em> sont reconnaissables au symbole du Voilier, une vignette au milieu des mailles garantissant les standards auxquels nous avons habitu\u00e9 nos clients.<br>\r\n\t\t\t\tLe <a href=\"#iseorete\" class=\"underline\">monofil<\/a> de marque ISEO RETE, disponible en bleu clair en 0.18\u00a0; 0.20\u00a0; 0.25\u00a0; 0.30 et de couleur vert clair pour 0.23, ce sont des filets qui conviennent \u00e0 ceux qui pr\u00e9f\u00e8rent l\u2019\u00e9conomie au produit de qualit\u00e9 sup\u00e9rieure KK Premium Quality. Disponible dans les tailles standard seulement.\r\n\t\t\t\t<br> \r\n\t\t\t\tLa <a href=\"#tortiglie\" class=\"underline\">nappe tram\u00e9e KK<\/a> est depuis toujours le bon produit pour armer vos filets. Disponible en couleur Blanc et Rouge, de 210\/1 \u00e0 210\/60.\r\n\t\t\t\t<\/div>\r\n                <div class=\"bar\"><\/div>\r\n\r\n             <\/div>\r\n            <\/div>\r\n          <\/div>\r\n<\/section>\r\n\r\n<section class=\"p-80 pb-105 wow fadeIn\" data-wow-delay=\"0.5s\" style=\"visibility: visible; animation-delay: 0.5s; animation-name: fadeIn;\" id=\"reti-kk\">\r\n          <div class=\"container\">\r\n            <div class=\"row\">\r\n              <div class=\"col-lg-8 offset-lg-2 col-md-10 offset-md-1\">\r\n\t\t\t\t <h2>\r\n\t\t\t\t\t Filets et parois KK Premium Quality\r\n\t\t\t\t  <\/h2>\r\n\t\t\t\t  <div class=\"pt-30 description\">Les filets et les parois KK Premium quality sont le meilleur produit nou\u00e9 en Italie.<br>\r\n\t\t\t\t\t  Haute qualit\u00e9<br>\r\n\t\t\t\t\t\tHaute r\u00e9sistance<br>\r\n\t\t\t\t\tN\u0153uds soud\u00e9s\r\n\t\t\t\t<\/div>\r\n\t\t\t\t  <div class=\"bar\"><\/div>\r\n\t\t\t\t<h3 id=\"monofilo-kk\" class=\"pt-30\">MONOFILS KK<\/h3>\r\n\t\t\t\t  <div class=\"pt-30 description\">Les filets et les parois en monofilament garantissent une utilisation pratique, une grande capacit\u00e9 de capture sans sacrifier la tenue des n\u0153uds, la douceur et les couleurs vives.\r\n\t\t\t\t<\/div>\t\r\n\t\t\t<\/div>\r\n            <\/div>\r\n          <\/div>\r\n<\/section>\r\n<div class=\"uk-position-relative uk-visible-toggle uk-light\" uk-slideshow=\"min-height: 300; max-height: 600; animation: fade\">\r\n\t<ul class=\"uk-slideshow-items\">\r\n\t\t<li>\r\n\t\t\t<img decoding=\"async\" src=\"..\/..\/..\/wp-content\/uploads\/reti-nylon-monofilo-025-42.jpg\" alt=\"\" uk-cover>\r\n\t\t\t<div class=\"uk-overlay uk-overlay-primary uk-position-bottom uk-text-center uk-transition-slide-bottom\">\r\n\t\t\t\t<h3 class=\"uk-margin-remove\">Monofils &#8211; KK Premium Quality<\/h3>\r\n\t\t\t<\/div>\r\n\t\t<\/li>\r\n\t\t\t<li>\r\n\t\t\t<img decoding=\"async\" src=\"..\/..\/..\/wp-content\/uploads\/reti-nylon-monofilo-040-180.jpg\" alt=\"\" uk-cover>\r\n\t\t\t<div class=\"uk-overlay uk-overlay-primary uk-position-bottom uk-text-center uk-transition-slide-bottom\">\r\n\t\t\t\t<h3 class=\"uk-margin-remove\">Monofils &#8211; KK Premium Quality<\/h3>\r\n\t\t\t<\/div>\r\n\t\t<\/li>\r\n\t<\/ul>\r\n\t<a class=\"uk-position-center-left uk-position-small uk-hidden-hover\" href=\"#\" uk-slidenav-previous uk-slideshow-item=\"previous\"><\/a>\r\n\t<a class=\"uk-position-center-right uk-position-small uk-hidden-hover\" href=\"#\" uk-slidenav-next uk-slideshow-item=\"next\"><\/a>\r\n<\/div>\r\n\r\n<section class=\"p-80 pb-105 wow fadeIn\" data-wow-delay=\"0.5s\" style=\"visibility: visible; animation-delay: 0.5s; animation-name: fadeIn;\" id=\"reti-kk\">\r\n          <div class=\"container\">\r\n            <div class=\"row\">\r\n              <div class=\"col-lg-8 offset-lg-2 col-md-10 offset-md-1\">\r\n\t\t\t\t<h3 id=\"monofilo-kk\" class=\"pt-30\">MONOFILS TWIST KK<\/h3>\r\n\t\t\t\t  <div class=\"pt-30 description\">La nouvelle \u00e9volution des filets en monofilaments pr\u00e9sent\u00e9e en 2019 pour les clients ayant un besoin accru de r\u00e9sistance et la possibilit\u00e9 de capture.\r\n\t\t\t\t<\/div>\t\r\n\t\t\t<\/div>\r\n            <\/div>\r\n          <\/div>\r\n<\/section>\r\n<div class=\"uk-position-relative uk-visible-toggle uk-light\" uk-slideshow=\"min-height: 300; max-height: 600; animation: fade\">\r\n\t<ul class=\"uk-slideshow-items\">\r\n\t\t<li>\r\n\t\t\t<img decoding=\"async\" src=\"..\/..\/..\/wp-content\/uploads\/reti-nylon-monofilo-025-42.jpg\" alt=\"\" uk-cover>\r\n\t\t\t<div class=\"uk-overlay uk-overlay-primary uk-position-bottom uk-text-center uk-transition-slide-bottom\">\r\n\t\t\t\t<h3 class=\"uk-margin-remove\">Monofils TWIN &#8211; KK Premium Quality<\/h3>\r\n\t\t\t<\/div>\r\n\t\t<\/li>\r\n\t\t\t<li>\r\n\t\t\t<img decoding=\"async\" src=\"..\/..\/..\/wp-content\/uploads\/reti-nylon-monofilo-040-180.jpg\" alt=\"\" uk-cover>\r\n\t\t\t<div class=\"uk-overlay uk-overlay-primary uk-position-bottom uk-text-center uk-transition-slide-bottom\">\r\n\t\t\t\t<h3 class=\"uk-margin-remove\">Monofils TWIN &#8211; KK Premium Quality<\/h3>\r\n\t\t\t<\/div>\r\n\t\t<\/li>\r\n\t<\/ul>\r\n\t<a class=\"uk-position-center-left uk-position-small uk-hidden-hover\" href=\"#\" uk-slidenav-previous uk-slideshow-item=\"previous\"><\/a>\r\n\t<a class=\"uk-position-center-right uk-position-small uk-hidden-hover\" href=\"#\" uk-slidenav-next uk-slideshow-item=\"next\"><\/a>\r\n<\/div>\r\n\r\n<section class=\"p-80 pb-105 wow fadeIn\" data-wow-delay=\"0.5s\" style=\"visibility: visible; animation-delay: 0.5s; animation-name: fadeIn;\" id=\"multimono-kk\">\r\n          <div class=\"container\">\r\n            <div class=\"row\">\r\n              <div class=\"col-lg-8 offset-lg-2 col-md-10 offset-md-1\">\r\n\t\t\t\t<h3>MULTI-MONOFILS KK<\/h3>\r\n\t\t\t\t  <div class=\"pt-30 description\">Les filets et les parois en multi-monofilaments sont le produit qui remplace, pour ses fonctionnalit\u00e9s fantastiques, les multi-fils dans toutes les r\u00e9gions d\u2019Italie. Surtout dans les surfaces sablonneuses ou boueuses, ils permettent un nettoyage tr\u00e8s rapide des filets, sans les ruiner. D\u2019une durabilit\u00e9 et d\u2019une douceur exceptionnelles, les filets multi-monofils garantissent un tr\u00e8s haut niveau de p\u00eache.<\/div>\t\r\n\t\t\t<\/div>\r\n            <\/div>\r\n          <\/div>\r\n<\/section>\r\n<div class=\"uk-position-relative uk-visible-toggle uk-light\" uk-slideshow=\"min-height: 300; max-height: 600; animation: fade\">\r\n\t<ul class=\"uk-slideshow-items\">\r\n\t\t<li>\r\n\t\t\t<img decoding=\"async\" src=\"..\/..\/..\/wp-content\/uploads\/reti-nylon-multimonofilo-012-4.jpg\" alt=\"\" uk-cover>\r\n\t\t\t<div class=\"uk-overlay uk-overlay-primary uk-position-bottom uk-text-center uk-transition-slide-bottom\">\r\n\t\t\t\t<h3 class=\"uk-margin-remove\">Multi-Monofils &#8211; KK Premium Quality <\/h3>\r\n\t\t\t<\/div>\r\n\t\t<\/li>\r\n\t\t\t<li>\r\n\t\t\t<img decoding=\"async\" src=\"..\/..\/..\/wp-content\/uploads\/reti-nylon-multimonofilo-020-6.jpg\" alt=\"\" uk-cover>\r\n\t\t\t<div class=\"uk-overlay uk-overlay-primary uk-position-bottom uk-text-center uk-transition-slide-bottom\">\r\n\t\t\t\t<h3 class=\"uk-margin-remove\">Multi-Monofils &#8211; KK Premium Quality<\/h3>\r\n\t\t\t<\/div>\r\n\t\t<\/li>\r\n\t\t<li>\r\n\t\t\t<img decoding=\"async\" src=\"..\/..\/..\/wp-content\/uploads\/reti-nylon-multimonofilo-020-10.jpg\" alt=\"\" uk-cover>\r\n\t\t\t<div class=\"uk-overlay uk-overlay-primary uk-position-bottom uk-text-center uk-transition-slide-bottom\">\r\n\t\t\t\t<h3 class=\"uk-margin-remove\">Multi-Monofils &#8211; KK Premium Quality<\/h3>\r\n\t\t\t<\/div>\r\n\t\t<\/li>\r\n\t<\/ul>\r\n\t<a class=\"uk-position-center-left uk-position-small uk-hidden-hover\" href=\"#\" uk-slidenav-previous uk-slideshow-item=\"previous\"><\/a>\r\n\t<a class=\"uk-position-center-right uk-position-small uk-hidden-hover\" href=\"#\" uk-slidenav-next uk-slideshow-item=\"next\"><\/a>\r\n<\/div>\r\n\r\n\r\n<section class=\"p-80 pb-105 wow fadeIn\" data-wow-delay=\"0.5s\" style=\"visibility: visible; animation-delay: 0.5s; animation-name: fadeIn;\" id=\"multifilo-kk\">\r\n          <div class=\"container\">\r\n            <div class=\"row\">\r\n              <div class=\"col-lg-8 offset-lg-2 col-md-10 offset-md-1\">\r\n\t\t\t\t<h3>MULTIFILS KK (NYLON)<\/h3>\r\n\t\t\t\t  <div class=\"pt-30 description\">Les filets et parois multifils KK sont reconnus partout comme les meilleurs filets tram\u00e9s sur le march\u00e9. Une r\u00e9sistance exceptionnelle depuis 110\/2 et \u00e0 partir de 210\/1, ce sont les filets le plus utilis\u00e9s en Italie pour leur grande polyvalence et la tenue de ses n\u0153uds qui ne rompent jamais.<\/div>\t\r\n\t\t\t<\/div>\r\n            <\/div>\r\n          <\/div>\r\n<\/section>\r\n<div class=\"uk-position-relative uk-visible-toggle uk-light\" uk-slideshow=\"min-height: 300; max-height: 600; animation: fade\">\r\n\t<ul class=\"uk-slideshow-items\">\r\n\t\t<li>\r\n\t\t\t<img decoding=\"async\" src=\"..\/..\/..\/wp-content\/uploads\/reti-nylon-multifilo-210-2.jpg\" alt=\"\" uk-cover>\r\n\t\t\t<div class=\"uk-overlay uk-overlay-primary uk-position-bottom uk-text-center uk-transition-slide-bottom\">\r\n\t\t\t\t<h3 class=\"uk-margin-remove\">Multifils &#8211; KK Premium Quality<\/h3>\r\n\t\t\t<\/div>\r\n\t\t<\/li>\r\n\t\t\t<li>\r\n\t\t\t<img decoding=\"async\" src=\"..\/..\/..\/wp-content\/uploads\/reti-nylon-multifilo-210-3.jpg\" alt=\"\" uk-cover>\r\n\t\t\t<div class=\"uk-overlay uk-overlay-primary uk-position-bottom uk-text-center uk-transition-slide-bottom\">\r\n\t\t\t\t<h3 class=\"uk-margin-remove\">Multifils &#8211; KK Premium Quality<\/h3>\r\n\t\t\t<\/div>\r\n\t\t<\/li>\r\n\t\t<li>\r\n\t\t\t<img decoding=\"async\" src=\"..\/..\/..\/wp-content\/uploads\/reti-nylon-multifilo-210-4.jpg\" alt=\"\" uk-cover>\r\n\t\t\t<div class=\"uk-overlay uk-overlay-primary uk-position-bottom uk-text-center uk-transition-slide-bottom\">\r\n\t\t\t\t<h3 class=\"uk-margin-remove\">Multifils &#8211; KK Premium Quality<\/h3>\r\n\t\t\t<\/div>\r\n\t\t<\/li>\r\n\t\t\t\t<li>\r\n\t\t\t<img decoding=\"async\" src=\"..\/..\/..\/wp-content\/uploads\/reti-nylon-multifilo-210-6.jpg\" alt=\"\" uk-cover>\r\n\t\t\t<div class=\"uk-overlay uk-overlay-primary uk-position-bottom uk-text-center uk-transition-slide-bottom\">\r\n\t\t\t\t<h3 class=\"uk-margin-remove\">Multifils &#8211; KK Premium Quality<\/h3>\r\n\t\t\t<\/div>\r\n\t\t<\/li>\r\n\t\t\t\t<li>\r\n\t\t\t<img decoding=\"async\" src=\"..\/..\/..\/wp-content\/uploads\/reti-nylon-multifilo-210-12.jpg\" alt=\"\" uk-cover>\r\n\t\t\t<div class=\"uk-overlay uk-overlay-primary uk-position-bottom uk-text-center uk-transition-slide-bottom\">\r\n\t\t\t\t<h3 class=\"uk-margin-remove\">Multifils &#8211; KK Premium Quality<\/h3>\r\n\t\t\t<\/div>\r\n\t\t<\/li>\r\n\t<\/ul>\r\n\t<a class=\"uk-position-center-left uk-position-small uk-hidden-hover\" href=\"#\" uk-slidenav-previous uk-slideshow-item=\"previous\"><\/a>\r\n\t<a class=\"uk-position-center-right uk-position-small uk-hidden-hover\" href=\"#\" uk-slidenav-next uk-slideshow-item=\"next\"><\/a>\r\n<\/div>\r\n\r\n<section class=\"p-80 pb-105 wow fadeIn\" data-wow-delay=\"0.5s\" style=\"visibility: visible; animation-delay: 0.5s; animation-name: fadeIn;\" id=\"iseorete\">\r\n          <div class=\"container\">\r\n            <div class=\"row\">\r\n              <div class=\"col-lg-8 offset-lg-2 col-md-10 offset-md-1\">\r\n\t\t\t\t <h2>\r\n\t\t\t\t\t  Le filet monofils ISEO RETE  \r\n\t\t\t\t  <\/h2>\r\n\t\t\t\t  <div class=\"pt-30 description\">Les filets ISEO RETE sont le produit id\u00e9al pour ceux qui souhaitent utiliser des tailles et des couleurs standard, sans jamais compromettre la qualit\u00e9 et la durabilit\u00e9 du produit.\r\n\t\t\t\t<\/div>\r\n\t\t\t\t  <div class=\"bar\"><\/div>\r\n\t\t\t\t<h3 class=\"pt-30\">MONOFILS ISEO RETE<\/h3>\r\n\t\t\t\t  <div class=\"pt-30 description\">Le filet monofils ISEO RETE est le produit le moins cher de notre gamme. Sa douceur exceptionnelle, sa r\u00e9sistance aux n\u0153uds et son c\u00f4t\u00e9 pratique en font le partenaire id\u00e9al des p\u00eacheurs professionnels et non professionnels.<\/div>\t\r\n\t\t\t<\/div>\r\n            <\/div>\r\n          <\/div>\r\n<\/section>\r\n<div class=\"uk-position-relative uk-visible-toggle uk-light\" uk-slideshow=\"min-height: 300; max-height: 600; animation: fade\">\r\n\t<ul class=\"uk-slideshow-items\">\r\n\t\t<li>\r\n\t\t\t<img decoding=\"async\" src=\"..\/..\/..\/wp-content\/uploads\/reti-nylon-iseo-020-34.jpg\" alt=\"\" uk-cover>\r\n\t\t\t<div class=\"uk-overlay uk-overlay-primary uk-position-bottom uk-text-center uk-transition-slide-bottom\">\r\n\t\t\t\t<h3 class=\"uk-margin-remove\">Monofils \u2013 ISEO RETE<\/h3>\r\n\t\t\t<\/div>\r\n\t\t<\/li>\r\n\t\t\t<li>\r\n\t\t\t<img decoding=\"async\" src=\"..\/..\/..\/wp-content\/uploads\/reti-nylon-iseo-023-40.jpg\" alt=\"\" uk-cover>\r\n\t\t\t<div class=\"uk-overlay uk-overlay-primary uk-position-bottom uk-text-center uk-transition-slide-bottom\">\r\n\t\t\t\t<h3 class=\"uk-margin-remove\">Monofils \u2013 ISEO RETE<\/h3>\r\n\t\t\t<\/div>\r\n\t\t<\/li>\r\n\t<\/ul>\r\n\t<a class=\"uk-position-center-left uk-position-small uk-hidden-hover\" href=\"#\" uk-slidenav-previous uk-slideshow-item=\"previous\"><\/a>\r\n\t<a class=\"uk-position-center-right uk-position-small uk-hidden-hover\" href=\"#\" uk-slidenav-next uk-slideshow-item=\"next\"><\/a>\r\n<\/div>\r\n\r\n<section class=\"p-80 pb-105 wow fadeIn\" data-wow-delay=\"0.5s\" style=\"visibility: visible; animation-delay: 0.5s; animation-name: fadeIn;\" id=\"tortiglie\">\r\n          <div class=\"container\">\r\n            <div class=\"row\">\r\n              <div class=\"col-lg-8 offset-lg-2 col-md-10 offset-md-1\">\r\n\t\t\t\t <h2>\r\n\t\t\t\t\t Nappe tram\u00e9e KK\r\n\t\t\t\t  <\/h2>\r\n\t\t\t\t  <div class=\"pt-30 description\">La nappe tram\u00e9e KK est le produit le plus vendu en Italie pour l\u2019assemblage des filets. Grande r\u00e9sistance, disponible en deux couleurs.<\/div>\r\n\t\t\t\t  <div class=\"bar\"><\/div>\r\n\t\t\t<\/div>\r\n            <\/div>\r\n          <\/div>\r\n<\/section>\r\n<div class=\"uk-position-relative uk-visible-toggle uk-light pb-105\" uk-slideshow=\"min-height: 300; max-height: 600; animation: fade\">\r\n\t<ul class=\"uk-slideshow-items\">\r\n\t\t<li>\r\n\t\t\t<img decoding=\"async\" src=\"..\/..\/..\/wp-content\/uploads\/reti-tortiglie.jpg\" alt=\"\" uk-cover>\r\n\t\t\t<div class=\"uk-overlay uk-overlay-primary uk-position-bottom uk-text-center uk-transition-slide-bottom\">\r\n\t\t\t\t<h3 class=\"uk-margin-remove\">La nappe tram\u00e9e Multifils- KK Premium Quality<\/h3>\r\n\t\t\t<\/div>\r\n\t\t<\/li>\r\n\t<\/ul>\r\n\t<a class=\"uk-position-center-left uk-position-small uk-hidden-hover\" href=\"#\" uk-slidenav-previous uk-slideshow-item=\"previous\"><\/a>\r\n\t<a class=\"uk-position-center-right uk-position-small uk-hidden-hover\" href=\"#\" uk-slidenav-next uk-slideshow-item=\"next\"><\/a>\r\n<\/div>\r\n","protected":false},"excerpt":{"rendered":"Les filets et parois de marque KK Premium Quality sont des filets de grande qualit\u00e9, r\u00e9sistants et doux. Utilis\u00e9s partout en Italie depuis 30 ans, ils offrent au p\u00eacheur un produit durable, de qualit\u00e9 sup\u00e9rieure et sur mesure. Disponibles en monofils, multi-fils et multi-monofils, les filets KK Premium Quality sont reconnaissables au symbole du Voilier, [&hellip;]","protected":false},"author":1,"featured_media":4588,"parent":4587,"menu_order":0,"comment_status":"closed","ping_status":"closed","template":"page_adaq_uikit.php","meta":{"_acf_changed":false,"footnotes":""},"acf":[],"yoast_head":"<!-- This site is optimized with the Yoast SEO plugin v23.5 - https:\/\/yoast.com\/wordpress\/plugins\/seo\/ -->\n<title>Les filets et parois de marque KK Premium Quality | Adaq srl<\/title>\n<meta name=\"description\" content=\"Les filets et parois de marque KK Premium Quality sont des moustiquaires de haute qualit\u00e9, r\u00e9sistantes et douces: elles garantissent un produit durable.\" \/>\n<meta name=\"robots\" content=\"index, follow, max-snippet:-1, max-image-preview:large, max-video-preview:-1\" \/>\n<link rel=\"canonical\" href=\"https:\/\/www.adaq.it\/fr\/peche-professionnelle\/filets\/\" \/>\n<meta property=\"og:locale\" content=\"fr_FR\" \/>\n<meta property=\"og:type\" content=\"article\" \/>\n<meta property=\"og:title\" content=\"Les filets et parois de marque KK Premium Quality | Adaq srl\" \/>\n<meta property=\"og:description\" content=\"Les filets et parois de marque KK Premium Quality sont des moustiquaires de haute qualit\u00e9, r\u00e9sistantes et douces: elles garantissent un produit durable.\" \/>\n<meta property=\"og:url\" content=\"https:\/\/www.adaq.it\/fr\/peche-professionnelle\/filets\/\" \/>\n<meta property=\"og:site_name\" content=\"Adaq Srl\" \/>\n<meta property=\"article:modified_time\" content=\"2020-04-20T17:21:06+00:00\" \/>\n<meta property=\"og:image\" content=\"https:\/\/www.adaq.it\/wp-content\/uploads\/reti-header_1.jpg\" \/>\n\t<meta property=\"og:image:width\" content=\"2048\" \/>\n\t<meta property=\"og:image:height\" content=\"1365\" \/>\n\t<meta property=\"og:image:type\" content=\"image\/jpeg\" \/>\n<meta name=\"twitter:card\" content=\"summary_large_image\" \/>\n<meta name=\"twitter:label1\" content=\"Dur\u00e9e de lecture estim\u00e9e\" \/>\n\t<meta name=\"twitter:data1\" content=\"3 minutes\" \/>\n<script type=\"application\/ld+json\" class=\"yoast-schema-graph\">{\"@context\":\"https:\/\/schema.org\",\"@graph\":[{\"@type\":\"WebPage\",\"@id\":\"https:\/\/www.adaq.it\/fr\/peche-professionnelle\/filets\/\",\"url\":\"https:\/\/www.adaq.it\/fr\/peche-professionnelle\/filets\/\",\"name\":\"Les filets et parois de marque KK Premium Quality | Adaq srl\",\"isPartOf\":{\"@id\":\"http:\/\/www.adaq.it\/fr\/#website\"},\"primaryImageOfPage\":{\"@id\":\"https:\/\/www.adaq.it\/fr\/peche-professionnelle\/filets\/#primaryimage\"},\"image\":{\"@id\":\"https:\/\/www.adaq.it\/fr\/peche-professionnelle\/filets\/#primaryimage\"},\"thumbnailUrl\":\"https:\/\/www.adaq.it\/wp-content\/uploads\/reti-header_1.jpg\",\"datePublished\":\"2018-02-28T11:17:16+00:00\",\"dateModified\":\"2020-04-20T17:21:06+00:00\",\"description\":\"Les filets et parois de marque KK Premium Quality sont des moustiquaires de haute qualit\u00e9, r\u00e9sistantes et douces: elles garantissent un produit durable.\",\"breadcrumb\":{\"@id\":\"https:\/\/www.adaq.it\/fr\/peche-professionnelle\/filets\/#breadcrumb\"},\"inLanguage\":\"fr-FR\",\"potentialAction\":[{\"@type\":\"ReadAction\",\"target\":[\"https:\/\/www.adaq.it\/fr\/peche-professionnelle\/filets\/\"]}]},{\"@type\":\"ImageObject\",\"inLanguage\":\"fr-FR\",\"@id\":\"https:\/\/www.adaq.it\/fr\/peche-professionnelle\/filets\/#primaryimage\",\"url\":\"https:\/\/www.adaq.it\/wp-content\/uploads\/reti-header_1.jpg\",\"contentUrl\":\"https:\/\/www.adaq.it\/wp-content\/uploads\/reti-header_1.jpg\",\"width\":2048,\"height\":1365},{\"@type\":\"BreadcrumbList\",\"@id\":\"https:\/\/www.adaq.it\/fr\/peche-professionnelle\/filets\/#breadcrumb\",\"itemListElement\":[{\"@type\":\"ListItem\",\"position\":1,\"name\":\"Home\",\"item\":\"http:\/\/www.adaq.it\/fr\/\"},{\"@type\":\"ListItem\",\"position\":2,\"name\":\"P\u00eache professionnelle\",\"item\":\"https:\/\/www.adaq.it\/fr\/peche-professionnelle\/\"},{\"@type\":\"ListItem\",\"position\":3,\"name\":\"Filets et parois\"}]},{\"@type\":\"WebSite\",\"@id\":\"http:\/\/www.adaq.it\/fr\/#website\",\"url\":\"http:\/\/www.adaq.it\/fr\/\",\"name\":\"Adaq Srl\",\"description\":\"Advanced Aquaculture\",\"publisher\":{\"@id\":\"http:\/\/www.adaq.it\/fr\/#organization\"},\"potentialAction\":[{\"@type\":\"SearchAction\",\"target\":{\"@type\":\"EntryPoint\",\"urlTemplate\":\"http:\/\/www.adaq.it\/fr\/?s={search_term_string}\"},\"query-input\":{\"@type\":\"PropertyValueSpecification\",\"valueRequired\":true,\"valueName\":\"search_term_string\"}}],\"inLanguage\":\"fr-FR\"},{\"@type\":\"Organization\",\"@id\":\"http:\/\/www.adaq.it\/fr\/#organization\",\"name\":\"Adaq Srl\",\"url\":\"http:\/\/www.adaq.it\/fr\/\",\"logo\":{\"@type\":\"ImageObject\",\"inLanguage\":\"fr-FR\",\"@id\":\"http:\/\/www.adaq.it\/fr\/#\/schema\/logo\/image\/\",\"url\":\"http:\/\/www.adaq.it\/wp-content\/uploads\/logo-adaq-100.png\",\"contentUrl\":\"http:\/\/www.adaq.it\/wp-content\/uploads\/logo-adaq-100.png\",\"width\":\"104\",\"height\":\"104\",\"caption\":\"Adaq Srl\"},\"image\":{\"@id\":\"http:\/\/www.adaq.it\/fr\/#\/schema\/logo\/image\/\"}}]}<\/script>\n<!-- \/ Yoast SEO plugin. -->","yoast_head_json":{"title":"Les filets et parois de marque KK Premium Quality | Adaq srl","description":"Les filets et parois de marque KK Premium Quality sont des moustiquaires de haute qualit\u00e9, r\u00e9sistantes et douces: elles garantissent un produit durable.","robots":{"index":"index","follow":"follow","max-snippet":"max-snippet:-1","max-image-preview":"max-image-preview:large","max-video-preview":"max-video-preview:-1"},"canonical":"https:\/\/www.adaq.it\/fr\/peche-professionnelle\/filets\/","og_locale":"fr_FR","og_type":"article","og_title":"Les filets et parois de marque KK Premium Quality | Adaq srl","og_description":"Les filets et parois de marque KK Premium Quality sont des moustiquaires de haute qualit\u00e9, r\u00e9sistantes et douces: elles garantissent un produit durable.","og_url":"https:\/\/www.adaq.it\/fr\/peche-professionnelle\/filets\/","og_site_name":"Adaq Srl","article_modified_time":"2020-04-20T17:21:06+00:00","og_image":[{"width":2048,"height":1365,"url":"https:\/\/www.adaq.it\/wp-content\/uploads\/reti-header_1.jpg","type":"image\/jpeg"}],"twitter_card":"summary_large_image","twitter_misc":{"Dur\u00e9e de lecture estim\u00e9e":"3 minutes"},"schema":{"@context":"https:\/\/schema.org","@graph":[{"@type":"WebPage","@id":"https:\/\/www.adaq.it\/fr\/peche-professionnelle\/filets\/","url":"https:\/\/www.adaq.it\/fr\/peche-professionnelle\/filets\/","name":"Les filets et parois de marque KK Premium Quality | Adaq srl","isPartOf":{"@id":"http:\/\/www.adaq.it\/fr\/#website"},"primaryImageOfPage":{"@id":"https:\/\/www.adaq.it\/fr\/peche-professionnelle\/filets\/#primaryimage"},"image":{"@id":"https:\/\/www.adaq.it\/fr\/peche-professionnelle\/filets\/#primaryimage"},"thumbnailUrl":"https:\/\/www.adaq.it\/wp-content\/uploads\/reti-header_1.jpg","datePublished":"2018-02-28T11:17:16+00:00","dateModified":"2020-04-20T17:21:06+00:00","description":"Les filets et parois de marque KK Premium Quality sont des moustiquaires de haute qualit\u00e9, r\u00e9sistantes et douces: elles garantissent un produit durable.","breadcrumb":{"@id":"https:\/\/www.adaq.it\/fr\/peche-professionnelle\/filets\/#breadcrumb"},"inLanguage":"fr-FR","potentialAction":[{"@type":"ReadAction","target":["https:\/\/www.adaq.it\/fr\/peche-professionnelle\/filets\/"]}]},{"@type":"ImageObject","inLanguage":"fr-FR","@id":"https:\/\/www.adaq.it\/fr\/peche-professionnelle\/filets\/#primaryimage","url":"https:\/\/www.adaq.it\/wp-content\/uploads\/reti-header_1.jpg","contentUrl":"https:\/\/www.adaq.it\/wp-content\/uploads\/reti-header_1.jpg","width":2048,"height":1365},{"@type":"BreadcrumbList","@id":"https:\/\/www.adaq.it\/fr\/peche-professionnelle\/filets\/#breadcrumb","itemListElement":[{"@type":"ListItem","position":1,"name":"Home","item":"http:\/\/www.adaq.it\/fr\/"},{"@type":"ListItem","position":2,"name":"P\u00eache professionnelle","item":"https:\/\/www.adaq.it\/fr\/peche-professionnelle\/"},{"@type":"ListItem","position":3,"name":"Filets et parois"}]},{"@type":"WebSite","@id":"http:\/\/www.adaq.it\/fr\/#website","url":"http:\/\/www.adaq.it\/fr\/","name":"Adaq Srl","description":"Advanced Aquaculture","publisher":{"@id":"http:\/\/www.adaq.it\/fr\/#organization"},"potentialAction":[{"@type":"SearchAction","target":{"@type":"EntryPoint","urlTemplate":"http:\/\/www.adaq.it\/fr\/?s={search_term_string}"},"query-input":{"@type":"PropertyValueSpecification","valueRequired":true,"valueName":"search_term_string"}}],"inLanguage":"fr-FR"},{"@type":"Organization","@id":"http:\/\/www.adaq.it\/fr\/#organization","name":"Adaq Srl","url":"http:\/\/www.adaq.it\/fr\/","logo":{"@type":"ImageObject","inLanguage":"fr-FR","@id":"http:\/\/www.adaq.it\/fr\/#\/schema\/logo\/image\/","url":"http:\/\/www.adaq.it\/wp-content\/uploads\/logo-adaq-100.png","contentUrl":"http:\/\/www.adaq.it\/wp-content\/uploads\/logo-adaq-100.png","width":"104","height":"104","caption":"Adaq Srl"},"image":{"@id":"http:\/\/www.adaq.it\/fr\/#\/schema\/logo\/image\/"}}]}},"_links":{"self":[{"href":"https:\/\/www.adaq.it\/fr\/wp-json\/wp\/v2\/pages\/4593"}],"collection":[{"href":"https:\/\/www.adaq.it\/fr\/wp-json\/wp\/v2\/pages"}],"about":[{"href":"https:\/\/www.adaq.it\/fr\/wp-json\/wp\/v2\/types\/page"}],"author":[{"embeddable":true,"href":"https:\/\/www.adaq.it\/fr\/wp-json\/wp\/v2\/users\/1"}],"replies":[{"embeddable":true,"href":"https:\/\/www.adaq.it\/fr\/wp-json\/wp\/v2\/comments?post=4593"}],"version-history":[{"count":7,"href":"https:\/\/www.adaq.it\/fr\/wp-json\/wp\/v2\/pages\/4593\/revisions"}],"predecessor-version":[{"id":4665,"href":"https:\/\/www.adaq.it\/fr\/wp-json\/wp\/v2\/pages\/4593\/revisions\/4665"}],"up":[{"embeddable":true,"href":"https:\/\/www.adaq.it\/fr\/wp-json\/wp\/v2\/pages\/4587"}],"wp:featuredmedia":[{"embeddable":true,"href":"https:\/\/www.adaq.it\/fr\/wp-json\/wp\/v2\/media\/4588"}],"wp:attachment":[{"href":"https:\/\/www.adaq.it\/fr\/wp-json\/wp\/v2\/media?parent=4593"}],"curies":[{"name":"wp","href":"https:\/\/api.w.org\/{rel}","templated":true}]}}