{"id":4599,"date":"2018-03-14T18:08:25","date_gmt":"2018-03-14T17:08:25","guid":{"rendered":"http:\/\/www.adaq.it\/peche-professionnelle\/accessori\/"},"modified":"2020-04-20T19:19:52","modified_gmt":"2020-04-20T17:19:52","slug":"accessoires","status":"publish","type":"page","link":"https:\/\/www.adaq.it\/fr\/peche-professionnelle\/accessoires\/","title":{"rendered":"Accessoires"},"content":{"rendered":"<section class=\"p-80 pb-105 wow fadeIn\" data-wow-delay=\"0.5s\" style=\"visibility: visible; animation-delay: 0.5s; animation-name: fadeIn;\">\r\n          <div class=\"container\">\r\n            <div class=\"row\">\r\n              <div class=\"col-lg-8 offset-lg-2 col-md-10 offset-md-1\">\r\n                <div class=\"pt-30 description\">Tout ce dont vous avez besoin pour changer, armer ou personnaliser vos filets, tresses \u00e0 \u00e2me flottante, flotteurs en PVC, aiguilles pour monter vos filets, teintures pour filets, anneaux en nylon. Nos cordes\u00a0: Tresses en polyester haute t\u00e9nacit\u00e9 et cordes \u00e0 3 torons en Polystil. Si vous ne trouvez pas quelque chose, contactez-nous. Nous sommes toujours pr\u00eats \u00e0 \u00e9largir notre gamme.<\/div>\r\n                <div class=\"bar\"><\/div>\r\n             <\/div>\r\n            <\/div>\r\n          <\/div>\r\n        <\/section>\r\n\r\n<section class=\"feature-area p-80 wow fadeIn\" data-wow-delay=\"0.5s\" style=\"visibility: visible; animation-delay: 0.5s; animation-name: fadeIn;\">\r\n            <div class=\"container\">\r\n                <div class=\"uk-child-width-1-2@s uk-child-width-1-2@m uk-grid-match uk-grid\">\r\n                    <div class=\"pt-30 uk-transition-toggle\">\r\n                      <div class=\"uk-transition-scale-up uk-card uk-card-default\">\r\n                        \r\n                       <div class=\"uk-card-media-top\">\r\n                          <img decoding=\"async\" src=\"..\/..\/..\/wp-content\/uploads\/galleggianti-link.jpg\">\r\n                        <\/div>\r\n                         <div class=\"uk-card-body\">\r\n                           <h3 class=\"uk-card-title\">Flotteurs de PVC<\/h3>\r\n                           <p>Nos flotteurs en PVC \u00e0 cellules ferm\u00e9es: une qualit\u00e9 sans compromis.<\/p>\r\n                         <\/div>\r\n\r\n                      <\/div>\r\n                    <\/div>\r\n                  <div class=\"pt-30 uk-transition-toggle\">\r\n                      <div class=\"uk-transition-scale-up uk-card uk-card-default\">\r\n\t\t\t\t\t\t  <a href=\"..\/..\/..\/wp-content\/uploads\/Tabella_TrecciaGalleggiante.pdf\" target=\"_blank\" rel=\"noopener noreferrer\">\r\n                        <div class=\"uk-card-media-top\">\r\n                          <img decoding=\"async\" src=\"..\/..\/..\/wp-content\/uploads\/treccia-link.jpg\">\r\n                        <\/div>\r\n                        <div class=\"uk-card-body\">\r\n                                <h3 class=\"uk-card-title\">Tresse flottante <\/ h3>\r\n\u00a0\u00a0\u00a0\u00a0\u00a0\u00a0\u00a0\u00a0\u00a0\u00a0\u00a0\u00a0\u00a0\u00a0\u00a0\u00a0\u00a0\u00a0\u00a0\u00a0\u00a0\u00a0\u00a0\u00a0\u00a0\u00a0\u00a0\u00a0\u00a0\u00a0\u00a0\u00a0 <p> La tresse flottante, vendue \u00e0 la bobine, qualit\u00e9 et durabilit\u00e9.<\/p>\r\n                        <\/div>\r\n\t\t\t\t\t\t\t  <\/a>\r\n                      <\/div>\r\n                    <\/div>\r\n                    <div class=\"pt-30 uk-transition-toggle\">\r\n                      <div class=\"uk-transition-scale-up uk-card uk-card-default\">\r\n\t\t\t\t\t\t  <a href=\"..\/..\/..\/wp-content\/uploads\/Tabella_Aghi.pdf\" target=\"_blank\" rel=\"noopener noreferrer\">\r\n                        <div class=\"uk-card-media-top\">\r\n                         <img decoding=\"async\" src=\"..\/..\/..\/wp-content\/uploads\/aghi-link.jpg\">\r\n                        <\/div>\r\n                        <div class=\"uk-card-body\">\r\n                                <h3 class=\"uk-card-title\">Aiguilles pour filets <\/ h3>\r\n\u00a0\u00a0\u00a0\u00a0\u00a0\u00a0\u00a0\u00a0\u00a0\u00a0\u00a0\u00a0\u00a0\u00a0\u00a0\u00a0\u00a0\u00a0\u00a0\u00a0\u00a0\u00a0\u00a0\u00a0\u00a0\u00a0\u00a0\u00a0\u00a0\u00a0\u00a0\u00a0 <p> Aiguilles pour le montage de vos r\u00e9seaux KK. Un partenaire indispensable pour tous les p\u00eacheurs exp\u00e9riment\u00e9s. <\/p>\r\n                        <\/div>\r\n\t\t\t\t\t\t  <\/a>\r\n                      <\/div>\r\n                    <\/div>\r\n                    <div class=\"pt-30 uk-transition-toggle\">\r\n                      <div class=\"uk-transition-scale-up uk-card uk-card-default\">\r\n\t\t\t\t\t\t  <a href=\"#tinte\" uk-toggle>\r\n                        <div class=\"uk-card-media-top\">\r\n                          <img decoding=\"async\" src=\"..\/..\/..\/wp-content\/uploads\/tinte-link.jpg\">\r\n                        <\/div>\r\n                        <div class=\"uk-card-body\">\r\n                                <h3 class=\"uk-card-title\">Couleurs r\u00e9seau <\/ h3>\r\n\u00a0\u00a0\u00a0\u00a0\u00a0\u00a0\u00a0\u00a0\u00a0\u00a0\u00a0\u00a0\u00a0\u00a0\u00a0\u00a0\u00a0\u00a0\u00a0\u00a0\u00a0\u00a0\u00a0\u00a0\u00a0\u00a0\u00a0\u00a0\u00a0\u00a0\u00a0\u00a0 <p> Le colorant pour maillage ne formant pas de poussi\u00e8re, adh\u00e8re m\u00eame \u00e0 basses temp\u00e9ratures, avec un rendement tr\u00e8s \u00e9lev\u00e9 dans le rapport entre le kg net et la couleur. <\/p>\r\n                        <\/div>\r\n\t\t\t\t\t\t  <\/a>\r\n                      <\/div>\r\n                    <\/div>\r\n\t\t\t\t\t <div class=\"pt-30 uk-transition-toggle\">\r\n                      <div class=\"uk-transition-scale-up uk-card uk-card-default\">\r\n\t\t\t\t\t\t   <a href=\"#anelli\" uk-toggle>\r\n                        <div class=\"uk-card-media-top\">\r\n                          <img decoding=\"async\" src=\"..\/..\/..\/wp-content\/uploads\/anelli-link.jpg\">\r\n                        <\/div>\r\n                        <div class=\"uk-card-body\">\r\n                                <h3 class=\"uk-card-title\">Anneaux en nylon <\/ h3>\r\n\u00a0\u00a0\u00a0\u00a0\u00a0\u00a0\u00a0\u00a0\u00a0\u00a0\u00a0\u00a0\u00a0\u00a0\u00a0\u00a0\u00a0\u00a0\u00a0\u00a0\u00a0\u00a0\u00a0\u00a0\u00a0\u00a0\u00a0\u00a0\u00a0\u00a0\u00a0\u00a0 <p> Bagues en nylon disponibles dans les trois tailles principales, nylon de haute qualit\u00e9, sans bavures. <\/ p>\r\n                        <\/div>\r\n\t\t\t\t\t\t  <\/a>\r\n                      <\/div>\r\n                    <\/div>\r\n\t\t\t\t\t <div class=\"pt-30 uk-transition-toggle\">\r\n                      <div class=\"uk-transition-scale-up uk-card uk-card-default\">\r\n                        <div class=\"uk-card-media-top\">\r\n                          <img decoding=\"async\" src=\"..\/..\/..\/wp-content\/uploads\/treccia-bianca-link.jpg\">\r\n                        <\/div>\r\n                        <div class=\"uk-card-body\">\r\n                                <h3 class=\"uk-card-title\">Tresses en polyester haute t\u00e9nacit\u00e9 <\/ h3>\r\n\u00a0\u00a0\u00a0\u00a0\u00a0\u00a0\u00a0\u00a0\u00a0\u00a0\u00a0\u00a0\u00a0\u00a0\u00a0\u00a0\u00a0\u00a0\u00a0\u00a0\u00a0\u00a0\u00a0\u00a0\u00a0\u00a0\u00a0\u00a0\u00a0\u00a0\u00a0\u00a0 <p> Tresses polyester haute t\u00e9nacit\u00e9 Ad.Aq, pratiques, durables et toujours disponibles. <\/ p>\r\n                        <\/div>\r\n                      <\/div>\r\n                    <\/div>\r\n\t\t\t\t <div class=\"pt-30 uk-transition-toggle\">\r\n                      <div class=\"uk-transition-scale-up uk-card uk-card-default\">\r\n\t\t\t\t\t\t  <a href=\"..\/..\/..\/wp-content\/uploads\/TabellaPesoPolystil.pdf\" target=\"_blank\" rel=\"noopener noreferrer\">\r\n                        <div class=\"uk-card-media-top\">\r\n                          <img decoding=\"async\" src=\"..\/..\/..\/wp-content\/uploads\/polystill-link.jpg\">\r\n                        <\/div>\r\n                        <div class=\"uk-card-body\">\r\n                                <h3 class=\"uk-card-title\">Cordes Polistil <\/ h3> <p> Diam\u00e8tre 6 mm Polistil. jusqu&rsquo;\u00e0 56mm. en trois volets, toujours pr\u00e9sents dans les Ns. stock. <\/ p>\r\n                        <\/div>\r\n\t\t\t\t\t\t  <\/a>\r\n                      <\/div>\r\n                    <\/div>\r\n\t\t\t\t\t\t <div class=\"pt-30 uk-transition-toggle\">\r\n                      <div class=\"uk-transition-scale-up uk-card uk-card-default\">\r\n                        <div class=\"uk-card-media-top\">\r\n                          <img decoding=\"async\" src=\"..\/..\/..\/wp-content\/uploads\/accessori-link-1.jpg\">\r\n                        <\/div>\r\n                        <div class=\"uk-card-body\">\r\n                                <h3 class=\"uk-card-title\">Couteaux Ad.Aq <\/ h3> <p> Couteaux Ad.Aq en acier inoxydable, manche en plastique avec trou traversant. Le meilleur ami pour un p\u00eacheur. <\/p>\r\n                        <\/div>\r\n                      <\/div>\r\n                    <\/div>\r\n\t\t\t\t\t\t<div class=\"pt-30 uk-transition-toggle\">\r\n                      <div class=\"uk-transition-scale-up uk-card uk-card-default\">\r\n\t\t\t\t\t\t  <a href=\"#info\" uk-toggle>\r\n                        <div class=\"uk-card-media-top\">\r\n                          <img decoding=\"async\" src=\"..\/..\/..\/wp-content\/uploads\/tabella-link.jpg\">\r\n                        <\/div>\r\n                        <div class=\"uk-card-body\">\r\n                                <h3 class=\"uk-card-title\">Informations utiles <\/ h3>\r\n\u00a0\u00a0\u00a0\u00a0\u00a0\u00a0\u00a0\u00a0\u00a0\u00a0\u00a0\u00a0\u00a0\u00a0\u00a0\u00a0\u00a0\u00a0\u00a0\u00a0\u00a0\u00a0\u00a0\u00a0\u00a0\u00a0\u00a0\u00a0\u00a0\u00a0\u00a0\u00a0 <p> Dans cette page, vous pouvez trouver les N. secrets: tables de conversion, comparaison des charges bris\u00e9es et autres documents utiles \u00e0 visualiser et \u00e0 t\u00e9l\u00e9charger. <\/ p>\r\n                        <\/div>\r\n\t\t\t\t\t\t  <\/a>\r\n                      <\/div>\r\n                    <\/div>\r\n                <\/div>\r\n            <\/div>\r\n        <\/section>\r\n\r\n<!-- This is the modal with the default close button -->\r\n<div id=\"tinte\" uk-modal>\r\n    <div class=\"uk-modal-dialog uk-modal-body\">\r\n        <button class=\"uk-modal-close-default\" type=\"button\" uk-close><\/button>\r\n        <h2 class=\"uk-modal-title\">Colorants<\/h2>\r\n        <p>Les couleurs pour Ad.Aq. ils sont vendus en pots de 1 Kg. Couleurs disponibles: ROUGE BRILLANT, JAUNE CITRON, VERT, ORANGE, MARRON, NOIR.<\/p>\r\n    <\/div>\r\n<\/div>\r\n\r\n<!-- This is the modal with the default close button -->\r\n<div id=\"anelli\" uk-modal>\r\n    <div class=\"uk-modal-dialog uk-modal-body\">\r\n        <button class=\"uk-modal-close-default\" type=\"button\" uk-close><\/button>\r\n        <h2 class=\"uk-modal-title\">Anneaux<\/h2>\r\n        <table class=\"uk-table uk-table-striped\">\r\n    <thead>\r\n        <tr>\r\n            <th> Mod\u00e8le <\/th>\r\n\u00a0\u00a0\u00a0\u00a0\u00a0\u00a0\u00a0\u00a0\u00a0\u00a0\u00a0\u00a0 <th> \u00d8 ext\u00e9rieur (mm.) <\/ th>\r\n\u00a0\u00a0\u00a0\u00a0\u00a0\u00a0\u00a0\u00a0\u00a0\u00a0\u00a0\u00a0 <th> \u00d8 interne (mm.) <\/ th>\r\n        <\/tr>\r\n    <\/thead>\r\n    <tbody>\r\n        <tr>\r\n            <td>An-1<\/td>\r\n            <td>58<\/td>\r\n            <td>39<\/td>\r\n        <\/tr>\r\n        <tr>\r\n            <td>An-2<\/td>\r\n            <td>69<\/td>\r\n            <td>49<\/td>\r\n        <\/tr>\r\n        <tr>\r\n            <td>An-3<\/td>\r\n            <td>81<\/td>\r\n            <td>59<\/td>\r\n        <\/tr>\r\n    <\/tbody>\r\n<\/table>\r\n    <\/div>\r\n<\/div>\r\n\r\n<!-- This is the modal with the default close button -->\r\n<div id=\"info\" uk-modal>\r\n    <div class=\"uk-modal-dialog uk-modal-body\">\r\n        <button class=\"uk-modal-close-default\" type=\"button\" uk-close><\/button>\r\n        <h2 class=\"uk-modal-title\">Information<\/h2>\r\n\t\t <table class=\"uk-table uk-table-striped\">\r\n    <thead>\r\n        <tr>\r\n            <th>File<\/th>\r\n            <th>Download<\/th>\r\n        <\/tr>\r\n    <\/thead>\r\n    <tbody>\r\n        <tr>\r\n            <td>Tableau de r\u00e9sistance de fil<\/td>\r\n            <td><a href=\"http:\/\/www.adaq.it\/wp-content\/uploads\/TabellaResistenzaFilati.pdf\" uk-icon=\"download\"><\/a><\/td>\r\n        <\/tr>\r\n        <tr>\r\n            <td>Tableau de poids de polystil<\/td>\r\n            <td><a href=\"http:\/\/www.adaq.it\/wp-content\/uploads\/TabellaPesoPolystil.pdf\" uk-icon=\"download\"><\/a><\/td>\r\n        <\/tr>\r\n\t\t        <tr>\r\n            <td>Table de tresse flottante<\/td>\r\n            <td><a href=\"http:\/\/www.adaq.it\/wp-content\/uploads\/Tabella_TrecciaGalleggiante.pdf\" uk-icon=\"download\"><\/a><\/td>\r\n        <\/tr>\r\n\t\t        <tr>\r\n            <td>Tableau des aiguilles<\/td>\r\n            <td><a href=\"http:\/\/www.adaq.it\/wp-content\/uploads\/Tabella_Aghi.pdf\" uk-icon=\"download\"><\/a><\/td>\r\n        <\/tr>\r\n\t\t        <tr>\r\n            <td>Calcul du poids du r\u00e9seau<\/td>\r\n            <td><a href=\"http:\/\/www.adaq.it\/wp-content\/uploads\/CalcoloPesoRete.xlsx\" uk-icon=\"download\"><\/a><\/td>\r\n        <\/tr>\r\n    <\/tbody>\r\n<\/table>\r\n\t<\/div>\t\t\t\t\r\n<\/div>","protected":false},"excerpt":{"rendered":"Tout ce dont vous avez besoin pour changer, armer ou personnaliser vos filets, tresses \u00e0 \u00e2me flottante, flotteurs en PVC, aiguilles pour monter vos filets, teintures pour filets, anneaux en nylon. Nos cordes\u00a0: Tresses en polyester haute t\u00e9nacit\u00e9 et cordes \u00e0 3 torons en Polystil. Si vous ne trouvez pas quelque chose, contactez-nous. Nous sommes [&hellip;]","protected":false},"author":1,"featured_media":4588,"parent":4587,"menu_order":0,"comment_status":"closed","ping_status":"closed","template":"page_adaq_uikit.php","meta":{"_acf_changed":false,"footnotes":""},"acf":[],"yoast_head":"<!-- This site is optimized with the Yoast SEO plugin v23.5 - https:\/\/yoast.com\/wordpress\/plugins\/seo\/ -->\n<title>Tous les accessoires pour vos r\u00e9seaux professionnels | Adaq Srl<\/title>\n<meta name=\"description\" content=\"Tout ce dont vous avez besoin pour modifier, renforcer ou personnaliser vos filets: tresses \u00e0 \u00e2me flottante, flotteurs en PVC, aiguilles, teintures, anneaux en nylon\" \/>\n<meta name=\"robots\" content=\"index, follow, max-snippet:-1, max-image-preview:large, max-video-preview:-1\" \/>\n<link rel=\"canonical\" href=\"https:\/\/www.adaq.it\/fr\/peche-professionnelle\/accessoires\/\" \/>\n<meta property=\"og:locale\" content=\"fr_FR\" \/>\n<meta property=\"og:type\" content=\"article\" \/>\n<meta property=\"og:title\" content=\"Tous les accessoires pour vos r\u00e9seaux professionnels | Adaq Srl\" \/>\n<meta property=\"og:description\" content=\"Tout ce dont vous avez besoin pour modifier, renforcer ou personnaliser vos filets: tresses \u00e0 \u00e2me flottante, flotteurs en PVC, aiguilles, teintures, anneaux en nylon\" \/>\n<meta property=\"og:url\" content=\"https:\/\/www.adaq.it\/fr\/peche-professionnelle\/accessoires\/\" \/>\n<meta property=\"og:site_name\" content=\"Adaq Srl\" \/>\n<meta property=\"article:modified_time\" content=\"2020-04-20T17:19:52+00:00\" \/>\n<meta property=\"og:image\" content=\"https:\/\/www.adaq.it\/wp-content\/uploads\/reti-header_1.jpg\" \/>\n\t<meta property=\"og:image:width\" content=\"2048\" \/>\n\t<meta property=\"og:image:height\" content=\"1365\" \/>\n\t<meta property=\"og:image:type\" content=\"image\/jpeg\" \/>\n<meta name=\"twitter:card\" content=\"summary_large_image\" \/>\n<meta name=\"twitter:label1\" content=\"Dur\u00e9e de lecture estim\u00e9e\" \/>\n\t<meta name=\"twitter:data1\" content=\"2 minutes\" \/>\n<script type=\"application\/ld+json\" class=\"yoast-schema-graph\">{\"@context\":\"https:\/\/schema.org\",\"@graph\":[{\"@type\":\"WebPage\",\"@id\":\"https:\/\/www.adaq.it\/fr\/peche-professionnelle\/accessoires\/\",\"url\":\"https:\/\/www.adaq.it\/fr\/peche-professionnelle\/accessoires\/\",\"name\":\"Tous les accessoires pour vos r\u00e9seaux professionnels | Adaq Srl\",\"isPartOf\":{\"@id\":\"http:\/\/www.adaq.it\/fr\/#website\"},\"primaryImageOfPage\":{\"@id\":\"https:\/\/www.adaq.it\/fr\/peche-professionnelle\/accessoires\/#primaryimage\"},\"image\":{\"@id\":\"https:\/\/www.adaq.it\/fr\/peche-professionnelle\/accessoires\/#primaryimage\"},\"thumbnailUrl\":\"https:\/\/www.adaq.it\/wp-content\/uploads\/reti-header_1.jpg\",\"datePublished\":\"2018-03-14T17:08:25+00:00\",\"dateModified\":\"2020-04-20T17:19:52+00:00\",\"description\":\"Tout ce dont vous avez besoin pour modifier, renforcer ou personnaliser vos filets: tresses \u00e0 \u00e2me flottante, flotteurs en PVC, aiguilles, teintures, anneaux en nylon\",\"breadcrumb\":{\"@id\":\"https:\/\/www.adaq.it\/fr\/peche-professionnelle\/accessoires\/#breadcrumb\"},\"inLanguage\":\"fr-FR\",\"potentialAction\":[{\"@type\":\"ReadAction\",\"target\":[\"https:\/\/www.adaq.it\/fr\/peche-professionnelle\/accessoires\/\"]}]},{\"@type\":\"ImageObject\",\"inLanguage\":\"fr-FR\",\"@id\":\"https:\/\/www.adaq.it\/fr\/peche-professionnelle\/accessoires\/#primaryimage\",\"url\":\"https:\/\/www.adaq.it\/wp-content\/uploads\/reti-header_1.jpg\",\"contentUrl\":\"https:\/\/www.adaq.it\/wp-content\/uploads\/reti-header_1.jpg\",\"width\":2048,\"height\":1365},{\"@type\":\"BreadcrumbList\",\"@id\":\"https:\/\/www.adaq.it\/fr\/peche-professionnelle\/accessoires\/#breadcrumb\",\"itemListElement\":[{\"@type\":\"ListItem\",\"position\":1,\"name\":\"Home\",\"item\":\"http:\/\/www.adaq.it\/fr\/\"},{\"@type\":\"ListItem\",\"position\":2,\"name\":\"P\u00eache professionnelle\",\"item\":\"https:\/\/www.adaq.it\/fr\/peche-professionnelle\/\"},{\"@type\":\"ListItem\",\"position\":3,\"name\":\"Accessoires\"}]},{\"@type\":\"WebSite\",\"@id\":\"http:\/\/www.adaq.it\/fr\/#website\",\"url\":\"http:\/\/www.adaq.it\/fr\/\",\"name\":\"Adaq Srl\",\"description\":\"Advanced Aquaculture\",\"publisher\":{\"@id\":\"http:\/\/www.adaq.it\/fr\/#organization\"},\"potentialAction\":[{\"@type\":\"SearchAction\",\"target\":{\"@type\":\"EntryPoint\",\"urlTemplate\":\"http:\/\/www.adaq.it\/fr\/?s={search_term_string}\"},\"query-input\":{\"@type\":\"PropertyValueSpecification\",\"valueRequired\":true,\"valueName\":\"search_term_string\"}}],\"inLanguage\":\"fr-FR\"},{\"@type\":\"Organization\",\"@id\":\"http:\/\/www.adaq.it\/fr\/#organization\",\"name\":\"Adaq Srl\",\"url\":\"http:\/\/www.adaq.it\/fr\/\",\"logo\":{\"@type\":\"ImageObject\",\"inLanguage\":\"fr-FR\",\"@id\":\"http:\/\/www.adaq.it\/fr\/#\/schema\/logo\/image\/\",\"url\":\"http:\/\/www.adaq.it\/wp-content\/uploads\/logo-adaq-100.png\",\"contentUrl\":\"http:\/\/www.adaq.it\/wp-content\/uploads\/logo-adaq-100.png\",\"width\":\"104\",\"height\":\"104\",\"caption\":\"Adaq Srl\"},\"image\":{\"@id\":\"http:\/\/www.adaq.it\/fr\/#\/schema\/logo\/image\/\"}}]}<\/script>\n<!-- \/ Yoast SEO plugin. -->","yoast_head_json":{"title":"Tous les accessoires pour vos r\u00e9seaux professionnels | Adaq Srl","description":"Tout ce dont vous avez besoin pour modifier, renforcer ou personnaliser vos filets: tresses \u00e0 \u00e2me flottante, flotteurs en PVC, aiguilles, teintures, anneaux en nylon","robots":{"index":"index","follow":"follow","max-snippet":"max-snippet:-1","max-image-preview":"max-image-preview:large","max-video-preview":"max-video-preview:-1"},"canonical":"https:\/\/www.adaq.it\/fr\/peche-professionnelle\/accessoires\/","og_locale":"fr_FR","og_type":"article","og_title":"Tous les accessoires pour vos r\u00e9seaux professionnels | Adaq Srl","og_description":"Tout ce dont vous avez besoin pour modifier, renforcer ou personnaliser vos filets: tresses \u00e0 \u00e2me flottante, flotteurs en PVC, aiguilles, teintures, anneaux en nylon","og_url":"https:\/\/www.adaq.it\/fr\/peche-professionnelle\/accessoires\/","og_site_name":"Adaq Srl","article_modified_time":"2020-04-20T17:19:52+00:00","og_image":[{"width":2048,"height":1365,"url":"https:\/\/www.adaq.it\/wp-content\/uploads\/reti-header_1.jpg","type":"image\/jpeg"}],"twitter_card":"summary_large_image","twitter_misc":{"Dur\u00e9e de lecture estim\u00e9e":"2 minutes"},"schema":{"@context":"https:\/\/schema.org","@graph":[{"@type":"WebPage","@id":"https:\/\/www.adaq.it\/fr\/peche-professionnelle\/accessoires\/","url":"https:\/\/www.adaq.it\/fr\/peche-professionnelle\/accessoires\/","name":"Tous les accessoires pour vos r\u00e9seaux professionnels | Adaq Srl","isPartOf":{"@id":"http:\/\/www.adaq.it\/fr\/#website"},"primaryImageOfPage":{"@id":"https:\/\/www.adaq.it\/fr\/peche-professionnelle\/accessoires\/#primaryimage"},"image":{"@id":"https:\/\/www.adaq.it\/fr\/peche-professionnelle\/accessoires\/#primaryimage"},"thumbnailUrl":"https:\/\/www.adaq.it\/wp-content\/uploads\/reti-header_1.jpg","datePublished":"2018-03-14T17:08:25+00:00","dateModified":"2020-04-20T17:19:52+00:00","description":"Tout ce dont vous avez besoin pour modifier, renforcer ou personnaliser vos filets: tresses \u00e0 \u00e2me flottante, flotteurs en PVC, aiguilles, teintures, anneaux en nylon","breadcrumb":{"@id":"https:\/\/www.adaq.it\/fr\/peche-professionnelle\/accessoires\/#breadcrumb"},"inLanguage":"fr-FR","potentialAction":[{"@type":"ReadAction","target":["https:\/\/www.adaq.it\/fr\/peche-professionnelle\/accessoires\/"]}]},{"@type":"ImageObject","inLanguage":"fr-FR","@id":"https:\/\/www.adaq.it\/fr\/peche-professionnelle\/accessoires\/#primaryimage","url":"https:\/\/www.adaq.it\/wp-content\/uploads\/reti-header_1.jpg","contentUrl":"https:\/\/www.adaq.it\/wp-content\/uploads\/reti-header_1.jpg","width":2048,"height":1365},{"@type":"BreadcrumbList","@id":"https:\/\/www.adaq.it\/fr\/peche-professionnelle\/accessoires\/#breadcrumb","itemListElement":[{"@type":"ListItem","position":1,"name":"Home","item":"http:\/\/www.adaq.it\/fr\/"},{"@type":"ListItem","position":2,"name":"P\u00eache professionnelle","item":"https:\/\/www.adaq.it\/fr\/peche-professionnelle\/"},{"@type":"ListItem","position":3,"name":"Accessoires"}]},{"@type":"WebSite","@id":"http:\/\/www.adaq.it\/fr\/#website","url":"http:\/\/www.adaq.it\/fr\/","name":"Adaq Srl","description":"Advanced Aquaculture","publisher":{"@id":"http:\/\/www.adaq.it\/fr\/#organization"},"potentialAction":[{"@type":"SearchAction","target":{"@type":"EntryPoint","urlTemplate":"http:\/\/www.adaq.it\/fr\/?s={search_term_string}"},"query-input":{"@type":"PropertyValueSpecification","valueRequired":true,"valueName":"search_term_string"}}],"inLanguage":"fr-FR"},{"@type":"Organization","@id":"http:\/\/www.adaq.it\/fr\/#organization","name":"Adaq Srl","url":"http:\/\/www.adaq.it\/fr\/","logo":{"@type":"ImageObject","inLanguage":"fr-FR","@id":"http:\/\/www.adaq.it\/fr\/#\/schema\/logo\/image\/","url":"http:\/\/www.adaq.it\/wp-content\/uploads\/logo-adaq-100.png","contentUrl":"http:\/\/www.adaq.it\/wp-content\/uploads\/logo-adaq-100.png","width":"104","height":"104","caption":"Adaq Srl"},"image":{"@id":"http:\/\/www.adaq.it\/fr\/#\/schema\/logo\/image\/"}}]}},"_links":{"self":[{"href":"https:\/\/www.adaq.it\/fr\/wp-json\/wp\/v2\/pages\/4599"}],"collection":[{"href":"https:\/\/www.adaq.it\/fr\/wp-json\/wp\/v2\/pages"}],"about":[{"href":"https:\/\/www.adaq.it\/fr\/wp-json\/wp\/v2\/types\/page"}],"author":[{"embeddable":true,"href":"https:\/\/www.adaq.it\/fr\/wp-json\/wp\/v2\/users\/1"}],"replies":[{"embeddable":true,"href":"https:\/\/www.adaq.it\/fr\/wp-json\/wp\/v2\/comments?post=4599"}],"version-history":[{"count":2,"href":"https:\/\/www.adaq.it\/fr\/wp-json\/wp\/v2\/pages\/4599\/revisions"}],"predecessor-version":[{"id":4600,"href":"https:\/\/www.adaq.it\/fr\/wp-json\/wp\/v2\/pages\/4599\/revisions\/4600"}],"up":[{"embeddable":true,"href":"https:\/\/www.adaq.it\/fr\/wp-json\/wp\/v2\/pages\/4587"}],"wp:featuredmedia":[{"embeddable":true,"href":"https:\/\/www.adaq.it\/fr\/wp-json\/wp\/v2\/media\/4588"}],"wp:attachment":[{"href":"https:\/\/www.adaq.it\/fr\/wp-json\/wp\/v2\/media?parent=4599"}],"curies":[{"name":"wp","href":"https:\/\/api.w.org\/{rel}","templated":true}]}}