{"id":4603,"date":"2018-05-05T18:11:26","date_gmt":"2018-05-05T16:11:26","guid":{"rendered":"http:\/\/www.adaq.it\/peche-professionnelle\/abbigliamento\/"},"modified":"2020-04-20T19:22:16","modified_gmt":"2020-04-20T17:22:16","slug":"vetements","status":"publish","type":"page","link":"https:\/\/www.adaq.it\/fr\/peche-professionnelle\/vetements\/","title":{"rendered":"V\u00eatements"},"content":{"rendered":"<section class=\"p-80 pb-105 wow fadeIn\" data-wow-delay=\"0.5s\" style=\"visibility: visible; animation-delay: 0.5s; animation-name: fadeIn;\">\r\n          <div class=\"container\">\r\n            <div class=\"row\">\r\n              <div class=\"col-lg-8 offset-lg-2 col-md-10 offset-md-1\">\r\n                <div class=\"pt-30 description\">La marque de v\u00eatements professionnels ELKA, une entreprise danoise leader dans le secteur des v\u00eatements de p\u00eache professionnelle. <br>\r\nLes bavoirs, pantalons, vestons ferm\u00e9s ou ouverts, les combinaisons de plong\u00e9e, les tabliers et les manches, normaux ou renforc\u00e9s, sont con\u00e7us pour offrir un confort optimal, mais sans pr\u00e9judice du principe de fonctionnalit\u00e9 et de durabilit\u00e9.\r\n\t\t\t\t<\/div>\r\n                <div class=\"bar\"><\/div>\r\n             <\/div>\r\n            <\/div>\r\n          <\/div>\r\n<\/section>\r\n\r\n<section class=\"feature-area p-80 pb-105 wow fadeIn\" data-wow-delay=\"0.5s\" style=\"visibility: visible; animation-delay: 0.5s; animation-name: fadeIn;\">\r\n          <div class=\"container\">\r\n            <div class=\"row pt-30\">\r\n<div class=\"col-lg-6 col-md-6 col-sm-12\">\r\n\t<div class=\"uk-card uk-card-default uk-grid-collapse uk-child-width-1-2@s uk-margin\" uk-grid>\r\n    <div class=\"uk-card-media-left uk-cover-container\">\r\n        <img decoding=\"async\" src=\"..\/..\/..\/wp-content\/uploads\/pettorina.jpg\" alt=\"\" uk-cover>\r\n        <canvas width=\"800\" height=\"1200\"><\/canvas>\r\n    <\/div>\r\n    <div>\r\n        <div class=\"uk-card-body\">\r\n            <h3 class=\"uk-card-title\">Harnais renforc\u00e9<\/h3>\r\n            <p>Harnais \u00e0 bretelles monochromes orange avec renforts aux genoux.<\/p>\r\n\t\t\t<!-- This is a button toggling the modal -->\r\n\t\t\t\t<button uk-toggle=\"target: #pettorina_rinforzata\" type=\"button\" class=\"uk-button uk-button-default\">Fiche technique<\/button>\r\n\r\n\t\t\t\t<!-- This is the modal -->\r\n\t\t\t\t<div id=\"pettorina_rinforzata\" uk-modal>\r\n\t\t\t\t\t<div class=\"uk-modal-dialog uk-modal-body\">\r\n\t\t\t\t\t\t<h2 class=\"uk-modal-title\">Harnais renforc\u00e9<\/h2>\r\n\t\t\t\t\t\t<ul class=\"list  list--features\">\r\n                            <li class=\"list__item\">Adjustable suspenders with Fix-lock <\/li>\r\n                            <li class=\"list__item\">Inside pocket<\/li>\r\n                            <li class=\"list__item\">Size L inner leg length \u2013 75 cm <\/li>\r\n                            <li class=\"list__item\">Water column: mm H2O: &gt; 13.000 mm<\/li>\r\n                    <\/ul> \r\n\t\t\t\t\t<\/div>\r\n\t\t\t\t<\/div>\r\n        <\/div>\r\n    <\/div>\r\n<\/div>\r\n<\/div>\r\n<div class=\"col-lg-6 col-md-6 col-sm-12\">\r\n\t<div class=\"uk-card uk-card-default uk-grid-collapse uk-child-width-1-2@s uk-margin\" uk-grid>\r\n    <div class=\"uk-card-media-left uk-cover-container\">\r\n        <img decoding=\"async\" src=\"..\/..\/..\/wp-content\/uploads\/pettorina_normale.jpg\" alt=\"\" uk-cover>\r\n        <canvas width=\"800\" height=\"1200\"><\/canvas>\r\n    <\/div>\r\n    <div>\r\n        <div class=\"uk-card-body\">\r\n            <h3 class=\"uk-card-title\">Harnais<\/h3>\r\n            <p>Bavoir bicolore orange \/ bleu avec bretelles. Tailles disponibles: s, m, l, xl, xxl et 3xl<\/p>\r\n\t\t\t<!-- This is a button toggling the modal -->\r\n\t\t\t\t<button uk-toggle=\"target: #pettorina\" type=\"button\" class=\"uk-button uk-button-default\">Fiche technique<\/button>\r\n\r\n\t\t\t\t<!-- This is the modal -->\r\n\t\t\t\t<div id=\"pettorina\" uk-modal>\r\n\t\t\t\t\t<div class=\"uk-modal-dialog uk-modal-body\">\r\n\t\t\t\t\t\t<h2 class=\"uk-modal-title\">Harnais<\/h2>\r\n\t\t\t\t\t\t<ul class=\"list  list--features\">\r\n                            <li class=\"list__item\">Adjustable suspenders with Fix-lock <\/li>\r\n                            <li class=\"list__item\">Inside pocket<\/li>\r\n                            <li class=\"list__item\">Size L inner leg length \u2013 75 cm <\/li>\r\n                            <li class=\"list__item\">Water column: mm H2O: &gt; 13.000 mm<\/li>\r\n                    <\/ul> \r\n\t\t\t\t\t<\/div>\r\n\t\t\t\t<\/div>\r\n        <\/div>\r\n    <\/div>\r\n<\/div>\r\n<\/div>\r\n\t\t\t  <\/div>\r\n\t\t\t  \r\n            <div class=\"row pt-30\">\r\n<div class=\"col-lg-6 col-md-6 col-sm-12\">\r\n\t<div class=\"uk-card uk-card-default uk-grid-collapse uk-child-width-1-2@s uk-margin\" uk-grid>\r\n    <div class=\"uk-card-media-left uk-cover-container\">\r\n        <img decoding=\"async\" src=\"..\/..\/..\/wp-content\/uploads\/giacca_aperta_elka.jpg\" alt=\"\" uk-cover>\r\n        <canvas width=\"800\" height=\"1200\"><\/canvas>\r\n    <\/div>\r\n    <div>\r\n        <div class=\"uk-card-body\">\r\n            <h3 class=\"uk-card-title\">Veste ouverte<\/h3>\r\n            <p>Veste \u00e0 capuche, fermeture \u00e0 glissi\u00e8re et velcro. Tailles disponibles: s, m, l, xl, xxl et 3xl.<\/p>\r\n\t\t\t<!-- This is a button toggling the modal -->\r\n\t\t\t\t<button uk-toggle=\"target: #giacca_aperta\" type=\"button\" class=\"uk-button uk-button-default\">Fiche technique<\/button>\r\n\r\n\t\t\t\t<!-- This is the modal -->\r\n\t\t\t\t<div id=\"giacca_aperta\" uk-modal>\r\n\t\t\t\t\t<div class=\"uk-modal-dialog uk-modal-body\">\r\n\t\t\t\t\t\t<h2 class=\"uk-modal-title\">Veste ouverte<\/h2>\r\n\t\t\t\t\t\t<ul class=\"list  list--features\">\r\n                            <li class=\"list__item\">Adjustable suspenders with Fix-lock <\/li>\r\n                            <li class=\"list__item\">Inside pocket<\/li>\r\n                            <li class=\"list__item\">Size L inner leg length \u2013 75 cm <\/li>\r\n                            <li class=\"list__item\">Water column: mm H2O: &gt; 13.000 mm<\/li>\r\n                    <\/ul> \r\n\t\t\t\t\t<\/div>\r\n\t\t\t\t<\/div>\r\n        <\/div>\r\n    <\/div>\r\n<\/div>\r\n<\/div>\r\n<div class=\"col-lg-6 col-md-6 col-sm-12\">\r\n\t<div class=\"uk-card uk-card-default uk-grid-collapse uk-child-width-1-2@s uk-margin\" uk-grid>\r\n    <div class=\"uk-card-media-left uk-cover-container\">\r\n        <img decoding=\"async\" src=\"..\/..\/..\/wp-content\/uploads\/giacca_chiusa.jpg\" alt=\"\" uk-cover>\r\n        <canvas width=\"800\" height=\"1200\"><\/canvas>\r\n    <\/div>\r\n    <div>\r\n        <div class=\"uk-card-body\">\r\n            <h3 class=\"uk-card-title\">Veste ferm\u00e9e<\/h3>\r\n            <p>Veste \u00e0 capuche bicolore orange \/ bleu, s&rsquo;ouvrant uniquement sur le col \u00e0 enfiler. Tailles disponibles: s, m, l, xl, xxl et 3xl<\/p>\r\n\t\t\t<!-- This is a button toggling the modal -->\r\n\t\t\t\t<button uk-toggle=\"target: #giacca_chiusa\" type=\"button\" class=\"uk-button uk-button-default\">Fiche technique<\/button>\r\n\r\n\t\t\t\t<!-- This is the modal -->\r\n\t\t\t\t<div id=\"giacca_chiusa\" uk-modal>\r\n\t\t\t\t\t<div class=\"uk-modal-dialog uk-modal-body\">\r\n\t\t\t\t\t\t<h2 class=\"uk-modal-title\">Veste ferm\u00e9e<\/h2>\r\n\t\t\t\t\t\t<ul class=\"list  list--features\">\r\n                            <li class=\"list__item\">Adjustable suspenders with Fix-lock <\/li>\r\n                            <li class=\"list__item\">Inside pocket<\/li>\r\n                            <li class=\"list__item\">Size L inner leg length \u2013 75 cm <\/li>\r\n                            <li class=\"list__item\">Water column: mm H2O: &gt; 13.000 mm<\/li>\r\n                    <\/ul> \r\n\t\t\t\t\t<\/div>\r\n\t\t\t\t<\/div>\r\n        <\/div>\r\n    <\/div>\r\n<\/div>\r\n<\/div>\r\n\t\t\t  <\/div>\r\n\r\n\t\t\t             <div class=\"row pt-30\">\r\n<div class=\"col-lg-6 col-md-6 col-sm-12\">\r\n\t<div class=\"uk-card uk-card-default uk-grid-collapse uk-child-width-1-2@s uk-margin\" uk-grid>\r\n    <div class=\"uk-card-media-left uk-cover-container\">\r\n        <img decoding=\"async\" src=\"..\/..\/..\/wp-content\/uploads\/grembiule.jpg\" alt=\"\" uk-cover>\r\n        <canvas width=\"800\" height=\"1200\"><\/canvas>\r\n    <\/div>\r\n    <div>\r\n        <div class=\"uk-card-body\">\r\n            <h3 class=\"uk-card-title\">Tablier<\/h3>\r\n            <p>Tablier en PVC blanc avec double dentelle \u00e0 la taille et au col. Une taille.<\/p>\r\n\t\t\t<!-- This is a button toggling the modal -->\r\n\t\t\t\t<button uk-toggle=\"target: #grembiule\" type=\"button\" class=\"uk-button uk-button-default\">Fiche technique<\/button>\r\n\r\n\t\t\t\t<!-- This is the modal -->\r\n\t\t\t\t<div id=\"grembiule\" uk-modal>\r\n\t\t\t\t\t<div class=\"uk-modal-dialog uk-modal-body\">\r\n\t\t\t\t\t\t<h2 class=\"uk-modal-title\">Tablier<\/h2>\r\n\t\t\t\t\t\t<ul class=\"list  list--features\">\r\n                            <li class=\"list__item\">Adjustable suspenders with Fix-lock <\/li>\r\n                            <li class=\"list__item\">Inside pocket<\/li>\r\n                            <li class=\"list__item\">Size L inner leg length \u2013 75 cm <\/li>\r\n                            <li class=\"list__item\">Water column: mm H2O: &gt; 13.000 mm<\/li>\r\n                    <\/ul> \r\n\t\t\t\t\t<\/div>\r\n\t\t\t\t<\/div>\r\n        <\/div>\r\n    <\/div>\r\n<\/div>\r\n<\/div>\r\n<div class=\"col-lg-6 col-md-6 col-sm-12\">\r\n\t<div class=\"uk-card uk-card-default uk-grid-collapse uk-child-width-1-2@s uk-margin\" uk-grid>\r\n    <div class=\"uk-card-media-left uk-cover-container\">\r\n        <img decoding=\"async\" src=\"..\/..\/..\/wp-content\/uploads\/elka4.jpg\" alt=\"\" uk-cover>\r\n        <canvas width=\"800\" height=\"1200\"><\/canvas>\r\n    <\/div>\r\n    <div>\r\n        <div class=\"uk-card-body\">\r\n            <h3 class=\"uk-card-title\">Scaphandre<\/h3>\r\n            <p>Combinaison de plong\u00e9e en PVC et polyester, couleur verte. Nombres disponibles de 36 \u00e0 47.<\/p>\r\n\t\t\t<!-- This is a button toggling the modal -->\r\n\t\t\t\t<button uk-toggle=\"target: #manicotto\" type=\"button\" class=\"uk-button uk-button-default\">Fiche technique<\/button>\r\n\r\n\t\t\t\t<!-- This is the modal -->\r\n\t\t\t\t<div id=\"manicotto\" uk-modal>\r\n\t\t\t\t\t<div class=\"uk-modal-dialog uk-modal-body\">\r\n\t\t\t\t\t\t<h2 class=\"uk-modal-title\">Scaphandre<\/h2>\r\n\t\t\t\t\t\t<ul class=\"list  list--features\">\r\n                            <li class=\"list__item\">Double welded in all stitchings <\/li>\r\n                            <li class=\"list__item\">Short Dunlop boots<\/li>\r\n                            <li class=\"list__item\">Inside pocket <\/li>\r\n                            <li class=\"list__item\">Adjustable suspenders with Fix-lock<\/li>\r\n\t\t\t\t\t\t\t<li class=\"list__item\">Repair kit<\/li>\r\n\t\t\t\t\t\t\t<li class=\"list__item\">Size L inner leg length \u2013 94 cm<\/li>\r\n\t\t\t\t\t\t\t<li class=\"list__item\">Water column: mm H2O: > 20.000 mm<\/li>\r\n                    <\/ul> \r\n\t\t\t\t\t<\/div>\r\n\t\t\t\t<\/div>\r\n        <\/div>\r\n    <\/div>\r\n<\/div>\r\n<\/div>\r\n\t\t\t  <\/div>\t\r\n\t<\/div>\r\n<\/section>","protected":false},"excerpt":{"rendered":"La marque de v\u00eatements professionnels ELKA, une entreprise danoise leader dans le secteur des v\u00eatements de p\u00eache professionnelle. Les bavoirs, pantalons, vestons ferm\u00e9s ou ouverts, les combinaisons de plong\u00e9e, les tabliers et les manches, normaux ou renforc\u00e9s, sont con\u00e7us pour offrir un confort optimal, mais sans pr\u00e9judice du principe de fonctionnalit\u00e9 et de durabilit\u00e9. Harnais [&hellip;]","protected":false},"author":1,"featured_media":4588,"parent":4587,"menu_order":0,"comment_status":"closed","ping_status":"closed","template":"page_adaq_uikit.php","meta":{"_acf_changed":false,"footnotes":""},"acf":[],"yoast_head":"<!-- This site is optimized with the Yoast SEO plugin v23.5 - https:\/\/yoast.com\/wordpress\/plugins\/seo\/ -->\n<title>V\u00eatements professionnels avec la marque ELKA | Adaq Srl<\/title>\n<meta name=\"description\" content=\"V\u00eatements professionnels sous la marque ELKA, une entreprise danoise leader dans le secteur des v\u00eatements de p\u00eache professionnelle.\" \/>\n<meta name=\"robots\" content=\"index, follow, max-snippet:-1, max-image-preview:large, max-video-preview:-1\" \/>\n<link rel=\"canonical\" href=\"https:\/\/www.adaq.it\/fr\/peche-professionnelle\/vetements\/\" \/>\n<meta property=\"og:locale\" content=\"fr_FR\" \/>\n<meta property=\"og:type\" content=\"article\" \/>\n<meta property=\"og:title\" content=\"V\u00eatements professionnels avec la marque ELKA | Adaq Srl\" \/>\n<meta property=\"og:description\" content=\"V\u00eatements professionnels sous la marque ELKA, une entreprise danoise leader dans le secteur des v\u00eatements de p\u00eache professionnelle.\" \/>\n<meta property=\"og:url\" content=\"https:\/\/www.adaq.it\/fr\/peche-professionnelle\/vetements\/\" \/>\n<meta property=\"og:site_name\" content=\"Adaq Srl\" \/>\n<meta property=\"article:modified_time\" content=\"2020-04-20T17:22:16+00:00\" \/>\n<meta property=\"og:image\" content=\"https:\/\/www.adaq.it\/wp-content\/uploads\/reti-header_1.jpg\" \/>\n\t<meta property=\"og:image:width\" content=\"2048\" \/>\n\t<meta property=\"og:image:height\" content=\"1365\" \/>\n\t<meta property=\"og:image:type\" content=\"image\/jpeg\" \/>\n<meta name=\"twitter:card\" content=\"summary_large_image\" \/>\n<meta name=\"twitter:label1\" content=\"Dur\u00e9e de lecture estim\u00e9e\" \/>\n\t<meta name=\"twitter:data1\" content=\"2 minutes\" \/>\n<script type=\"application\/ld+json\" class=\"yoast-schema-graph\">{\"@context\":\"https:\/\/schema.org\",\"@graph\":[{\"@type\":\"WebPage\",\"@id\":\"https:\/\/www.adaq.it\/fr\/peche-professionnelle\/vetements\/\",\"url\":\"https:\/\/www.adaq.it\/fr\/peche-professionnelle\/vetements\/\",\"name\":\"V\u00eatements professionnels avec la marque ELKA | Adaq Srl\",\"isPartOf\":{\"@id\":\"http:\/\/www.adaq.it\/fr\/#website\"},\"primaryImageOfPage\":{\"@id\":\"https:\/\/www.adaq.it\/fr\/peche-professionnelle\/vetements\/#primaryimage\"},\"image\":{\"@id\":\"https:\/\/www.adaq.it\/fr\/peche-professionnelle\/vetements\/#primaryimage\"},\"thumbnailUrl\":\"https:\/\/www.adaq.it\/wp-content\/uploads\/reti-header_1.jpg\",\"datePublished\":\"2018-05-05T16:11:26+00:00\",\"dateModified\":\"2020-04-20T17:22:16+00:00\",\"description\":\"V\u00eatements professionnels sous la marque ELKA, une entreprise danoise leader dans le secteur des v\u00eatements de p\u00eache professionnelle.\",\"breadcrumb\":{\"@id\":\"https:\/\/www.adaq.it\/fr\/peche-professionnelle\/vetements\/#breadcrumb\"},\"inLanguage\":\"fr-FR\",\"potentialAction\":[{\"@type\":\"ReadAction\",\"target\":[\"https:\/\/www.adaq.it\/fr\/peche-professionnelle\/vetements\/\"]}]},{\"@type\":\"ImageObject\",\"inLanguage\":\"fr-FR\",\"@id\":\"https:\/\/www.adaq.it\/fr\/peche-professionnelle\/vetements\/#primaryimage\",\"url\":\"https:\/\/www.adaq.it\/wp-content\/uploads\/reti-header_1.jpg\",\"contentUrl\":\"https:\/\/www.adaq.it\/wp-content\/uploads\/reti-header_1.jpg\",\"width\":2048,\"height\":1365},{\"@type\":\"BreadcrumbList\",\"@id\":\"https:\/\/www.adaq.it\/fr\/peche-professionnelle\/vetements\/#breadcrumb\",\"itemListElement\":[{\"@type\":\"ListItem\",\"position\":1,\"name\":\"Home\",\"item\":\"http:\/\/www.adaq.it\/fr\/\"},{\"@type\":\"ListItem\",\"position\":2,\"name\":\"P\u00eache professionnelle\",\"item\":\"https:\/\/www.adaq.it\/fr\/peche-professionnelle\/\"},{\"@type\":\"ListItem\",\"position\":3,\"name\":\"V\u00eatements\"}]},{\"@type\":\"WebSite\",\"@id\":\"http:\/\/www.adaq.it\/fr\/#website\",\"url\":\"http:\/\/www.adaq.it\/fr\/\",\"name\":\"Adaq Srl\",\"description\":\"Advanced Aquaculture\",\"publisher\":{\"@id\":\"http:\/\/www.adaq.it\/fr\/#organization\"},\"potentialAction\":[{\"@type\":\"SearchAction\",\"target\":{\"@type\":\"EntryPoint\",\"urlTemplate\":\"http:\/\/www.adaq.it\/fr\/?s={search_term_string}\"},\"query-input\":{\"@type\":\"PropertyValueSpecification\",\"valueRequired\":true,\"valueName\":\"search_term_string\"}}],\"inLanguage\":\"fr-FR\"},{\"@type\":\"Organization\",\"@id\":\"http:\/\/www.adaq.it\/fr\/#organization\",\"name\":\"Adaq Srl\",\"url\":\"http:\/\/www.adaq.it\/fr\/\",\"logo\":{\"@type\":\"ImageObject\",\"inLanguage\":\"fr-FR\",\"@id\":\"http:\/\/www.adaq.it\/fr\/#\/schema\/logo\/image\/\",\"url\":\"http:\/\/www.adaq.it\/wp-content\/uploads\/logo-adaq-100.png\",\"contentUrl\":\"http:\/\/www.adaq.it\/wp-content\/uploads\/logo-adaq-100.png\",\"width\":\"104\",\"height\":\"104\",\"caption\":\"Adaq Srl\"},\"image\":{\"@id\":\"http:\/\/www.adaq.it\/fr\/#\/schema\/logo\/image\/\"}}]}<\/script>\n<!-- \/ Yoast SEO plugin. -->","yoast_head_json":{"title":"V\u00eatements professionnels avec la marque ELKA | Adaq Srl","description":"V\u00eatements professionnels sous la marque ELKA, une entreprise danoise leader dans le secteur des v\u00eatements de p\u00eache professionnelle.","robots":{"index":"index","follow":"follow","max-snippet":"max-snippet:-1","max-image-preview":"max-image-preview:large","max-video-preview":"max-video-preview:-1"},"canonical":"https:\/\/www.adaq.it\/fr\/peche-professionnelle\/vetements\/","og_locale":"fr_FR","og_type":"article","og_title":"V\u00eatements professionnels avec la marque ELKA | Adaq Srl","og_description":"V\u00eatements professionnels sous la marque ELKA, une entreprise danoise leader dans le secteur des v\u00eatements de p\u00eache professionnelle.","og_url":"https:\/\/www.adaq.it\/fr\/peche-professionnelle\/vetements\/","og_site_name":"Adaq Srl","article_modified_time":"2020-04-20T17:22:16+00:00","og_image":[{"width":2048,"height":1365,"url":"https:\/\/www.adaq.it\/wp-content\/uploads\/reti-header_1.jpg","type":"image\/jpeg"}],"twitter_card":"summary_large_image","twitter_misc":{"Dur\u00e9e de lecture estim\u00e9e":"2 minutes"},"schema":{"@context":"https:\/\/schema.org","@graph":[{"@type":"WebPage","@id":"https:\/\/www.adaq.it\/fr\/peche-professionnelle\/vetements\/","url":"https:\/\/www.adaq.it\/fr\/peche-professionnelle\/vetements\/","name":"V\u00eatements professionnels avec la marque ELKA | Adaq Srl","isPartOf":{"@id":"http:\/\/www.adaq.it\/fr\/#website"},"primaryImageOfPage":{"@id":"https:\/\/www.adaq.it\/fr\/peche-professionnelle\/vetements\/#primaryimage"},"image":{"@id":"https:\/\/www.adaq.it\/fr\/peche-professionnelle\/vetements\/#primaryimage"},"thumbnailUrl":"https:\/\/www.adaq.it\/wp-content\/uploads\/reti-header_1.jpg","datePublished":"2018-05-05T16:11:26+00:00","dateModified":"2020-04-20T17:22:16+00:00","description":"V\u00eatements professionnels sous la marque ELKA, une entreprise danoise leader dans le secteur des v\u00eatements de p\u00eache professionnelle.","breadcrumb":{"@id":"https:\/\/www.adaq.it\/fr\/peche-professionnelle\/vetements\/#breadcrumb"},"inLanguage":"fr-FR","potentialAction":[{"@type":"ReadAction","target":["https:\/\/www.adaq.it\/fr\/peche-professionnelle\/vetements\/"]}]},{"@type":"ImageObject","inLanguage":"fr-FR","@id":"https:\/\/www.adaq.it\/fr\/peche-professionnelle\/vetements\/#primaryimage","url":"https:\/\/www.adaq.it\/wp-content\/uploads\/reti-header_1.jpg","contentUrl":"https:\/\/www.adaq.it\/wp-content\/uploads\/reti-header_1.jpg","width":2048,"height":1365},{"@type":"BreadcrumbList","@id":"https:\/\/www.adaq.it\/fr\/peche-professionnelle\/vetements\/#breadcrumb","itemListElement":[{"@type":"ListItem","position":1,"name":"Home","item":"http:\/\/www.adaq.it\/fr\/"},{"@type":"ListItem","position":2,"name":"P\u00eache professionnelle","item":"https:\/\/www.adaq.it\/fr\/peche-professionnelle\/"},{"@type":"ListItem","position":3,"name":"V\u00eatements"}]},{"@type":"WebSite","@id":"http:\/\/www.adaq.it\/fr\/#website","url":"http:\/\/www.adaq.it\/fr\/","name":"Adaq Srl","description":"Advanced Aquaculture","publisher":{"@id":"http:\/\/www.adaq.it\/fr\/#organization"},"potentialAction":[{"@type":"SearchAction","target":{"@type":"EntryPoint","urlTemplate":"http:\/\/www.adaq.it\/fr\/?s={search_term_string}"},"query-input":{"@type":"PropertyValueSpecification","valueRequired":true,"valueName":"search_term_string"}}],"inLanguage":"fr-FR"},{"@type":"Organization","@id":"http:\/\/www.adaq.it\/fr\/#organization","name":"Adaq Srl","url":"http:\/\/www.adaq.it\/fr\/","logo":{"@type":"ImageObject","inLanguage":"fr-FR","@id":"http:\/\/www.adaq.it\/fr\/#\/schema\/logo\/image\/","url":"http:\/\/www.adaq.it\/wp-content\/uploads\/logo-adaq-100.png","contentUrl":"http:\/\/www.adaq.it\/wp-content\/uploads\/logo-adaq-100.png","width":"104","height":"104","caption":"Adaq Srl"},"image":{"@id":"http:\/\/www.adaq.it\/fr\/#\/schema\/logo\/image\/"}}]}},"_links":{"self":[{"href":"https:\/\/www.adaq.it\/fr\/wp-json\/wp\/v2\/pages\/4603"}],"collection":[{"href":"https:\/\/www.adaq.it\/fr\/wp-json\/wp\/v2\/pages"}],"about":[{"href":"https:\/\/www.adaq.it\/fr\/wp-json\/wp\/v2\/types\/page"}],"author":[{"embeddable":true,"href":"https:\/\/www.adaq.it\/fr\/wp-json\/wp\/v2\/users\/1"}],"replies":[{"embeddable":true,"href":"https:\/\/www.adaq.it\/fr\/wp-json\/wp\/v2\/comments?post=4603"}],"version-history":[{"count":3,"href":"https:\/\/www.adaq.it\/fr\/wp-json\/wp\/v2\/pages\/4603\/revisions"}],"predecessor-version":[{"id":4606,"href":"https:\/\/www.adaq.it\/fr\/wp-json\/wp\/v2\/pages\/4603\/revisions\/4606"}],"up":[{"embeddable":true,"href":"https:\/\/www.adaq.it\/fr\/wp-json\/wp\/v2\/pages\/4587"}],"wp:featuredmedia":[{"embeddable":true,"href":"https:\/\/www.adaq.it\/fr\/wp-json\/wp\/v2\/media\/4588"}],"wp:attachment":[{"href":"https:\/\/www.adaq.it\/fr\/wp-json\/wp\/v2\/media?parent=4603"}],"curies":[{"name":"wp","href":"https:\/\/api.w.org\/{rel}","templated":true}]}}