{"id":4608,"date":"2018-03-01T11:06:25","date_gmt":"2018-03-01T10:06:25","guid":{"rendered":"http:\/\/www.adaq.it\/peche-professionnelle\/dove-trovarci\/"},"modified":"2020-04-20T19:21:39","modified_gmt":"2020-04-20T17:21:39","slug":"trouver","status":"publish","type":"page","link":"https:\/\/www.adaq.it\/fr\/peche-professionnelle\/trouver\/","title":{"rendered":"O\u00f9 nous trouver"},"content":{"rendered":"<section class=\"p-80 wow fadeIn\" data-wow-delay=\"0.5s\" style=\"visibility: visible; animation-delay: 0.5s; animation-name: fadeIn;\">\r\n          <div class=\"container\">\r\n            <div class=\"row\">\r\n              <div class=\"col-lg-8 offset-lg-2 col-md-10 offset-md-1\">\r\n               La disponibilit\u00e9 de l\u2019entrep\u00f4t entier Ad.Aq. \u00e0 deux pas de chez vous. Recherchez notre partenaire commercial le plus proche de chez vous et dites-lui que vous venez de notre site. Produits de qualit\u00e9\u00a0; service\u00a0; entrep\u00f4t avec plus de 600\u00a0types de filets toujours disponibles\u00a0; vitesse d\u2019approvisionnement. La longue exp\u00e9rience d\u2019Ad.Aq. dans le domaine de l\u2019aquaculture, des syst\u00e8mes d\u2019amarrage et de la signalisation maritime, a permis de d\u00e9velopper des produits imm\u00e9diatement reconnaissables comme des produits Ad.Aq.\r\n               <\/div>\r\n            <\/div>\r\n          <\/div>\r\n<\/section>\r\n\r\n            \r\n            \r\n            \r\n            <a name='map1'><\/a>\r\n            \r\n            \r\n            <div class=\"wpgmza-store-locator wpgmza_sl_main_div\">       <div class=\"wpgmza-form-field wpgmza_sl_query_div\">           <label for=\"addressInput_1\" class=\"wpgmza-form-field__label wpgmza-form-field__label--float wpgmza_sl_query_innerdiv1\">CAP \/ Indirizzo:<\/label>\t\t\t<input type=\"text\" id=\"addressInput_1\" size=\"20\" value=\"\" mid=\"1\" class='wpgmza-form-field__input addressInput' \/>        <\/div>       <div class=\"wpgmza-form-field wpgmza_sl_radius_div\">           <label for='radiusSelect_1' class='wpgmza-form-field__label wpgmza-form-field__label--float'>Rayon:<\/label><select class=\"wpgmza-form-field__input wpgmza_sl_radius_select\" id=\"radiusSelect_1\">               <option class='wpgmza_sl_select_option' value='1' >1km<\/option><option class='wpgmza_sl_select_option' value='5' >5km<\/option><option class='wpgmza_sl_select_option' value='10' >10km<\/option><option class='wpgmza_sl_select_option' value='25' >25km<\/option><option class='wpgmza_sl_select_option' value='50' selected=\"selected\">50km<\/option><option class='wpgmza_sl_select_option' value='75' >75km<\/option><option class='wpgmza_sl_select_option' value='100' >100km<\/option><option class='wpgmza_sl_select_option' value='150' >150km<\/option><option class='wpgmza_sl_select_option' value='200' >200km<\/option><option class='wpgmza_sl_select_option' value='300' >300km<\/option>               <\/select><input type='hidden' value='2' name='wpgmza_distance_type' id='wpgmza_distance_type_1'  style='display:none;' \/>       <\/div><span class='wpgmza_sl_search_button' mid='1' onclick='searchLocations(1);'><i class='fa fa-search'><\/i><\/span><div class='wpgmza-not-found-msg js-not-found-msg'><p>No results found in this location. Please try again.<\/p><\/div><div class='wpgmza_sl_reset_button_div'>\r\n\t\t\t<i class='fa fa-times-circle'><\/i>\r\n\t\t<\/div><em><small>No categories found<\/small><\/em>       <div class='wpgmza-not-found-msg js-not-found-msg'><p>No results found in this location. Please try again.<\/p><\/div>    <\/div>\r\n            \r\n\r\n            <div class=\"wpgmza_map \"  id=\"wpgmza_map_1\" style=\"display:block; overflow:auto; width:100%; height:500px; margin-left:auto !important; margin-right:auto !important; align:center;\" data-settings=\"{&quot;id&quot;:&quot;1&quot;,&quot;map_title&quot;:&quot;Rivenditori Pesca&quot;,&quot;map_width&quot;:&quot;100&quot;,&quot;map_height&quot;:&quot;500&quot;,&quot;map_start_lat&quot;:&quot;38.085149&quot;,&quot;map_start_lng&quot;:&quot;13.536344&quot;,&quot;map_start_location&quot;:&quot;38.085149,13.536343999999985&quot;,&quot;map_start_zoom&quot;:&quot;5&quot;,&quot;default_marker&quot;:&quot;0&quot;,&quot;type&quot;:&quot;1&quot;,&quot;alignment&quot;:&quot;2&quot;,&quot;directions_enabled&quot;:&quot;1&quot;,&quot;styling_enabled&quot;:&quot;0&quot;,&quot;styling_json&quot;:&quot;&quot;,&quot;active&quot;:&quot;0&quot;,&quot;kml&quot;:&quot;&quot;,&quot;bicycle&quot;:&quot;2&quot;,&quot;traffic&quot;:&quot;2&quot;,&quot;dbox&quot;:&quot;1&quot;,&quot;dbox_width&quot;:&quot;100&quot;,&quot;listmarkers&quot;:&quot;0&quot;,&quot;listmarkers_advanced&quot;:&quot;0&quot;,&quot;filterbycat&quot;:&quot;0&quot;,&quot;ugm_enabled&quot;:&quot;0&quot;,&quot;ugm_category_enabled&quot;:&quot;0&quot;,&quot;fusion&quot;:&quot;&quot;,&quot;map_width_type&quot;:&quot;\\\\%&quot;,&quot;map_height_type&quot;:&quot;px&quot;,&quot;mass_marker_support&quot;:&quot;1&quot;,&quot;ugm_access&quot;:&quot;0&quot;,&quot;order_markers_by&quot;:&quot;1&quot;,&quot;order_markers_choice&quot;:&quot;1&quot;,&quot;show_user_location&quot;:&quot;2&quot;,&quot;default_to&quot;:&quot;&quot;,&quot;other_settings&quot;:{&quot;store_locator_enabled&quot;:1,&quot;wpgmza_store_locator_restrict&quot;:&quot;it&quot;,&quot;wpgmza_sl_animation&quot;:&quot;1&quot;,&quot;store_locator_query_string&quot;:&quot;CAP \\\/ Indirizzo:&quot;,&quot;store_locator_name_string&quot;:&quot;Titolo \\\/ Descrizione:&quot;,&quot;store_locator_default_address&quot;:&quot;&quot;,&quot;store_locator_default_radius&quot;:&quot;50&quot;,&quot;store_locator_not_found_message&quot;:&quot;No results found in this location. Please try again.&quot;,&quot;store_locator_style&quot;:&quot;modern&quot;,&quot;wpgmza_store_locator_radius_style&quot;:&quot;modern&quot;,&quot;directions_box_style&quot;:&quot;default&quot;,&quot;wpgmza_dbox_width_type&quot;:&quot;%&quot;,&quot;map_max_zoom&quot;:&quot;1&quot;,&quot;map_min_zoom&quot;:&quot;21&quot;,&quot;sl_stroke_color&quot;:&quot;FF0000&quot;,&quot;sl_stroke_opacity&quot;:&quot;0.25&quot;,&quot;sl_fill_color&quot;:&quot;FF0000&quot;,&quot;sl_fill_opacity&quot;:&quot;0.15&quot;,&quot;click_open_link&quot;:2,&quot;transport_layer&quot;:2,&quot;iw_primary_color&quot;:&quot;2A3744&quot;,&quot;iw_accent_color&quot;:&quot;252F3A&quot;,&quot;iw_text_color&quot;:&quot;FFFFFF&quot;,&quot;wpgmza_iw_type&quot;:&quot;0&quot;,&quot;list_markers_by&quot;:&quot;4&quot;,&quot;push_in_map&quot;:&quot;&quot;,&quot;push_in_map_placement&quot;:&quot;9&quot;,&quot;wpgmza_push_in_map_width&quot;:&quot;&quot;,&quot;wpgmza_push_in_map_height&quot;:&quot;&quot;,&quot;wpgmza_theme_data&quot;:&quot;[{\\\\\\&quot;featureType\\\\\\&quot;: \\\\\\&quot;administrative\\\\\\&quot;,\\\\\\&quot;elementType\\\\\\&quot;: \\\\\\&quot;labels.text.fill\\\\\\&quot;,\\\\\\&quot;stylers\\\\\\&quot;: [{\\\\\\&quot;color\\\\\\&quot;: \\\\\\&quot;#444444\\\\\\&quot;}]},{\\\\\\&quot;featureType\\\\\\&quot;: \\\\\\&quot;landscape\\\\\\&quot;,\\\\\\&quot;elementType\\\\\\&quot;: \\\\\\&quot;all\\\\\\&quot;,\\\\\\&quot;stylers\\\\\\&quot;: [{\\\\\\&quot;color\\\\\\&quot;: \\\\\\&quot;#f2f2f2\\\\\\&quot;}]},{\\\\\\&quot;featureType\\\\\\&quot;: \\\\\\&quot;poi\\\\\\&quot;,\\\\\\&quot;elementType\\\\\\&quot;: \\\\\\&quot;all\\\\\\&quot;,\\\\\\&quot;stylers\\\\\\&quot;: [{\\\\\\&quot;visibility\\\\\\&quot;: \\\\\\&quot;off\\\\\\&quot;}]},{\\\\\\&quot;featureType\\\\\\&quot;: \\\\\\&quot;road\\\\\\&quot;,\\\\\\&quot;elementType\\\\\\&quot;: \\\\\\&quot;all\\\\\\&quot;,\\\\\\&quot;stylers\\\\\\&quot;: [{\\\\\\&quot;saturation\\\\\\&quot;: -100},{\\\\\\&quot;lightness\\\\\\&quot;: 45}]},{\\\\\\&quot;featureType\\\\\\&quot;: \\\\\\&quot;road.highway\\\\\\&quot;,\\\\\\&quot;elementType\\\\\\&quot;: \\\\\\&quot;all\\\\\\&quot;,\\\\\\&quot;stylers\\\\\\&quot;: [{\\\\\\&quot;visibility\\\\\\&quot;: \\\\\\&quot;simplified\\\\\\&quot;}]},{\\\\\\&quot;featureType\\\\\\&quot;: \\\\\\&quot;road.arterial\\\\\\&quot;,\\\\\\&quot;elementType\\\\\\&quot;: \\\\\\&quot;labels.icon\\\\\\&quot;,\\\\\\&quot;stylers\\\\\\&quot;: [{\\\\\\&quot;visibility\\\\\\&quot;: \\\\\\&quot;off\\\\\\&quot;}]},{\\\\\\&quot;featureType\\\\\\&quot;: \\\\\\&quot;transit\\\\\\&quot;,\\\\\\&quot;elementType\\\\\\&quot;: \\\\\\&quot;all\\\\\\&quot;,\\\\\\&quot;stylers\\\\\\&quot;: [{\\\\\\&quot;visibility\\\\\\&quot;: \\\\\\&quot;off\\\\\\&quot;}]},{\\\\\\&quot;featureType\\\\\\&quot;: \\\\\\&quot;water\\\\\\&quot;,\\\\\\&quot;elementType\\\\\\&quot;: \\\\\\&quot;all\\\\\\&quot;,\\\\\\&quot;stylers\\\\\\&quot;: [{\\\\\\&quot;color\\\\\\&quot;: \\\\\\&quot;#46bcec\\\\\\&quot;},{\\\\\\&quot;visibility\\\\\\&quot;: \\\\\\&quot;on\\\\\\&quot;}]}]&quot;,&quot;wpgmza_theme_selection&quot;:1,&quot;upload_default_ul_marker&quot;:&quot;&quot;,&quot;upload_default_sl_marker&quot;:&quot;&quot;}}\" data-shortcode-attributes=\"{&quot;id&quot;:&quot;1&quot;}\"> <\/div>\r\n            \r\n            <div data-wpgmza-table data-wpgmza-php-class=\"WPGMZA\\MarkerListing\\BasicList\" data-wpgmza-rest-api-route=\"\/marker-listing\/\" data-wpgmza-marker-listing=\"true\" class=\"wpgmza_marker_list_class\" style=\"width:100%;\" data-wpgmza-ajax-parameters=\"{&quot;map_id&quot;:&quot;1&quot;}\" id=\"wpgmza_marker_list_1\"><\/div>   \r\n        <div style=\"display:block; width:100%;\">\r\n\t\t\t\t\r\n\t\t\t\t\r\n\t\t\t<div id=\"wpgmaps_directions_edit_1\" style=\"display:none; width:100%; clear:both;\" class=\"wpgmaps_directions_outer_div\">\r\n\t\t\t\t<h2>Get Directions<\/h2>\r\n\t\t\t\t<div data-map-id=\"1\" id=\"wpgmaps_directions_editbox_1\">\r\n\t\t\t\r\n\t\t  \r\n\t\t   \r\n\t\t\t\t\t<div class=\"wpgmza-form-field\">\r\n\t\t\t\r\n\t\t   \t\t\t\t<label for=\"wpgmza_dir_type_1\" class=\"wpgmza-form-field__label\">For<\/label>\r\n                        <select class=\"wpgmza-form-field__input\" id=\"wpgmza_dir_type_1\" name=\"wpgmza_dir_type_1\">\r\n                            <option value=\"DRIVING\" selected=\"selected\">Driving<\/option>\r\n                            <option value=\"WALKING\">Walking<\/option>\r\n                            <option value=\"TRANSIT\">Transit<\/option>\r\n                            <option value=\"BICYCLING\">Bicycling<\/option>\r\n                        <\/select>\r\n                        \r\n                        &nbsp;\r\n                        <a href=\"javascript:void(0);\" mapid=\"1\" id=\"wpgmza_show_options_1\" onclick=\"wpgmza_show_options(1);\" style=\"font-size:10px;\">show options<\/a>\r\n                        <a href=\"javascript:void(0);\" mapid=\"1\" id=\"wpgmza_hide_options_1\" onclick=\"wpgmza_hide_options(1);\" style=\"font-size:10px; display:none;\">hide options<\/a>\r\n                        <div class=\"wpgmza-form-field wpgmza-form-field--no-pad wpgmza_dir_options\" style=\"display:none;\" id=\"wpgmza_options_box_1\">\r\n                            <label for=\"wpgmza_tolls_1\" class=\"wpgmza-form-field__label\"><input type=\"checkbox\" id=\"wpgmza_tolls_1\" name=\"wpgmza_tolls_1\" value=\"tolls\" \/> Avoid Tolls<\/label>\r\n                            <label for=\"wpgmza_highways_1\" class=\"wpgmza-form-field__label\"><input type=\"checkbox\" id=\"wpgmza_highways_1\" name=\"wpgmza_highways_1\" value=\"highways\" \/> Avoid Highways<\/label>\r\n                            <label for=\"wpgmza_ferries_1\" class=\"wpgmza-form-field__label\"><input type=\"checkbox\" id=\"wpgmza_ferries_1\" name=\"wpgmza_ferries_1\" value=\"ferries\" \/> Avoid Ferries<\/label>\r\n                        <\/div>\r\n                    <\/div>\r\n\t\t\t\t\t<div class=\"wpgmza-form-field\">\r\n\t\t\t\t\t\t\t\t   \r\n\t\t\t\t\t\t\t\t\t\r\n\t\t\t\t\t\t\t\t\t\t\t\t\t\t\t\t\t\t\t\t\t\t\t\t\t\t   \r\n\t\t\t\r\n\t\t\t\t\t\t<label for=\"wpgmza_input_from_1\" class=\"wpgmza-form-field__label\">From<\/label>\r\n                        <input class=\"wpgmza-form-field__input wpgmza-directions-from\" type=\"text\" value=\"\" id=\"wpgmza_input_from_1\" placeholder='From' style='width:80%' \/> \r\n                        \r\n                    <\/div>\r\n                    <div class='wpgmza-form-field wpgmza-form-field--no-pad wpgmaps_via wpgmaps_template'>\r\n\t\t\t\t\r\n\t\t\t\t\t   \r\n                        <input type='text' class='wpgmza-form-field__input wpgmaps_via' placeholder='Via'\/>\r\n                        <a href='javascript: ;' class='wpgmaps_remove_via'>\r\n                            Remove\r\n                        <\/a>\r\n                    <\/div>\r\n\t\t   \r\n                    <div class='wpgmza-form-field wpgmza-form-field--no-pad wpgmaps_add_waypoint'>\r\n\t\t\t\t\r\n                        <div class='wpgmaps_add_waypoint'>\r\n                            <a href='javascript: ;' class='wpgmaps_add_waypoint'>\r\n                                <i class='fa fa-plus-circle' aria-hidden='true'><\/i>\r\n                                Add Waypoint\r\n                            <\/a>\r\n                        <\/div>\r\n                    <\/div>\r\n\t\t   \r\n                    <div class='wpgmza-form-field wpgmaps_to_row'>\r\n\t\t\t\t\t\t<label for=\"wpgmza_input_to_1\" class=\"wpgmza-form-field__label\">To<\/label>\r\n                        <input class=\"wpgmza-form-field__input wpgmza-directions-to\" type=\"text\" value=\"\" id=\"wpgmza_input_to_1\" placeholder='To' style='width:80%' \/> \r\n                        \r\n                    <\/div>\r\n                    \r\n                    <div class='wpgmza-form-field wpgmaps_to_row'>\r\n\t\t   \r\n\t\t\t\r\n\t\t   \r\n                        <input onclick=\"javascript:void(0);\" class=\"wpgmaps_get_directions \" id=\"1\" type=\"button\" value=\"Go\"\/>\r\n                    <\/div>\r\n\t\t   \r\n\t\t\t\t\t<\/div>\r\n\t\t\t\t<\/div>\r\n\r\n\t    \r\n\t\t\t\t\r\n\t\t\t\t<div id=\"wpgmaps_directions_notification_1\" style=\"display:none;\">Recherche des itin\u00e9raires\u2026...<\/div>\r\n\t\t\t\t\r\n\t\t\t\t<div id=\"wpgmaps_directions_reset_1\" style=\"display:none;\">\r\n\t\t\t\t\t<a href='javascript:void(0)' onclick='wpgmza_reset_directions(1);' id='wpgmaps_reset_directions' title='Reset directions'>Reset directions<\/a>\r\n\t\t\t\t\t<br \/>\r\n\t\t\t\t\t<a href='javascript: ;' id='wpgmaps_print_directions_1' target='_blank' title='Print directions'>Print directions<\/a>\r\n\t\t\t\t<\/div>\r\n\t\t\t\t\r\n\t\t\t\t<div id=\"directions_panel_1\"><\/div>\r\n\r\n\t\t\t<\/div>","protected":false},"excerpt":{"rendered":"La disponibilit\u00e9 de l\u2019entrep\u00f4t entier Ad.Aq. \u00e0 deux pas de chez vous. Recherchez notre partenaire commercial le plus proche de chez vous et dites-lui que vous venez de notre site. Produits de qualit\u00e9\u00a0; service\u00a0; entrep\u00f4t avec plus de 600\u00a0types de filets toujours disponibles\u00a0; vitesse d\u2019approvisionnement. La longue exp\u00e9rience d\u2019Ad.Aq. dans le domaine de l\u2019aquaculture, des [&hellip;]","protected":false},"author":1,"featured_media":4588,"parent":4587,"menu_order":0,"comment_status":"closed","ping_status":"closed","template":"page_adaq_uikit.php","meta":{"_acf_changed":false,"footnotes":""},"acf":[],"yoast_head":"<!-- This site is optimized with the Yoast SEO plugin v23.5 - https:\/\/yoast.com\/wordpress\/plugins\/seo\/ -->\n<title>Recherchez notre partenaire commercial pr\u00e8s de chez vous | Adaq Srl<\/title>\n<meta name=\"description\" content=\"La disponibilit\u00e9 de l&#039;ensemble de l&#039;entrep\u00f4t Ad.Aq. \u00e0 deux pas de vous. Recherchez notre partenaire commercial le plus proche.\" \/>\n<meta name=\"robots\" content=\"index, follow, max-snippet:-1, max-image-preview:large, max-video-preview:-1\" \/>\n<link rel=\"canonical\" href=\"https:\/\/www.adaq.it\/fr\/peche-professionnelle\/trouver\/\" \/>\n<meta property=\"og:locale\" content=\"fr_FR\" \/>\n<meta property=\"og:type\" content=\"article\" \/>\n<meta property=\"og:title\" content=\"Recherchez notre partenaire commercial pr\u00e8s de chez vous | Adaq Srl\" \/>\n<meta property=\"og:description\" content=\"La disponibilit\u00e9 de l&#039;ensemble de l&#039;entrep\u00f4t Ad.Aq. \u00e0 deux pas de vous. Recherchez notre partenaire commercial le plus proche.\" \/>\n<meta property=\"og:url\" content=\"https:\/\/www.adaq.it\/fr\/peche-professionnelle\/trouver\/\" \/>\n<meta property=\"og:site_name\" content=\"Adaq Srl\" \/>\n<meta property=\"article:modified_time\" content=\"2020-04-20T17:21:39+00:00\" \/>\n<meta property=\"og:image\" content=\"https:\/\/www.adaq.it\/wp-content\/uploads\/reti-header_1.jpg\" \/>\n\t<meta property=\"og:image:width\" content=\"2048\" \/>\n\t<meta property=\"og:image:height\" content=\"1365\" \/>\n\t<meta property=\"og:image:type\" content=\"image\/jpeg\" \/>\n<meta name=\"twitter:card\" content=\"summary_large_image\" \/>\n<script type=\"application\/ld+json\" class=\"yoast-schema-graph\">{\"@context\":\"https:\/\/schema.org\",\"@graph\":[{\"@type\":\"WebPage\",\"@id\":\"https:\/\/www.adaq.it\/fr\/peche-professionnelle\/trouver\/\",\"url\":\"https:\/\/www.adaq.it\/fr\/peche-professionnelle\/trouver\/\",\"name\":\"Recherchez notre partenaire commercial pr\u00e8s de chez vous | Adaq Srl\",\"isPartOf\":{\"@id\":\"http:\/\/www.adaq.it\/fr\/#website\"},\"primaryImageOfPage\":{\"@id\":\"https:\/\/www.adaq.it\/fr\/peche-professionnelle\/trouver\/#primaryimage\"},\"image\":{\"@id\":\"https:\/\/www.adaq.it\/fr\/peche-professionnelle\/trouver\/#primaryimage\"},\"thumbnailUrl\":\"https:\/\/www.adaq.it\/wp-content\/uploads\/reti-header_1.jpg\",\"datePublished\":\"2018-03-01T10:06:25+00:00\",\"dateModified\":\"2020-04-20T17:21:39+00:00\",\"description\":\"La disponibilit\u00e9 de l'ensemble de l'entrep\u00f4t Ad.Aq. \u00e0 deux pas de vous. Recherchez notre partenaire commercial le plus proche.\",\"breadcrumb\":{\"@id\":\"https:\/\/www.adaq.it\/fr\/peche-professionnelle\/trouver\/#breadcrumb\"},\"inLanguage\":\"fr-FR\",\"potentialAction\":[{\"@type\":\"ReadAction\",\"target\":[\"https:\/\/www.adaq.it\/fr\/peche-professionnelle\/trouver\/\"]}]},{\"@type\":\"ImageObject\",\"inLanguage\":\"fr-FR\",\"@id\":\"https:\/\/www.adaq.it\/fr\/peche-professionnelle\/trouver\/#primaryimage\",\"url\":\"https:\/\/www.adaq.it\/wp-content\/uploads\/reti-header_1.jpg\",\"contentUrl\":\"https:\/\/www.adaq.it\/wp-content\/uploads\/reti-header_1.jpg\",\"width\":2048,\"height\":1365},{\"@type\":\"BreadcrumbList\",\"@id\":\"https:\/\/www.adaq.it\/fr\/peche-professionnelle\/trouver\/#breadcrumb\",\"itemListElement\":[{\"@type\":\"ListItem\",\"position\":1,\"name\":\"Home\",\"item\":\"http:\/\/www.adaq.it\/fr\/\"},{\"@type\":\"ListItem\",\"position\":2,\"name\":\"P\u00eache professionnelle\",\"item\":\"https:\/\/www.adaq.it\/fr\/peche-professionnelle\/\"},{\"@type\":\"ListItem\",\"position\":3,\"name\":\"O\u00f9 nous trouver\"}]},{\"@type\":\"WebSite\",\"@id\":\"http:\/\/www.adaq.it\/fr\/#website\",\"url\":\"http:\/\/www.adaq.it\/fr\/\",\"name\":\"Adaq Srl\",\"description\":\"Advanced Aquaculture\",\"publisher\":{\"@id\":\"http:\/\/www.adaq.it\/fr\/#organization\"},\"potentialAction\":[{\"@type\":\"SearchAction\",\"target\":{\"@type\":\"EntryPoint\",\"urlTemplate\":\"http:\/\/www.adaq.it\/fr\/?s={search_term_string}\"},\"query-input\":{\"@type\":\"PropertyValueSpecification\",\"valueRequired\":true,\"valueName\":\"search_term_string\"}}],\"inLanguage\":\"fr-FR\"},{\"@type\":\"Organization\",\"@id\":\"http:\/\/www.adaq.it\/fr\/#organization\",\"name\":\"Adaq Srl\",\"url\":\"http:\/\/www.adaq.it\/fr\/\",\"logo\":{\"@type\":\"ImageObject\",\"inLanguage\":\"fr-FR\",\"@id\":\"http:\/\/www.adaq.it\/fr\/#\/schema\/logo\/image\/\",\"url\":\"http:\/\/www.adaq.it\/wp-content\/uploads\/logo-adaq-100.png\",\"contentUrl\":\"http:\/\/www.adaq.it\/wp-content\/uploads\/logo-adaq-100.png\",\"width\":\"104\",\"height\":\"104\",\"caption\":\"Adaq Srl\"},\"image\":{\"@id\":\"http:\/\/www.adaq.it\/fr\/#\/schema\/logo\/image\/\"}}]}<\/script>\n<!-- \/ Yoast SEO plugin. -->","yoast_head_json":{"title":"Recherchez notre partenaire commercial pr\u00e8s de chez vous | Adaq Srl","description":"La disponibilit\u00e9 de l'ensemble de l'entrep\u00f4t Ad.Aq. \u00e0 deux pas de vous. Recherchez notre partenaire commercial le plus proche.","robots":{"index":"index","follow":"follow","max-snippet":"max-snippet:-1","max-image-preview":"max-image-preview:large","max-video-preview":"max-video-preview:-1"},"canonical":"https:\/\/www.adaq.it\/fr\/peche-professionnelle\/trouver\/","og_locale":"fr_FR","og_type":"article","og_title":"Recherchez notre partenaire commercial pr\u00e8s de chez vous | Adaq Srl","og_description":"La disponibilit\u00e9 de l'ensemble de l'entrep\u00f4t Ad.Aq. \u00e0 deux pas de vous. Recherchez notre partenaire commercial le plus proche.","og_url":"https:\/\/www.adaq.it\/fr\/peche-professionnelle\/trouver\/","og_site_name":"Adaq Srl","article_modified_time":"2020-04-20T17:21:39+00:00","og_image":[{"width":2048,"height":1365,"url":"https:\/\/www.adaq.it\/wp-content\/uploads\/reti-header_1.jpg","type":"image\/jpeg"}],"twitter_card":"summary_large_image","schema":{"@context":"https:\/\/schema.org","@graph":[{"@type":"WebPage","@id":"https:\/\/www.adaq.it\/fr\/peche-professionnelle\/trouver\/","url":"https:\/\/www.adaq.it\/fr\/peche-professionnelle\/trouver\/","name":"Recherchez notre partenaire commercial pr\u00e8s de chez vous | Adaq Srl","isPartOf":{"@id":"http:\/\/www.adaq.it\/fr\/#website"},"primaryImageOfPage":{"@id":"https:\/\/www.adaq.it\/fr\/peche-professionnelle\/trouver\/#primaryimage"},"image":{"@id":"https:\/\/www.adaq.it\/fr\/peche-professionnelle\/trouver\/#primaryimage"},"thumbnailUrl":"https:\/\/www.adaq.it\/wp-content\/uploads\/reti-header_1.jpg","datePublished":"2018-03-01T10:06:25+00:00","dateModified":"2020-04-20T17:21:39+00:00","description":"La disponibilit\u00e9 de l'ensemble de l'entrep\u00f4t Ad.Aq. \u00e0 deux pas de vous. Recherchez notre partenaire commercial le plus proche.","breadcrumb":{"@id":"https:\/\/www.adaq.it\/fr\/peche-professionnelle\/trouver\/#breadcrumb"},"inLanguage":"fr-FR","potentialAction":[{"@type":"ReadAction","target":["https:\/\/www.adaq.it\/fr\/peche-professionnelle\/trouver\/"]}]},{"@type":"ImageObject","inLanguage":"fr-FR","@id":"https:\/\/www.adaq.it\/fr\/peche-professionnelle\/trouver\/#primaryimage","url":"https:\/\/www.adaq.it\/wp-content\/uploads\/reti-header_1.jpg","contentUrl":"https:\/\/www.adaq.it\/wp-content\/uploads\/reti-header_1.jpg","width":2048,"height":1365},{"@type":"BreadcrumbList","@id":"https:\/\/www.adaq.it\/fr\/peche-professionnelle\/trouver\/#breadcrumb","itemListElement":[{"@type":"ListItem","position":1,"name":"Home","item":"http:\/\/www.adaq.it\/fr\/"},{"@type":"ListItem","position":2,"name":"P\u00eache professionnelle","item":"https:\/\/www.adaq.it\/fr\/peche-professionnelle\/"},{"@type":"ListItem","position":3,"name":"O\u00f9 nous trouver"}]},{"@type":"WebSite","@id":"http:\/\/www.adaq.it\/fr\/#website","url":"http:\/\/www.adaq.it\/fr\/","name":"Adaq Srl","description":"Advanced Aquaculture","publisher":{"@id":"http:\/\/www.adaq.it\/fr\/#organization"},"potentialAction":[{"@type":"SearchAction","target":{"@type":"EntryPoint","urlTemplate":"http:\/\/www.adaq.it\/fr\/?s={search_term_string}"},"query-input":{"@type":"PropertyValueSpecification","valueRequired":true,"valueName":"search_term_string"}}],"inLanguage":"fr-FR"},{"@type":"Organization","@id":"http:\/\/www.adaq.it\/fr\/#organization","name":"Adaq Srl","url":"http:\/\/www.adaq.it\/fr\/","logo":{"@type":"ImageObject","inLanguage":"fr-FR","@id":"http:\/\/www.adaq.it\/fr\/#\/schema\/logo\/image\/","url":"http:\/\/www.adaq.it\/wp-content\/uploads\/logo-adaq-100.png","contentUrl":"http:\/\/www.adaq.it\/wp-content\/uploads\/logo-adaq-100.png","width":"104","height":"104","caption":"Adaq Srl"},"image":{"@id":"http:\/\/www.adaq.it\/fr\/#\/schema\/logo\/image\/"}}]}},"_links":{"self":[{"href":"https:\/\/www.adaq.it\/fr\/wp-json\/wp\/v2\/pages\/4608"}],"collection":[{"href":"https:\/\/www.adaq.it\/fr\/wp-json\/wp\/v2\/pages"}],"about":[{"href":"https:\/\/www.adaq.it\/fr\/wp-json\/wp\/v2\/types\/page"}],"author":[{"embeddable":true,"href":"https:\/\/www.adaq.it\/fr\/wp-json\/wp\/v2\/users\/1"}],"replies":[{"embeddable":true,"href":"https:\/\/www.adaq.it\/fr\/wp-json\/wp\/v2\/comments?post=4608"}],"version-history":[{"count":1,"href":"https:\/\/www.adaq.it\/fr\/wp-json\/wp\/v2\/pages\/4608\/revisions"}],"predecessor-version":[{"id":4609,"href":"https:\/\/www.adaq.it\/fr\/wp-json\/wp\/v2\/pages\/4608\/revisions\/4609"}],"up":[{"embeddable":true,"href":"https:\/\/www.adaq.it\/fr\/wp-json\/wp\/v2\/pages\/4587"}],"wp:featuredmedia":[{"embeddable":true,"href":"https:\/\/www.adaq.it\/fr\/wp-json\/wp\/v2\/media\/4588"}],"wp:attachment":[{"href":"https:\/\/www.adaq.it\/fr\/wp-json\/wp\/v2\/media?parent=4608"}],"curies":[{"name":"wp","href":"https:\/\/api.w.org\/{rel}","templated":true}]}}