{"id":4611,"date":"2018-02-09T17:32:17","date_gmt":"2018-02-09T16:32:17","guid":{"rendered":"http:\/\/www.adaq.it\/cantiere-nautico\/"},"modified":"2020-04-20T19:15:29","modified_gmt":"2020-04-20T17:15:29","slug":"chantier-naval","status":"publish","type":"page","link":"https:\/\/www.adaq.it\/fr\/chantier-naval\/","title":{"rendered":"Chantier naval"},"content":{"rendered":"<section class=\"p-80 pb-105 wow fadeIn\" data-wow-delay=\"0.5s\" style=\"visibility: visible; animation-delay: 0.5s; animation-name: fadeIn;\">\r\n          <div class=\"container\">\r\n            <div class=\"row\">\r\n              <div class=\"col-lg-8 offset-lg-2 col-md-10 offset-md-1\">\r\n                <div class=\"pt-30 description\">ILe chantier naval Ad.Aq. est n\u00e9 il y a environ 10\u00a0ans de l\u2019id\u00e9e de concevoir et de construire des bateaux de service capables de durer dans le temps et de r\u00e9pondre aux besoins des clients qui souhaitent tirer le meilleur parti de leurs \u00e9quipements de travail.<br>\r\n\t\t\t\tNotre gamme comprend des bateaux insubmersibles, enti\u00e8rement construit par des travailleurs sp\u00e9cialis\u00e9s dans le traitement du PEHD. Nous vous proposons le mod\u00e8le <strong>Feeder 3<\/strong>, le <strong>Mitilaq 33<\/strong>, le bateau de <strong>Service 7.5<\/strong>, et enfin le catamaran <strong>Alucat 17<\/strong>.<br>\r\n\t\t\t\tVenez les d\u00e9couvrir tous.\r\n<\/div>\r\n                <div class=\"bar\"><\/div>\r\n                <div class=\"pt-30 description\">Les bateaux de la ligne \u00ab\u00a0Feeder\u00a0\u00bb, avec une ou deux soutes d\u2019une capacit\u00e9 maximale de 8\u00a0tonnes (au total), sont \u00e9quip\u00e9s d\u2019un souffleur automatique et peuvent nourrir les poissons en gagnant du temps et du personnel.<br>\r\nLes bateaux <strong>Multi-Service<\/strong> de 5,7\u00a0m (7\u00a0m au total) avec motorisations int\u00e9rieures et ext\u00e9rieures sont con\u00e7us pour fournir de la vitesse et de larges zones de chargement. Ils sont extr\u00eamement polyvalents\u00a0: en fonction de la configuration, ils sont con\u00e7us pour la p\u00eache professionnelle ou comme bateaux de travail pour atteindre rapidement les installations d\u2019aquaculture.<br>\r\nEnfin, les bateaux <strong>Mitilaq<\/strong> sont con\u00e7us pour la mytiliculture\u00a0: ils offrent une grande surface de travail et peuvent stocker jusqu\u2019\u00e0 4\u00a0tonnes de moules lav\u00e9es et transform\u00e9es pr\u00eates \u00e0 la vente.<br>\r\nEnfin, le catamaran <strong>Alucat 17<\/strong> a \u00e9t\u00e9 sp\u00e9cialement con\u00e7u pour faciliter les op\u00e9rations de changement de filet, de p\u00eache et installation d&rsquo;amarres et cages. Comme c&rsquo;est un bateau sp\u00e9cifique pour l&rsquo;aquaculture, il est \u00e9quip\u00e9 de les plus efficaces et les plus modernes syst\u00e8mes de levage, de remorquage et de stockage. \r\n\r\n<\/div>\r\n             <\/div>\r\n            <\/div>\r\n          <\/div>\r\n        <\/section>\r\n\r\n<section class=\"feature-area p-80 wow fadeIn\" data-wow-delay=\"0.5s\" style=\"visibility: visible; animation-delay: 0.5s; animation-name: fadeIn;\">\r\n            <div class=\"container\">\r\n                <div class=\"uk-child-width-1-1@s uk-child-width-1-2@m uk-grid-match uk-grid\">\r\n                    <div class=\"pt-30 uk-transition-toggle\">\r\n                      <div class=\"uk-transition-scale-up uk-card uk-card-default\">\r\n                        <a href=\"Feeder-33\/\" class=\"no-underline\">\r\n                       <div class=\"uk-card-media-top image-link cover-bottom\" style=\"background-image:url(..\/..\/wp-content\/uploads\/barca-link.jpg)\">\r\n                        <\/div>\r\n                         <div class=\"uk-card-body\">\r\n                           <h3 class=\"uk-card-title\">Feeder<\/h3>\r\n\t\t\t\t\t\t\t <p>\r\n\t\t\t\t\t\t\t\tAd.Aq. \u00ab\u00a0Feeder 33\u00a0\u00bb 100\u00a0% FULL PEHD. La solution la plus pratique pour nourrir les poissons de votre installation.\r\n\t\t\t\t\t\t\t <\/p>\r\n                         <\/div>\r\n                          <\/a>\r\n                      <\/div>\r\n                    <\/div>\r\n\t\t\t\t\t<div class=\"pt-30 uk-transition-toggle\">\r\n                      <div class=\"uk-transition-scale-up uk-card uk-card-default\">\r\n                        <a href=\"Mitilaq-33\/\" class=\"no-underline\">\r\n                       <div class=\"uk-card-media-top  image-link\" style=\"background-image:url(..\/..\/wp-content\/uploads\/barche-mitili-link.jpg)\">\r\n                        <\/div>\r\n                         <div class=\"uk-card-body\">\r\n                           <h3 class=\"uk-card-title\">Mitilaq<\/h3>\r\n\t\t\t\t\t\t\t <p>\r\n\t\t\t\t\t\t\t\tAd.Aq. \u00ab\u00a0Mitilaq 33\u00a0\u00bb 100\u00a0% FULL PEHD. Collectez, nettoyez et emballez votre production de moules directement \u00e0 bord.\r\n\t\t\t\t\t\t\t <\/p>\r\n                         <\/div>\r\n                          <\/a>\r\n                      <\/div>\r\n                    <\/div>\r\n\t\t\t\t\t<div class=\"pt-30 uk-transition-toggle\">\r\n                      <div class=\"uk-transition-scale-up uk-card uk-card-default\">\r\n                        <a href=\"service-boat\/\" class=\"no-underline\">\r\n                       <div class=\"uk-card-media-top  image-link\" style=\"background-image:url(..\/..\/wp-content\/uploads\/barche-altri-link-1.jpg); background-position: center;\">\r\n                        <\/div>\r\n                         <div class=\"uk-card-body\">\r\n                           <h3 class=\"uk-card-title\">Service Boat<\/h3>\r\n\t\t\t\t\t\t\t <p>\r\n\t\t\t\t\t\t\t\t Ad.Aq. \u00ab\u00a0Service Boat\u00a024.5\u00a0\u00bb 100\u00a0% FULL PEHD. Bateau multiservices avec diff\u00e9rentes configurations possibles.\r\n\t\t\t\t\t\t\t <\/p>\r\n                         <\/div>\r\n                          <\/a>\r\n                      <\/div>\r\n                    <\/div>\r\n\t\t\t\t\t\t<div class=\"pt-30 uk-transition-toggle\">\r\n                      <div class=\"uk-transition-scale-up uk-card uk-card-default\">\r\n                        <a href=\"alucat-17\/\" class=\"no-underline\">\r\n                       <div class=\"uk-card-media-top  image-link\" style=\"background-image:url(..\/..\/wp-content\/uploads\/alucat-altri-link.jpg)\">\r\n                        <\/div>\r\n                         <div class=\"uk-card-body\">\r\n                           <h3 class=\"uk-card-title\">Alucat 17<\/h3>\r\n\t\t\t\t\t\t\t <p>\r\n\t\t\t\t\t\t\t\t Ad.Aq. \u201cAlucat 17\u201d. Catamaran en aluminium marin sp\u00e9cialement con\u00e7u pour l&rsquo;aquaculture.\r\n\t\t\t\t\t\t\t <\/p>\r\n                         <\/div>\r\n                          <\/a>\r\n                      <\/div>\r\n                    <\/div>\r\n\t\t\t\t<\/div>\r\n\t<\/div>\r\n<\/section>","protected":false},"excerpt":{"rendered":"ILe chantier naval Ad.Aq. est n\u00e9 il y a environ 10\u00a0ans de l\u2019id\u00e9e de concevoir et de construire des bateaux de service capables de durer dans le temps et de r\u00e9pondre aux besoins des clients qui souhaitent tirer le meilleur parti de leurs \u00e9quipements de travail. Notre gamme comprend des bateaux insubmersibles, enti\u00e8rement construit par [&hellip;]","protected":false},"author":1,"featured_media":4612,"parent":0,"menu_order":0,"comment_status":"closed","ping_status":"closed","template":"page_adaq_top.php","meta":{"_acf_changed":false,"footnotes":""},"acf":[],"yoast_head":"<!-- This site is optimized with the Yoast SEO plugin v23.5 - https:\/\/yoast.com\/wordpress\/plugins\/seo\/ -->\n<title>Chantier naval | Conception et construction de bateaux Adaq Srl<\/title>\n<meta name=\"description\" content=\"Le chantier naval Ad.Aq. il est n\u00e9 il y a une dizaine d&#039;ann\u00e9es de l&#039;id\u00e9e de concevoir et de construire des bateaux de service capables de durer dans le temps.\" \/>\n<meta name=\"robots\" content=\"index, follow, max-snippet:-1, max-image-preview:large, max-video-preview:-1\" \/>\n<link rel=\"canonical\" href=\"https:\/\/www.adaq.it\/fr\/chantier-naval\/\" \/>\n<meta property=\"og:locale\" content=\"fr_FR\" \/>\n<meta property=\"og:type\" content=\"article\" \/>\n<meta property=\"og:title\" content=\"Chantier naval | Conception et construction de bateaux Adaq Srl\" \/>\n<meta property=\"og:description\" content=\"Le chantier naval Ad.Aq. il est n\u00e9 il y a une dizaine d&#039;ann\u00e9es de l&#039;id\u00e9e de concevoir et de construire des bateaux de service capables de durer dans le temps.\" \/>\n<meta property=\"og:url\" content=\"https:\/\/www.adaq.it\/fr\/chantier-naval\/\" \/>\n<meta property=\"og:site_name\" content=\"Adaq Srl\" \/>\n<meta property=\"article:modified_time\" content=\"2020-04-20T17:15:29+00:00\" \/>\n<meta property=\"og:image\" content=\"http:\/\/www.adaq.it\/wp-content\/uploads\/barche-header.jpg\" \/>\n\t<meta property=\"og:image:width\" content=\"2048\" \/>\n\t<meta property=\"og:image:height\" content=\"1360\" \/>\n\t<meta property=\"og:image:type\" content=\"image\/jpeg\" \/>\n<meta name=\"twitter:card\" content=\"summary_large_image\" \/>\n<meta name=\"twitter:label1\" content=\"Dur\u00e9e de lecture estim\u00e9e\" \/>\n\t<meta name=\"twitter:data1\" content=\"2 minutes\" \/>\n<script type=\"application\/ld+json\" class=\"yoast-schema-graph\">{\"@context\":\"https:\/\/schema.org\",\"@graph\":[{\"@type\":\"WebPage\",\"@id\":\"https:\/\/www.adaq.it\/fr\/chantier-naval\/\",\"url\":\"https:\/\/www.adaq.it\/fr\/chantier-naval\/\",\"name\":\"Chantier naval | Conception et construction de bateaux Adaq Srl\",\"isPartOf\":{\"@id\":\"http:\/\/www.adaq.it\/fr\/#website\"},\"primaryImageOfPage\":{\"@id\":\"https:\/\/www.adaq.it\/fr\/chantier-naval\/#primaryimage\"},\"image\":{\"@id\":\"https:\/\/www.adaq.it\/fr\/chantier-naval\/#primaryimage\"},\"thumbnailUrl\":\"https:\/\/www.adaq.it\/wp-content\/uploads\/barche-header.jpg\",\"datePublished\":\"2018-02-09T16:32:17+00:00\",\"dateModified\":\"2020-04-20T17:15:29+00:00\",\"description\":\"Le chantier naval Ad.Aq. il est n\u00e9 il y a une dizaine d'ann\u00e9es de l'id\u00e9e de concevoir et de construire des bateaux de service capables de durer dans le temps.\",\"breadcrumb\":{\"@id\":\"https:\/\/www.adaq.it\/fr\/chantier-naval\/#breadcrumb\"},\"inLanguage\":\"fr-FR\",\"potentialAction\":[{\"@type\":\"ReadAction\",\"target\":[\"https:\/\/www.adaq.it\/fr\/chantier-naval\/\"]}]},{\"@type\":\"ImageObject\",\"inLanguage\":\"fr-FR\",\"@id\":\"https:\/\/www.adaq.it\/fr\/chantier-naval\/#primaryimage\",\"url\":\"https:\/\/www.adaq.it\/wp-content\/uploads\/barche-header.jpg\",\"contentUrl\":\"https:\/\/www.adaq.it\/wp-content\/uploads\/barche-header.jpg\",\"width\":2048,\"height\":1360},{\"@type\":\"BreadcrumbList\",\"@id\":\"https:\/\/www.adaq.it\/fr\/chantier-naval\/#breadcrumb\",\"itemListElement\":[{\"@type\":\"ListItem\",\"position\":1,\"name\":\"Home\",\"item\":\"http:\/\/www.adaq.it\/fr\/\"},{\"@type\":\"ListItem\",\"position\":2,\"name\":\"Chantier naval\"}]},{\"@type\":\"WebSite\",\"@id\":\"http:\/\/www.adaq.it\/fr\/#website\",\"url\":\"http:\/\/www.adaq.it\/fr\/\",\"name\":\"Adaq Srl\",\"description\":\"Advanced Aquaculture\",\"publisher\":{\"@id\":\"http:\/\/www.adaq.it\/fr\/#organization\"},\"potentialAction\":[{\"@type\":\"SearchAction\",\"target\":{\"@type\":\"EntryPoint\",\"urlTemplate\":\"http:\/\/www.adaq.it\/fr\/?s={search_term_string}\"},\"query-input\":{\"@type\":\"PropertyValueSpecification\",\"valueRequired\":true,\"valueName\":\"search_term_string\"}}],\"inLanguage\":\"fr-FR\"},{\"@type\":\"Organization\",\"@id\":\"http:\/\/www.adaq.it\/fr\/#organization\",\"name\":\"Adaq Srl\",\"url\":\"http:\/\/www.adaq.it\/fr\/\",\"logo\":{\"@type\":\"ImageObject\",\"inLanguage\":\"fr-FR\",\"@id\":\"http:\/\/www.adaq.it\/fr\/#\/schema\/logo\/image\/\",\"url\":\"http:\/\/www.adaq.it\/wp-content\/uploads\/logo-adaq-100.png\",\"contentUrl\":\"http:\/\/www.adaq.it\/wp-content\/uploads\/logo-adaq-100.png\",\"width\":\"104\",\"height\":\"104\",\"caption\":\"Adaq Srl\"},\"image\":{\"@id\":\"http:\/\/www.adaq.it\/fr\/#\/schema\/logo\/image\/\"}}]}<\/script>\n<!-- \/ Yoast SEO plugin. -->","yoast_head_json":{"title":"Chantier naval | Conception et construction de bateaux Adaq Srl","description":"Le chantier naval Ad.Aq. il est n\u00e9 il y a une dizaine d'ann\u00e9es de l'id\u00e9e de concevoir et de construire des bateaux de service capables de durer dans le temps.","robots":{"index":"index","follow":"follow","max-snippet":"max-snippet:-1","max-image-preview":"max-image-preview:large","max-video-preview":"max-video-preview:-1"},"canonical":"https:\/\/www.adaq.it\/fr\/chantier-naval\/","og_locale":"fr_FR","og_type":"article","og_title":"Chantier naval | Conception et construction de bateaux Adaq Srl","og_description":"Le chantier naval Ad.Aq. il est n\u00e9 il y a une dizaine d'ann\u00e9es de l'id\u00e9e de concevoir et de construire des bateaux de service capables de durer dans le temps.","og_url":"https:\/\/www.adaq.it\/fr\/chantier-naval\/","og_site_name":"Adaq Srl","article_modified_time":"2020-04-20T17:15:29+00:00","og_image":[{"width":2048,"height":1360,"url":"http:\/\/www.adaq.it\/wp-content\/uploads\/barche-header.jpg","type":"image\/jpeg"}],"twitter_card":"summary_large_image","twitter_misc":{"Dur\u00e9e de lecture estim\u00e9e":"2 minutes"},"schema":{"@context":"https:\/\/schema.org","@graph":[{"@type":"WebPage","@id":"https:\/\/www.adaq.it\/fr\/chantier-naval\/","url":"https:\/\/www.adaq.it\/fr\/chantier-naval\/","name":"Chantier naval | Conception et construction de bateaux Adaq Srl","isPartOf":{"@id":"http:\/\/www.adaq.it\/fr\/#website"},"primaryImageOfPage":{"@id":"https:\/\/www.adaq.it\/fr\/chantier-naval\/#primaryimage"},"image":{"@id":"https:\/\/www.adaq.it\/fr\/chantier-naval\/#primaryimage"},"thumbnailUrl":"https:\/\/www.adaq.it\/wp-content\/uploads\/barche-header.jpg","datePublished":"2018-02-09T16:32:17+00:00","dateModified":"2020-04-20T17:15:29+00:00","description":"Le chantier naval Ad.Aq. il est n\u00e9 il y a une dizaine d'ann\u00e9es de l'id\u00e9e de concevoir et de construire des bateaux de service capables de durer dans le temps.","breadcrumb":{"@id":"https:\/\/www.adaq.it\/fr\/chantier-naval\/#breadcrumb"},"inLanguage":"fr-FR","potentialAction":[{"@type":"ReadAction","target":["https:\/\/www.adaq.it\/fr\/chantier-naval\/"]}]},{"@type":"ImageObject","inLanguage":"fr-FR","@id":"https:\/\/www.adaq.it\/fr\/chantier-naval\/#primaryimage","url":"https:\/\/www.adaq.it\/wp-content\/uploads\/barche-header.jpg","contentUrl":"https:\/\/www.adaq.it\/wp-content\/uploads\/barche-header.jpg","width":2048,"height":1360},{"@type":"BreadcrumbList","@id":"https:\/\/www.adaq.it\/fr\/chantier-naval\/#breadcrumb","itemListElement":[{"@type":"ListItem","position":1,"name":"Home","item":"http:\/\/www.adaq.it\/fr\/"},{"@type":"ListItem","position":2,"name":"Chantier naval"}]},{"@type":"WebSite","@id":"http:\/\/www.adaq.it\/fr\/#website","url":"http:\/\/www.adaq.it\/fr\/","name":"Adaq Srl","description":"Advanced Aquaculture","publisher":{"@id":"http:\/\/www.adaq.it\/fr\/#organization"},"potentialAction":[{"@type":"SearchAction","target":{"@type":"EntryPoint","urlTemplate":"http:\/\/www.adaq.it\/fr\/?s={search_term_string}"},"query-input":{"@type":"PropertyValueSpecification","valueRequired":true,"valueName":"search_term_string"}}],"inLanguage":"fr-FR"},{"@type":"Organization","@id":"http:\/\/www.adaq.it\/fr\/#organization","name":"Adaq Srl","url":"http:\/\/www.adaq.it\/fr\/","logo":{"@type":"ImageObject","inLanguage":"fr-FR","@id":"http:\/\/www.adaq.it\/fr\/#\/schema\/logo\/image\/","url":"http:\/\/www.adaq.it\/wp-content\/uploads\/logo-adaq-100.png","contentUrl":"http:\/\/www.adaq.it\/wp-content\/uploads\/logo-adaq-100.png","width":"104","height":"104","caption":"Adaq Srl"},"image":{"@id":"http:\/\/www.adaq.it\/fr\/#\/schema\/logo\/image\/"}}]}},"_links":{"self":[{"href":"https:\/\/www.adaq.it\/fr\/wp-json\/wp\/v2\/pages\/4611"}],"collection":[{"href":"https:\/\/www.adaq.it\/fr\/wp-json\/wp\/v2\/pages"}],"about":[{"href":"https:\/\/www.adaq.it\/fr\/wp-json\/wp\/v2\/types\/page"}],"author":[{"embeddable":true,"href":"https:\/\/www.adaq.it\/fr\/wp-json\/wp\/v2\/users\/1"}],"replies":[{"embeddable":true,"href":"https:\/\/www.adaq.it\/fr\/wp-json\/wp\/v2\/comments?post=4611"}],"version-history":[{"count":11,"href":"https:\/\/www.adaq.it\/fr\/wp-json\/wp\/v2\/pages\/4611\/revisions"}],"predecessor-version":[{"id":4825,"href":"https:\/\/www.adaq.it\/fr\/wp-json\/wp\/v2\/pages\/4611\/revisions\/4825"}],"wp:featuredmedia":[{"embeddable":true,"href":"https:\/\/www.adaq.it\/fr\/wp-json\/wp\/v2\/media\/4612"}],"wp:attachment":[{"href":"https:\/\/www.adaq.it\/fr\/wp-json\/wp\/v2\/media?parent=4611"}],"curies":[{"name":"wp","href":"https:\/\/api.w.org\/{rel}","templated":true}]}}