{"id":4624,"date":"2018-02-27T16:56:45","date_gmt":"2018-02-27T15:56:45","guid":{"rendered":"http:\/\/www.adaq.it\/chantier-naval\/mitilaq-33\/"},"modified":"2020-04-20T19:17:22","modified_gmt":"2020-04-20T17:17:22","slug":"mitilaq-33","status":"publish","type":"page","link":"https:\/\/www.adaq.it\/fr\/chantier-naval\/mitilaq-33\/","title":{"rendered":"Mitilaq 33"},"content":{"rendered":"<section class=\"p-80 wow fadeIn\" data-wow-delay=\"0.5s\" style=\"visibility: visible; animation-delay: 0.5s; animation-name: fadeIn;\">\r\n          <div class=\"container\">\r\n            <div class=\"row\">\r\n              <div class=\"col-lg-8 col-md-10\">\r\n\t\t\t\t<h1>Mitilaq 33<\/h1>\r\n             <\/div>\r\n            <\/div>\r\n          <\/div>\r\n<\/section>\r\n<div class=\"portfolio-details-area pb-2\">\r\n      <div class=\"container\">\r\n          <div class=\"row\">\r\n              <div class=\"col-lg-8 col-md-8\">\r\n                <div uk-slideshow=\"animation: fade; autoplay: true\" class=\"uk-slideshow\">\r\n                    <div class=\"uk-position-relative uk-visible-toggle uk-light\">                \r\n                        <ul class=\"uk-slideshow-items\" style=\"height: 347px;\">\r\n                        <li class=\"\" style=\"\">\r\n                          <div class=\"p-details-img\">\r\n                              <img decoding=\"async\" src=\"..\/..\/..\/wp-content\/uploads\/barche-mitili-dettagli.jpg\" alt=\"\" style=\"max-width: 100%;\">\r\n                          <\/div>\r\n                        <\/li>\r\n                         <li class=\"uk-active uk-transition-active\" style=\"\">\r\n                          <div class=\"p-details-img\">\r\n                              <img decoding=\"async\" src=\"..\/..\/..\/wp-content\/uploads\/barche-mitili-dettagli2.jpg\" alt=\"\" style=\"max-width: 100%;\">\r\n                          <\/div>\r\n                        <\/li>\r\n                                                 <li>\r\n                          <div class=\"p-details-img\">\r\n                              <img decoding=\"async\" src=\"..\/..\/..\/wp-content\/uploads\/barche-mitili-dettagli3.jpg\" alt=\"\" style=\"max-width: 100%;\">\r\n                          <\/div>\r\n                        <\/li>\r\n\t\t\t\t\t\t                        <li class=\"uk-active uk-transition-active\" style=\"\">\r\n                          <div class=\"p-details-img\">\r\n                              <img decoding=\"async\" src=\"..\/..\/..\/wp-content\/uploads\/barche-altri-dettagli-3.jpg\" alt=\"\" style=\"max-width: 100%;\">\r\n                          <\/div>\r\n                        <\/li>\r\n\t\t\t\t\t\t<li class=\"uk-active uk-transition-active\" style=\"\">\r\n                          <div class=\"p-details-img\">\r\n                              <img decoding=\"async\" src=\"..\/..\/..\/wp-content\/uploads\/barche-altri-dettagli-4.jpg\" alt=\"\" style=\"max-width: 100%;\">\r\n                          <\/div>\r\n                        <\/li>\r\n                      <\/ul>\r\n                      <a class=\"uk-position-center-left uk-position-small uk-hidden-hover uk-slidenav-previous uk-icon uk-slidenav uk-active\" href=\"#\" uk-slidenav-previous=\"\" uk-slideshow-item=\"previous\"><svg width=\"14\" height=\"24\" viewBox=\"0 0 14 24\" xmlns=\"http:\/\/www.w3.org\/2000\/svg\" ratio=\"1\"><polyline fill=\"none\" stroke=\"#000\" stroke-width=\"1.4\" points=\"12.775,1 1.225,12 12.775,23 \"><\/polyline><\/svg><\/a>\r\n    <a class=\"uk-position-center-right uk-position-small uk-hidden-hover uk-slidenav-next uk-icon uk-slidenav\" href=\"#\" uk-slidenav-next=\"\" uk-slideshow-item=\"next\"><svg width=\"14\" height=\"24\" viewBox=\"0 0 14 24\" xmlns=\"http:\/\/www.w3.org\/2000\/svg\" ratio=\"1\"><polyline fill=\"none\" stroke=\"#000\" stroke-width=\"1.4\" points=\"1.225,23 12.775,12 1.225,1 \"><\/polyline><\/svg><\/a>\r\n                    <\/div>\r\n                    <ul class=\"uk-slideshow-nav uk-dotnav uk-flex-center uk-margin\"><li uk-slideshow-item=\"0\" class=\"\"><a href=\"#\"><\/a><\/li><li uk-slideshow-item=\"1\" class=\"uk-active\"><a href=\"#\"><\/a><\/li><li uk-slideshow-item=\"2\"><a href=\"#\"><\/a><\/li><\/ul>\r\n                  <\/div>\r\n\r\n                        <div class=\"p-details-text\">\r\n                            <h4 class=\"details-title\">Description et caract\u00e9ristiques g\u00e9n\u00e9rales <\/h4>\r\n\u00a0\u00a0\u00a0\u00a0\u00a0\u00a0\u00a0\u00a0\u00a0\u00a0\u00a0\u00a0\u00a0\u00a0\u00a0\u00a0\u00a0\u00a0\u00a0\u00a0\u00a0\u00a0\u00a0\u00a0\u00a0\u00a0\u00a0\u00a0 <p> Construction PEAD int\u00e9grale, grand pont avec b\u00e2che en b\u00e2che plastifi\u00e9e. <br> Console ouverte avec commandes de navigation et de contr\u00f4le. <br>\r\n<em> (cabine disponible en option) <\/em> <\/p>\r\n\t\t\t\t\t\t<ul  uk-tab=\"animation: uk-animation-fade\">\r\n\t\t\t\t\t\t\t\t<li><a href=\"#\">Caract\u00e9ristiques dimensionnelles et techniques<\/a><\/li>\r\n\t\t\t\t\t\t\t\t<!--<li><a href=\"#\">Unit\u00e0 distribuzione mangime<\/a><\/li>-->\r\n\t\t\t\t\t\t\r\n\t\t\t\t\t\t\t<\/ul>\r\n\t\t\t\t\t\t\t<ul class=\"uk-switcher uk-margin\">\r\n\t\t\t\t\t\t\t\t<li> <div>\r\n\t\t\t\t\t\t\t\t\t<ul class=\"uk-list uk-list-divider\">\r\n\t\t\t\t\t\t\t\t\t\t<li> Longueur 9,90 m\u00e8tres <\/li>\r\n\t\t\t\t\t\t\t\t\t<li> Longueur de flottaison 9,1 m <\/li>\r\n\t\t\t\t\t\t\t\t\t<li> 3,26 m de largeur <\/li>\r\n\t\t\t\t\t\t\t\t\t<li> Flottabilit\u00e9 lat\u00e9rale tubulaire dia 500 mm <\/li>\r\n\t\t\t\t\t\t\t\t\t<li> Tirant d&rsquo;eau mt 0,90 sans charge (1,15 max. \u00e0 pleine charge) <\/li>\r\n\t\t\t\t\t\t\t\t\t<li> mesure 7,7 tonnes <\/li>\r\n\t\t\t\t\t\t\t\t\t<li> Charge maximale 8 tonnes <\/li>\r\n\t\t\t\t\t\t\t\t\t<li> Capacit\u00e9 de carburant: 2 x 320Lt <\/li>\r\n\t\t\t\t\t\t\t\t\t<\/ul>\r\n\t\t\t\t\t\t\t\t  <\/div><\/li>\r\n\t\t\t\t\t\t\t\t<!--<li><div>\r\n\t\t\t\t\t\t\t\t\t<ul class=\"uk-list uk-list-divider\">\r\n\t\t\t\t\t\t\t\t\t\t<li>Distributore a secco tramite soffiante posizionata a centro coperta <\/li>\r\n\t\t\t\t\t\t\t\t\t\t<li>Doppia stiva PEAD per contenimento mangime (2x4 ton.)<\/li>\r\n\t\t\t\t\t\t\t\t\t\t<li>Cannone di distribuzione in acciaio inox con spargimento automatico laterale (per aumentare l\u2019area di lancio del mangime), movimento idraulico per l\u2019orientamento del cannone con telecomando<\/li>\r\n\t\t\t\t\t\t\t\t\t\t<li>Alimentazione mangime a doppia coclea<\/li>\r\n\t\t\t\t\t\t\t\t\t\t<li>Distanza di lancio 12\/20mt<\/li>\r\n\t\t\t\t\t\t\t\t\t\t<li>4 Motori idraulici per il movimento e controllo alimentatore a coclea.<\/li>\r\n\t\t\t\t\t\t\t\t\t\t<li>1 Motore idraulico per l\u2019iniettore del mangime nella canna di lancion<\/li>\r\n\t\t\t\t\t\t\t\t\t\t<li>Movimentazione cannone di lancio tramite cilindro idraulico<\/li>\r\n\t\t\t\t\t\t\t\t\t\t<li>Soffiante idraulica <\/li>\r\n\t\t\t\t\t\t\t\t\t\t<li>Capacit\u00e0 di distribuzione da 10 a 80 kg\/min<\/li>\r\n\t\t\t\t\t\t\t\t\t\t<li>Controllo in tempo reale della quantit\u00e0 erogazione<\/li>\r\n\t\t\t\t\t\t\t\t\t\t<li>Controllo numerico su quantit\u00e0 erogata<\/li>\r\n\t\t\t\t\t\t\t\t\t\t<li>Regolatore quantit\u00e0 di mangime erogato al minuto<\/li>\r\n\t\t\t\t\t\t\t\t\t\t<li>Azionamento e controllo remoto dello spargi mangime<\/li>\r\n\t\t\t\t\t\t\t\t\t\t<li>Raffreddamento olio circuito idraulico del sistema di alimentazione con intercooler <\/li>\r\n\t\t\t\t\t\t\t\t\t\t<li>Motore Lombardini LDW 1404 quattro cilindri   HP 35  per alimentazione impianto idraulico soffiante, adibito esclusivamente all\u2019impianto idraulico. Raffreddamento ad acqua marina. Accensione e comandi in cabina<\/li>\r\n\t\t\t\t\t\t\t\t\t\t<li>Filtri decantatori acqua Racor<\/li>\r\n\t\t\t\t\t\t\t\t\t\t<li>Filtri carburante Racor<\/li>\r\n\t\t\t\t\t\t\t\t\t<\/ul>\r\n\t\t\t\t\t\t\t\t  <\/div><\/li>-->\r\n\t\t\t\t\t\t\t<\/ul>\r\n                        <\/div>\r\n\t\t\t\t  \r\n              <\/div>\r\n              <div class=\"col-lg-4 col-md-4 info-details\" id=\"info\">\r\n                  <div class=\"p-details-sidebar\">\r\n                      <h4 class=\"details-title\">Motopropulseur<\/h4>\r\n                       <div>\r\n                        <ul class=\"uk-list\">\r\n\t\t\t\t\t\t<li> Moteur marin mod. AIFO N67 MNT M28 <\/li>\r\n\t\t\t\t\t\t<li> Puissance: diesel \u00e0 injection directe 4 temps de 280 ch <\/li>\r\n\t\t\t\t\t\t<li> 6 cylindres \u00e0 2 soupapes <\/li>\r\n\t\t\t\t\t\t<li> D\u00e9placement total 6,7 Lt <\/li>\r\n\t\t\t\t\t\t<li> Onduleur ZF 63 IV &#8211; 2.0001 <\/li>\r\n\t\t\t\t\t\t<li> diffus\u00e9 vers <em> V <\/em> <\/li>\r\n\t\t\t\t\t\t<\/ul>\r\n                      <\/div>\r\n\t\t\t\t\t<h4 class=\"details-title\">Vitesse<\/h4>\r\n                       <div>\r\n                        <ul class=\"uk-list\">\r\n\t\t\t\t\t\t<li> vitesse \u00e0 vide: 10 n\u0153uds <\/li>\r\n\t\t\t\t\t\t<li> vitesse de chargement complet: 9 n\u0153uds <\/li>\r\n\t\t\t\t\t\t<\/ul>\r\n                      <\/div>\r\n                      <\/div>\r\n                  <\/div>\r\n              <\/div>\r\n          <\/div>  \r\n      <\/div>\r\n\r\n<section class=\"feature-area pb-4 wow fadeIn text-white\" data-wow-delay=\"0.5s\" style=\"visibility: visible; animation-delay: 0.5s; animation-name: fadeIn;\">\r\n          <div class=\"container\">\r\n            <div class=\"row\">\r\n              <div class=\"col\">\r\n\t\t\t\t<div class=\"p-details-text\">\r\n                            <h4 class=\"details-title text-white\">Syst\u00e8me hydraulique<\/h4>\r\n\t\t\t\t\t   <p>\r\n\t\t\t\t\t\t   <strong>Homologation CE en navigation cat\u00e9gorie C.<\/strong>\r\n\t\t\t\t\t   <\/p>\r\n\t\t\t\t  <\/div>\r\n             <\/div>\r\n            <\/div>\r\n          <\/div>\r\n<\/section>","protected":false},"excerpt":{"rendered":"Mitilaq 33 Description et caract\u00e9ristiques g\u00e9n\u00e9rales \u00a0\u00a0\u00a0\u00a0\u00a0\u00a0\u00a0\u00a0\u00a0\u00a0\u00a0\u00a0\u00a0\u00a0\u00a0\u00a0\u00a0\u00a0\u00a0\u00a0\u00a0\u00a0\u00a0\u00a0\u00a0\u00a0\u00a0\u00a0 Construction PEAD int\u00e9grale, grand pont avec b\u00e2che en b\u00e2che plastifi\u00e9e. Console ouverte avec commandes de navigation et de contr\u00f4le. (cabine disponible en option) Caract\u00e9ristiques dimensionnelles et techniques Longueur 9,90 m\u00e8tres Longueur de flottaison 9,1 m 3,26 m de largeur Flottabilit\u00e9 lat\u00e9rale tubulaire dia 500 mm Tirant d&rsquo;eau mt [&hellip;]","protected":false},"author":1,"featured_media":4612,"parent":4611,"menu_order":0,"comment_status":"closed","ping_status":"closed","template":"sub_page_adaq_uikit_top.php","meta":{"_acf_changed":false,"footnotes":""},"acf":[],"yoast_head":"<!-- This site is optimized with the Yoast SEO plugin v23.5 - https:\/\/yoast.com\/wordpress\/plugins\/seo\/ -->\n<title>Bateau pour la mytiliculture Mitilaq 33 | Adaq Srl<\/title>\n<meta name=\"description\" content=\"Bateau pour diverses utilisations dans le domaine de la mytiliculture et de la pisciculture. Enti\u00e8rement en PEAD Grand pont Console ouverte ou avec cabine.\" \/>\n<meta name=\"robots\" content=\"index, follow, max-snippet:-1, max-image-preview:large, max-video-preview:-1\" \/>\n<link rel=\"canonical\" href=\"https:\/\/www.adaq.it\/fr\/chantier-naval\/mitilaq-33\/\" \/>\n<meta property=\"og:locale\" content=\"fr_FR\" \/>\n<meta property=\"og:type\" content=\"article\" \/>\n<meta property=\"og:title\" content=\"Bateau pour la mytiliculture Mitilaq 33 | Adaq Srl\" \/>\n<meta property=\"og:description\" content=\"Bateau pour diverses utilisations dans le domaine de la mytiliculture et de la pisciculture. Enti\u00e8rement en PEAD Grand pont Console ouverte ou avec cabine.\" \/>\n<meta property=\"og:url\" content=\"https:\/\/www.adaq.it\/fr\/chantier-naval\/mitilaq-33\/\" \/>\n<meta property=\"og:site_name\" content=\"Adaq Srl\" \/>\n<meta property=\"article:modified_time\" content=\"2020-04-20T17:17:22+00:00\" \/>\n<meta property=\"og:image\" content=\"https:\/\/www.adaq.it\/wp-content\/uploads\/barche-header.jpg\" \/>\n\t<meta property=\"og:image:width\" content=\"2048\" \/>\n\t<meta property=\"og:image:height\" content=\"1360\" \/>\n\t<meta property=\"og:image:type\" content=\"image\/jpeg\" \/>\n<meta name=\"twitter:card\" content=\"summary_large_image\" \/>\n<meta name=\"twitter:label1\" content=\"Dur\u00e9e de lecture estim\u00e9e\" \/>\n\t<meta name=\"twitter:data1\" content=\"1 minute\" \/>\n<script type=\"application\/ld+json\" class=\"yoast-schema-graph\">{\"@context\":\"https:\/\/schema.org\",\"@graph\":[{\"@type\":\"WebPage\",\"@id\":\"https:\/\/www.adaq.it\/fr\/chantier-naval\/mitilaq-33\/\",\"url\":\"https:\/\/www.adaq.it\/fr\/chantier-naval\/mitilaq-33\/\",\"name\":\"Bateau pour la mytiliculture Mitilaq 33 | Adaq Srl\",\"isPartOf\":{\"@id\":\"http:\/\/www.adaq.it\/fr\/#website\"},\"primaryImageOfPage\":{\"@id\":\"https:\/\/www.adaq.it\/fr\/chantier-naval\/mitilaq-33\/#primaryimage\"},\"image\":{\"@id\":\"https:\/\/www.adaq.it\/fr\/chantier-naval\/mitilaq-33\/#primaryimage\"},\"thumbnailUrl\":\"https:\/\/www.adaq.it\/wp-content\/uploads\/barche-header.jpg\",\"datePublished\":\"2018-02-27T15:56:45+00:00\",\"dateModified\":\"2020-04-20T17:17:22+00:00\",\"description\":\"Bateau pour diverses utilisations dans le domaine de la mytiliculture et de la pisciculture. Enti\u00e8rement en PEAD Grand pont Console ouverte ou avec cabine.\",\"breadcrumb\":{\"@id\":\"https:\/\/www.adaq.it\/fr\/chantier-naval\/mitilaq-33\/#breadcrumb\"},\"inLanguage\":\"fr-FR\",\"potentialAction\":[{\"@type\":\"ReadAction\",\"target\":[\"https:\/\/www.adaq.it\/fr\/chantier-naval\/mitilaq-33\/\"]}]},{\"@type\":\"ImageObject\",\"inLanguage\":\"fr-FR\",\"@id\":\"https:\/\/www.adaq.it\/fr\/chantier-naval\/mitilaq-33\/#primaryimage\",\"url\":\"https:\/\/www.adaq.it\/wp-content\/uploads\/barche-header.jpg\",\"contentUrl\":\"https:\/\/www.adaq.it\/wp-content\/uploads\/barche-header.jpg\",\"width\":2048,\"height\":1360},{\"@type\":\"BreadcrumbList\",\"@id\":\"https:\/\/www.adaq.it\/fr\/chantier-naval\/mitilaq-33\/#breadcrumb\",\"itemListElement\":[{\"@type\":\"ListItem\",\"position\":1,\"name\":\"Home\",\"item\":\"https:\/\/www.adaq.it\/fr\/\"},{\"@type\":\"ListItem\",\"position\":2,\"name\":\"Chantier naval\",\"item\":\"https:\/\/www.adaq.it\/fr\/chantier-naval\/\"},{\"@type\":\"ListItem\",\"position\":3,\"name\":\"Mitilaq 33\"}]},{\"@type\":\"WebSite\",\"@id\":\"http:\/\/www.adaq.it\/fr\/#website\",\"url\":\"http:\/\/www.adaq.it\/fr\/\",\"name\":\"Adaq Srl\",\"description\":\"Advanced Aquaculture\",\"publisher\":{\"@id\":\"http:\/\/www.adaq.it\/fr\/#organization\"},\"potentialAction\":[{\"@type\":\"SearchAction\",\"target\":{\"@type\":\"EntryPoint\",\"urlTemplate\":\"http:\/\/www.adaq.it\/fr\/?s={search_term_string}\"},\"query-input\":{\"@type\":\"PropertyValueSpecification\",\"valueRequired\":true,\"valueName\":\"search_term_string\"}}],\"inLanguage\":\"fr-FR\"},{\"@type\":\"Organization\",\"@id\":\"http:\/\/www.adaq.it\/fr\/#organization\",\"name\":\"Adaq Srl\",\"url\":\"http:\/\/www.adaq.it\/fr\/\",\"logo\":{\"@type\":\"ImageObject\",\"inLanguage\":\"fr-FR\",\"@id\":\"http:\/\/www.adaq.it\/fr\/#\/schema\/logo\/image\/\",\"url\":\"http:\/\/www.adaq.it\/wp-content\/uploads\/logo-adaq-100.png\",\"contentUrl\":\"http:\/\/www.adaq.it\/wp-content\/uploads\/logo-adaq-100.png\",\"width\":\"104\",\"height\":\"104\",\"caption\":\"Adaq Srl\"},\"image\":{\"@id\":\"http:\/\/www.adaq.it\/fr\/#\/schema\/logo\/image\/\"}}]}<\/script>\n<!-- \/ Yoast SEO plugin. -->","yoast_head_json":{"title":"Bateau pour la mytiliculture Mitilaq 33 | Adaq Srl","description":"Bateau pour diverses utilisations dans le domaine de la mytiliculture et de la pisciculture. Enti\u00e8rement en PEAD Grand pont Console ouverte ou avec cabine.","robots":{"index":"index","follow":"follow","max-snippet":"max-snippet:-1","max-image-preview":"max-image-preview:large","max-video-preview":"max-video-preview:-1"},"canonical":"https:\/\/www.adaq.it\/fr\/chantier-naval\/mitilaq-33\/","og_locale":"fr_FR","og_type":"article","og_title":"Bateau pour la mytiliculture Mitilaq 33 | Adaq Srl","og_description":"Bateau pour diverses utilisations dans le domaine de la mytiliculture et de la pisciculture. Enti\u00e8rement en PEAD Grand pont Console ouverte ou avec cabine.","og_url":"https:\/\/www.adaq.it\/fr\/chantier-naval\/mitilaq-33\/","og_site_name":"Adaq Srl","article_modified_time":"2020-04-20T17:17:22+00:00","og_image":[{"width":2048,"height":1360,"url":"https:\/\/www.adaq.it\/wp-content\/uploads\/barche-header.jpg","type":"image\/jpeg"}],"twitter_card":"summary_large_image","twitter_misc":{"Dur\u00e9e de lecture estim\u00e9e":"1 minute"},"schema":{"@context":"https:\/\/schema.org","@graph":[{"@type":"WebPage","@id":"https:\/\/www.adaq.it\/fr\/chantier-naval\/mitilaq-33\/","url":"https:\/\/www.adaq.it\/fr\/chantier-naval\/mitilaq-33\/","name":"Bateau pour la mytiliculture Mitilaq 33 | Adaq Srl","isPartOf":{"@id":"http:\/\/www.adaq.it\/fr\/#website"},"primaryImageOfPage":{"@id":"https:\/\/www.adaq.it\/fr\/chantier-naval\/mitilaq-33\/#primaryimage"},"image":{"@id":"https:\/\/www.adaq.it\/fr\/chantier-naval\/mitilaq-33\/#primaryimage"},"thumbnailUrl":"https:\/\/www.adaq.it\/wp-content\/uploads\/barche-header.jpg","datePublished":"2018-02-27T15:56:45+00:00","dateModified":"2020-04-20T17:17:22+00:00","description":"Bateau pour diverses utilisations dans le domaine de la mytiliculture et de la pisciculture. Enti\u00e8rement en PEAD Grand pont Console ouverte ou avec cabine.","breadcrumb":{"@id":"https:\/\/www.adaq.it\/fr\/chantier-naval\/mitilaq-33\/#breadcrumb"},"inLanguage":"fr-FR","potentialAction":[{"@type":"ReadAction","target":["https:\/\/www.adaq.it\/fr\/chantier-naval\/mitilaq-33\/"]}]},{"@type":"ImageObject","inLanguage":"fr-FR","@id":"https:\/\/www.adaq.it\/fr\/chantier-naval\/mitilaq-33\/#primaryimage","url":"https:\/\/www.adaq.it\/wp-content\/uploads\/barche-header.jpg","contentUrl":"https:\/\/www.adaq.it\/wp-content\/uploads\/barche-header.jpg","width":2048,"height":1360},{"@type":"BreadcrumbList","@id":"https:\/\/www.adaq.it\/fr\/chantier-naval\/mitilaq-33\/#breadcrumb","itemListElement":[{"@type":"ListItem","position":1,"name":"Home","item":"https:\/\/www.adaq.it\/fr\/"},{"@type":"ListItem","position":2,"name":"Chantier naval","item":"https:\/\/www.adaq.it\/fr\/chantier-naval\/"},{"@type":"ListItem","position":3,"name":"Mitilaq 33"}]},{"@type":"WebSite","@id":"http:\/\/www.adaq.it\/fr\/#website","url":"http:\/\/www.adaq.it\/fr\/","name":"Adaq Srl","description":"Advanced Aquaculture","publisher":{"@id":"http:\/\/www.adaq.it\/fr\/#organization"},"potentialAction":[{"@type":"SearchAction","target":{"@type":"EntryPoint","urlTemplate":"http:\/\/www.adaq.it\/fr\/?s={search_term_string}"},"query-input":{"@type":"PropertyValueSpecification","valueRequired":true,"valueName":"search_term_string"}}],"inLanguage":"fr-FR"},{"@type":"Organization","@id":"http:\/\/www.adaq.it\/fr\/#organization","name":"Adaq Srl","url":"http:\/\/www.adaq.it\/fr\/","logo":{"@type":"ImageObject","inLanguage":"fr-FR","@id":"http:\/\/www.adaq.it\/fr\/#\/schema\/logo\/image\/","url":"http:\/\/www.adaq.it\/wp-content\/uploads\/logo-adaq-100.png","contentUrl":"http:\/\/www.adaq.it\/wp-content\/uploads\/logo-adaq-100.png","width":"104","height":"104","caption":"Adaq Srl"},"image":{"@id":"http:\/\/www.adaq.it\/fr\/#\/schema\/logo\/image\/"}}]}},"_links":{"self":[{"href":"https:\/\/www.adaq.it\/fr\/wp-json\/wp\/v2\/pages\/4624"}],"collection":[{"href":"https:\/\/www.adaq.it\/fr\/wp-json\/wp\/v2\/pages"}],"about":[{"href":"https:\/\/www.adaq.it\/fr\/wp-json\/wp\/v2\/types\/page"}],"author":[{"embeddable":true,"href":"https:\/\/www.adaq.it\/fr\/wp-json\/wp\/v2\/users\/1"}],"replies":[{"embeddable":true,"href":"https:\/\/www.adaq.it\/fr\/wp-json\/wp\/v2\/comments?post=4624"}],"version-history":[{"count":3,"href":"https:\/\/www.adaq.it\/fr\/wp-json\/wp\/v2\/pages\/4624\/revisions"}],"predecessor-version":[{"id":4649,"href":"https:\/\/www.adaq.it\/fr\/wp-json\/wp\/v2\/pages\/4624\/revisions\/4649"}],"up":[{"embeddable":true,"href":"https:\/\/www.adaq.it\/fr\/wp-json\/wp\/v2\/pages\/4611"}],"wp:featuredmedia":[{"embeddable":true,"href":"https:\/\/www.adaq.it\/fr\/wp-json\/wp\/v2\/media\/4612"}],"wp:attachment":[{"href":"https:\/\/www.adaq.it\/fr\/wp-json\/wp\/v2\/media?parent=4624"}],"curies":[{"name":"wp","href":"https:\/\/api.w.org\/{rel}","templated":true}]}}