{"id":4628,"date":"2018-02-27T17:00:44","date_gmt":"2018-02-27T16:00:44","guid":{"rendered":"http:\/\/www.adaq.it\/chantier-naval\/altri-utilizzi\/"},"modified":"2020-04-20T19:18:14","modified_gmt":"2020-04-20T17:18:14","slug":"service-boat","status":"publish","type":"page","link":"https:\/\/www.adaq.it\/fr\/chantier-naval\/service-boat\/","title":{"rendered":"Service Boat"},"content":{"rendered":"<section class=\"p-80 wow fadeIn\" data-wow-delay=\"0.5s\" style=\"visibility: visible; animation-delay: 0.5s; animation-name: fadeIn;\">\r\n          <div class=\"container\">\r\n            <div class=\"row\">\r\n              <div class=\"col-lg-8 col-md-10\">\r\n\t\t\t\t<h1>Ad.Aq. PE 75<\/h1>\r\n             <\/div>\r\n            <\/div>\r\n          <\/div>\r\n<\/section>\r\n<div class=\"portfolio-details-area pb-65\">\r\n      <div class=\"container\">\r\n          <div class=\"row\">\r\n              <div class=\"col-lg-8 col-md-8\">\r\n                <div uk-slideshow=\"animation: fade; autoplay: true\" class=\"uk-slideshow\">\r\n                    <div class=\"uk-position-relative uk-visible-toggle uk-light\">                \r\n                        <ul class=\"uk-slideshow-items\" style=\"height: 347px;\">\r\n\t\t\t\t\t\t\r\n                         <li class=\"\" style=\"\">\r\n                          <div class=\"p-details-img\">\r\n                              <img decoding=\"async\" src=\"http:\/\/www.adaq.it\/wp-content\/uploads\/barche-altri-header-1.jpg\" alt=\"\" style=\"max-width: 100%; top:-80px;\">\r\n                          <\/div>\r\n                        <\/li>\r\n\t\t\t\t\t\t<li class=\"\" style=\"\">\r\n                          <div class=\"p-details-img\">\r\n                              <img decoding=\"async\" src=\"http:\/\/www.adaq.it\/wp-content\/uploads\/barche-altri-dettagli-1.jpg\" alt=\"\" style=\"max-width: 100%; top:-80px;\">\r\n                          <\/div>\r\n                        <\/li>\r\n                         <li class=\"\" style=\"\">\r\n                          <div class=\"p-details-img\">\r\n                              <img decoding=\"async\" src=\"..\/..\/..\/wp-content\/uploads\/barche-altri-dettagli-2.jpg\" alt=\"\" style=\"max-width: 100%; top:-90px;\">\r\n                          <\/div>\r\n                        <\/li>\r\n                      <\/ul>\r\n                      <a class=\"uk-position-center-left uk-position-small uk-hidden-hover uk-slidenav-previous uk-icon uk-slidenav\" href=\"#\" uk-slidenav-previous=\"\" uk-slideshow-item=\"previous\"><svg width=\"14\" height=\"24\" viewBox=\"0 0 14 24\" xmlns=\"http:\/\/www.w3.org\/2000\/svg\" ratio=\"1\"><polyline fill=\"none\" stroke=\"#000\" stroke-width=\"1.4\" points=\"12.775,1 1.225,12 12.775,23 \"><\/polyline><\/svg><\/a>\r\n    <a class=\"uk-position-center-right uk-position-small uk-hidden-hover uk-slidenav-next uk-icon uk-slidenav uk-active\" href=\"#\" uk-slidenav-next=\"\" uk-slideshow-item=\"next\"><svg width=\"14\" height=\"24\" viewBox=\"0 0 14 24\" xmlns=\"http:\/\/www.w3.org\/2000\/svg\" ratio=\"1\"><polyline fill=\"none\" stroke=\"#000\" stroke-width=\"1.4\" points=\"1.225,23 12.775,12 1.225,1 \"><\/polyline><\/svg><\/a>\r\n                    <\/div>\r\n                    <ul class=\"uk-slideshow-nav uk-dotnav uk-flex-center uk-margin\"><li uk-slideshow-item=\"0\" class=\"\"><a href=\"#\"><\/a><\/li><li uk-slideshow-item=\"1\" class=\"\"><a href=\"#\"><\/a><\/li><li uk-slideshow-item=\"2\" class=\"uk-active\"><a href=\"#\"><\/a><\/li><\/ul>\r\n                  <\/div>\r\n\r\n                        <div class=\"p-details-text\">\r\n                            <h4 class=\"details-title\">Description et caract\u00e9ristiques g\u00e9n\u00e9rales<\/h4>\r\n                            <p>Construction int\u00e9grale en PEAD <br>\r\n\t\t\t\t\t\t\t\tGrande couverture <br>\r\n\t\t\t\t\t\t\t\tConsole ouverte ou avec cabine (en option) avec commandes de navigation et de contr\u00f4le<\/p>\r\n\t\t\t\t\t\t\t\r\n\t\t\t\t\t\t\t <h4 class=\"details-title\">Pr\u00e9paration<\/h4>\r\n\t\t\t\t\t\t\t<div>\r\n\t\t\t\t\t\t\t\t<ul  uk-tab=\"animation: uk-animation-fade\">\r\n\t\t\t\t\t\t\t\t\t<li><a href=\"#\">Syst\u00e8me \u00e9lectrique<\/a><\/li>\r\n\t\t\t\t\t\t\t\t\t<li><a href=\"#\">Moteur<\/a><\/li>\r\n\r\n\t\t\t\t\t\t\t\t<\/ul>\r\n\t\t\t\t\t\t\t\t<ul class=\"uk-switcher uk-margin\">\r\n\t\t\t\t\t\t\t\t<li>\r\n\t\t\t\t\t\t\t\t\t<div>\r\n\t\t\t\t\t\t\t\t\t<ul class=\"uk-list uk-list-divider\">\r\n\t\t\t\t\t\t\t\t\t\t<li> Feux de navigation <\/ li>\r\n\t\t\t\t\t\t\t\t\t<li> Tableau de commande \u00e9lectrique <\/ li>\r\n\t\t\t\t\t\t\t\t\t<li> 2 pompes de cale automatiques \/ manuelles <\/ li>\r\n\t\t\t\t\t\t\t\t\t<li> 1 pile 12 V 100Amp \/ H <\/ li>\r\n\t\t\t\t\t\t\t\t\t<li> Lumi\u00e8re de la cabine <\/ li>\r\n\t\t\t\t\t\t\t\t\t<li> Compass <\/ li>\r\n\t\t\t\t\t\t\t\t\t<li> D\u00e9tachez la batterie manuelle <\/ li>\r\n\t\t\t\t\t\t\t\t\t<li> Roue <\/ li>\r\n\t\t\t\t\t\t\t\t\t<\/ul>\r\n\t\t\t\t\t\t\t\t  <\/div>\r\n\t\t\t\t\t\t\t\t\t<\/li>\r\n\t\t\t\t\t\t\t\t\t<li>\r\n\t\t\t\t\t\t\t\t\t\t\t<div>\r\n\t\t\t\t\t\t\t\t\t\t\t<ul class=\"uk-list uk-list-divider\">\r\n\t\t\t\t\t\t\t\t\t\t\t\t<li> Mod\u00e8le: YAMAHA F150 DETXL <\/ li>\r\n\t\t\t\t\t\t\t\t\t\t\t<li> Puissance: CV150 <\/ li>\r\n\t\t\t\t\t\t\t\t\t\t\t<li> Tige: extra long <\/ li>\r\n\t\t\t\t\t\t\t\t\t\t\t<li> Bo\u00eete de commande <\/ li>\r\n\t\t\t\t\t\t\t\t\t\t\t<li> H\u00e9lice en acier inoxydable <\/ li>\r\n\t\t\t\t\t\t\t\t\t\t\t<li> Instrument num\u00e9rique TACK (tachym\u00e8tre + t\u00e9moin + t\u00e9moin de pression d&rsquo;eau \/ huile moteur) <\/ li>\r\n\t\t\t\t\t\t\t\t\t\t\t<li> Instrument num\u00e9rique SPEED (niveau de carburant, vitesse, compteur de vitesse, consommation de carburant) <\/ li>\r\n\t\t\t\t\t\t\t\t\t\t\t<li> Guide hydraulique <\/ li>\r\n\t\t\t\t\t\t\t\t\t\t\t<\/ul>\r\n\t\t\t\t\t\t\t\t\t\t  <\/div>\r\n\t\t\t\t\t\t\t\t\t\t<\/li>\r\n\t\t\t\t\t\t\t\t<\/ul>\r\n\t\t\t\t\t\t\t\t<\/div>\r\n                        <\/div>\r\n\t\t\t\t  \r\n              <\/div>\r\n              <div class=\"col-lg-4 col-md-4 info-details\" id=\"info\">\r\n                  <div class=\"p-details-sidebar\">\r\n                     <h4 class=\"details-title\">Coque<\/h4>\r\n                       <div>\r\n\t\t\t\t\t\t   \t\t<ul  uk-tab=\"animation: uk-animation-fade\">\r\n\t\t\t\t\t\t\t\t\t<li><a href=\"#\">Caract\u00e9ristiques techniques<\/a><\/li>\r\n\t\t\t\t\t\t\t\t\t<li><a href=\"#\">\u00c9quipement accessoire<\/a><\/li>\r\n\t\t\t\t\t\t\t\t<\/ul>\r\n\t\t\t\t\t\t   \t\t<ul class=\"uk-switcher uk-margin\">\r\n\t\t\t\t\t\t\t\t<li>\r\n\t\t\t\t\t\t\t\t\t<h5 class=\"details-title\"><\/h5>\r\n\t\t\t\t\t\t\t\t\t<div>\r\n\t\t\t\t\t\t\t\t\t<ul class=\"uk-list uk-list-divider\">\r\n\t\t\t\t\t\t\t\t\t\t<li> Longueur totale mt. 7,50 <\/ li>\r\n\t\t\t\t\t\t\t\t\t\t<li> Largeur maximale: 2,80 m\u00e8tres <\/ li>\r\n\t\t\t\t\t\t\t\t\t\t<li> Largeur du sol couvert: 1,80 m <\/ li>\r\n\t\t\t\t\t\t\t\t\t\t<li> Tube de flottabilit\u00e9 lat\u00e9ral: 500 mm de diam\u00e8tre <\/ li>\r\n\t\t\t\t\t\t\t\t\t\t<li> Capacit\u00e9 de chargement maximale: 2 200 kg <\/ li>\r\n\t\t\t\t\t\t\t\t\t<\/ul>\r\n\t\t\t\t\t\t\t\t  <\/div>\r\n\t\t\t\t\t\t\t\t\t<\/li>\r\n\t\t\t\t\t\t\t\t\t<li>\r\n\t\t\t\t\t\t\t\t\t\t<h5 class=\"details-title pt-4\"><\/h5>\r\n\t\t\t\t\t\t\t\t\t\t\t<div>\r\n\t\t\t\t\t\t\t\t\t\t\t<ul class=\"uk-list uk-list-divider\">\r\n\t\t\t\t\t\t\t\t\t\t\t\t<li> R\u00e9servoir de carburant 190 litres <\/ li>\r\n\t\t\t\t\t\t\t\t\t<li> N \u00b0 4 bornes d&rsquo;amarrage en acier <\/ li>\r\n\t\t\t\t\t\t\t\t\t<li> Moteur hors-bord en acier inoxydable <\/ li>\r\n\t\t\t\t\t\t\t\t\t\t\t<\/ul>\r\n\t\t\t\t\t\t\t\t\t\t  <\/div>\r\n\t\t\t\t\t\t\t\t\t<\/li>\r\n\t\t\t\t\t\t   <\/ul>\r\n                      <\/div>\r\n                      <\/div>\r\n                  <\/div>\r\n              <\/div>\r\n          <\/div>  \r\n      <\/div>\r\n\r\n","protected":false},"excerpt":{"rendered":"Ad.Aq. PE 75 Description et caract\u00e9ristiques g\u00e9n\u00e9rales Construction int\u00e9grale en PEAD Grande couverture Console ouverte ou avec cabine (en option) avec commandes de navigation et de contr\u00f4le Pr\u00e9paration Syst\u00e8me \u00e9lectrique Moteur Feux de navigation Tableau de commande \u00e9lectrique 2 pompes de cale automatiques \/ manuelles 1 pile 12 V 100Amp \/ H Lumi\u00e8re de la [&hellip;]","protected":false},"author":1,"featured_media":4629,"parent":4611,"menu_order":0,"comment_status":"closed","ping_status":"closed","template":"sub_page_adaq_uikit.php","meta":{"_acf_changed":false,"footnotes":""},"acf":[],"yoast_head":"<!-- This site is optimized with the Yoast SEO plugin v23.5 - https:\/\/yoast.com\/wordpress\/plugins\/seo\/ -->\n<title>Bateau pour diverses utilisations dans le domaine de l&#039;aquaculture<\/title>\n<meta name=\"description\" content=\"Bateau pour diverses utilisations dans le domaine de l&#039;aquaculture et de la pisciculture. Enti\u00e8rement en PEAD Grand pont Console ouverte ou avec cabine\" \/>\n<meta name=\"robots\" content=\"index, follow, max-snippet:-1, max-image-preview:large, max-video-preview:-1\" \/>\n<link rel=\"canonical\" href=\"https:\/\/www.adaq.it\/fr\/chantier-naval\/service-boat\/\" \/>\n<meta property=\"og:locale\" content=\"fr_FR\" \/>\n<meta property=\"og:type\" content=\"article\" \/>\n<meta property=\"og:title\" content=\"Bateau pour diverses utilisations dans le domaine de l&#039;aquaculture\" \/>\n<meta property=\"og:description\" content=\"Bateau pour diverses utilisations dans le domaine de l&#039;aquaculture et de la pisciculture. Enti\u00e8rement en PEAD Grand pont Console ouverte ou avec cabine\" \/>\n<meta property=\"og:url\" content=\"https:\/\/www.adaq.it\/fr\/chantier-naval\/service-boat\/\" \/>\n<meta property=\"og:site_name\" content=\"Adaq Srl\" \/>\n<meta property=\"article:modified_time\" content=\"2020-04-20T17:18:14+00:00\" \/>\n<meta property=\"og:image\" content=\"https:\/\/www.adaq.it\/wp-content\/uploads\/barche-altri-header-1.jpg\" \/>\n\t<meta property=\"og:image:width\" content=\"2048\" \/>\n\t<meta property=\"og:image:height\" content=\"1536\" \/>\n\t<meta property=\"og:image:type\" content=\"image\/jpeg\" \/>\n<meta name=\"twitter:card\" content=\"summary_large_image\" \/>\n<meta name=\"twitter:label1\" content=\"Dur\u00e9e de lecture estim\u00e9e\" \/>\n\t<meta name=\"twitter:data1\" content=\"1 minute\" \/>\n<script type=\"application\/ld+json\" class=\"yoast-schema-graph\">{\"@context\":\"https:\/\/schema.org\",\"@graph\":[{\"@type\":\"WebPage\",\"@id\":\"https:\/\/www.adaq.it\/fr\/chantier-naval\/service-boat\/\",\"url\":\"https:\/\/www.adaq.it\/fr\/chantier-naval\/service-boat\/\",\"name\":\"Bateau pour diverses utilisations dans le domaine de l'aquaculture\",\"isPartOf\":{\"@id\":\"https:\/\/www.adaq.it\/fr\/#website\"},\"primaryImageOfPage\":{\"@id\":\"https:\/\/www.adaq.it\/fr\/chantier-naval\/service-boat\/#primaryimage\"},\"image\":{\"@id\":\"https:\/\/www.adaq.it\/fr\/chantier-naval\/service-boat\/#primaryimage\"},\"thumbnailUrl\":\"https:\/\/www.adaq.it\/wp-content\/uploads\/barche-altri-header-1.jpg\",\"datePublished\":\"2018-02-27T16:00:44+00:00\",\"dateModified\":\"2020-04-20T17:18:14+00:00\",\"description\":\"Bateau pour diverses utilisations dans le domaine de l'aquaculture et de la pisciculture. Enti\u00e8rement en PEAD Grand pont Console ouverte ou avec cabine\",\"breadcrumb\":{\"@id\":\"https:\/\/www.adaq.it\/fr\/chantier-naval\/service-boat\/#breadcrumb\"},\"inLanguage\":\"fr-FR\",\"potentialAction\":[{\"@type\":\"ReadAction\",\"target\":[\"https:\/\/www.adaq.it\/fr\/chantier-naval\/service-boat\/\"]}]},{\"@type\":\"ImageObject\",\"inLanguage\":\"fr-FR\",\"@id\":\"https:\/\/www.adaq.it\/fr\/chantier-naval\/service-boat\/#primaryimage\",\"url\":\"https:\/\/www.adaq.it\/wp-content\/uploads\/barche-altri-header-1.jpg\",\"contentUrl\":\"https:\/\/www.adaq.it\/wp-content\/uploads\/barche-altri-header-1.jpg\",\"width\":2048,\"height\":1536},{\"@type\":\"BreadcrumbList\",\"@id\":\"https:\/\/www.adaq.it\/fr\/chantier-naval\/service-boat\/#breadcrumb\",\"itemListElement\":[{\"@type\":\"ListItem\",\"position\":1,\"name\":\"Home\",\"item\":\"https:\/\/www.adaq.it\/fr\/\"},{\"@type\":\"ListItem\",\"position\":2,\"name\":\"Chantier naval\",\"item\":\"https:\/\/www.adaq.it\/fr\/chantier-naval\/\"},{\"@type\":\"ListItem\",\"position\":3,\"name\":\"Service Boat\"}]},{\"@type\":\"WebSite\",\"@id\":\"https:\/\/www.adaq.it\/fr\/#website\",\"url\":\"https:\/\/www.adaq.it\/fr\/\",\"name\":\"Adaq Srl\",\"description\":\"Advanced Aquaculture\",\"publisher\":{\"@id\":\"https:\/\/www.adaq.it\/fr\/#organization\"},\"potentialAction\":[{\"@type\":\"SearchAction\",\"target\":{\"@type\":\"EntryPoint\",\"urlTemplate\":\"https:\/\/www.adaq.it\/fr\/?s={search_term_string}\"},\"query-input\":{\"@type\":\"PropertyValueSpecification\",\"valueRequired\":true,\"valueName\":\"search_term_string\"}}],\"inLanguage\":\"fr-FR\"},{\"@type\":\"Organization\",\"@id\":\"https:\/\/www.adaq.it\/fr\/#organization\",\"name\":\"Adaq Srl\",\"url\":\"https:\/\/www.adaq.it\/fr\/\",\"logo\":{\"@type\":\"ImageObject\",\"inLanguage\":\"fr-FR\",\"@id\":\"https:\/\/www.adaq.it\/fr\/#\/schema\/logo\/image\/\",\"url\":\"http:\/\/www.adaq.it\/wp-content\/uploads\/logo-adaq-100.png\",\"contentUrl\":\"http:\/\/www.adaq.it\/wp-content\/uploads\/logo-adaq-100.png\",\"width\":\"104\",\"height\":\"104\",\"caption\":\"Adaq Srl\"},\"image\":{\"@id\":\"https:\/\/www.adaq.it\/fr\/#\/schema\/logo\/image\/\"}}]}<\/script>\n<!-- \/ Yoast SEO plugin. -->","yoast_head_json":{"title":"Bateau pour diverses utilisations dans le domaine de l'aquaculture","description":"Bateau pour diverses utilisations dans le domaine de l'aquaculture et de la pisciculture. Enti\u00e8rement en PEAD Grand pont Console ouverte ou avec cabine","robots":{"index":"index","follow":"follow","max-snippet":"max-snippet:-1","max-image-preview":"max-image-preview:large","max-video-preview":"max-video-preview:-1"},"canonical":"https:\/\/www.adaq.it\/fr\/chantier-naval\/service-boat\/","og_locale":"fr_FR","og_type":"article","og_title":"Bateau pour diverses utilisations dans le domaine de l'aquaculture","og_description":"Bateau pour diverses utilisations dans le domaine de l'aquaculture et de la pisciculture. Enti\u00e8rement en PEAD Grand pont Console ouverte ou avec cabine","og_url":"https:\/\/www.adaq.it\/fr\/chantier-naval\/service-boat\/","og_site_name":"Adaq Srl","article_modified_time":"2020-04-20T17:18:14+00:00","og_image":[{"width":2048,"height":1536,"url":"https:\/\/www.adaq.it\/wp-content\/uploads\/barche-altri-header-1.jpg","type":"image\/jpeg"}],"twitter_card":"summary_large_image","twitter_misc":{"Dur\u00e9e de lecture estim\u00e9e":"1 minute"},"schema":{"@context":"https:\/\/schema.org","@graph":[{"@type":"WebPage","@id":"https:\/\/www.adaq.it\/fr\/chantier-naval\/service-boat\/","url":"https:\/\/www.adaq.it\/fr\/chantier-naval\/service-boat\/","name":"Bateau pour diverses utilisations dans le domaine de l'aquaculture","isPartOf":{"@id":"https:\/\/www.adaq.it\/fr\/#website"},"primaryImageOfPage":{"@id":"https:\/\/www.adaq.it\/fr\/chantier-naval\/service-boat\/#primaryimage"},"image":{"@id":"https:\/\/www.adaq.it\/fr\/chantier-naval\/service-boat\/#primaryimage"},"thumbnailUrl":"https:\/\/www.adaq.it\/wp-content\/uploads\/barche-altri-header-1.jpg","datePublished":"2018-02-27T16:00:44+00:00","dateModified":"2020-04-20T17:18:14+00:00","description":"Bateau pour diverses utilisations dans le domaine de l'aquaculture et de la pisciculture. Enti\u00e8rement en PEAD Grand pont Console ouverte ou avec cabine","breadcrumb":{"@id":"https:\/\/www.adaq.it\/fr\/chantier-naval\/service-boat\/#breadcrumb"},"inLanguage":"fr-FR","potentialAction":[{"@type":"ReadAction","target":["https:\/\/www.adaq.it\/fr\/chantier-naval\/service-boat\/"]}]},{"@type":"ImageObject","inLanguage":"fr-FR","@id":"https:\/\/www.adaq.it\/fr\/chantier-naval\/service-boat\/#primaryimage","url":"https:\/\/www.adaq.it\/wp-content\/uploads\/barche-altri-header-1.jpg","contentUrl":"https:\/\/www.adaq.it\/wp-content\/uploads\/barche-altri-header-1.jpg","width":2048,"height":1536},{"@type":"BreadcrumbList","@id":"https:\/\/www.adaq.it\/fr\/chantier-naval\/service-boat\/#breadcrumb","itemListElement":[{"@type":"ListItem","position":1,"name":"Home","item":"https:\/\/www.adaq.it\/fr\/"},{"@type":"ListItem","position":2,"name":"Chantier naval","item":"https:\/\/www.adaq.it\/fr\/chantier-naval\/"},{"@type":"ListItem","position":3,"name":"Service Boat"}]},{"@type":"WebSite","@id":"https:\/\/www.adaq.it\/fr\/#website","url":"https:\/\/www.adaq.it\/fr\/","name":"Adaq Srl","description":"Advanced Aquaculture","publisher":{"@id":"https:\/\/www.adaq.it\/fr\/#organization"},"potentialAction":[{"@type":"SearchAction","target":{"@type":"EntryPoint","urlTemplate":"https:\/\/www.adaq.it\/fr\/?s={search_term_string}"},"query-input":{"@type":"PropertyValueSpecification","valueRequired":true,"valueName":"search_term_string"}}],"inLanguage":"fr-FR"},{"@type":"Organization","@id":"https:\/\/www.adaq.it\/fr\/#organization","name":"Adaq Srl","url":"https:\/\/www.adaq.it\/fr\/","logo":{"@type":"ImageObject","inLanguage":"fr-FR","@id":"https:\/\/www.adaq.it\/fr\/#\/schema\/logo\/image\/","url":"http:\/\/www.adaq.it\/wp-content\/uploads\/logo-adaq-100.png","contentUrl":"http:\/\/www.adaq.it\/wp-content\/uploads\/logo-adaq-100.png","width":"104","height":"104","caption":"Adaq Srl"},"image":{"@id":"https:\/\/www.adaq.it\/fr\/#\/schema\/logo\/image\/"}}]}},"_links":{"self":[{"href":"https:\/\/www.adaq.it\/fr\/wp-json\/wp\/v2\/pages\/4628"}],"collection":[{"href":"https:\/\/www.adaq.it\/fr\/wp-json\/wp\/v2\/pages"}],"about":[{"href":"https:\/\/www.adaq.it\/fr\/wp-json\/wp\/v2\/types\/page"}],"author":[{"embeddable":true,"href":"https:\/\/www.adaq.it\/fr\/wp-json\/wp\/v2\/users\/1"}],"replies":[{"embeddable":true,"href":"https:\/\/www.adaq.it\/fr\/wp-json\/wp\/v2\/comments?post=4628"}],"version-history":[{"count":2,"href":"https:\/\/www.adaq.it\/fr\/wp-json\/wp\/v2\/pages\/4628\/revisions"}],"predecessor-version":[{"id":4632,"href":"https:\/\/www.adaq.it\/fr\/wp-json\/wp\/v2\/pages\/4628\/revisions\/4632"}],"up":[{"embeddable":true,"href":"https:\/\/www.adaq.it\/fr\/wp-json\/wp\/v2\/pages\/4611"}],"wp:featuredmedia":[{"embeddable":true,"href":"https:\/\/www.adaq.it\/fr\/wp-json\/wp\/v2\/media\/4629"}],"wp:attachment":[{"href":"https:\/\/www.adaq.it\/fr\/wp-json\/wp\/v2\/media?parent=4628"}],"curies":[{"name":"wp","href":"https:\/\/api.w.org\/{rel}","templated":true}]}}