{"id":4634,"date":"2018-02-23T17:22:51","date_gmt":"2018-02-23T16:22:51","guid":{"rendered":"http:\/\/www.adaq.it\/aquaculture\/pisciculture\/reti\/"},"modified":"2020-04-20T19:07:55","modified_gmt":"2020-04-20T17:07:55","slug":"filets","status":"publish","type":"page","link":"https:\/\/www.adaq.it\/fr\/aquaculture\/pisciculture\/filets\/","title":{"rendered":"Filets"},"content":{"rendered":"<div class=\"portfolio-details-area pb-65\">\r\n      <div class=\"container\">\r\n          <div class=\"row\">\r\n              <div class=\"col-lg-8 col-md-8\">\r\n                  <div class=\"p-details-img\">\r\n                      <img decoding=\"async\" src=\"..\/..\/..\/..\/wp-content\/uploads\/reti-dettagli.jpg\" alt=\"\" style=\"max-width: 100%;\">\r\n                  <\/div>\r\n                        <div class=\"p-details-text\">\r\n                            <h4 class=\"details-title\">Filets<\/h4>\r\n                            <p>Le filet est l\u2019\u00e9l\u00e9ment fondamental des syst\u00e8mes aquacoles. Les filets Ad.Aq. r\u00e9pondent aux normes de qualit\u00e9 les plus \u00e9lev\u00e9es, avec la possibilit\u00e9 d\u2019\u00eatre produits en nylon, poly\u00e9thyl\u00e8ne, UHMWPE. Realise avec nappe de filet sans noeud, g\u00e9n\u00e9ralement noir or blanc, avec une maille carr\u00e9e et peuvent \u00eatre livr\u00e9s sur demande avec traitement antifouling. Ils sont confectionn\u00e9 avec filet sans noeud con l\u2019utilisation de cordage Polystil pour les parties structurelles avec finition de couture et les boutonni\u00e8res faites \u00e0 la main, selon un mod\u00e8le \u00e9labor\u00e9 \u00e0 chaque fois avec le client final. Sur demande, les filets peuvent \u00eatre fournis dans une version divisible avec l\u2019utilisation de fermetures sp\u00e9ciales \u00e0 charni\u00e8res ou de fermetures \u00e0 glissi\u00e8re en plastique haute r\u00e9sistance.<\/p>\r\n                        <\/div>\r\n              <\/div>\r\n              <div class=\"col-lg-4 col-md-4 info-details\" id=\"info\">\r\n                  <div class=\"p-details-sidebar\">\r\n                      <h4 class=\"details-title\">Info technique<\/h4>\r\n                       <div>\r\n\t\t\t\t\t\tEn raison des esp\u00e8ces de poissons \u00e0 \u00e9lever, le mat\u00e9riel constituant les filets diff\u00e8re g\u00e9n\u00e9ralement par\u00a0:\r\n\t\t\t\t\t\t<div class=\"pt-4\">\r\n\t\t\t\t\t\t\t<ul>\r\n\t\t\t\t\t\t\t<li><strong>Nylon<\/strong>: tous les types d\u2019alevin avec des mailles de 6 \u00e0 10\u00a0mm d\u2019un n\u0153ud \u00e0 l\u2019autre<\/li>\r\n\t\t\t\t\t\t\t<li><strong>Nylon et\/ou UHMWPE<\/strong>: daurade, bar, truite, ombrine, saumon, esturgeon, thon avec des mailles de 12 \u00e0 80\u00a0mm d\u2019un n\u0153ud \u00e0 l\u2019autre<\/li>\r\n\t\t\t\t\t\t\t<li><strong>Poly\u00e9thyl\u00e8ne<\/strong>: tilapia, truite avec mailles de 8 \u00e0 40\u00a0mm d\u2019un n\u0153ud \u00e0 l\u2019autre<\/li>\r\n\t\t\t\t\t\t<\/ul> \r\n\t\t\t\t\t\t   <\/div>\r\n\t\t\t\t\t<p>Le filet Ad.Aq. est disponible avec des maillages allant g\u00e9n\u00e9ralement de 4 mm \u00e0 20 mm pour les cages de basse et dorade et de 50 mm \u00e0 100 mm pour les cages de reproduction du thon. La hauteur totale de la cage peut varier en fonction des caract\u00e9ristiques du site et des indications sp\u00e9cifiques du client, d\u2019un minimum de 5 m\u00e8tres \u00e0 un maximum de 20 m\u00e8tres.\r\n\t\t\t\t\t  <\/p>\r\n                      <\/div>\r\n                      <\/div>\r\n                  <\/div>\r\n              <\/div>\r\n          <\/div>  \r\n      <\/div>","protected":false},"excerpt":{"rendered":"Filets Le filet est l\u2019\u00e9l\u00e9ment fondamental des syst\u00e8mes aquacoles. Les filets Ad.Aq. r\u00e9pondent aux normes de qualit\u00e9 les plus \u00e9lev\u00e9es, avec la possibilit\u00e9 d\u2019\u00eatre produits en nylon, poly\u00e9thyl\u00e8ne, UHMWPE. Realise avec nappe de filet sans noeud, g\u00e9n\u00e9ralement noir or blanc, avec une maille carr\u00e9e et peuvent \u00eatre livr\u00e9s sur demande avec traitement antifouling. Ils sont [&hellip;]","protected":false},"author":1,"featured_media":4635,"parent":4447,"menu_order":0,"comment_status":"closed","ping_status":"closed","template":"sub_page_adaq.php","meta":{"_acf_changed":false,"footnotes":""},"acf":[],"yoast_head":"<!-- This site is optimized with the Yoast SEO plugin v23.5 - https:\/\/yoast.com\/wordpress\/plugins\/seo\/ -->\n<title>R\u00e9seaux pour les syst\u00e8mes d&#039;aquaculture | Adaq Srl<\/title>\n<meta name=\"description\" content=\"Le filet est l&#039;\u00e9l\u00e9ment fondamental des syst\u00e8mes d&#039;aquaculture. R\u00e9seaux Ad.Aq., je r\u00e9ponds aux plus hauts standards de qualit\u00e9.\" \/>\n<meta name=\"robots\" content=\"index, follow, max-snippet:-1, max-image-preview:large, max-video-preview:-1\" \/>\n<link rel=\"canonical\" href=\"https:\/\/www.adaq.it\/fr\/aquaculture\/pisciculture\/filets\/\" \/>\n<meta property=\"og:locale\" content=\"fr_FR\" \/>\n<meta property=\"og:type\" content=\"article\" \/>\n<meta property=\"og:title\" content=\"R\u00e9seaux pour les syst\u00e8mes d&#039;aquaculture | Adaq Srl\" \/>\n<meta property=\"og:description\" content=\"Le filet est l&#039;\u00e9l\u00e9ment fondamental des syst\u00e8mes d&#039;aquaculture. R\u00e9seaux Ad.Aq., je r\u00e9ponds aux plus hauts standards de qualit\u00e9.\" \/>\n<meta property=\"og:url\" content=\"https:\/\/www.adaq.it\/fr\/aquaculture\/pisciculture\/filets\/\" \/>\n<meta property=\"og:site_name\" content=\"Adaq Srl\" \/>\n<meta property=\"article:modified_time\" content=\"2020-04-20T17:07:55+00:00\" \/>\n<meta property=\"og:image\" content=\"http:\/\/www.adaq.it\/wp-content\/uploads\/reti-header-1.jpg\" \/>\n\t<meta property=\"og:image:width\" content=\"2048\" \/>\n\t<meta property=\"og:image:height\" content=\"1530\" \/>\n\t<meta property=\"og:image:type\" content=\"image\/jpeg\" \/>\n<meta name=\"twitter:card\" content=\"summary_large_image\" \/>\n<meta name=\"twitter:label1\" content=\"Dur\u00e9e de lecture estim\u00e9e\" \/>\n\t<meta name=\"twitter:data1\" content=\"1 minute\" \/>\n<script type=\"application\/ld+json\" class=\"yoast-schema-graph\">{\"@context\":\"https:\/\/schema.org\",\"@graph\":[{\"@type\":\"WebPage\",\"@id\":\"https:\/\/www.adaq.it\/fr\/aquaculture\/pisciculture\/filets\/\",\"url\":\"https:\/\/www.adaq.it\/fr\/aquaculture\/pisciculture\/filets\/\",\"name\":\"R\u00e9seaux pour les syst\u00e8mes d'aquaculture | Adaq Srl\",\"isPartOf\":{\"@id\":\"https:\/\/www.adaq.it\/fr\/#website\"},\"primaryImageOfPage\":{\"@id\":\"https:\/\/www.adaq.it\/fr\/aquaculture\/pisciculture\/filets\/#primaryimage\"},\"image\":{\"@id\":\"https:\/\/www.adaq.it\/fr\/aquaculture\/pisciculture\/filets\/#primaryimage\"},\"thumbnailUrl\":\"https:\/\/www.adaq.it\/wp-content\/uploads\/reti-header-1.jpg\",\"datePublished\":\"2018-02-23T16:22:51+00:00\",\"dateModified\":\"2020-04-20T17:07:55+00:00\",\"description\":\"Le filet est l'\u00e9l\u00e9ment fondamental des syst\u00e8mes d'aquaculture. R\u00e9seaux Ad.Aq., je r\u00e9ponds aux plus hauts standards de qualit\u00e9.\",\"breadcrumb\":{\"@id\":\"https:\/\/www.adaq.it\/fr\/aquaculture\/pisciculture\/filets\/#breadcrumb\"},\"inLanguage\":\"fr-FR\",\"potentialAction\":[{\"@type\":\"ReadAction\",\"target\":[\"https:\/\/www.adaq.it\/fr\/aquaculture\/pisciculture\/filets\/\"]}]},{\"@type\":\"ImageObject\",\"inLanguage\":\"fr-FR\",\"@id\":\"https:\/\/www.adaq.it\/fr\/aquaculture\/pisciculture\/filets\/#primaryimage\",\"url\":\"https:\/\/www.adaq.it\/wp-content\/uploads\/reti-header-1.jpg\",\"contentUrl\":\"https:\/\/www.adaq.it\/wp-content\/uploads\/reti-header-1.jpg\",\"width\":2048,\"height\":1530},{\"@type\":\"BreadcrumbList\",\"@id\":\"https:\/\/www.adaq.it\/fr\/aquaculture\/pisciculture\/filets\/#breadcrumb\",\"itemListElement\":[{\"@type\":\"ListItem\",\"position\":1,\"name\":\"Home\",\"item\":\"http:\/\/www.adaq.it\/fr\/\"},{\"@type\":\"ListItem\",\"position\":2,\"name\":\"Aquaculture\",\"item\":\"http:\/\/www.adaq.it\/fr\/aquaculture\/\"},{\"@type\":\"ListItem\",\"position\":3,\"name\":\"Pisciculture\",\"item\":\"http:\/\/www.adaq.it\/fr\/aquaculture\/pisciculture\/\"},{\"@type\":\"ListItem\",\"position\":4,\"name\":\"Filets\"}]},{\"@type\":\"WebSite\",\"@id\":\"https:\/\/www.adaq.it\/fr\/#website\",\"url\":\"https:\/\/www.adaq.it\/fr\/\",\"name\":\"Adaq Srl\",\"description\":\"Advanced Aquaculture\",\"publisher\":{\"@id\":\"https:\/\/www.adaq.it\/fr\/#organization\"},\"potentialAction\":[{\"@type\":\"SearchAction\",\"target\":{\"@type\":\"EntryPoint\",\"urlTemplate\":\"https:\/\/www.adaq.it\/fr\/?s={search_term_string}\"},\"query-input\":{\"@type\":\"PropertyValueSpecification\",\"valueRequired\":true,\"valueName\":\"search_term_string\"}}],\"inLanguage\":\"fr-FR\"},{\"@type\":\"Organization\",\"@id\":\"https:\/\/www.adaq.it\/fr\/#organization\",\"name\":\"Adaq Srl\",\"url\":\"https:\/\/www.adaq.it\/fr\/\",\"logo\":{\"@type\":\"ImageObject\",\"inLanguage\":\"fr-FR\",\"@id\":\"https:\/\/www.adaq.it\/fr\/#\/schema\/logo\/image\/\",\"url\":\"http:\/\/www.adaq.it\/wp-content\/uploads\/logo-adaq-100.png\",\"contentUrl\":\"http:\/\/www.adaq.it\/wp-content\/uploads\/logo-adaq-100.png\",\"width\":\"104\",\"height\":\"104\",\"caption\":\"Adaq Srl\"},\"image\":{\"@id\":\"https:\/\/www.adaq.it\/fr\/#\/schema\/logo\/image\/\"}}]}<\/script>\n<!-- \/ Yoast SEO plugin. -->","yoast_head_json":{"title":"R\u00e9seaux pour les syst\u00e8mes d'aquaculture | Adaq Srl","description":"Le filet est l'\u00e9l\u00e9ment fondamental des syst\u00e8mes d'aquaculture. R\u00e9seaux Ad.Aq., je r\u00e9ponds aux plus hauts standards de qualit\u00e9.","robots":{"index":"index","follow":"follow","max-snippet":"max-snippet:-1","max-image-preview":"max-image-preview:large","max-video-preview":"max-video-preview:-1"},"canonical":"https:\/\/www.adaq.it\/fr\/aquaculture\/pisciculture\/filets\/","og_locale":"fr_FR","og_type":"article","og_title":"R\u00e9seaux pour les syst\u00e8mes d'aquaculture | Adaq Srl","og_description":"Le filet est l'\u00e9l\u00e9ment fondamental des syst\u00e8mes d'aquaculture. R\u00e9seaux Ad.Aq., je r\u00e9ponds aux plus hauts standards de qualit\u00e9.","og_url":"https:\/\/www.adaq.it\/fr\/aquaculture\/pisciculture\/filets\/","og_site_name":"Adaq Srl","article_modified_time":"2020-04-20T17:07:55+00:00","og_image":[{"width":2048,"height":1530,"url":"http:\/\/www.adaq.it\/wp-content\/uploads\/reti-header-1.jpg","type":"image\/jpeg"}],"twitter_card":"summary_large_image","twitter_misc":{"Dur\u00e9e de lecture estim\u00e9e":"1 minute"},"schema":{"@context":"https:\/\/schema.org","@graph":[{"@type":"WebPage","@id":"https:\/\/www.adaq.it\/fr\/aquaculture\/pisciculture\/filets\/","url":"https:\/\/www.adaq.it\/fr\/aquaculture\/pisciculture\/filets\/","name":"R\u00e9seaux pour les syst\u00e8mes d'aquaculture | Adaq Srl","isPartOf":{"@id":"https:\/\/www.adaq.it\/fr\/#website"},"primaryImageOfPage":{"@id":"https:\/\/www.adaq.it\/fr\/aquaculture\/pisciculture\/filets\/#primaryimage"},"image":{"@id":"https:\/\/www.adaq.it\/fr\/aquaculture\/pisciculture\/filets\/#primaryimage"},"thumbnailUrl":"https:\/\/www.adaq.it\/wp-content\/uploads\/reti-header-1.jpg","datePublished":"2018-02-23T16:22:51+00:00","dateModified":"2020-04-20T17:07:55+00:00","description":"Le filet est l'\u00e9l\u00e9ment fondamental des syst\u00e8mes d'aquaculture. R\u00e9seaux Ad.Aq., je r\u00e9ponds aux plus hauts standards de qualit\u00e9.","breadcrumb":{"@id":"https:\/\/www.adaq.it\/fr\/aquaculture\/pisciculture\/filets\/#breadcrumb"},"inLanguage":"fr-FR","potentialAction":[{"@type":"ReadAction","target":["https:\/\/www.adaq.it\/fr\/aquaculture\/pisciculture\/filets\/"]}]},{"@type":"ImageObject","inLanguage":"fr-FR","@id":"https:\/\/www.adaq.it\/fr\/aquaculture\/pisciculture\/filets\/#primaryimage","url":"https:\/\/www.adaq.it\/wp-content\/uploads\/reti-header-1.jpg","contentUrl":"https:\/\/www.adaq.it\/wp-content\/uploads\/reti-header-1.jpg","width":2048,"height":1530},{"@type":"BreadcrumbList","@id":"https:\/\/www.adaq.it\/fr\/aquaculture\/pisciculture\/filets\/#breadcrumb","itemListElement":[{"@type":"ListItem","position":1,"name":"Home","item":"http:\/\/www.adaq.it\/fr\/"},{"@type":"ListItem","position":2,"name":"Aquaculture","item":"http:\/\/www.adaq.it\/fr\/aquaculture\/"},{"@type":"ListItem","position":3,"name":"Pisciculture","item":"http:\/\/www.adaq.it\/fr\/aquaculture\/pisciculture\/"},{"@type":"ListItem","position":4,"name":"Filets"}]},{"@type":"WebSite","@id":"https:\/\/www.adaq.it\/fr\/#website","url":"https:\/\/www.adaq.it\/fr\/","name":"Adaq Srl","description":"Advanced Aquaculture","publisher":{"@id":"https:\/\/www.adaq.it\/fr\/#organization"},"potentialAction":[{"@type":"SearchAction","target":{"@type":"EntryPoint","urlTemplate":"https:\/\/www.adaq.it\/fr\/?s={search_term_string}"},"query-input":{"@type":"PropertyValueSpecification","valueRequired":true,"valueName":"search_term_string"}}],"inLanguage":"fr-FR"},{"@type":"Organization","@id":"https:\/\/www.adaq.it\/fr\/#organization","name":"Adaq Srl","url":"https:\/\/www.adaq.it\/fr\/","logo":{"@type":"ImageObject","inLanguage":"fr-FR","@id":"https:\/\/www.adaq.it\/fr\/#\/schema\/logo\/image\/","url":"http:\/\/www.adaq.it\/wp-content\/uploads\/logo-adaq-100.png","contentUrl":"http:\/\/www.adaq.it\/wp-content\/uploads\/logo-adaq-100.png","width":"104","height":"104","caption":"Adaq Srl"},"image":{"@id":"https:\/\/www.adaq.it\/fr\/#\/schema\/logo\/image\/"}}]}},"_links":{"self":[{"href":"https:\/\/www.adaq.it\/fr\/wp-json\/wp\/v2\/pages\/4634"}],"collection":[{"href":"https:\/\/www.adaq.it\/fr\/wp-json\/wp\/v2\/pages"}],"about":[{"href":"https:\/\/www.adaq.it\/fr\/wp-json\/wp\/v2\/types\/page"}],"author":[{"embeddable":true,"href":"https:\/\/www.adaq.it\/fr\/wp-json\/wp\/v2\/users\/1"}],"replies":[{"embeddable":true,"href":"https:\/\/www.adaq.it\/fr\/wp-json\/wp\/v2\/comments?post=4634"}],"version-history":[{"count":6,"href":"https:\/\/www.adaq.it\/fr\/wp-json\/wp\/v2\/pages\/4634\/revisions"}],"predecessor-version":[{"id":4758,"href":"https:\/\/www.adaq.it\/fr\/wp-json\/wp\/v2\/pages\/4634\/revisions\/4758"}],"up":[{"embeddable":true,"href":"https:\/\/www.adaq.it\/fr\/wp-json\/wp\/v2\/pages\/4447"}],"wp:featuredmedia":[{"embeddable":true,"href":"https:\/\/www.adaq.it\/fr\/wp-json\/wp\/v2\/media\/4635"}],"wp:attachment":[{"href":"https:\/\/www.adaq.it\/fr\/wp-json\/wp\/v2\/media?parent=4634"}],"curies":[{"name":"wp","href":"https:\/\/api.w.org\/{rel}","templated":true}]}}