{"id":4797,"date":"2019-02-07T15:12:17","date_gmt":"2019-02-07T14:12:17","guid":{"rendered":"http:\/\/www.adaq.it\/chantier-naval\/alucat-17\/"},"modified":"2020-04-20T19:16:06","modified_gmt":"2020-04-20T17:16:06","slug":"alucat-17","status":"publish","type":"page","link":"https:\/\/www.adaq.it\/fr\/chantier-naval\/alucat-17\/","title":{"rendered":"Alucat 17"},"content":{"rendered":"<section class=\"p-80 wow fadeIn\" data-wow-delay=\"0.5s\" style=\"visibility: visible; animation-delay: 0.5s; animation-name: fadeIn;\">\r\n          <div class=\"container\">\r\n            <div class=\"row\">\r\n              <div class=\"col-lg-8 col-md-10\">\r\n\t\t\t\t<h1>Alucat 17<\/h1>\r\n             <\/div>\r\n            <\/div>\r\n          <\/div>\r\n<\/section>\r\n<div class=\"portfolio-details-area pb-2\">\r\n      <div class=\"container\">\r\n          <div class=\"row\">\r\n              <div class=\"col-lg-8 col-md-8\">\r\n                <div uk-slideshow=\"animation: fade; autoplay: true\" class=\"uk-slideshow\">\r\n                    <div class=\"uk-position-relative uk-visible-toggle uk-light\">                \r\n                        <ul class=\"uk-slideshow-items\" style=\"height: 347px;\">\r\n                        <li class=\"\" style=\"\">\r\n                          <div class=\"p-details-img\">\r\n                              <img decoding=\"async\" src=\"..\/..\/..\/wp-content\/uploads\/alucat-dettagli.jpg\" alt=\"\" style=\"max-width: 100%;\">\r\n                          <\/div>\r\n                        <\/li>\r\n                         <li class=\"uk-active uk-transition-active\" style=\"\">\r\n                          <div class=\"p-details-img\">\r\n                              <img decoding=\"async\" src=\"..\/..\/..\/wp-content\/uploads\/alucat-2-dettagli.jpg\" alt=\"\" style=\"max-width: 100%;\">\r\n                          <\/div>\r\n                        <\/li>\r\n                                                 <li>\r\n                          <div class=\"p-details-img\">\r\n                              <img decoding=\"async\" src=\"..\/..\/..\/wp-content\/uploads\/alucat-3-dettagli.jpg\" alt=\"\" style=\"max-width: 100%;\">\r\n                          <\/div>\r\n                        <\/li>\r\n                      <\/ul>\r\n                      <a class=\"uk-position-center-left uk-position-small uk-hidden-hover uk-slidenav-previous uk-icon uk-slidenav uk-active\" href=\"#\" uk-slidenav-previous=\"\" uk-slideshow-item=\"previous\"><svg width=\"14\" height=\"24\" viewBox=\"0 0 14 24\" xmlns=\"http:\/\/www.w3.org\/2000\/svg\" ratio=\"1\"><polyline fill=\"none\" stroke=\"#000\" stroke-width=\"1.4\" points=\"12.775,1 1.225,12 12.775,23 \"><\/polyline><\/svg><\/a>\r\n    <a class=\"uk-position-center-right uk-position-small uk-hidden-hover uk-slidenav-next uk-icon uk-slidenav\" href=\"#\" uk-slidenav-next=\"\" uk-slideshow-item=\"next\"><svg width=\"14\" height=\"24\" viewBox=\"0 0 14 24\" xmlns=\"http:\/\/www.w3.org\/2000\/svg\" ratio=\"1\"><polyline fill=\"none\" stroke=\"#000\" stroke-width=\"1.4\" points=\"1.225,23 12.775,12 1.225,1 \"><\/polyline><\/svg><\/a>\r\n                    <\/div>\r\n                    <ul class=\"uk-slideshow-nav uk-dotnav uk-flex-center uk-margin\"><li uk-slideshow-item=\"0\" class=\"\"><a href=\"#\"><\/a><\/li><li uk-slideshow-item=\"1\" class=\"uk-active\"><a href=\"#\"><\/a><\/li><li uk-slideshow-item=\"2\"><a href=\"#\"><\/a><\/li><\/ul>\r\n                  <\/div>\r\n\r\n                        <div class=\"p-details-text\">\r\n                            <h4 class=\"details-title\">DESCRIPTION ET CARACT\u00c9RISTIQUES G\u00c9N\u00c9RALES<\/h4>\r\n\t\t\t\t\t\t\t<p>\r\n\t\t\t\t\t\t\tFruit d&#39;une longue exp\u00e9rience Ad.Aq. srl dans la construction d&#39;installations de\r\npisciculture en mer, le projet ALUCAT 17 pr\u00e9sente des caract\u00e9ristiques sp\u00e9cifiques et uniques pour la construction d&#39;un catamaran en aluminium polyvalent, fiable et pleinement satisfaisant la gestion des diverses activit\u00e9s planifi\u00e9es dans une\r\ninstallation.<br>\r\nGrande stabilit\u00e9 pour l&#39;utilisation des grues pour les op\u00e9rations de chargement \/ d\u00e9chargement, le lancement et la maintenance des structures et des \u00e9l\u00e9ments d&#39;amarrage, les op\u00e9rations de changement de filet aussi pour les cages de grand format, les op\u00e9rations de p\u00eache et l&#39;ensemencement des alevins.<br>\r\nGrande surface libre de couverte : plus de 60 m\u00e8tres carr\u00e9s d&#39;espace libre garantissent beaucoup d&#39;espace. Le pont en aluminium d&#39;une capacit\u00e9 de plus de 1500 kg \/ m\u00b2 permet l&#39;utilisation et la manutention de charge \u00e0 bord des bassins, de bacs et de machines auxiliaires.<br>\r\nStructure r\u00e9sistante pour l&#39;utilisation de treuils d&#39;amarrage d&#39;une capacit\u00e9 allant jusqu&#39;\u00e0 5 tonnes\r\nCabines ad\u00e9quates pour la timonerie et pour les services essentiels d&#39;h\u00e9bergement de l&#39;\u00e9quipage, divers tableaux de commande des diff\u00e9rentes fonctions du bateau.<br>\r\nNotre chantier est toujours pr\u00eat et \u00e9quip\u00e9 pour discuter et r\u00e9pondre aux demandes sp\u00e9cifiques des clients afin de mieux adapter le bateau propos\u00e9.\r\n\t\t\t\t\t\t\t<\/p>\r\n                            <p>Construction en aluminium marin Peraluman 5083H111<br>\r\n\t\t\t\t\t\t\tCouverte de plus de 60 m\u00e8tres carr\u00e9s avec une capacit\u00e9 de charge de plus de 2000 kg \/ m\u00b2<br>\r\n\t\t\t\t\t\t   Compartiments de la timonerie et de la salle \u00e0 manger, salle de bain, cuisine \u00e9quip\u00e9e et magasin<br>\r\n\t\t\t\t\t\t   Grue hydraulique 20 tonnes \u00e9l\u00e9vation a 11,5 mt<br>\r\n\t\t\t\t\t\t   N \u00b0 2 treuils \u00e0 tambour vertical<br>\r\n\t\t\t\t\t\t   Compartiments de coque pour les salles des machines, les r\u00e9servoirs et les coffres.<\/p>\r\n\t\t\t\t\t\t   <p>\r\n\t\t\t\t\t\t   <b>Approbation pour bateau de travail avec d\u00e9claration en vue de la d\u00e9livrance d&#39;un certificat de\r\nnavigabilit\u00e9 ou de consignes de s\u00e9curit\u00e9<\/b>\r\n\t\t\t\t\t\t   <\/p>\r\n\t\t\t\t\t\t<ul  uk-tab=\"animation: uk-animation-fade\">\r\n\t\t\t\t\t\t\t\t<li><a href=\"#\">DIMENSIONAL AND TECHNICAL FEATURES<\/a><\/li>\r\n\t\t\t\t\t\t\t\t<!--<li><a href=\"#\">Unit\u00e0 distribuzione mangime<\/a><\/li>-->\r\n\t\t\t\t\t\t\r\n\t\t\t\t\t\t\t<\/ul>\r\n\t\t\t\t\t\t\t<ul class=\"uk-switcher uk-margin\">\r\n\t\t\t\t\t\t\t\t<li> <div>\r\n\t\t\t\t\t\t\t\t\t<ul class=\"uk-list uk-list-divider\">\r\n\t\t\t\t\t\t\t\t\t\t<li>Longueur F.T. mt 17,80<\/li>\r\n\t\t\t\t\t\t\t\t\t\t<li>Longueur au pont de 17.00 mt<\/li>\r\n\t\t\t\t\t\t\t\t\t\t<li>Longueur de la conduite d\u2019eau 16,70 m<\/li>\r\n\t\t\t\t\t\t\t\t\t\t<li>Largeur maximale hors cadre 7,00 mt<\/li>\r\n\t\t\t\t\t\t\t\t\t\t<li>Hauteur de construction pr\u00e9liminaire 2,30 m<\/li>\r\n\t\t\t\t\t\t\t\t\t\t<li>Hauteur couverte sur le niveau de flottement mt 1.10<\/li>\r\n\t\t\t\t\t\t\t\t\t\t<li>Immersion maximale du projet 1,60 mt<\/li>\r\n\t\t\t\t\t\t\t\t\t\t<li>D\u00e9placement \u00e0 pleine charge env. t 65<\/li>\r\n\t\t\t\t\t\t\t\t\t\t<li>Capacit\u00e9 de bunker env. t 4<\/li>\r\n\t\t\t\t\t\t\t\t\t\t<li>Capacit\u00e9 de charge eau douce t 0.5<\/li>\r\n\t\t\t\t\t\t\t\t\t\t<li>Capacit\u00e9 de chargement eaux us\u00e9e t 0.3<\/li>\r\n\t\t\t\t\t\t\t\t\t\t<li>Capacit\u00e9 de charge huile hydraulique t 0.6<\/li>\r\n\t\t\t\t\t\t\t\t\t<\/ul>\r\n\t\t\t\t\t\t\t\t  <\/div><\/li>\r\n\t\t\t\t\t\t\t\t<!--<li><div>\r\n\t\t\t\t\t\t\t\t\t<ul class=\"uk-list uk-list-divider\">\r\n\t\t\t\t\t\t\t\t\t\t<li>Distributore a secco tramite soffiante posizionata a centro coperta <\/li>\r\n\t\t\t\t\t\t\t\t\t\t<li>Doppia stiva PEAD per contenimento mangime (2x4 ton.)<\/li>\r\n\t\t\t\t\t\t\t\t\t\t<li>Cannone di distribuzione in acciaio inox con spargimento automatico laterale (per aumentare l\u2019area di lancio del mangime), movimento idraulico per l\u2019orientamento del cannone con telecomando<\/li>\r\n\t\t\t\t\t\t\t\t\t\t<li>Alimentazione mangime a doppia coclea<\/li>\r\n\t\t\t\t\t\t\t\t\t\t<li>Distanza di lancio 12\/20mt<\/li>\r\n\t\t\t\t\t\t\t\t\t\t<li>4 Motori idraulici per il movimento e controllo alimentatore a coclea.<\/li>\r\n\t\t\t\t\t\t\t\t\t\t<li>1 Motore idraulico per l\u2019iniettore del mangime nella canna di lancion<\/li>\r\n\t\t\t\t\t\t\t\t\t\t<li>Movimentazione cannone di lancio tramite cilindro idraulico<\/li>\r\n\t\t\t\t\t\t\t\t\t\t<li>Soffiante idraulica <\/li>\r\n\t\t\t\t\t\t\t\t\t\t<li>Capacit\u00e0 di distribuzione da 10 a 80 kg\/min<\/li>\r\n\t\t\t\t\t\t\t\t\t\t<li>Controllo in tempo reale della quantit\u00e0 erogazione<\/li>\r\n\t\t\t\t\t\t\t\t\t\t<li>Controllo numerico su quantit\u00e0 erogata<\/li>\r\n\t\t\t\t\t\t\t\t\t\t<li>Regolatore quantit\u00e0 di mangime erogato al minuto<\/li>\r\n\t\t\t\t\t\t\t\t\t\t<li>Azionamento e controllo remoto dello spargi mangime<\/li>\r\n\t\t\t\t\t\t\t\t\t\t<li>Raffreddamento olio circuito idraulico del sistema di alimentazione con intercooler <\/li>\r\n\t\t\t\t\t\t\t\t\t\t<li>Motore Lombardini LDW 1404 quattro cilindri   HP 35  per alimentazione impianto idraulico soffiante, adibito esclusivamente all\u2019impianto idraulico. Raffreddamento ad acqua marina. Accensione e comandi in cabina<\/li>\r\n\t\t\t\t\t\t\t\t\t\t<li>Filtri decantatori acqua Racor<\/li>\r\n\t\t\t\t\t\t\t\t\t\t<li>Filtri carburante Racor<\/li>\r\n\t\t\t\t\t\t\t\t\t<\/ul>\r\n\t\t\t\t\t\t\t\t  <\/div><\/li>-->\r\n\t\t\t\t\t\t\t<\/ul>\r\n                        <\/div>\r\n\t\t\t\t  \r\n              <\/div>\r\n              <div class=\"col-lg-4 col-md-4 info-details\" id=\"info\">\r\n                  <div class=\"p-details-sidebar\">\r\n                      <h4 class=\"details-title\">MOTOPROPULSEUR<\/h4>\r\n                       <div>\r\n                        <ul class=\"uk-list\">\r\n\t\t\t\t\t\t<li>N \u00b0 2 moteurs marins mod. FTP AIFO N67 MNT M28<\/li>\r\n\t\t\t\t\t\t<li>Puissance: diesel \u00e0 injection directe de 280 CV<\/li>\r\n\t\t\t\t\t\t\t<li>6 cylindres \u00e0 2 soupapes<\/li>\r\n\t\t\t\t\t\t\t<li>D\u00e9placement total 6.7 Lt <\/li>\r\n\t\t\t\t\t\t\t<li>Inverseur ZF 3\u00a0: 1 r\u00e9duction<\/li>\r\n\t\t\t\t\t\t<\/ul>\r\n                      <\/div>\r\n\t\t\t\t\t<h4 class=\"details-title\">VITESSE<\/h4>\r\n                       <div>\r\n                        <ul class=\"uk-list\">\r\n\t\t\t\t\t\t<li>Vitesse:: 9 noeuds<\/li>\r\n\t\t\t\t\t\t<\/ul>\r\n                      <\/div>\r\n                      <\/div>\r\n                  <\/div>\r\n              <\/div>\r\n          <\/div>  \r\n      <\/div>","protected":false},"excerpt":{"rendered":"Alucat 17 DESCRIPTION ET CARACT\u00c9RISTIQUES G\u00c9N\u00c9RALES Fruit d&#39;une longue exp\u00e9rience Ad.Aq. srl dans la construction d&#39;installations de pisciculture en mer, le projet ALUCAT 17 pr\u00e9sente des caract\u00e9ristiques sp\u00e9cifiques et uniques pour la construction d&#39;un catamaran en aluminium polyvalent, fiable et pleinement satisfaisant la gestion des diverses activit\u00e9s planifi\u00e9es dans une installation. Grande stabilit\u00e9 pour l&#39;utilisation [&hellip;]","protected":false},"author":1,"featured_media":4612,"parent":4611,"menu_order":0,"comment_status":"closed","ping_status":"closed","template":"sub_page_adaq_uikit_top.php","meta":{"_acf_changed":false,"footnotes":""},"acf":[],"yoast_head":"<!-- This site is optimized with the Yoast SEO plugin v23.5 - https:\/\/yoast.com\/wordpress\/plugins\/seo\/ -->\n<title>Le bateau ALUCAT 17 pour l&#039;aquaculture | Adaq Srl<\/title>\n<meta name=\"description\" content=\"Le bateau ALUCAT 17 a des caract\u00e9ristiques sp\u00e9cifiques et uniques pour la construction d&#039;un catamaran en aluminium polyvalent\" \/>\n<meta name=\"robots\" content=\"index, follow, max-snippet:-1, max-image-preview:large, max-video-preview:-1\" \/>\n<link rel=\"canonical\" href=\"https:\/\/www.adaq.it\/fr\/chantier-naval\/alucat-17\/\" \/>\n<meta property=\"og:locale\" content=\"fr_FR\" \/>\n<meta property=\"og:type\" content=\"article\" \/>\n<meta property=\"og:title\" content=\"Le bateau ALUCAT 17 pour l&#039;aquaculture | Adaq Srl\" \/>\n<meta property=\"og:description\" content=\"Le bateau ALUCAT 17 a des caract\u00e9ristiques sp\u00e9cifiques et uniques pour la construction d&#039;un catamaran en aluminium polyvalent\" \/>\n<meta property=\"og:url\" content=\"https:\/\/www.adaq.it\/fr\/chantier-naval\/alucat-17\/\" \/>\n<meta property=\"og:site_name\" content=\"Adaq Srl\" \/>\n<meta property=\"article:modified_time\" content=\"2020-04-20T17:16:06+00:00\" \/>\n<meta property=\"og:image\" content=\"https:\/\/www.adaq.it\/wp-content\/uploads\/barche-header.jpg\" \/>\n\t<meta property=\"og:image:width\" content=\"2048\" \/>\n\t<meta property=\"og:image:height\" content=\"1360\" \/>\n\t<meta property=\"og:image:type\" content=\"image\/jpeg\" \/>\n<meta name=\"twitter:card\" content=\"summary_large_image\" \/>\n<meta name=\"twitter:label1\" content=\"Dur\u00e9e de lecture estim\u00e9e\" \/>\n\t<meta name=\"twitter:data1\" content=\"2 minutes\" \/>\n<script type=\"application\/ld+json\" class=\"yoast-schema-graph\">{\"@context\":\"https:\/\/schema.org\",\"@graph\":[{\"@type\":\"WebPage\",\"@id\":\"https:\/\/www.adaq.it\/fr\/chantier-naval\/alucat-17\/\",\"url\":\"https:\/\/www.adaq.it\/fr\/chantier-naval\/alucat-17\/\",\"name\":\"Le bateau ALUCAT 17 pour l'aquaculture | Adaq Srl\",\"isPartOf\":{\"@id\":\"http:\/\/www.adaq.it\/fr\/#website\"},\"primaryImageOfPage\":{\"@id\":\"https:\/\/www.adaq.it\/fr\/chantier-naval\/alucat-17\/#primaryimage\"},\"image\":{\"@id\":\"https:\/\/www.adaq.it\/fr\/chantier-naval\/alucat-17\/#primaryimage\"},\"thumbnailUrl\":\"https:\/\/www.adaq.it\/wp-content\/uploads\/barche-header.jpg\",\"datePublished\":\"2019-02-07T14:12:17+00:00\",\"dateModified\":\"2020-04-20T17:16:06+00:00\",\"description\":\"Le bateau ALUCAT 17 a des caract\u00e9ristiques sp\u00e9cifiques et uniques pour la construction d'un catamaran en aluminium polyvalent\",\"breadcrumb\":{\"@id\":\"https:\/\/www.adaq.it\/fr\/chantier-naval\/alucat-17\/#breadcrumb\"},\"inLanguage\":\"fr-FR\",\"potentialAction\":[{\"@type\":\"ReadAction\",\"target\":[\"https:\/\/www.adaq.it\/fr\/chantier-naval\/alucat-17\/\"]}]},{\"@type\":\"ImageObject\",\"inLanguage\":\"fr-FR\",\"@id\":\"https:\/\/www.adaq.it\/fr\/chantier-naval\/alucat-17\/#primaryimage\",\"url\":\"https:\/\/www.adaq.it\/wp-content\/uploads\/barche-header.jpg\",\"contentUrl\":\"https:\/\/www.adaq.it\/wp-content\/uploads\/barche-header.jpg\",\"width\":2048,\"height\":1360},{\"@type\":\"BreadcrumbList\",\"@id\":\"https:\/\/www.adaq.it\/fr\/chantier-naval\/alucat-17\/#breadcrumb\",\"itemListElement\":[{\"@type\":\"ListItem\",\"position\":1,\"name\":\"Home\",\"item\":\"http:\/\/www.adaq.it\/fr\/\"},{\"@type\":\"ListItem\",\"position\":2,\"name\":\"Chantier naval\",\"item\":\"http:\/\/www.adaq.it\/fr\/chantier-naval\/\"},{\"@type\":\"ListItem\",\"position\":3,\"name\":\"Alucat 17\"}]},{\"@type\":\"WebSite\",\"@id\":\"http:\/\/www.adaq.it\/fr\/#website\",\"url\":\"http:\/\/www.adaq.it\/fr\/\",\"name\":\"Adaq Srl\",\"description\":\"Advanced Aquaculture\",\"publisher\":{\"@id\":\"http:\/\/www.adaq.it\/fr\/#organization\"},\"potentialAction\":[{\"@type\":\"SearchAction\",\"target\":{\"@type\":\"EntryPoint\",\"urlTemplate\":\"http:\/\/www.adaq.it\/fr\/?s={search_term_string}\"},\"query-input\":{\"@type\":\"PropertyValueSpecification\",\"valueRequired\":true,\"valueName\":\"search_term_string\"}}],\"inLanguage\":\"fr-FR\"},{\"@type\":\"Organization\",\"@id\":\"http:\/\/www.adaq.it\/fr\/#organization\",\"name\":\"Adaq Srl\",\"url\":\"http:\/\/www.adaq.it\/fr\/\",\"logo\":{\"@type\":\"ImageObject\",\"inLanguage\":\"fr-FR\",\"@id\":\"http:\/\/www.adaq.it\/fr\/#\/schema\/logo\/image\/\",\"url\":\"http:\/\/www.adaq.it\/wp-content\/uploads\/logo-adaq-100.png\",\"contentUrl\":\"http:\/\/www.adaq.it\/wp-content\/uploads\/logo-adaq-100.png\",\"width\":\"104\",\"height\":\"104\",\"caption\":\"Adaq Srl\"},\"image\":{\"@id\":\"http:\/\/www.adaq.it\/fr\/#\/schema\/logo\/image\/\"}}]}<\/script>\n<!-- \/ Yoast SEO plugin. -->","yoast_head_json":{"title":"Le bateau ALUCAT 17 pour l'aquaculture | Adaq Srl","description":"Le bateau ALUCAT 17 a des caract\u00e9ristiques sp\u00e9cifiques et uniques pour la construction d'un catamaran en aluminium polyvalent","robots":{"index":"index","follow":"follow","max-snippet":"max-snippet:-1","max-image-preview":"max-image-preview:large","max-video-preview":"max-video-preview:-1"},"canonical":"https:\/\/www.adaq.it\/fr\/chantier-naval\/alucat-17\/","og_locale":"fr_FR","og_type":"article","og_title":"Le bateau ALUCAT 17 pour l'aquaculture | Adaq Srl","og_description":"Le bateau ALUCAT 17 a des caract\u00e9ristiques sp\u00e9cifiques et uniques pour la construction d'un catamaran en aluminium polyvalent","og_url":"https:\/\/www.adaq.it\/fr\/chantier-naval\/alucat-17\/","og_site_name":"Adaq Srl","article_modified_time":"2020-04-20T17:16:06+00:00","og_image":[{"width":2048,"height":1360,"url":"https:\/\/www.adaq.it\/wp-content\/uploads\/barche-header.jpg","type":"image\/jpeg"}],"twitter_card":"summary_large_image","twitter_misc":{"Dur\u00e9e de lecture estim\u00e9e":"2 minutes"},"schema":{"@context":"https:\/\/schema.org","@graph":[{"@type":"WebPage","@id":"https:\/\/www.adaq.it\/fr\/chantier-naval\/alucat-17\/","url":"https:\/\/www.adaq.it\/fr\/chantier-naval\/alucat-17\/","name":"Le bateau ALUCAT 17 pour l'aquaculture | Adaq Srl","isPartOf":{"@id":"http:\/\/www.adaq.it\/fr\/#website"},"primaryImageOfPage":{"@id":"https:\/\/www.adaq.it\/fr\/chantier-naval\/alucat-17\/#primaryimage"},"image":{"@id":"https:\/\/www.adaq.it\/fr\/chantier-naval\/alucat-17\/#primaryimage"},"thumbnailUrl":"https:\/\/www.adaq.it\/wp-content\/uploads\/barche-header.jpg","datePublished":"2019-02-07T14:12:17+00:00","dateModified":"2020-04-20T17:16:06+00:00","description":"Le bateau ALUCAT 17 a des caract\u00e9ristiques sp\u00e9cifiques et uniques pour la construction d'un catamaran en aluminium polyvalent","breadcrumb":{"@id":"https:\/\/www.adaq.it\/fr\/chantier-naval\/alucat-17\/#breadcrumb"},"inLanguage":"fr-FR","potentialAction":[{"@type":"ReadAction","target":["https:\/\/www.adaq.it\/fr\/chantier-naval\/alucat-17\/"]}]},{"@type":"ImageObject","inLanguage":"fr-FR","@id":"https:\/\/www.adaq.it\/fr\/chantier-naval\/alucat-17\/#primaryimage","url":"https:\/\/www.adaq.it\/wp-content\/uploads\/barche-header.jpg","contentUrl":"https:\/\/www.adaq.it\/wp-content\/uploads\/barche-header.jpg","width":2048,"height":1360},{"@type":"BreadcrumbList","@id":"https:\/\/www.adaq.it\/fr\/chantier-naval\/alucat-17\/#breadcrumb","itemListElement":[{"@type":"ListItem","position":1,"name":"Home","item":"http:\/\/www.adaq.it\/fr\/"},{"@type":"ListItem","position":2,"name":"Chantier naval","item":"http:\/\/www.adaq.it\/fr\/chantier-naval\/"},{"@type":"ListItem","position":3,"name":"Alucat 17"}]},{"@type":"WebSite","@id":"http:\/\/www.adaq.it\/fr\/#website","url":"http:\/\/www.adaq.it\/fr\/","name":"Adaq Srl","description":"Advanced Aquaculture","publisher":{"@id":"http:\/\/www.adaq.it\/fr\/#organization"},"potentialAction":[{"@type":"SearchAction","target":{"@type":"EntryPoint","urlTemplate":"http:\/\/www.adaq.it\/fr\/?s={search_term_string}"},"query-input":{"@type":"PropertyValueSpecification","valueRequired":true,"valueName":"search_term_string"}}],"inLanguage":"fr-FR"},{"@type":"Organization","@id":"http:\/\/www.adaq.it\/fr\/#organization","name":"Adaq Srl","url":"http:\/\/www.adaq.it\/fr\/","logo":{"@type":"ImageObject","inLanguage":"fr-FR","@id":"http:\/\/www.adaq.it\/fr\/#\/schema\/logo\/image\/","url":"http:\/\/www.adaq.it\/wp-content\/uploads\/logo-adaq-100.png","contentUrl":"http:\/\/www.adaq.it\/wp-content\/uploads\/logo-adaq-100.png","width":"104","height":"104","caption":"Adaq Srl"},"image":{"@id":"http:\/\/www.adaq.it\/fr\/#\/schema\/logo\/image\/"}}]}},"_links":{"self":[{"href":"https:\/\/www.adaq.it\/fr\/wp-json\/wp\/v2\/pages\/4797"}],"collection":[{"href":"https:\/\/www.adaq.it\/fr\/wp-json\/wp\/v2\/pages"}],"about":[{"href":"https:\/\/www.adaq.it\/fr\/wp-json\/wp\/v2\/types\/page"}],"author":[{"embeddable":true,"href":"https:\/\/www.adaq.it\/fr\/wp-json\/wp\/v2\/users\/1"}],"replies":[{"embeddable":true,"href":"https:\/\/www.adaq.it\/fr\/wp-json\/wp\/v2\/comments?post=4797"}],"version-history":[{"count":5,"href":"https:\/\/www.adaq.it\/fr\/wp-json\/wp\/v2\/pages\/4797\/revisions"}],"predecessor-version":[{"id":4819,"href":"https:\/\/www.adaq.it\/fr\/wp-json\/wp\/v2\/pages\/4797\/revisions\/4819"}],"up":[{"embeddable":true,"href":"https:\/\/www.adaq.it\/fr\/wp-json\/wp\/v2\/pages\/4611"}],"wp:featuredmedia":[{"embeddable":true,"href":"https:\/\/www.adaq.it\/fr\/wp-json\/wp\/v2\/media\/4612"}],"wp:attachment":[{"href":"https:\/\/www.adaq.it\/fr\/wp-json\/wp\/v2\/media?parent=4797"}],"curies":[{"name":"wp","href":"https:\/\/api.w.org\/{rel}","templated":true}]}}