{"id":4974,"date":"2019-02-07T15:07:13","date_gmt":"2019-02-07T14:07:13","guid":{"rendered":"http:\/\/www.adaq.it\/fish-feed-air-launcher\/"},"modified":"2020-04-20T19:13:56","modified_gmt":"2020-04-20T17:13:56","slug":"launcher-de-nourriture-a-aire","status":"publish","type":"page","link":"https:\/\/www.adaq.it\/fr\/aquaculture\/pisciculture\/machines\/launcher-de-nourriture-a-aire\/","title":{"rendered":"Launcher De Nourriture A Aire"},"content":{"rendered":"<section class=\"p-80 wow fadeIn\" data-wow-delay=\"0.5s\" style=\"visibility: visible; animation-delay: 0.5s; animation-name: fadeIn;\">\r\n          <div class=\"container\">\r\n            <div class=\"row\">\r\n              <div class=\"col-lg-8 col-md-10\">\r\n\t\t\t\t<h1>Launcher De Nourriture A Aire<\/h1>\r\n             <\/div>\r\n            <\/div>\r\n          <\/div>\r\n<\/section>\r\n\r\n<div class=\"portfolio-details-area pb-2\">\r\n      <div class=\"container\">\r\n          <div class=\"row\">\r\n              <div class=\"col-lg-8 col-md-8\">\r\n\t\t<div uk-slideshow=\"animation: fade; autoplay: true; min-height: 550;\" tabindex=\"-1\" class=\"uk-slideshow\">\r\n                    <div class=\"uk-position-relative uk-visible-toggle uk-light\">                \r\n                        <ul class=\"uk-slideshow-items\">\r\n                        <li class=\"\" style=\"\">\r\n                          <div class=\"p-details-img\">\r\n                              <img decoding=\"async\" src=\"..\/..\/..\/..\/..\/wp-content\/uploads\/sparamangime-capacita\u0300-200-kg.jpg\" alt=\"\" style=\"max-width: 100%;\"> \r\n\t\t\t\t\t\t\t  <div class=\"uk-overlay uk-overlay-primary uk-position-bottom uk-text-center uk-transition-slide-bottom\">\r\n\t\t\t\t\t\t\t\t<p class=\"uk-margin-remove\"> Capacit\u00e9   200 kg.<\/p>\r\n\t\t\t\t\t\t\t<\/div>\r\n                          <\/div>\r\n                        <\/li>\r\n\t\t\t\t\t\t<li class=\"\" style=\"\">\r\n                          <div class=\"p-details-img\">\r\n                              <img decoding=\"async\" src=\"..\/..\/..\/..\/..\/wp-content\/uploads\/sparamangime-particolare-soffiante.jpg\" alt=\"\" style=\"max-width: 100%;\"> \r\n\t\t\t\t\t\t\t  <div class=\"uk-overlay uk-overlay-primary uk-position-bottom uk-text-center uk-transition-slide-bottom\">\r\n\t\t\t\t\t\t\t\t<p class=\"uk-margin-remove\"> Ventilateur particulier.<\/p>\r\n\t\t\t\t\t\t\t<\/div>\r\n                          <\/div>\r\n                        <\/li>\r\n\t\t\t\t\t\t\t<li class=\"\" style=\"\">\r\n                          <div class=\"p-details-img\">\r\n                              <img decoding=\"async\" src=\"..\/..\/..\/..\/..\/wp-content\/uploads\/sparamangime-capacita\u0300-100-kg.jpg\" alt=\"\" style=\"max-width: 100%;\"> \r\n\t\t\t\t\t\t\t  <div class=\"uk-overlay uk-overlay-primary uk-position-bottom uk-text-center uk-transition-slide-bottom\">\r\n\t\t\t\t\t\t\t\t<p class=\"uk-margin-remove\"> Capacit\u00e9 100 kg.<\/p>\r\n\t\t\t\t\t\t\t<\/div>\r\n                          <\/div>\r\n                        <\/li>\r\n\t\t\t\t\t\t\t\t\t\t\t\t\t<li class=\"\" style=\"\">\r\n                          <div class=\"p-details-img\">\r\n                              <img decoding=\"async\" src=\"..\/..\/..\/..\/..\/wp-content\/uploads\/milanese.jpg\" alt=\"\" style=\"max-width: 100%;\"> \r\n\t\t\t\t\t\t\t  <div class=\"uk-overlay uk-overlay-primary uk-position-bottom uk-text-center uk-transition-slide-bottom\">\r\n\t\t\t\t\t\t\t\t<p class=\"uk-margin-remove\"><\/p>\r\n\t\t\t\t\t\t\t<\/div>\r\n                          <\/div>\r\n                        <\/li>\r\n                      <\/ul>\r\n                      <a class=\"uk-position-center-left uk-position-small uk-hidden-hover uk-slidenav-previous uk-icon uk-slidenav\" href=\"#\" uk-slidenav-previous=\"\" uk-slideshow-item=\"previous\"><svg width=\"14\" height=\"24\" viewBox=\"0 0 14 24\" xmlns=\"http:\/\/www.w3.org\/2000\/svg\" ratio=\"1\"><polyline fill=\"none\" stroke=\"#000\" stroke-width=\"1.4\" points=\"12.775,1 1.225,12 12.775,23 \"><\/polyline><\/svg><\/a>\r\n    <a class=\"uk-position-center-right uk-position-small uk-hidden-hover uk-slidenav-next uk-icon uk-slidenav uk-active\" href=\"#\" uk-slidenav-next=\"\" uk-slideshow-item=\"next\"><svg width=\"14\" height=\"24\" viewBox=\"0 0 14 24\" xmlns=\"http:\/\/www.w3.org\/2000\/svg\" ratio=\"1\"><polyline fill=\"none\" stroke=\"#000\" stroke-width=\"1.4\" points=\"1.225,23 12.775,12 1.225,1 \"><\/polyline><\/svg><\/a>\r\n                    <\/div>\r\n                    <ul class=\"uk-slideshow-nav uk-dotnav uk-flex-center uk-margin\"><li uk-slideshow-item=\"0\" class=\"\"><a href=\"#\"><\/a><\/li><li uk-slideshow-item=\"1\" class=\"\"><a href=\"#\"><\/a><\/li><li uk-slideshow-item=\"2\" class=\"uk-active\"><a href=\"#\"><\/a><\/li><li uk-slideshow-item=\"3\" class=\"\"><a href=\"#\"><\/a><\/li><li uk-slideshow-item=\"4\" class=\"\"><a href=\"#\"><\/a><\/li><\/ul>\r\n                  <\/div>\r\n\t\t\t\t  \r\n              <\/div>\r\n\t\t\t  \t<div class=\"col-lg-4 col-md-4 info-details\" id=\"info\">\r\n                  <div class=\"p-details-sidebar\">\r\n                      <\/div>\r\n\t\t\t  <\/div>\r\n              <\/div>\r\n          <\/div>  \r\n      <\/div>\r\n\r\n<section class=\"pb-4 wow fadeIn\" data-wow-delay=\"0.5s\" style=\"visibility: visible; animation-delay: 0.5s; animation-name: fadeIn;\">\r\n          <div class=\"container\">\r\n            <div class=\"row\">\r\n              <div class=\"col\">\r\n\t\t\t\t<div class=\"p-details-text\">\r\n                             <p>Les mod\u00e8les d&rsquo;\u00e9pandeurs d&rsquo;aliments pour poissons Ad.Aq sont tous con\u00e7us avec l&rsquo;utilisation d&rsquo;un transporteur a\u00e9rien produit par des soufflantes actionn\u00e9es par des moteurs \u00e0 combustion interne.<br>\r\n\t\t\t\t\t\t\t Compacts et r\u00e9sistants \u00e0 la corrosion en milieu marin, ils ont des capacit\u00e9s diff\u00e9rentes tr\u00e9mie et sont tous r\u00e9glables manuellement pour la quantit\u00e9 de nourriture qui peut \u00eatre jet\u00e9e.\r\n\t\t\t\t\t\t\t Ad.Aq. propose une large gamme d&rsquo;\u00e9pandeur: d&rsquo;une capacit\u00e9 de tr\u00e9mie de 50 kg \u00e0 100, 200 et 500 kg.<br>\r\n\t\t\t\t\t\t\tAd.Aq. cr\u00e9e \u00e9galement des versions <strong>sur mesure<\/strong> avec des r\u00e9servoirs \/ tr\u00e9mies PEAD pour les adapter aux besoins des clients qui souhaitent les placer sur des bateaux de service sp\u00e9cifiques.\r\n\r\n<\/p>\r\n\t\t\t\t\t   <p>\r\n\t\t\t\t\t   <\/p>\r\n\t\t\t\t  <\/div>\r\n             <\/div>\r\n            <\/div>\r\n          <\/div>\r\n<\/section>","protected":false},"excerpt":{"rendered":"Launcher De Nourriture A Aire Capacit\u00e9 200 kg. Ventilateur particulier. Capacit\u00e9 100 kg. Les mod\u00e8les d&rsquo;\u00e9pandeurs d&rsquo;aliments pour poissons Ad.Aq sont tous con\u00e7us avec l&rsquo;utilisation d&rsquo;un transporteur a\u00e9rien produit par des soufflantes actionn\u00e9es par des moteurs \u00e0 combustion interne. Compacts et r\u00e9sistants \u00e0 la corrosion en milieu marin, ils ont des capacit\u00e9s diff\u00e9rentes tr\u00e9mie et [&hellip;]","protected":false},"author":1,"featured_media":4462,"parent":4987,"menu_order":0,"comment_status":"closed","ping_status":"closed","template":"sub_page_adaq_uikit.php","meta":{"_acf_changed":false,"footnotes":""},"acf":[],"yoast_head":"<!-- This site is optimized with the Yoast SEO plugin v23.5 - https:\/\/yoast.com\/wordpress\/plugins\/seo\/ -->\n<title>Mangeoires professionnelles pour la pisciculture | Adaq Srl<\/title>\n<meta name=\"description\" content=\"Les mod\u00e8les de garde-boue Ad.Aq. ils sont tous con\u00e7us avec l&#039;utilisation d&#039;un transporteur a\u00e9rien produit par des soufflantes qui sont \u00e0 leur tour aliment\u00e9es par des moteurs \u00e0 combustion interne.\" \/>\n<meta name=\"robots\" content=\"index, follow, max-snippet:-1, max-image-preview:large, max-video-preview:-1\" \/>\n<link rel=\"canonical\" href=\"https:\/\/www.adaq.it\/fr\/aquaculture\/pisciculture\/machines\/launcher-de-nourriture-a-aire\/\" \/>\n<meta property=\"og:locale\" content=\"fr_FR\" \/>\n<meta property=\"og:type\" content=\"article\" \/>\n<meta property=\"og:title\" content=\"Mangeoires professionnelles pour la pisciculture | Adaq Srl\" \/>\n<meta property=\"og:description\" content=\"Les mod\u00e8les de garde-boue Ad.Aq. ils sont tous con\u00e7us avec l&#039;utilisation d&#039;un transporteur a\u00e9rien produit par des soufflantes qui sont \u00e0 leur tour aliment\u00e9es par des moteurs \u00e0 combustion interne.\" \/>\n<meta property=\"og:url\" content=\"https:\/\/www.adaq.it\/fr\/aquaculture\/pisciculture\/machines\/launcher-de-nourriture-a-aire\/\" \/>\n<meta property=\"og:site_name\" content=\"Adaq Srl\" \/>\n<meta property=\"article:modified_time\" content=\"2020-04-20T17:13:56+00:00\" \/>\n<meta property=\"og:image\" content=\"http:\/\/www.adaq.it\/wp-content\/uploads\/gabbia-header3.jpg\" \/>\n\t<meta property=\"og:image:width\" content=\"2048\" \/>\n\t<meta property=\"og:image:height\" content=\"1536\" \/>\n\t<meta property=\"og:image:type\" content=\"image\/jpeg\" \/>\n<meta name=\"twitter:card\" content=\"summary_large_image\" \/>\n<meta name=\"twitter:label1\" content=\"Dur\u00e9e de lecture estim\u00e9e\" \/>\n\t<meta name=\"twitter:data1\" content=\"1 minute\" \/>\n<script type=\"application\/ld+json\" class=\"yoast-schema-graph\">{\"@context\":\"https:\/\/schema.org\",\"@graph\":[{\"@type\":\"WebPage\",\"@id\":\"https:\/\/www.adaq.it\/fr\/aquaculture\/pisciculture\/machines\/launcher-de-nourriture-a-aire\/\",\"url\":\"https:\/\/www.adaq.it\/fr\/aquaculture\/pisciculture\/machines\/launcher-de-nourriture-a-aire\/\",\"name\":\"Mangeoires professionnelles pour la pisciculture | Adaq Srl\",\"isPartOf\":{\"@id\":\"https:\/\/www.adaq.it\/fr\/#website\"},\"primaryImageOfPage\":{\"@id\":\"https:\/\/www.adaq.it\/fr\/aquaculture\/pisciculture\/machines\/launcher-de-nourriture-a-aire\/#primaryimage\"},\"image\":{\"@id\":\"https:\/\/www.adaq.it\/fr\/aquaculture\/pisciculture\/machines\/launcher-de-nourriture-a-aire\/#primaryimage\"},\"thumbnailUrl\":\"https:\/\/www.adaq.it\/wp-content\/uploads\/gabbia-header3.jpg\",\"datePublished\":\"2019-02-07T14:07:13+00:00\",\"dateModified\":\"2020-04-20T17:13:56+00:00\",\"description\":\"Les mod\u00e8les de garde-boue Ad.Aq. ils sont tous con\u00e7us avec l'utilisation d'un transporteur a\u00e9rien produit par des soufflantes qui sont \u00e0 leur tour aliment\u00e9es par des moteurs \u00e0 combustion interne.\",\"breadcrumb\":{\"@id\":\"https:\/\/www.adaq.it\/fr\/aquaculture\/pisciculture\/machines\/launcher-de-nourriture-a-aire\/#breadcrumb\"},\"inLanguage\":\"fr-FR\",\"potentialAction\":[{\"@type\":\"ReadAction\",\"target\":[\"https:\/\/www.adaq.it\/fr\/aquaculture\/pisciculture\/machines\/launcher-de-nourriture-a-aire\/\"]}]},{\"@type\":\"ImageObject\",\"inLanguage\":\"fr-FR\",\"@id\":\"https:\/\/www.adaq.it\/fr\/aquaculture\/pisciculture\/machines\/launcher-de-nourriture-a-aire\/#primaryimage\",\"url\":\"https:\/\/www.adaq.it\/wp-content\/uploads\/gabbia-header3.jpg\",\"contentUrl\":\"https:\/\/www.adaq.it\/wp-content\/uploads\/gabbia-header3.jpg\",\"width\":2048,\"height\":1536},{\"@type\":\"BreadcrumbList\",\"@id\":\"https:\/\/www.adaq.it\/fr\/aquaculture\/pisciculture\/machines\/launcher-de-nourriture-a-aire\/#breadcrumb\",\"itemListElement\":[{\"@type\":\"ListItem\",\"position\":1,\"name\":\"Home\",\"item\":\"http:\/\/www.adaq.it\/fr\/\"},{\"@type\":\"ListItem\",\"position\":2,\"name\":\"Aquaculture\",\"item\":\"http:\/\/www.adaq.it\/fr\/aquaculture\/\"},{\"@type\":\"ListItem\",\"position\":3,\"name\":\"Pisciculture\",\"item\":\"http:\/\/www.adaq.it\/fr\/aquaculture\/pisciculture\/\"},{\"@type\":\"ListItem\",\"position\":4,\"name\":\"Machines\",\"item\":\"https:\/\/www.adaq.it\/fr\/aquaculture\/pisciculture\/machines\/\"},{\"@type\":\"ListItem\",\"position\":5,\"name\":\"Launcher De Nourriture A Aire\"}]},{\"@type\":\"WebSite\",\"@id\":\"https:\/\/www.adaq.it\/fr\/#website\",\"url\":\"https:\/\/www.adaq.it\/fr\/\",\"name\":\"Adaq Srl\",\"description\":\"Advanced Aquaculture\",\"publisher\":{\"@id\":\"https:\/\/www.adaq.it\/fr\/#organization\"},\"potentialAction\":[{\"@type\":\"SearchAction\",\"target\":{\"@type\":\"EntryPoint\",\"urlTemplate\":\"https:\/\/www.adaq.it\/fr\/?s={search_term_string}\"},\"query-input\":{\"@type\":\"PropertyValueSpecification\",\"valueRequired\":true,\"valueName\":\"search_term_string\"}}],\"inLanguage\":\"fr-FR\"},{\"@type\":\"Organization\",\"@id\":\"https:\/\/www.adaq.it\/fr\/#organization\",\"name\":\"Adaq Srl\",\"url\":\"https:\/\/www.adaq.it\/fr\/\",\"logo\":{\"@type\":\"ImageObject\",\"inLanguage\":\"fr-FR\",\"@id\":\"https:\/\/www.adaq.it\/fr\/#\/schema\/logo\/image\/\",\"url\":\"http:\/\/www.adaq.it\/wp-content\/uploads\/logo-adaq-100.png\",\"contentUrl\":\"http:\/\/www.adaq.it\/wp-content\/uploads\/logo-adaq-100.png\",\"width\":\"104\",\"height\":\"104\",\"caption\":\"Adaq Srl\"},\"image\":{\"@id\":\"https:\/\/www.adaq.it\/fr\/#\/schema\/logo\/image\/\"}}]}<\/script>\n<!-- \/ Yoast SEO plugin. -->","yoast_head_json":{"title":"Mangeoires professionnelles pour la pisciculture | Adaq Srl","description":"Les mod\u00e8les de garde-boue Ad.Aq. ils sont tous con\u00e7us avec l'utilisation d'un transporteur a\u00e9rien produit par des soufflantes qui sont \u00e0 leur tour aliment\u00e9es par des moteurs \u00e0 combustion interne.","robots":{"index":"index","follow":"follow","max-snippet":"max-snippet:-1","max-image-preview":"max-image-preview:large","max-video-preview":"max-video-preview:-1"},"canonical":"https:\/\/www.adaq.it\/fr\/aquaculture\/pisciculture\/machines\/launcher-de-nourriture-a-aire\/","og_locale":"fr_FR","og_type":"article","og_title":"Mangeoires professionnelles pour la pisciculture | Adaq Srl","og_description":"Les mod\u00e8les de garde-boue Ad.Aq. ils sont tous con\u00e7us avec l'utilisation d'un transporteur a\u00e9rien produit par des soufflantes qui sont \u00e0 leur tour aliment\u00e9es par des moteurs \u00e0 combustion interne.","og_url":"https:\/\/www.adaq.it\/fr\/aquaculture\/pisciculture\/machines\/launcher-de-nourriture-a-aire\/","og_site_name":"Adaq Srl","article_modified_time":"2020-04-20T17:13:56+00:00","og_image":[{"width":2048,"height":1536,"url":"http:\/\/www.adaq.it\/wp-content\/uploads\/gabbia-header3.jpg","type":"image\/jpeg"}],"twitter_card":"summary_large_image","twitter_misc":{"Dur\u00e9e de lecture estim\u00e9e":"1 minute"},"schema":{"@context":"https:\/\/schema.org","@graph":[{"@type":"WebPage","@id":"https:\/\/www.adaq.it\/fr\/aquaculture\/pisciculture\/machines\/launcher-de-nourriture-a-aire\/","url":"https:\/\/www.adaq.it\/fr\/aquaculture\/pisciculture\/machines\/launcher-de-nourriture-a-aire\/","name":"Mangeoires professionnelles pour la pisciculture | Adaq Srl","isPartOf":{"@id":"https:\/\/www.adaq.it\/fr\/#website"},"primaryImageOfPage":{"@id":"https:\/\/www.adaq.it\/fr\/aquaculture\/pisciculture\/machines\/launcher-de-nourriture-a-aire\/#primaryimage"},"image":{"@id":"https:\/\/www.adaq.it\/fr\/aquaculture\/pisciculture\/machines\/launcher-de-nourriture-a-aire\/#primaryimage"},"thumbnailUrl":"https:\/\/www.adaq.it\/wp-content\/uploads\/gabbia-header3.jpg","datePublished":"2019-02-07T14:07:13+00:00","dateModified":"2020-04-20T17:13:56+00:00","description":"Les mod\u00e8les de garde-boue Ad.Aq. ils sont tous con\u00e7us avec l'utilisation d'un transporteur a\u00e9rien produit par des soufflantes qui sont \u00e0 leur tour aliment\u00e9es par des moteurs \u00e0 combustion interne.","breadcrumb":{"@id":"https:\/\/www.adaq.it\/fr\/aquaculture\/pisciculture\/machines\/launcher-de-nourriture-a-aire\/#breadcrumb"},"inLanguage":"fr-FR","potentialAction":[{"@type":"ReadAction","target":["https:\/\/www.adaq.it\/fr\/aquaculture\/pisciculture\/machines\/launcher-de-nourriture-a-aire\/"]}]},{"@type":"ImageObject","inLanguage":"fr-FR","@id":"https:\/\/www.adaq.it\/fr\/aquaculture\/pisciculture\/machines\/launcher-de-nourriture-a-aire\/#primaryimage","url":"https:\/\/www.adaq.it\/wp-content\/uploads\/gabbia-header3.jpg","contentUrl":"https:\/\/www.adaq.it\/wp-content\/uploads\/gabbia-header3.jpg","width":2048,"height":1536},{"@type":"BreadcrumbList","@id":"https:\/\/www.adaq.it\/fr\/aquaculture\/pisciculture\/machines\/launcher-de-nourriture-a-aire\/#breadcrumb","itemListElement":[{"@type":"ListItem","position":1,"name":"Home","item":"http:\/\/www.adaq.it\/fr\/"},{"@type":"ListItem","position":2,"name":"Aquaculture","item":"http:\/\/www.adaq.it\/fr\/aquaculture\/"},{"@type":"ListItem","position":3,"name":"Pisciculture","item":"http:\/\/www.adaq.it\/fr\/aquaculture\/pisciculture\/"},{"@type":"ListItem","position":4,"name":"Machines","item":"https:\/\/www.adaq.it\/fr\/aquaculture\/pisciculture\/machines\/"},{"@type":"ListItem","position":5,"name":"Launcher De Nourriture A Aire"}]},{"@type":"WebSite","@id":"https:\/\/www.adaq.it\/fr\/#website","url":"https:\/\/www.adaq.it\/fr\/","name":"Adaq Srl","description":"Advanced Aquaculture","publisher":{"@id":"https:\/\/www.adaq.it\/fr\/#organization"},"potentialAction":[{"@type":"SearchAction","target":{"@type":"EntryPoint","urlTemplate":"https:\/\/www.adaq.it\/fr\/?s={search_term_string}"},"query-input":{"@type":"PropertyValueSpecification","valueRequired":true,"valueName":"search_term_string"}}],"inLanguage":"fr-FR"},{"@type":"Organization","@id":"https:\/\/www.adaq.it\/fr\/#organization","name":"Adaq Srl","url":"https:\/\/www.adaq.it\/fr\/","logo":{"@type":"ImageObject","inLanguage":"fr-FR","@id":"https:\/\/www.adaq.it\/fr\/#\/schema\/logo\/image\/","url":"http:\/\/www.adaq.it\/wp-content\/uploads\/logo-adaq-100.png","contentUrl":"http:\/\/www.adaq.it\/wp-content\/uploads\/logo-adaq-100.png","width":"104","height":"104","caption":"Adaq Srl"},"image":{"@id":"https:\/\/www.adaq.it\/fr\/#\/schema\/logo\/image\/"}}]}},"_links":{"self":[{"href":"https:\/\/www.adaq.it\/fr\/wp-json\/wp\/v2\/pages\/4974"}],"collection":[{"href":"https:\/\/www.adaq.it\/fr\/wp-json\/wp\/v2\/pages"}],"about":[{"href":"https:\/\/www.adaq.it\/fr\/wp-json\/wp\/v2\/types\/page"}],"author":[{"embeddable":true,"href":"https:\/\/www.adaq.it\/fr\/wp-json\/wp\/v2\/users\/1"}],"replies":[{"embeddable":true,"href":"https:\/\/www.adaq.it\/fr\/wp-json\/wp\/v2\/comments?post=4974"}],"version-history":[{"count":2,"href":"https:\/\/www.adaq.it\/fr\/wp-json\/wp\/v2\/pages\/4974\/revisions"}],"predecessor-version":[{"id":4976,"href":"https:\/\/www.adaq.it\/fr\/wp-json\/wp\/v2\/pages\/4974\/revisions\/4976"}],"up":[{"embeddable":true,"href":"https:\/\/www.adaq.it\/fr\/wp-json\/wp\/v2\/pages\/4987"}],"wp:featuredmedia":[{"embeddable":true,"href":"https:\/\/www.adaq.it\/fr\/wp-json\/wp\/v2\/media\/4462"}],"wp:attachment":[{"href":"https:\/\/www.adaq.it\/fr\/wp-json\/wp\/v2\/media?parent=4974"}],"curies":[{"name":"wp","href":"https:\/\/api.w.org\/{rel}","templated":true}]}}