{"id":4980,"date":"2020-01-12T18:38:38","date_gmt":"2020-01-12T17:38:38","guid":{"rendered":"http:\/\/www.adaq.it\/?page_id=4980"},"modified":"2020-04-20T19:14:37","modified_gmt":"2020-04-20T17:14:37","slug":"machines-a-laver","status":"publish","type":"page","link":"https:\/\/www.adaq.it\/fr\/aquaculture\/pisciculture\/machines\/machines-a-laver\/","title":{"rendered":"Machines \u00c0 Laver"},"content":{"rendered":"<section class=\"p-80 wow fadeIn\" data-wow-delay=\"0.5s\" style=\"visibility: visible; animation-delay: 0.5s; animation-name: fadeIn;\">\r\n          <div class=\"container\">\r\n            <div class=\"row\">\r\n              <div class=\"col-lg-8 col-md-10\">\r\n\t\t\t\t<h1>Machines \u00c0 Laver <\/h1>\r\n             <\/div>\r\n            <\/div>\r\n          <\/div>\r\n<\/section>\r\n\r\n<div class=\"portfolio-details-area pb-2\">\r\n      <div class=\"container\">\r\n          <div class=\"row\">\r\n              <div class=\"col-lg-8 col-md-8\">\r\n\t\t<div uk-slideshow=\"animation: fade; autoplay: true; min-height: 550;\" tabindex=\"-1\" class=\"uk-slideshow\">\r\n                    <div class=\"uk-position-relative uk-visible-toggle uk-light\">                \r\n                        <ul class=\"uk-slideshow-items\">\r\n                        <li class=\"\" style=\"\">\r\n                          <div class=\"p-details-img\">\r\n                              <img decoding=\"async\" src=\"..\/..\/..\/..\/..\/wp-content\/uploads\/Modello-15-CBM-con-quadro-elettrico.jpg\" alt=\"\" style=\"max-width: 100%;\"> \r\n\t\t\t\t\t\t\t  <div class=\"uk-overlay uk-overlay-primary uk-position-bottom uk-text-center uk-transition-slide-bottom\">\r\n\t\t\t\t\t\t\t\t<p class=\"uk-margin-remove\"> 15 CBM.<\/p>\r\n\t\t\t\t\t\t\t<\/div>\r\n                          <\/div>\r\n                        <\/li>\r\n\t\t\t\t\t\t<li class=\"\" style=\"\">\r\n                          <div class=\"p-details-img\">\r\n                              <img decoding=\"async\" src=\"..\/..\/..\/..\/..\/wp-content\/uploads\/modello-6-5-CBM.jpg\" alt=\"\" style=\"max-width: 100%;\"> \r\n\t\t\t\t\t\t\t  <div class=\"uk-overlay uk-overlay-primary uk-position-bottom uk-text-center uk-transition-slide-bottom\">\r\n\t\t\t\t\t\t\t\t<p class=\"uk-margin-remove\"> 6.5 CBM.<\/p>\r\n\t\t\t\t\t\t\t<\/div>\r\n                          <\/div>\r\n                        <\/li>\r\n\t\t\t\t\t\t\t<li class=\"\" style=\"\">\r\n                          <div class=\"p-details-img\">\r\n                              <img decoding=\"async\" src=\"..\/..\/..\/..\/..\/wp-content\/uploads\/modello-15-CBM.jpg\" alt=\"\" style=\"max-width: 100%;\"> \r\n\t\t\t\t\t\t\t  <div class=\"uk-overlay uk-overlay-primary uk-position-bottom uk-text-center uk-transition-slide-bottom\">\r\n\t\t\t\t\t\t\t\t<p class=\"uk-margin-remove\"> 15 CBM.<\/p>\r\n\t\t\t\t\t\t\t<\/div>\r\n                          <\/div>\r\n                        <\/li>\r\n\t\t\t\t\t\t\t\t\t\t\t\t\t<li class=\"\" style=\"\">\r\n                          <div class=\"p-details-img\">\r\n                              <img decoding=\"async\" src=\"..\/..\/..\/..\/..\/wp-content\/uploads\/supporto-a-cuscinetto-e-entrata-acqua.jpg\" alt=\"\" style=\"max-width: 100%;\"> \r\n\t\t\t\t\t\t\t  <div class=\"uk-overlay uk-overlay-primary uk-position-bottom uk-text-center uk-transition-slide-bottom\">\r\n\t\t\t\t\t\t\t\t<p class=\"uk-margin-remove\">Support de roulement et entr\u00e9e d&rsquo;eau.<\/p>\r\n\t\t\t\t\t\t\t<\/div>\r\n                          <\/div>\r\n                        <\/li>\r\n\t\t\t\t\t\t\t\t\t\t\t\t\t<li class=\"\" style=\"\">\r\n                          <div class=\"p-details-img\">\r\n                              <img decoding=\"async\" src=\"..\/..\/..\/..\/..\/wp-content\/uploads\/motore-e-riduttore-meccanico.jpg\" alt=\"\" style=\"max-width: 100%;\"> \r\n\t\t\t\t\t\t\t  <div class=\"uk-overlay uk-overlay-primary uk-position-bottom uk-text-center uk-transition-slide-bottom\">\r\n\t\t\t\t\t\t\t\t<p class=\"uk-margin-remove\">Moteur et r\u00e9ducteur m\u00e9canique.<\/p>\r\n\t\t\t\t\t\t\t<\/div>\r\n                          <\/div>\r\n                        <\/li>\r\n                      <\/ul>\r\n                      <a class=\"uk-position-center-left uk-position-small uk-hidden-hover uk-slidenav-previous uk-icon uk-slidenav\" href=\"#\" uk-slidenav-previous=\"\" uk-slideshow-item=\"previous\"><svg width=\"14\" height=\"24\" viewBox=\"0 0 14 24\" xmlns=\"http:\/\/www.w3.org\/2000\/svg\" ratio=\"1\"><polyline fill=\"none\" stroke=\"#000\" stroke-width=\"1.4\" points=\"12.775,1 1.225,12 12.775,23 \"><\/polyline><\/svg><\/a>\r\n    <a class=\"uk-position-center-right uk-position-small uk-hidden-hover uk-slidenav-next uk-icon uk-slidenav uk-active\" href=\"#\" uk-slidenav-next=\"\" uk-slideshow-item=\"next\"><svg width=\"14\" height=\"24\" viewBox=\"0 0 14 24\" xmlns=\"http:\/\/www.w3.org\/2000\/svg\" ratio=\"1\"><polyline fill=\"none\" stroke=\"#000\" stroke-width=\"1.4\" points=\"1.225,23 12.775,12 1.225,1 \"><\/polyline><\/svg><\/a>\r\n                    <\/div>\r\n                    <ul class=\"uk-slideshow-nav uk-dotnav uk-flex-center uk-margin\"><li uk-slideshow-item=\"0\" class=\"\"><a href=\"#\"><\/a><\/li><li uk-slideshow-item=\"1\" class=\"\"><a href=\"#\"><\/a><\/li><li uk-slideshow-item=\"2\" class=\"uk-active\"><a href=\"#\"><\/a><\/li><li uk-slideshow-item=\"3\" class=\"\"><a href=\"#\"><\/a><\/li><li uk-slideshow-item=\"4\" class=\"\"><a href=\"#\"><\/a><\/li><\/ul>\r\n                  <\/div>\r\n\t\t\t\t  \r\n              <\/div>\r\n\t\t\t  \t<div class=\"col-lg-4 col-md-4 info-details\" id=\"info\">\r\n                  <div class=\"p-details-sidebar\">\r\n\t\t\t\t  <h4>\r\n\t\t\t\t Donn\u00e9es techniques\r\n\t\t\t\t  <\/h4>\r\n                          <p><u>Alimentation<\/u>: 380-400 V<\/p>\r\n\t\t\t\t\t\t\t<p>Mod\u00e8les disponibles avec une capacit\u00e9 en m\u00e8tres cubes:<\/p><ul>\r\n\t\t\t\t\t\t\t<li>6.5 CBM<\/li>\r\n\t\t\t\t\t\t\t<li>9.5 CBM<\/li>\r\n\t\t\t\t\t\t\t<li>12 CBM<\/li>\r\n\t\t\t\t\t\t\t<li>15 CBM<\/li>\r\n\t\t\t\t\t\t\t<\/ul>\r\n                      <\/div>\r\n\t\t\t  <\/div>\r\n              <\/div>\r\n          <\/div>  \r\n      <\/div>\r\n\r\n<section class=\"pb-4 wow fadeIn\" data-wow-delay=\"0.5s\" style=\"visibility: visible; animation-delay: 0.5s; animation-name: fadeIn;\">\r\n          <div class=\"container\">\r\n            <div class=\"row\">\r\n              <div class=\"col\">\r\n\t\t\t\t<div class=\"p-details-text\">\r\n                             <p>D\u00e9velopp\u00e9s pour la fonction sp\u00e9cifique de lavage des filets d&rsquo;\u00e9levage, ils sont essentiellement compos\u00e9s d&rsquo;un cadre en acier galvanis\u00e9 et d&rsquo;un tambour de lavage en acier inoxydable qui tournant dans les deux verset claque le filet contenu dans un bain d&rsquo;eau constamment renouvel\u00e9.<br>\r\n\t\t\t\t\t\t\t Toutes les fonctions \u00e9lectriques sont r\u00e9gies par un panneau sp\u00e9cial avec possibilit\u00e9 de r\u00e9glage complet du cycle de lavage pour les temps, la vitesse, le sens de rotation. La grande porte battante double permet de charger facilement les filets \u00e0 traiter ainsi que les leur r\u00e9cup\u00e9ration pratique une fois le cycle de lavage termin\u00e9.<\/p>\r\n\t\t\t\t\t   <p>\r\n\t\t\t\t\t   <\/p>\r\n\t\t\t\t  <\/div>\r\n             <\/div>\r\n            <\/div>\r\n          <\/div>\r\n<\/section>","protected":false},"excerpt":{"rendered":"Machines \u00c0 Laver 15 CBM. 6.5 CBM. 15 CBM. Support de roulement et entr\u00e9e d&rsquo;eau. Moteur et r\u00e9ducteur m\u00e9canique. Donn\u00e9es techniques Alimentation: 380-400 V Mod\u00e8les disponibles avec une capacit\u00e9 en m\u00e8tres cubes: 6.5 CBM 9.5 CBM 12 CBM 15 CBM D\u00e9velopp\u00e9s pour la fonction sp\u00e9cifique de lavage des filets d&rsquo;\u00e9levage, ils sont essentiellement compos\u00e9s d&rsquo;un [&hellip;]","protected":false},"author":1,"featured_media":4462,"parent":4987,"menu_order":0,"comment_status":"closed","ping_status":"closed","template":"sub_page_adaq_uikit.php","meta":{"_acf_changed":false,"footnotes":""},"acf":[],"yoast_head":"<!-- This site is optimized with the Yoast SEO plugin v23.5 - https:\/\/yoast.com\/wordpress\/plugins\/seo\/ -->\n<title>Rondelles professionnelles pour la pisciculture | Adaq Srl<\/title>\n<meta name=\"description\" content=\"D\u00e9velopp\u00e9s pour la fonction sp\u00e9cifique de lavage des filets d&#039;\u00e9levage, ils sont essentiellement constitu\u00e9s d&#039;une ossature en acier galvanis\u00e9 dans un bain.\" \/>\n<meta name=\"robots\" content=\"index, follow, max-snippet:-1, max-image-preview:large, max-video-preview:-1\" \/>\n<link rel=\"canonical\" href=\"https:\/\/www.adaq.it\/fr\/aquaculture\/pisciculture\/machines\/machines-a-laver\/\" \/>\n<meta property=\"og:locale\" content=\"fr_FR\" \/>\n<meta property=\"og:type\" content=\"article\" \/>\n<meta property=\"og:title\" content=\"Rondelles professionnelles pour la pisciculture | Adaq Srl\" \/>\n<meta property=\"og:description\" content=\"D\u00e9velopp\u00e9s pour la fonction sp\u00e9cifique de lavage des filets d&#039;\u00e9levage, ils sont essentiellement constitu\u00e9s d&#039;une ossature en acier galvanis\u00e9 dans un bain.\" \/>\n<meta property=\"og:url\" content=\"https:\/\/www.adaq.it\/fr\/aquaculture\/pisciculture\/machines\/machines-a-laver\/\" \/>\n<meta property=\"og:site_name\" content=\"Adaq Srl\" \/>\n<meta property=\"article:modified_time\" content=\"2020-04-20T17:14:37+00:00\" \/>\n<meta property=\"og:image\" content=\"https:\/\/www.adaq.it\/wp-content\/uploads\/gabbia-header3.jpg\" \/>\n\t<meta property=\"og:image:width\" content=\"2048\" \/>\n\t<meta property=\"og:image:height\" content=\"1536\" \/>\n\t<meta property=\"og:image:type\" content=\"image\/jpeg\" \/>\n<meta name=\"twitter:card\" content=\"summary_large_image\" \/>\n<meta name=\"twitter:label1\" content=\"Dur\u00e9e de lecture estim\u00e9e\" \/>\n\t<meta name=\"twitter:data1\" content=\"1 minute\" \/>\n<script type=\"application\/ld+json\" class=\"yoast-schema-graph\">{\"@context\":\"https:\/\/schema.org\",\"@graph\":[{\"@type\":\"WebPage\",\"@id\":\"https:\/\/www.adaq.it\/fr\/aquaculture\/pisciculture\/machines\/machines-a-laver\/\",\"url\":\"https:\/\/www.adaq.it\/fr\/aquaculture\/pisciculture\/machines\/machines-a-laver\/\",\"name\":\"Rondelles professionnelles pour la pisciculture | Adaq Srl\",\"isPartOf\":{\"@id\":\"http:\/\/www.adaq.it\/fr\/#website\"},\"primaryImageOfPage\":{\"@id\":\"https:\/\/www.adaq.it\/fr\/aquaculture\/pisciculture\/machines\/machines-a-laver\/#primaryimage\"},\"image\":{\"@id\":\"https:\/\/www.adaq.it\/fr\/aquaculture\/pisciculture\/machines\/machines-a-laver\/#primaryimage\"},\"thumbnailUrl\":\"https:\/\/www.adaq.it\/wp-content\/uploads\/gabbia-header3.jpg\",\"datePublished\":\"2020-01-12T17:38:38+00:00\",\"dateModified\":\"2020-04-20T17:14:37+00:00\",\"description\":\"D\u00e9velopp\u00e9s pour la fonction sp\u00e9cifique de lavage des filets d'\u00e9levage, ils sont essentiellement constitu\u00e9s d'une ossature en acier galvanis\u00e9 dans un bain.\",\"breadcrumb\":{\"@id\":\"https:\/\/www.adaq.it\/fr\/aquaculture\/pisciculture\/machines\/machines-a-laver\/#breadcrumb\"},\"inLanguage\":\"fr-FR\",\"potentialAction\":[{\"@type\":\"ReadAction\",\"target\":[\"https:\/\/www.adaq.it\/fr\/aquaculture\/pisciculture\/machines\/machines-a-laver\/\"]}]},{\"@type\":\"ImageObject\",\"inLanguage\":\"fr-FR\",\"@id\":\"https:\/\/www.adaq.it\/fr\/aquaculture\/pisciculture\/machines\/machines-a-laver\/#primaryimage\",\"url\":\"https:\/\/www.adaq.it\/wp-content\/uploads\/gabbia-header3.jpg\",\"contentUrl\":\"https:\/\/www.adaq.it\/wp-content\/uploads\/gabbia-header3.jpg\",\"width\":2048,\"height\":1536},{\"@type\":\"BreadcrumbList\",\"@id\":\"https:\/\/www.adaq.it\/fr\/aquaculture\/pisciculture\/machines\/machines-a-laver\/#breadcrumb\",\"itemListElement\":[{\"@type\":\"ListItem\",\"position\":1,\"name\":\"Home\",\"item\":\"https:\/\/www.adaq.it\/fr\/\"},{\"@type\":\"ListItem\",\"position\":2,\"name\":\"Aquaculture\",\"item\":\"https:\/\/www.adaq.it\/fr\/aquaculture\/\"},{\"@type\":\"ListItem\",\"position\":3,\"name\":\"Pisciculture\",\"item\":\"https:\/\/www.adaq.it\/fr\/aquaculture\/pisciculture\/\"},{\"@type\":\"ListItem\",\"position\":4,\"name\":\"Machines\",\"item\":\"https:\/\/www.adaq.it\/fr\/aquaculture\/pisciculture\/machines\/\"},{\"@type\":\"ListItem\",\"position\":5,\"name\":\"Machines \u00c0 Laver\"}]},{\"@type\":\"WebSite\",\"@id\":\"http:\/\/www.adaq.it\/fr\/#website\",\"url\":\"http:\/\/www.adaq.it\/fr\/\",\"name\":\"Adaq Srl\",\"description\":\"Advanced Aquaculture\",\"publisher\":{\"@id\":\"http:\/\/www.adaq.it\/fr\/#organization\"},\"potentialAction\":[{\"@type\":\"SearchAction\",\"target\":{\"@type\":\"EntryPoint\",\"urlTemplate\":\"http:\/\/www.adaq.it\/fr\/?s={search_term_string}\"},\"query-input\":{\"@type\":\"PropertyValueSpecification\",\"valueRequired\":true,\"valueName\":\"search_term_string\"}}],\"inLanguage\":\"fr-FR\"},{\"@type\":\"Organization\",\"@id\":\"http:\/\/www.adaq.it\/fr\/#organization\",\"name\":\"Adaq Srl\",\"url\":\"http:\/\/www.adaq.it\/fr\/\",\"logo\":{\"@type\":\"ImageObject\",\"inLanguage\":\"fr-FR\",\"@id\":\"http:\/\/www.adaq.it\/fr\/#\/schema\/logo\/image\/\",\"url\":\"http:\/\/www.adaq.it\/wp-content\/uploads\/logo-adaq-100.png\",\"contentUrl\":\"http:\/\/www.adaq.it\/wp-content\/uploads\/logo-adaq-100.png\",\"width\":\"104\",\"height\":\"104\",\"caption\":\"Adaq Srl\"},\"image\":{\"@id\":\"http:\/\/www.adaq.it\/fr\/#\/schema\/logo\/image\/\"}}]}<\/script>\n<!-- \/ Yoast SEO plugin. -->","yoast_head_json":{"title":"Rondelles professionnelles pour la pisciculture | Adaq Srl","description":"D\u00e9velopp\u00e9s pour la fonction sp\u00e9cifique de lavage des filets d'\u00e9levage, ils sont essentiellement constitu\u00e9s d'une ossature en acier galvanis\u00e9 dans un bain.","robots":{"index":"index","follow":"follow","max-snippet":"max-snippet:-1","max-image-preview":"max-image-preview:large","max-video-preview":"max-video-preview:-1"},"canonical":"https:\/\/www.adaq.it\/fr\/aquaculture\/pisciculture\/machines\/machines-a-laver\/","og_locale":"fr_FR","og_type":"article","og_title":"Rondelles professionnelles pour la pisciculture | Adaq Srl","og_description":"D\u00e9velopp\u00e9s pour la fonction sp\u00e9cifique de lavage des filets d'\u00e9levage, ils sont essentiellement constitu\u00e9s d'une ossature en acier galvanis\u00e9 dans un bain.","og_url":"https:\/\/www.adaq.it\/fr\/aquaculture\/pisciculture\/machines\/machines-a-laver\/","og_site_name":"Adaq Srl","article_modified_time":"2020-04-20T17:14:37+00:00","og_image":[{"width":2048,"height":1536,"url":"https:\/\/www.adaq.it\/wp-content\/uploads\/gabbia-header3.jpg","type":"image\/jpeg"}],"twitter_card":"summary_large_image","twitter_misc":{"Dur\u00e9e de lecture estim\u00e9e":"1 minute"},"schema":{"@context":"https:\/\/schema.org","@graph":[{"@type":"WebPage","@id":"https:\/\/www.adaq.it\/fr\/aquaculture\/pisciculture\/machines\/machines-a-laver\/","url":"https:\/\/www.adaq.it\/fr\/aquaculture\/pisciculture\/machines\/machines-a-laver\/","name":"Rondelles professionnelles pour la pisciculture | Adaq Srl","isPartOf":{"@id":"http:\/\/www.adaq.it\/fr\/#website"},"primaryImageOfPage":{"@id":"https:\/\/www.adaq.it\/fr\/aquaculture\/pisciculture\/machines\/machines-a-laver\/#primaryimage"},"image":{"@id":"https:\/\/www.adaq.it\/fr\/aquaculture\/pisciculture\/machines\/machines-a-laver\/#primaryimage"},"thumbnailUrl":"https:\/\/www.adaq.it\/wp-content\/uploads\/gabbia-header3.jpg","datePublished":"2020-01-12T17:38:38+00:00","dateModified":"2020-04-20T17:14:37+00:00","description":"D\u00e9velopp\u00e9s pour la fonction sp\u00e9cifique de lavage des filets d'\u00e9levage, ils sont essentiellement constitu\u00e9s d'une ossature en acier galvanis\u00e9 dans un bain.","breadcrumb":{"@id":"https:\/\/www.adaq.it\/fr\/aquaculture\/pisciculture\/machines\/machines-a-laver\/#breadcrumb"},"inLanguage":"fr-FR","potentialAction":[{"@type":"ReadAction","target":["https:\/\/www.adaq.it\/fr\/aquaculture\/pisciculture\/machines\/machines-a-laver\/"]}]},{"@type":"ImageObject","inLanguage":"fr-FR","@id":"https:\/\/www.adaq.it\/fr\/aquaculture\/pisciculture\/machines\/machines-a-laver\/#primaryimage","url":"https:\/\/www.adaq.it\/wp-content\/uploads\/gabbia-header3.jpg","contentUrl":"https:\/\/www.adaq.it\/wp-content\/uploads\/gabbia-header3.jpg","width":2048,"height":1536},{"@type":"BreadcrumbList","@id":"https:\/\/www.adaq.it\/fr\/aquaculture\/pisciculture\/machines\/machines-a-laver\/#breadcrumb","itemListElement":[{"@type":"ListItem","position":1,"name":"Home","item":"https:\/\/www.adaq.it\/fr\/"},{"@type":"ListItem","position":2,"name":"Aquaculture","item":"https:\/\/www.adaq.it\/fr\/aquaculture\/"},{"@type":"ListItem","position":3,"name":"Pisciculture","item":"https:\/\/www.adaq.it\/fr\/aquaculture\/pisciculture\/"},{"@type":"ListItem","position":4,"name":"Machines","item":"https:\/\/www.adaq.it\/fr\/aquaculture\/pisciculture\/machines\/"},{"@type":"ListItem","position":5,"name":"Machines \u00c0 Laver"}]},{"@type":"WebSite","@id":"http:\/\/www.adaq.it\/fr\/#website","url":"http:\/\/www.adaq.it\/fr\/","name":"Adaq Srl","description":"Advanced Aquaculture","publisher":{"@id":"http:\/\/www.adaq.it\/fr\/#organization"},"potentialAction":[{"@type":"SearchAction","target":{"@type":"EntryPoint","urlTemplate":"http:\/\/www.adaq.it\/fr\/?s={search_term_string}"},"query-input":{"@type":"PropertyValueSpecification","valueRequired":true,"valueName":"search_term_string"}}],"inLanguage":"fr-FR"},{"@type":"Organization","@id":"http:\/\/www.adaq.it\/fr\/#organization","name":"Adaq Srl","url":"http:\/\/www.adaq.it\/fr\/","logo":{"@type":"ImageObject","inLanguage":"fr-FR","@id":"http:\/\/www.adaq.it\/fr\/#\/schema\/logo\/image\/","url":"http:\/\/www.adaq.it\/wp-content\/uploads\/logo-adaq-100.png","contentUrl":"http:\/\/www.adaq.it\/wp-content\/uploads\/logo-adaq-100.png","width":"104","height":"104","caption":"Adaq Srl"},"image":{"@id":"http:\/\/www.adaq.it\/fr\/#\/schema\/logo\/image\/"}}]}},"_links":{"self":[{"href":"https:\/\/www.adaq.it\/fr\/wp-json\/wp\/v2\/pages\/4980"}],"collection":[{"href":"https:\/\/www.adaq.it\/fr\/wp-json\/wp\/v2\/pages"}],"about":[{"href":"https:\/\/www.adaq.it\/fr\/wp-json\/wp\/v2\/types\/page"}],"author":[{"embeddable":true,"href":"https:\/\/www.adaq.it\/fr\/wp-json\/wp\/v2\/users\/1"}],"replies":[{"embeddable":true,"href":"https:\/\/www.adaq.it\/fr\/wp-json\/wp\/v2\/comments?post=4980"}],"version-history":[{"count":1,"href":"https:\/\/www.adaq.it\/fr\/wp-json\/wp\/v2\/pages\/4980\/revisions"}],"predecessor-version":[{"id":4981,"href":"https:\/\/www.adaq.it\/fr\/wp-json\/wp\/v2\/pages\/4980\/revisions\/4981"}],"up":[{"embeddable":true,"href":"https:\/\/www.adaq.it\/fr\/wp-json\/wp\/v2\/pages\/4987"}],"wp:featuredmedia":[{"embeddable":true,"href":"https:\/\/www.adaq.it\/fr\/wp-json\/wp\/v2\/media\/4462"}],"wp:attachment":[{"href":"https:\/\/www.adaq.it\/fr\/wp-json\/wp\/v2\/media?parent=4980"}],"curies":[{"name":"wp","href":"https:\/\/api.w.org\/{rel}","templated":true}]}}